{"id":5917,"date":"2021-12-05T09:36:45","date_gmt":"2022-09-27T12:15:26","guid":{"rendered":"https:\/\/dezuivelarij.be\/product\/chevre-berloumi\/"},"modified":"2022-09-27T13:17:39","modified_gmt":"2022-09-27T12:17:39","slug":"chevre-berloumi","status":"publish","type":"product","link":"https:\/\/dezuivelarij.be\/fr\/produit\/chevre-berloumi\/","title":{"rendered":"Ch\u00e8vre Berloumi | 270 grammes"},"content":{"rendered":"<p>Vous aimez la vari\u00e9t\u00e9 dans votre assiette ? Essayez le Berloumi, le fromage \u00e0 griller belge. Sur la po\u00eale, dans le gril, sur le barbecue, dans la friteuse ou m\u00eame entre votre gaufrier. C&rsquo;est tellement fait et c&rsquo;est tr\u00e8s bon ! Une cro\u00fbte croustillante \u00e0 l&rsquo;ext\u00e9rieur, une bouch\u00e9e tendre \u00e0 l&rsquo;int\u00e9rieur. Ce fromage ne fond pas sur la po\u00eale ou dans la bouche.<\/p>\n<p>Notre Berloumi Ch\u00e8vre est fabriqu\u00e9 avec 100% de lait de ch\u00e8vre. Et c&rsquo;est assez exceptionnel car le halloumi traditionnel est g\u00e9n\u00e9ralement fabriqu\u00e9 \u00e0 partir de diff\u00e9rents types de lait. Vous go\u00fbtez le go\u00fbt typique du lait de ch\u00e8vre et le fromage peut \u00eatre un peu plus ferme. Sinon, vous pouvez l&rsquo;utiliser comme nos autres Berloumi. Nous obtenons le lait de nos voisins de la ferme de fromage de ch\u00e8vre &lsquo;t Leenhof \u00e0 Zele.<\/p>\n","protected":false},"excerpt":{"rendered":"<p>Vous aimez la vari\u00e9t\u00e9 dans votre assiette ? Essayez le Berloumi, le fromage \u00e0 griller belge. Sur la po\u00eale, dans le gril, sur le barbecue, dans la friteuse ou m\u00eame entre votre gaufrier. C&rsquo;est tellement fait et c&rsquo;est tr\u00e8s bon ! Une cro\u00fbte croustillante \u00e0 l&rsquo;ext\u00e9rieur, une bouch\u00e9e tendre \u00e0 l&rsquo;int\u00e9rieur. Ce fromage ne fond [&hellip;]<\/p>\n","protected":false},"featured_media":4535,"comment_status":"open","ping_status":"closed","template":"","meta":{"jetpack_post_was_ever_published":false,"jetpack_publicize_message":"","jetpack_publicize_feature_enabled":true,"jetpack_social_post_already_shared":false,"jetpack_social_options":{"image_generator_settings":{"template":"highway","default_image_id":0,"font":"","enabled":false},"version":2}},"product_brand":[],"product_cat":[86],"product_tag":[103,102,101],"class_list":{"0":"post-5917","1":"product","2":"type-product","3":"status-publish","4":"has-post-thumbnail","6":"product_cat-uncategorized-fr","7":"product_tag-berloumi-fr","8":"product_tag-fromage-a-griller","9":"product_tag-lait-de-chevre","11":"first","12":"instock","13":"taxable","14":"shipping-taxable","15":"purchasable","16":"product-type-simple"},"yoast_head":"<!-- This site is optimized with the Yoast SEO Premium plugin v27.4 (Yoast SEO v27.4) - https:\/\/yoast.com\/product\/yoast-seo-premium-wordpress\/ -->\n<title>Ch\u00e8vre Berloumi<\/title>\n<meta name=\"description\" content=\"Le Berloumi Ch\u00e8vre est un halloumi fabriqu\u00e9 \u00e0 partir de lait de ch\u00e8vre \u00e0 100%. Vous pouvez le cuire, le griller et le faire frire.\" \/>\n<meta name=\"robots\" content=\"index, follow, max-snippet:-1, max-image-preview:large, max-video-preview:-1\" \/>\n<link rel=\"canonical\" href=\"https:\/\/dezuivelarij.be\/fr\/produit\/chevre-berloumi\/\" \/>\n<meta property=\"og:locale\" content=\"fr_FR\" \/>\n<meta property=\"og:type\" content=\"article\" \/>\n<meta property=\"og:title\" content=\"Ch\u00e8vre Berloumi | 270 grammes\" \/>\n<meta property=\"og:description\" content=\"Le Berloumi Ch\u00e8vre est un halloumi fabriqu\u00e9 \u00e0 partir de lait de ch\u00e8vre \u00e0 100%. Vous pouvez le cuire, le griller et le faire frire.\" \/>\n<meta property=\"og:url\" content=\"https:\/\/dezuivelarij.be\/fr\/produit\/chevre-berloumi\/\" \/>\n<meta property=\"og:site_name\" content=\"De Zuivelarij\" \/>\n<meta property=\"article:publisher\" content=\"https:\/\/www.facebook.com\/DeZuivelarij\/\" \/>\n<meta property=\"article:modified_time\" content=\"2022-09-27T12:17:39+00:00\" \/>\n<meta property=\"og:image\" content=\"https:\/\/dezuivelarij.be\/wp-content\/uploads\/2021\/11\/Packshot-Berloumi-Geit.jpg\" \/>\n\t<meta property=\"og:image:width\" content=\"1200\" \/>\n\t<meta property=\"og:image:height\" content=\"1200\" \/>\n\t<meta property=\"og:image:type\" content=\"image\/jpeg\" \/>\n<meta name=\"twitter:card\" content=\"summary_large_image\" \/>\n<meta name=\"twitter:label1\" content=\"Dur\u00e9e de lecture estim\u00e9e\" \/>\n\t<meta name=\"twitter:data1\" content=\"1 minute\" \/>\n<script type=\"application\/ld+json\" class=\"yoast-schema-graph\">{\"@context\":\"https:\\\/\\\/schema.org\",\"@graph\":[{\"@type\":\"WebPage\",\"@id\":\"https:\\\/\\\/dezuivelarij.be\\\/fr\\\/produit\\\/chevre-berloumi\\\/\",\"url\":\"https:\\\/\\\/dezuivelarij.be\\\/fr\\\/produit\\\/chevre-berloumi\\\/\",\"name\":\"Ch\u00e8vre Berloumi\",\"isPartOf\":{\"@id\":\"https:\\\/\\\/dezuivelarij.be\\\/fr\\\/#website\"},\"primaryImageOfPage\":{\"@id\":\"https:\\\/\\\/dezuivelarij.be\\\/fr\\\/produit\\\/chevre-berloumi\\\/#primaryimage\"},\"image\":{\"@id\":\"https:\\\/\\\/dezuivelarij.be\\\/fr\\\/produit\\\/chevre-berloumi\\\/#primaryimage\"},\"thumbnailUrl\":\"https:\\\/\\\/dezuivelarij.be\\\/wp-content\\\/uploads\\\/2021\\\/11\\\/Packshot-Berloumi-Geit.jpg\",\"datePublished\":\"2022-09-27T12:15:26+00:00\",\"dateModified\":\"2022-09-27T12:17:39+00:00\",\"description\":\"Le Berloumi Ch\u00e8vre est un halloumi fabriqu\u00e9 \u00e0 partir de lait de ch\u00e8vre \u00e0 100%. Vous pouvez le cuire, le griller et le faire frire.\",\"breadcrumb\":{\"@id\":\"https:\\\/\\\/dezuivelarij.be\\\/fr\\\/produit\\\/chevre-berloumi\\\/#breadcrumb\"},\"inLanguage\":\"fr-FR\",\"potentialAction\":[{\"@type\":\"ReadAction\",\"target\":[\"https:\\\/\\\/dezuivelarij.be\\\/fr\\\/produit\\\/chevre-berloumi\\\/\"]}]},{\"@type\":\"ImageObject\",\"inLanguage\":\"fr-FR\",\"@id\":\"https:\\\/\\\/dezuivelarij.be\\\/fr\\\/produit\\\/chevre-berloumi\\\/#primaryimage\",\"url\":\"https:\\\/\\\/dezuivelarij.be\\\/wp-content\\\/uploads\\\/2021\\\/11\\\/Packshot-Berloumi-Geit.jpg\",\"contentUrl\":\"https:\\\/\\\/dezuivelarij.be\\\/wp-content\\\/uploads\\\/2021\\\/11\\\/Packshot-Berloumi-Geit.jpg\",\"width\":1200,\"height\":1200,\"caption\":\"Ch\u00e8vre Berloumi\"},{\"@type\":\"BreadcrumbList\",\"@id\":\"https:\\\/\\\/dezuivelarij.be\\\/fr\\\/produit\\\/chevre-berloumi\\\/#breadcrumb\",\"itemListElement\":[{\"@type\":\"ListItem\",\"position\":1,\"name\":\"Home\",\"item\":\"https:\\\/\\\/dezuivelarij.be\\\/fr\\\/\"},{\"@type\":\"ListItem\",\"position\":2,\"name\":\"Boutique\",\"item\":\"https:\\\/\\\/dezuivelarij.be\\\/fr\\\/boutique\\\/\"},{\"@type\":\"ListItem\",\"position\":3,\"name\":\"Ch\u00e8vre Berloumi | 270 grammes\"}]},{\"@type\":\"WebSite\",\"@id\":\"https:\\\/\\\/dezuivelarij.be\\\/fr\\\/#website\",\"url\":\"https:\\\/\\\/dezuivelarij.be\\\/fr\\\/\",\"name\":\"De Zuivelarij\",\"description\":\"Kaas met grillen\",\"publisher\":{\"@id\":\"https:\\\/\\\/dezuivelarij.be\\\/fr\\\/#organization\"},\"potentialAction\":[{\"@type\":\"SearchAction\",\"target\":{\"@type\":\"EntryPoint\",\"urlTemplate\":\"https:\\\/\\\/dezuivelarij.be\\\/fr\\\/?s={search_term_string}\"},\"query-input\":{\"@type\":\"PropertyValueSpecification\",\"valueRequired\":true,\"valueName\":\"search_term_string\"}}],\"inLanguage\":\"fr-FR\"},{\"@type\":[\"Organization\",\"Place\"],\"@id\":\"https:\\\/\\\/dezuivelarij.be\\\/fr\\\/#organization\",\"name\":\"De Zuivelarij\",\"alternateName\":\"De Zuivelarij BV\",\"url\":\"https:\\\/\\\/dezuivelarij.be\\\/fr\\\/\",\"logo\":{\"@id\":\"https:\\\/\\\/dezuivelarij.be\\\/fr\\\/produit\\\/chevre-berloumi\\\/#local-main-organization-logo\"},\"image\":{\"@id\":\"https:\\\/\\\/dezuivelarij.be\\\/fr\\\/produit\\\/chevre-berloumi\\\/#local-main-organization-logo\"},\"sameAs\":[\"https:\\\/\\\/www.facebook.com\\\/DeZuivelarij\\\/\",\"https:\\\/\\\/www.instagram.com\\\/de.zuivelarij\\\/\",\"https:\\\/\\\/nl.pinterest.com\\\/dezuivelarij\\\/\",\"https:\\\/\\\/www.youtube.com\\\/channel\\\/UCK_6xO0p1H4DXoMoW6fMUSw?view_as=subscriber\"],\"telephone\":[],\"openingHoursSpecification\":[{\"@type\":\"OpeningHoursSpecification\",\"dayOfWeek\":[\"Monday\",\"Tuesday\",\"Wednesday\",\"Thursday\",\"Friday\",\"Saturday\",\"Sunday\"],\"opens\":\"09:00\",\"closes\":\"17:00\"}]},{\"@type\":\"ImageObject\",\"inLanguage\":\"fr-FR\",\"@id\":\"https:\\\/\\\/dezuivelarij.be\\\/fr\\\/produit\\\/chevre-berloumi\\\/#local-main-organization-logo\",\"url\":\"https:\\\/\\\/dezuivelarij.be\\\/wp-content\\\/uploads\\\/2024\\\/11\\\/cropped-cropped-Zuivelarij-1.jpg\",\"contentUrl\":\"https:\\\/\\\/dezuivelarij.be\\\/wp-content\\\/uploads\\\/2024\\\/11\\\/cropped-cropped-Zuivelarij-1.jpg\",\"width\":96,\"height\":96,\"caption\":\"De Zuivelarij\"}]}<\/script>\n<!-- \/ Yoast SEO Premium plugin. -->","yoast_head_json":{"title":"Ch\u00e8vre Berloumi","description":"Le Berloumi Ch\u00e8vre est un halloumi fabriqu\u00e9 \u00e0 partir de lait de ch\u00e8vre \u00e0 100%. Vous pouvez le cuire, le griller et le faire frire.","robots":{"index":"index","follow":"follow","max-snippet":"max-snippet:-1","max-image-preview":"max-image-preview:large","max-video-preview":"max-video-preview:-1"},"canonical":"https:\/\/dezuivelarij.be\/fr\/produit\/chevre-berloumi\/","og_locale":"fr_FR","og_type":"article","og_title":"Ch\u00e8vre Berloumi | 270 grammes","og_description":"Le Berloumi Ch\u00e8vre est un halloumi fabriqu\u00e9 \u00e0 partir de lait de ch\u00e8vre \u00e0 100%. Vous pouvez le cuire, le griller et le faire frire.","og_url":"https:\/\/dezuivelarij.be\/fr\/produit\/chevre-berloumi\/","og_site_name":"De Zuivelarij","article_publisher":"https:\/\/www.facebook.com\/DeZuivelarij\/","article_modified_time":"2022-09-27T12:17:39+00:00","og_image":[{"width":1200,"height":1200,"url":"https:\/\/dezuivelarij.be\/wp-content\/uploads\/2021\/11\/Packshot-Berloumi-Geit.jpg","type":"image\/jpeg"}],"twitter_card":"summary_large_image","twitter_misc":{"Dur\u00e9e de lecture estim\u00e9e":"1 minute"},"schema":{"@context":"https:\/\/schema.org","@graph":[{"@type":"WebPage","@id":"https:\/\/dezuivelarij.be\/fr\/produit\/chevre-berloumi\/","url":"https:\/\/dezuivelarij.be\/fr\/produit\/chevre-berloumi\/","name":"Ch\u00e8vre Berloumi","isPartOf":{"@id":"https:\/\/dezuivelarij.be\/fr\/#website"},"primaryImageOfPage":{"@id":"https:\/\/dezuivelarij.be\/fr\/produit\/chevre-berloumi\/#primaryimage"},"image":{"@id":"https:\/\/dezuivelarij.be\/fr\/produit\/chevre-berloumi\/#primaryimage"},"thumbnailUrl":"https:\/\/dezuivelarij.be\/wp-content\/uploads\/2021\/11\/Packshot-Berloumi-Geit.jpg","datePublished":"2022-09-27T12:15:26+00:00","dateModified":"2022-09-27T12:17:39+00:00","description":"Le Berloumi Ch\u00e8vre est un halloumi fabriqu\u00e9 \u00e0 partir de lait de ch\u00e8vre \u00e0 100%. Vous pouvez le cuire, le griller et le faire frire.","breadcrumb":{"@id":"https:\/\/dezuivelarij.be\/fr\/produit\/chevre-berloumi\/#breadcrumb"},"inLanguage":"fr-FR","potentialAction":[{"@type":"ReadAction","target":["https:\/\/dezuivelarij.be\/fr\/produit\/chevre-berloumi\/"]}]},{"@type":"ImageObject","inLanguage":"fr-FR","@id":"https:\/\/dezuivelarij.be\/fr\/produit\/chevre-berloumi\/#primaryimage","url":"https:\/\/dezuivelarij.be\/wp-content\/uploads\/2021\/11\/Packshot-Berloumi-Geit.jpg","contentUrl":"https:\/\/dezuivelarij.be\/wp-content\/uploads\/2021\/11\/Packshot-Berloumi-Geit.jpg","width":1200,"height":1200,"caption":"Ch\u00e8vre Berloumi"},{"@type":"BreadcrumbList","@id":"https:\/\/dezuivelarij.be\/fr\/produit\/chevre-berloumi\/#breadcrumb","itemListElement":[{"@type":"ListItem","position":1,"name":"Home","item":"https:\/\/dezuivelarij.be\/fr\/"},{"@type":"ListItem","position":2,"name":"Boutique","item":"https:\/\/dezuivelarij.be\/fr\/boutique\/"},{"@type":"ListItem","position":3,"name":"Ch\u00e8vre Berloumi | 270 grammes"}]},{"@type":"WebSite","@id":"https:\/\/dezuivelarij.be\/fr\/#website","url":"https:\/\/dezuivelarij.be\/fr\/","name":"De Zuivelarij","description":"Kaas met grillen","publisher":{"@id":"https:\/\/dezuivelarij.be\/fr\/#organization"},"potentialAction":[{"@type":"SearchAction","target":{"@type":"EntryPoint","urlTemplate":"https:\/\/dezuivelarij.be\/fr\/?s={search_term_string}"},"query-input":{"@type":"PropertyValueSpecification","valueRequired":true,"valueName":"search_term_string"}}],"inLanguage":"fr-FR"},{"@type":["Organization","Place"],"@id":"https:\/\/dezuivelarij.be\/fr\/#organization","name":"De Zuivelarij","alternateName":"De Zuivelarij BV","url":"https:\/\/dezuivelarij.be\/fr\/","logo":{"@id":"https:\/\/dezuivelarij.be\/fr\/produit\/chevre-berloumi\/#local-main-organization-logo"},"image":{"@id":"https:\/\/dezuivelarij.be\/fr\/produit\/chevre-berloumi\/#local-main-organization-logo"},"sameAs":["https:\/\/www.facebook.com\/DeZuivelarij\/","https:\/\/www.instagram.com\/de.zuivelarij\/","https:\/\/nl.pinterest.com\/dezuivelarij\/","https:\/\/www.youtube.com\/channel\/UCK_6xO0p1H4DXoMoW6fMUSw?view_as=subscriber"],"telephone":[],"openingHoursSpecification":[{"@type":"OpeningHoursSpecification","dayOfWeek":["Monday","Tuesday","Wednesday","Thursday","Friday","Saturday","Sunday"],"opens":"09:00","closes":"17:00"}]},{"@type":"ImageObject","inLanguage":"fr-FR","@id":"https:\/\/dezuivelarij.be\/fr\/produit\/chevre-berloumi\/#local-main-organization-logo","url":"https:\/\/dezuivelarij.be\/wp-content\/uploads\/2024\/11\/cropped-cropped-Zuivelarij-1.jpg","contentUrl":"https:\/\/dezuivelarij.be\/wp-content\/uploads\/2024\/11\/cropped-cropped-Zuivelarij-1.jpg","width":96,"height":96,"caption":"De Zuivelarij"}]}},"jetpack_publicize_connections":[],"jetpack_sharing_enabled":true,"jetpack_likes_enabled":true,"jetpack-related-posts":[{"id":5910,"url":"https:\/\/dezuivelarij.be\/fr\/produit\/berloumi-2\/","url_meta":{"origin":5917,"position":0},"title":"Berloumi | 300 grammes","author":"De Zuivelarij","date":"juillet 30, 2021","format":false,"excerpt":"Vous aimez la vari\u00e9t\u00e9 dans votre assiette ? Essayez le Berloumi, le fromage \u00e0 griller belge. Sur la po\u00eale, dans le gril, sur le barbecue, dans la friteuse ou m\u00eame entre votre gaufrier. C'est tellement fait et c'est tr\u00e8s bon ! Une cro\u00fbte croustillante \u00e0 l'ext\u00e9rieur, une bouch\u00e9e tendre \u00e0\u2026","rel":"","context":"Article similaire","block_context":{"text":"Article similaire","link":""},"img":{"alt_text":"Berloumi, halloumi belge","src":"https:\/\/i0.wp.com\/dezuivelarij.be\/wp-content\/uploads\/2021\/11\/Packshot-Berloumi.jpg?resize=350%2C200&ssl=1","width":350,"height":200,"srcset":"https:\/\/i0.wp.com\/dezuivelarij.be\/wp-content\/uploads\/2021\/11\/Packshot-Berloumi.jpg?resize=350%2C200&ssl=1 1x, https:\/\/i0.wp.com\/dezuivelarij.be\/wp-content\/uploads\/2021\/11\/Packshot-Berloumi.jpg?resize=525%2C300&ssl=1 1.5x, https:\/\/i0.wp.com\/dezuivelarij.be\/wp-content\/uploads\/2021\/11\/Packshot-Berloumi.jpg?resize=700%2C400&ssl=1 2x, https:\/\/i0.wp.com\/dezuivelarij.be\/wp-content\/uploads\/2021\/11\/Packshot-Berloumi.jpg?resize=1050%2C600&ssl=1 3x"},"classes":[]},{"id":5918,"url":"https:\/\/dezuivelarij.be\/fr\/produit\/berloumi-bio\/","url_meta":{"origin":5917,"position":1},"title":"Berloumi bio | 300 g","author":"De Zuivelarij","date":"d\u00e9cembre 5, 2021","format":false,"excerpt":"Vous aimez la vari\u00e9t\u00e9 dans votre assiette ? Essayez le Berloumi, le fromage \u00e0 griller belge. Sur la po\u00eale, dans le gril, sur le barbecue, dans la friteuse ou m\u00eame entre votre gaufrier. C'est tellement fait et c'est tr\u00e8s bon ! Une cro\u00fbte croustillante \u00e0 l'ext\u00e9rieur, une bouch\u00e9e tendre \u00e0\u2026","rel":"","context":"Article similaire","block_context":{"text":"Article similaire","link":""},"img":{"alt_text":"halloumi biologique, berloumi, fromage grill\u00e9 biologique","src":"https:\/\/i0.wp.com\/dezuivelarij.be\/wp-content\/uploads\/2021\/11\/Packshot-Berloumi-Bio.jpg?resize=350%2C200&ssl=1","width":350,"height":200,"srcset":"https:\/\/i0.wp.com\/dezuivelarij.be\/wp-content\/uploads\/2021\/11\/Packshot-Berloumi-Bio.jpg?resize=350%2C200&ssl=1 1x, https:\/\/i0.wp.com\/dezuivelarij.be\/wp-content\/uploads\/2021\/11\/Packshot-Berloumi-Bio.jpg?resize=525%2C300&ssl=1 1.5x, https:\/\/i0.wp.com\/dezuivelarij.be\/wp-content\/uploads\/2021\/11\/Packshot-Berloumi-Bio.jpg?resize=700%2C400&ssl=1 2x, https:\/\/i0.wp.com\/dezuivelarij.be\/wp-content\/uploads\/2021\/11\/Packshot-Berloumi-Bio.jpg?resize=1050%2C600&ssl=1 3x"},"classes":[]},{"id":9594,"url":"https:\/\/dezuivelarij.be\/fr\/produit\/lactoserum\/","url_meta":{"origin":5917,"position":2},"title":"Lactos\u00e9rum de la Zuivelarij | 10 litre","author":"De Zuivelarij","date":"d\u00e9cembre 6, 2021","format":false,"excerpt":"D\u00e9licieux petit-lait aromatique \u00e0 utiliser en cuisine. D\u00e9couvrez nos recettes \u00e0 base de lactos\u00e9rum !","rel":"","context":"Article similaire","block_context":{"text":"Article similaire","link":""},"img":{"alt_text":"","src":"https:\/\/i0.wp.com\/dezuivelarij.be\/wp-content\/uploads\/2021\/12\/262482388_676117513440570_521693491192967378_n-1.jpg?resize=350%2C200&ssl=1","width":350,"height":200,"srcset":"https:\/\/i0.wp.com\/dezuivelarij.be\/wp-content\/uploads\/2021\/12\/262482388_676117513440570_521693491192967378_n-1.jpg?resize=350%2C200&ssl=1 1x, https:\/\/i0.wp.com\/dezuivelarij.be\/wp-content\/uploads\/2021\/12\/262482388_676117513440570_521693491192967378_n-1.jpg?resize=525%2C300&ssl=1 1.5x, https:\/\/i0.wp.com\/dezuivelarij.be\/wp-content\/uploads\/2021\/12\/262482388_676117513440570_521693491192967378_n-1.jpg?resize=700%2C400&ssl=1 2x, https:\/\/i0.wp.com\/dezuivelarij.be\/wp-content\/uploads\/2021\/12\/262482388_676117513440570_521693491192967378_n-1.jpg?resize=1050%2C600&ssl=1 3x, https:\/\/i0.wp.com\/dezuivelarij.be\/wp-content\/uploads\/2021\/12\/262482388_676117513440570_521693491192967378_n-1.jpg?resize=1400%2C800&ssl=1 4x"},"classes":[]},{"id":4745,"url":"https:\/\/dezuivelarij.be\/fr\/produit\/labneh\/","url_meta":{"origin":5917,"position":3},"title":"Labneh | 220 grammes","author":"De Zuivelarij","date":"juillet 30, 2021","format":false,"excerpt":"Labneh, labne, lebne, laban, hangop, yaourt \u00e9goutt\u00e9, fromage de yaourt, ... ce sont toutes des appellations d\u2019un yaourt tr\u00e8s \u00e9pais et l\u00e9g\u00e8rement sal\u00e9. Notre labneh s\u2019\u00e9coule des sacs en lin pendant 48 heures. Tous les bienfaits du yaourt sont ainsi concentr\u00e9s. Le labneh a un go\u00fbt tr\u00e8s intense et un\u2026","rel":"","context":"Article similaire","block_context":{"text":"Article similaire","link":""},"img":{"alt_text":"","src":"https:\/\/i0.wp.com\/dezuivelarij.be\/wp-content\/uploads\/2021\/11\/Packshot-Labneh.jpg?resize=350%2C200&ssl=1","width":350,"height":200,"srcset":"https:\/\/i0.wp.com\/dezuivelarij.be\/wp-content\/uploads\/2021\/11\/Packshot-Labneh.jpg?resize=350%2C200&ssl=1 1x, https:\/\/i0.wp.com\/dezuivelarij.be\/wp-content\/uploads\/2021\/11\/Packshot-Labneh.jpg?resize=525%2C300&ssl=1 1.5x, https:\/\/i0.wp.com\/dezuivelarij.be\/wp-content\/uploads\/2021\/11\/Packshot-Labneh.jpg?resize=700%2C400&ssl=1 2x, https:\/\/i0.wp.com\/dezuivelarij.be\/wp-content\/uploads\/2021\/11\/Packshot-Labneh.jpg?resize=1050%2C600&ssl=1 3x"},"classes":[]},{"id":22893,"url":"https:\/\/dezuivelarij.be\/fr\/produit\/pistache-cannoli\/","url_meta":{"origin":5917,"position":4},"title":"Cannoli \u00e0 la pistache","author":"De Zuivelarij","date":"novembre 16, 2025","format":false,"excerpt":"Cannoli croustillants cuits en Sicile avec une farce \u00e0 la d\u00e9licieuse ricotta locale de Berlare et aux pistaches. D\u00e9cor\u00e9s avec des pistaches hach\u00e9es. \u00a0","rel":"","context":"Article similaire","block_context":{"text":"Article similaire","link":""},"img":{"alt_text":"cannoli, cannolo, cannoli pistache","src":"https:\/\/i0.wp.com\/dezuivelarij.be\/wp-content\/uploads\/2025\/11\/ZUIVELARIJ_CANNOLI-038-e1763315866211.jpg?resize=350%2C200&ssl=1","width":350,"height":200,"srcset":"https:\/\/i0.wp.com\/dezuivelarij.be\/wp-content\/uploads\/2025\/11\/ZUIVELARIJ_CANNOLI-038-e1763315866211.jpg?resize=350%2C200&ssl=1 1x, https:\/\/i0.wp.com\/dezuivelarij.be\/wp-content\/uploads\/2025\/11\/ZUIVELARIJ_CANNOLI-038-e1763315866211.jpg?resize=525%2C300&ssl=1 1.5x, https:\/\/i0.wp.com\/dezuivelarij.be\/wp-content\/uploads\/2025\/11\/ZUIVELARIJ_CANNOLI-038-e1763315866211.jpg?resize=700%2C400&ssl=1 2x, https:\/\/i0.wp.com\/dezuivelarij.be\/wp-content\/uploads\/2025\/11\/ZUIVELARIJ_CANNOLI-038-e1763315866211.jpg?resize=1050%2C600&ssl=1 3x, https:\/\/i0.wp.com\/dezuivelarij.be\/wp-content\/uploads\/2025\/11\/ZUIVELARIJ_CANNOLI-038-e1763315866211.jpg?resize=1400%2C800&ssl=1 4x"},"classes":[]}],"_links":{"self":[{"href":"https:\/\/dezuivelarij.be\/fr\/wp-json\/wp\/v2\/product\/5917","targetHints":{"allow":["GET"]}}],"collection":[{"href":"https:\/\/dezuivelarij.be\/fr\/wp-json\/wp\/v2\/product"}],"about":[{"href":"https:\/\/dezuivelarij.be\/fr\/wp-json\/wp\/v2\/types\/product"}],"replies":[{"embeddable":true,"href":"https:\/\/dezuivelarij.be\/fr\/wp-json\/wp\/v2\/comments?post=5917"}],"wp:featuredmedia":[{"embeddable":true,"href":"https:\/\/dezuivelarij.be\/fr\/wp-json\/wp\/v2\/media\/4535"}],"wp:attachment":[{"href":"https:\/\/dezuivelarij.be\/fr\/wp-json\/wp\/v2\/media?parent=5917"}],"wp:term":[{"taxonomy":"product_brand","embeddable":true,"href":"https:\/\/dezuivelarij.be\/fr\/wp-json\/wp\/v2\/product_brand?post=5917"},{"taxonomy":"product_cat","embeddable":true,"href":"https:\/\/dezuivelarij.be\/fr\/wp-json\/wp\/v2\/product_cat?post=5917"},{"taxonomy":"product_tag","embeddable":true,"href":"https:\/\/dezuivelarij.be\/fr\/wp-json\/wp\/v2\/product_tag?post=5917"}],"curies":[{"name":"wp","href":"https:\/\/api.w.org\/{rel}","templated":true}]}}