{"id":4745,"date":"2021-07-30T13:06:42","date_gmt":"2021-12-12T10:03:57","guid":{"rendered":"https:\/\/dezuivelarij.be\/product\/labneh\/"},"modified":"2021-12-12T11:05:42","modified_gmt":"2021-12-12T10:05:42","slug":"labneh","status":"publish","type":"product","link":"https:\/\/dezuivelarij.be\/fr\/produit\/labneh\/","title":{"rendered":"Labneh | 220 grammes"},"content":{"rendered":"<p><img loading=\"lazy\" decoding=\"async\" data-attachment-id=\"4543\" data-permalink=\"https:\/\/dezuivelarij.be\/fr\/de-zuivelarij-2-0\/packshot-labneh-2\/#main\" data-orig-file=\"https:\/\/dezuivelarij.be\/wp-content\/uploads\/2021\/11\/Packshot-Labneh.jpg\" data-orig-size=\"1200,1200\" data-comments-opened=\"1\" data-image-meta=\"{&quot;aperture&quot;:&quot;7.1&quot;,&quot;credit&quot;:&quot;&quot;,&quot;camera&quot;:&quot;Canon EOS 750D&quot;,&quot;caption&quot;:&quot;&quot;,&quot;created_timestamp&quot;:&quot;1628077532&quot;,&quot;copyright&quot;:&quot;&quot;,&quot;focal_length&quot;:&quot;27&quot;,&quot;iso&quot;:&quot;100&quot;,&quot;shutter_speed&quot;:&quot;0.008&quot;,&quot;title&quot;:&quot;&quot;,&quot;orientation&quot;:&quot;1&quot;}\" data-image-title=\"Packshot Labneh\" data-image-description=\"\" data-image-caption=\"&lt;p&gt;Labneh&lt;\/p&gt;\n\" data-large-file=\"https:\/\/dezuivelarij.be\/wp-content\/uploads\/2021\/11\/Packshot-Labneh-1024x1024.jpg\" class=\"size-medium wp-image-4543\" src=\"https:\/\/dezuivelarij.be\/wp-content\/uploads\/2021\/11\/Packshot-Labneh-300x300.jpg\" alt=\"\" width=\"300\" height=\"300\" srcset=\"https:\/\/dezuivelarij.be\/wp-content\/uploads\/2021\/11\/Packshot-Labneh-300x300.jpg 300w, https:\/\/dezuivelarij.be\/wp-content\/uploads\/2021\/11\/Packshot-Labneh-100x100.jpg 100w, https:\/\/dezuivelarij.be\/wp-content\/uploads\/2021\/11\/Packshot-Labneh-600x600.jpg 600w, https:\/\/dezuivelarij.be\/wp-content\/uploads\/2021\/11\/Packshot-Labneh-1024x1024.jpg 1024w, https:\/\/dezuivelarij.be\/wp-content\/uploads\/2021\/11\/Packshot-Labneh-150x150.jpg 150w, https:\/\/dezuivelarij.be\/wp-content\/uploads\/2021\/11\/Packshot-Labneh-768x768.jpg 768w, https:\/\/dezuivelarij.be\/wp-content\/uploads\/2021\/11\/Packshot-Labneh-1140x1140.jpg 1140w, https:\/\/dezuivelarij.be\/wp-content\/uploads\/2021\/11\/Packshot-Labneh-570x570.jpg 570w, https:\/\/dezuivelarij.be\/wp-content\/uploads\/2021\/11\/Packshot-Labneh-380x380.jpg 380w, https:\/\/dezuivelarij.be\/wp-content\/uploads\/2021\/11\/Packshot-Labneh-285x285.jpg 285w, https:\/\/dezuivelarij.be\/wp-content\/uploads\/2021\/11\/Packshot-Labneh-96x96.jpg 96w, https:\/\/dezuivelarij.be\/wp-content\/uploads\/2021\/11\/Packshot-Labneh.jpg 1200w\" sizes=\"auto, (max-width: 300px) 100vw, 300px\" \/><\/p>\n<p>Labneh, labne, lebne, laban, hangop, yaourt \u00e9goutt\u00e9, fromage de yaourt, &#8230; ce sont toutes des appellations d\u2019un yaourt tr\u00e8s \u00e9pais et l\u00e9g\u00e8rement sal\u00e9. Notre labneh s\u2019\u00e9coule des sacs en lin pendant 48 heures. Tous les bienfaits du yaourt sont ainsi concentr\u00e9s. Le labneh a un go\u00fbt tr\u00e8s intense et un ar\u00f4me vif.<\/p>\n<p>Le labneh est un yaourt tel qu&rsquo;il \u00e9tait consomm\u00e9 autrefois : non pas sucr\u00e9, mais sal\u00e9. Dans De Zuivelarij, nous aimons manger le labneh en repas <a href=\"https:\/\/labneh.be\/voedingswaarde\/\">sain<\/a>, en petit-d\u00e9jeuner savoureux, dans un mezz\u00e9 ou en entr\u00e9e ou accompagnement \u00e0 partager. Avec un peu de cr\u00e9ativit\u00e9, des herbes et une huile d&rsquo;olive savoureuse, vous pouvez pr\u00e9senter rapidement et facilement une belle assiette sur la table. L&rsquo;inspiration peut \u00eatre trouv\u00e9e sur labneh.be Et n&rsquo;oubliez pas de nous envoyer votre cr\u00e9ation via les m\u00e9dias sociaux.<\/p>\n","protected":false},"excerpt":{"rendered":"<p>Labneh, labne, lebne, laban, hangop, yaourt \u00e9goutt\u00e9, fromage de yaourt, &#8230; ce sont toutes des appellations d\u2019un yaourt tr\u00e8s \u00e9pais et l\u00e9g\u00e8rement sal\u00e9. Notre labneh s\u2019\u00e9coule des sacs en lin pendant 48 heures. Tous les bienfaits du yaourt sont ainsi concentr\u00e9s. Le labneh a un go\u00fbt tr\u00e8s intense et un ar\u00f4me vif. Le labneh est [&hellip;]<\/p>\n","protected":false},"featured_media":4543,"comment_status":"open","ping_status":"closed","template":"","meta":{"jetpack_post_was_ever_published":false,"jetpack_publicize_message":"","jetpack_publicize_feature_enabled":true,"jetpack_social_post_already_shared":false,"jetpack_social_options":{"image_generator_settings":{"template":"highway","default_image_id":0,"font":"","enabled":false},"version":2}},"product_brand":[],"product_cat":[86],"product_tag":[],"class_list":{"0":"post-4745","1":"product","2":"type-product","3":"status-publish","4":"has-post-thumbnail","6":"product_cat-uncategorized-fr","8":"first","9":"instock","10":"taxable","11":"shipping-taxable","12":"purchasable","13":"product-type-simple"},"yoast_head":"<!-- This site is optimized with the Yoast SEO Premium plugin v27.4 (Yoast SEO v27.4) - https:\/\/yoast.com\/product\/yoast-seo-premium-wordpress\/ -->\n<title>Labneh | 220 grammes - De Zuivelarij<\/title>\n<meta name=\"description\" content=\"Le labneh est un yaourt tel qu&#039;il \u00e9tait consomm\u00e9 autrefois : non pas sucr\u00e9, mais sal\u00e9.\" \/>\n<meta name=\"robots\" content=\"index, follow, max-snippet:-1, max-image-preview:large, max-video-preview:-1\" \/>\n<link rel=\"canonical\" href=\"https:\/\/dezuivelarij.be\/fr\/produit\/labneh\/\" \/>\n<meta property=\"og:locale\" content=\"fr_FR\" \/>\n<meta property=\"og:type\" content=\"article\" \/>\n<meta property=\"og:title\" content=\"Labneh | 220 grammes\" \/>\n<meta property=\"og:description\" content=\"Le labneh est un yaourt tel qu&#039;il \u00e9tait consomm\u00e9 autrefois : non pas sucr\u00e9, mais sal\u00e9.\" \/>\n<meta property=\"og:url\" content=\"https:\/\/dezuivelarij.be\/fr\/produit\/labneh\/\" \/>\n<meta property=\"og:site_name\" content=\"De Zuivelarij\" \/>\n<meta property=\"article:publisher\" content=\"https:\/\/www.facebook.com\/DeZuivelarij\/\" \/>\n<meta property=\"article:modified_time\" content=\"2021-12-12T10:05:42+00:00\" \/>\n<meta property=\"og:image\" content=\"https:\/\/dezuivelarij.be\/wp-content\/uploads\/2021\/11\/Packshot-Labneh.jpg\" \/>\n\t<meta property=\"og:image:width\" content=\"1200\" \/>\n\t<meta property=\"og:image:height\" content=\"1200\" \/>\n\t<meta property=\"og:image:type\" content=\"image\/jpeg\" \/>\n<meta name=\"twitter:card\" content=\"summary_large_image\" \/>\n<meta name=\"twitter:label1\" content=\"Dur\u00e9e de lecture estim\u00e9e\" \/>\n\t<meta name=\"twitter:data1\" content=\"1 minute\" \/>\n<script type=\"application\/ld+json\" class=\"yoast-schema-graph\">{\"@context\":\"https:\\\/\\\/schema.org\",\"@graph\":[{\"@type\":\"WebPage\",\"@id\":\"https:\\\/\\\/dezuivelarij.be\\\/fr\\\/produit\\\/labneh\\\/\",\"url\":\"https:\\\/\\\/dezuivelarij.be\\\/fr\\\/produit\\\/labneh\\\/\",\"name\":\"Labneh | 220 grammes - De Zuivelarij\",\"isPartOf\":{\"@id\":\"https:\\\/\\\/dezuivelarij.be\\\/fr\\\/#website\"},\"primaryImageOfPage\":{\"@id\":\"https:\\\/\\\/dezuivelarij.be\\\/fr\\\/produit\\\/labneh\\\/#primaryimage\"},\"image\":{\"@id\":\"https:\\\/\\\/dezuivelarij.be\\\/fr\\\/produit\\\/labneh\\\/#primaryimage\"},\"thumbnailUrl\":\"https:\\\/\\\/dezuivelarij.be\\\/wp-content\\\/uploads\\\/2021\\\/11\\\/Packshot-Labneh.jpg\",\"datePublished\":\"2021-12-12T10:03:57+00:00\",\"dateModified\":\"2021-12-12T10:05:42+00:00\",\"description\":\"Le labneh est un yaourt tel qu'il \u00e9tait consomm\u00e9 autrefois : non pas sucr\u00e9, mais sal\u00e9.\",\"breadcrumb\":{\"@id\":\"https:\\\/\\\/dezuivelarij.be\\\/fr\\\/produit\\\/labneh\\\/#breadcrumb\"},\"inLanguage\":\"fr-FR\",\"potentialAction\":[{\"@type\":\"ReadAction\",\"target\":[\"https:\\\/\\\/dezuivelarij.be\\\/fr\\\/produit\\\/labneh\\\/\"]}]},{\"@type\":\"ImageObject\",\"inLanguage\":\"fr-FR\",\"@id\":\"https:\\\/\\\/dezuivelarij.be\\\/fr\\\/produit\\\/labneh\\\/#primaryimage\",\"url\":\"https:\\\/\\\/dezuivelarij.be\\\/wp-content\\\/uploads\\\/2021\\\/11\\\/Packshot-Labneh.jpg\",\"contentUrl\":\"https:\\\/\\\/dezuivelarij.be\\\/wp-content\\\/uploads\\\/2021\\\/11\\\/Packshot-Labneh.jpg\",\"width\":1200,\"height\":1200,\"caption\":\"Labneh\"},{\"@type\":\"BreadcrumbList\",\"@id\":\"https:\\\/\\\/dezuivelarij.be\\\/fr\\\/produit\\\/labneh\\\/#breadcrumb\",\"itemListElement\":[{\"@type\":\"ListItem\",\"position\":1,\"name\":\"Home\",\"item\":\"https:\\\/\\\/dezuivelarij.be\\\/fr\\\/\"},{\"@type\":\"ListItem\",\"position\":2,\"name\":\"Boutique\",\"item\":\"https:\\\/\\\/dezuivelarij.be\\\/fr\\\/boutique\\\/\"},{\"@type\":\"ListItem\",\"position\":3,\"name\":\"Labneh | 220 grammes\"}]},{\"@type\":\"WebSite\",\"@id\":\"https:\\\/\\\/dezuivelarij.be\\\/fr\\\/#website\",\"url\":\"https:\\\/\\\/dezuivelarij.be\\\/fr\\\/\",\"name\":\"De Zuivelarij\",\"description\":\"Kaas met grillen\",\"publisher\":{\"@id\":\"https:\\\/\\\/dezuivelarij.be\\\/fr\\\/#organization\"},\"potentialAction\":[{\"@type\":\"SearchAction\",\"target\":{\"@type\":\"EntryPoint\",\"urlTemplate\":\"https:\\\/\\\/dezuivelarij.be\\\/fr\\\/?s={search_term_string}\"},\"query-input\":{\"@type\":\"PropertyValueSpecification\",\"valueRequired\":true,\"valueName\":\"search_term_string\"}}],\"inLanguage\":\"fr-FR\"},{\"@type\":[\"Organization\",\"Place\"],\"@id\":\"https:\\\/\\\/dezuivelarij.be\\\/fr\\\/#organization\",\"name\":\"De Zuivelarij\",\"alternateName\":\"De Zuivelarij BV\",\"url\":\"https:\\\/\\\/dezuivelarij.be\\\/fr\\\/\",\"logo\":{\"@id\":\"https:\\\/\\\/dezuivelarij.be\\\/fr\\\/produit\\\/labneh\\\/#local-main-organization-logo\"},\"image\":{\"@id\":\"https:\\\/\\\/dezuivelarij.be\\\/fr\\\/produit\\\/labneh\\\/#local-main-organization-logo\"},\"sameAs\":[\"https:\\\/\\\/www.facebook.com\\\/DeZuivelarij\\\/\",\"https:\\\/\\\/www.instagram.com\\\/de.zuivelarij\\\/\",\"https:\\\/\\\/nl.pinterest.com\\\/dezuivelarij\\\/\",\"https:\\\/\\\/www.youtube.com\\\/channel\\\/UCK_6xO0p1H4DXoMoW6fMUSw?view_as=subscriber\"],\"telephone\":[],\"openingHoursSpecification\":[{\"@type\":\"OpeningHoursSpecification\",\"dayOfWeek\":[\"Monday\",\"Tuesday\",\"Wednesday\",\"Thursday\",\"Friday\",\"Saturday\",\"Sunday\"],\"opens\":\"09:00\",\"closes\":\"17:00\"}]},{\"@type\":\"ImageObject\",\"inLanguage\":\"fr-FR\",\"@id\":\"https:\\\/\\\/dezuivelarij.be\\\/fr\\\/produit\\\/labneh\\\/#local-main-organization-logo\",\"url\":\"https:\\\/\\\/dezuivelarij.be\\\/wp-content\\\/uploads\\\/2024\\\/11\\\/cropped-cropped-Zuivelarij-1.jpg\",\"contentUrl\":\"https:\\\/\\\/dezuivelarij.be\\\/wp-content\\\/uploads\\\/2024\\\/11\\\/cropped-cropped-Zuivelarij-1.jpg\",\"width\":96,\"height\":96,\"caption\":\"De Zuivelarij\"}]}<\/script>\n<!-- \/ Yoast SEO Premium plugin. -->","yoast_head_json":{"title":"Labneh | 220 grammes - De Zuivelarij","description":"Le labneh est un yaourt tel qu'il \u00e9tait consomm\u00e9 autrefois : non pas sucr\u00e9, mais sal\u00e9.","robots":{"index":"index","follow":"follow","max-snippet":"max-snippet:-1","max-image-preview":"max-image-preview:large","max-video-preview":"max-video-preview:-1"},"canonical":"https:\/\/dezuivelarij.be\/fr\/produit\/labneh\/","og_locale":"fr_FR","og_type":"article","og_title":"Labneh | 220 grammes","og_description":"Le labneh est un yaourt tel qu'il \u00e9tait consomm\u00e9 autrefois : non pas sucr\u00e9, mais sal\u00e9.","og_url":"https:\/\/dezuivelarij.be\/fr\/produit\/labneh\/","og_site_name":"De Zuivelarij","article_publisher":"https:\/\/www.facebook.com\/DeZuivelarij\/","article_modified_time":"2021-12-12T10:05:42+00:00","og_image":[{"width":1200,"height":1200,"url":"https:\/\/dezuivelarij.be\/wp-content\/uploads\/2021\/11\/Packshot-Labneh.jpg","type":"image\/jpeg"}],"twitter_card":"summary_large_image","twitter_misc":{"Dur\u00e9e de lecture estim\u00e9e":"1 minute"},"schema":{"@context":"https:\/\/schema.org","@graph":[{"@type":"WebPage","@id":"https:\/\/dezuivelarij.be\/fr\/produit\/labneh\/","url":"https:\/\/dezuivelarij.be\/fr\/produit\/labneh\/","name":"Labneh | 220 grammes - De Zuivelarij","isPartOf":{"@id":"https:\/\/dezuivelarij.be\/fr\/#website"},"primaryImageOfPage":{"@id":"https:\/\/dezuivelarij.be\/fr\/produit\/labneh\/#primaryimage"},"image":{"@id":"https:\/\/dezuivelarij.be\/fr\/produit\/labneh\/#primaryimage"},"thumbnailUrl":"https:\/\/dezuivelarij.be\/wp-content\/uploads\/2021\/11\/Packshot-Labneh.jpg","datePublished":"2021-12-12T10:03:57+00:00","dateModified":"2021-12-12T10:05:42+00:00","description":"Le labneh est un yaourt tel qu'il \u00e9tait consomm\u00e9 autrefois : non pas sucr\u00e9, mais sal\u00e9.","breadcrumb":{"@id":"https:\/\/dezuivelarij.be\/fr\/produit\/labneh\/#breadcrumb"},"inLanguage":"fr-FR","potentialAction":[{"@type":"ReadAction","target":["https:\/\/dezuivelarij.be\/fr\/produit\/labneh\/"]}]},{"@type":"ImageObject","inLanguage":"fr-FR","@id":"https:\/\/dezuivelarij.be\/fr\/produit\/labneh\/#primaryimage","url":"https:\/\/dezuivelarij.be\/wp-content\/uploads\/2021\/11\/Packshot-Labneh.jpg","contentUrl":"https:\/\/dezuivelarij.be\/wp-content\/uploads\/2021\/11\/Packshot-Labneh.jpg","width":1200,"height":1200,"caption":"Labneh"},{"@type":"BreadcrumbList","@id":"https:\/\/dezuivelarij.be\/fr\/produit\/labneh\/#breadcrumb","itemListElement":[{"@type":"ListItem","position":1,"name":"Home","item":"https:\/\/dezuivelarij.be\/fr\/"},{"@type":"ListItem","position":2,"name":"Boutique","item":"https:\/\/dezuivelarij.be\/fr\/boutique\/"},{"@type":"ListItem","position":3,"name":"Labneh | 220 grammes"}]},{"@type":"WebSite","@id":"https:\/\/dezuivelarij.be\/fr\/#website","url":"https:\/\/dezuivelarij.be\/fr\/","name":"De Zuivelarij","description":"Kaas met grillen","publisher":{"@id":"https:\/\/dezuivelarij.be\/fr\/#organization"},"potentialAction":[{"@type":"SearchAction","target":{"@type":"EntryPoint","urlTemplate":"https:\/\/dezuivelarij.be\/fr\/?s={search_term_string}"},"query-input":{"@type":"PropertyValueSpecification","valueRequired":true,"valueName":"search_term_string"}}],"inLanguage":"fr-FR"},{"@type":["Organization","Place"],"@id":"https:\/\/dezuivelarij.be\/fr\/#organization","name":"De Zuivelarij","alternateName":"De Zuivelarij BV","url":"https:\/\/dezuivelarij.be\/fr\/","logo":{"@id":"https:\/\/dezuivelarij.be\/fr\/produit\/labneh\/#local-main-organization-logo"},"image":{"@id":"https:\/\/dezuivelarij.be\/fr\/produit\/labneh\/#local-main-organization-logo"},"sameAs":["https:\/\/www.facebook.com\/DeZuivelarij\/","https:\/\/www.instagram.com\/de.zuivelarij\/","https:\/\/nl.pinterest.com\/dezuivelarij\/","https:\/\/www.youtube.com\/channel\/UCK_6xO0p1H4DXoMoW6fMUSw?view_as=subscriber"],"telephone":[],"openingHoursSpecification":[{"@type":"OpeningHoursSpecification","dayOfWeek":["Monday","Tuesday","Wednesday","Thursday","Friday","Saturday","Sunday"],"opens":"09:00","closes":"17:00"}]},{"@type":"ImageObject","inLanguage":"fr-FR","@id":"https:\/\/dezuivelarij.be\/fr\/produit\/labneh\/#local-main-organization-logo","url":"https:\/\/dezuivelarij.be\/wp-content\/uploads\/2024\/11\/cropped-cropped-Zuivelarij-1.jpg","contentUrl":"https:\/\/dezuivelarij.be\/wp-content\/uploads\/2024\/11\/cropped-cropped-Zuivelarij-1.jpg","width":96,"height":96,"caption":"De Zuivelarij"}]}},"jetpack_publicize_connections":[],"jetpack_sharing_enabled":true,"jetpack_likes_enabled":true,"jetpack-related-posts":[{"id":9594,"url":"https:\/\/dezuivelarij.be\/fr\/produit\/lactoserum\/","url_meta":{"origin":4745,"position":0},"title":"Lactos\u00e9rum de la Zuivelarij | 10 litre","author":"De Zuivelarij","date":"d\u00e9cembre 6, 2021","format":false,"excerpt":"D\u00e9licieux petit-lait aromatique \u00e0 utiliser en cuisine. D\u00e9couvrez nos recettes \u00e0 base de lactos\u00e9rum !","rel":"","context":"Article similaire","block_context":{"text":"Article similaire","link":""},"img":{"alt_text":"","src":"https:\/\/i0.wp.com\/dezuivelarij.be\/wp-content\/uploads\/2021\/12\/262482388_676117513440570_521693491192967378_n-1.jpg?resize=350%2C200&ssl=1","width":350,"height":200,"srcset":"https:\/\/i0.wp.com\/dezuivelarij.be\/wp-content\/uploads\/2021\/12\/262482388_676117513440570_521693491192967378_n-1.jpg?resize=350%2C200&ssl=1 1x, https:\/\/i0.wp.com\/dezuivelarij.be\/wp-content\/uploads\/2021\/12\/262482388_676117513440570_521693491192967378_n-1.jpg?resize=525%2C300&ssl=1 1.5x, https:\/\/i0.wp.com\/dezuivelarij.be\/wp-content\/uploads\/2021\/12\/262482388_676117513440570_521693491192967378_n-1.jpg?resize=700%2C400&ssl=1 2x, https:\/\/i0.wp.com\/dezuivelarij.be\/wp-content\/uploads\/2021\/12\/262482388_676117513440570_521693491192967378_n-1.jpg?resize=1050%2C600&ssl=1 3x, https:\/\/i0.wp.com\/dezuivelarij.be\/wp-content\/uploads\/2021\/12\/262482388_676117513440570_521693491192967378_n-1.jpg?resize=1400%2C800&ssl=1 4x"},"classes":[]},{"id":5918,"url":"https:\/\/dezuivelarij.be\/fr\/produit\/berloumi-bio\/","url_meta":{"origin":4745,"position":1},"title":"Berloumi bio | 300 g","author":"De Zuivelarij","date":"d\u00e9cembre 5, 2021","format":false,"excerpt":"Vous aimez la vari\u00e9t\u00e9 dans votre assiette ? Essayez le Berloumi, le fromage \u00e0 griller belge. Sur la po\u00eale, dans le gril, sur le barbecue, dans la friteuse ou m\u00eame entre votre gaufrier. C'est tellement fait et c'est tr\u00e8s bon ! Une cro\u00fbte croustillante \u00e0 l'ext\u00e9rieur, une bouch\u00e9e tendre \u00e0\u2026","rel":"","context":"Article similaire","block_context":{"text":"Article similaire","link":""},"img":{"alt_text":"halloumi biologique, berloumi, fromage grill\u00e9 biologique","src":"https:\/\/i0.wp.com\/dezuivelarij.be\/wp-content\/uploads\/2021\/11\/Packshot-Berloumi-Bio.jpg?resize=350%2C200&ssl=1","width":350,"height":200,"srcset":"https:\/\/i0.wp.com\/dezuivelarij.be\/wp-content\/uploads\/2021\/11\/Packshot-Berloumi-Bio.jpg?resize=350%2C200&ssl=1 1x, https:\/\/i0.wp.com\/dezuivelarij.be\/wp-content\/uploads\/2021\/11\/Packshot-Berloumi-Bio.jpg?resize=525%2C300&ssl=1 1.5x, https:\/\/i0.wp.com\/dezuivelarij.be\/wp-content\/uploads\/2021\/11\/Packshot-Berloumi-Bio.jpg?resize=700%2C400&ssl=1 2x, https:\/\/i0.wp.com\/dezuivelarij.be\/wp-content\/uploads\/2021\/11\/Packshot-Berloumi-Bio.jpg?resize=1050%2C600&ssl=1 3x"},"classes":[]},{"id":5917,"url":"https:\/\/dezuivelarij.be\/fr\/produit\/chevre-berloumi\/","url_meta":{"origin":4745,"position":2},"title":"Ch\u00e8vre Berloumi | 270 grammes","author":"De Zuivelarij","date":"d\u00e9cembre 5, 2021","format":false,"excerpt":"Vous aimez la vari\u00e9t\u00e9 dans votre assiette ? Essayez le Berloumi, le fromage \u00e0 griller belge. Sur la po\u00eale, dans le gril, sur le barbecue, dans la friteuse ou m\u00eame entre votre gaufrier. C'est tellement fait et c'est tr\u00e8s bon ! Une cro\u00fbte croustillante \u00e0 l'ext\u00e9rieur, une bouch\u00e9e tendre \u00e0\u2026","rel":"","context":"Article similaire","block_context":{"text":"Article similaire","link":""},"img":{"alt_text":"","src":"https:\/\/i0.wp.com\/dezuivelarij.be\/wp-content\/uploads\/2021\/11\/Packshot-Berloumi-Geit.jpg?resize=350%2C200&ssl=1","width":350,"height":200,"srcset":"https:\/\/i0.wp.com\/dezuivelarij.be\/wp-content\/uploads\/2021\/11\/Packshot-Berloumi-Geit.jpg?resize=350%2C200&ssl=1 1x, https:\/\/i0.wp.com\/dezuivelarij.be\/wp-content\/uploads\/2021\/11\/Packshot-Berloumi-Geit.jpg?resize=525%2C300&ssl=1 1.5x, https:\/\/i0.wp.com\/dezuivelarij.be\/wp-content\/uploads\/2021\/11\/Packshot-Berloumi-Geit.jpg?resize=700%2C400&ssl=1 2x, https:\/\/i0.wp.com\/dezuivelarij.be\/wp-content\/uploads\/2021\/11\/Packshot-Berloumi-Geit.jpg?resize=1050%2C600&ssl=1 3x"},"classes":[]},{"id":5910,"url":"https:\/\/dezuivelarij.be\/fr\/produit\/berloumi-2\/","url_meta":{"origin":4745,"position":3},"title":"Berloumi | 300 grammes","author":"De Zuivelarij","date":"juillet 30, 2021","format":false,"excerpt":"Vous aimez la vari\u00e9t\u00e9 dans votre assiette ? Essayez le Berloumi, le fromage \u00e0 griller belge. Sur la po\u00eale, dans le gril, sur le barbecue, dans la friteuse ou m\u00eame entre votre gaufrier. C'est tellement fait et c'est tr\u00e8s bon ! Une cro\u00fbte croustillante \u00e0 l'ext\u00e9rieur, une bouch\u00e9e tendre \u00e0\u2026","rel":"","context":"Article similaire","block_context":{"text":"Article similaire","link":""},"img":{"alt_text":"Berloumi, halloumi belge","src":"https:\/\/i0.wp.com\/dezuivelarij.be\/wp-content\/uploads\/2021\/11\/Packshot-Berloumi.jpg?resize=350%2C200&ssl=1","width":350,"height":200,"srcset":"https:\/\/i0.wp.com\/dezuivelarij.be\/wp-content\/uploads\/2021\/11\/Packshot-Berloumi.jpg?resize=350%2C200&ssl=1 1x, https:\/\/i0.wp.com\/dezuivelarij.be\/wp-content\/uploads\/2021\/11\/Packshot-Berloumi.jpg?resize=525%2C300&ssl=1 1.5x, https:\/\/i0.wp.com\/dezuivelarij.be\/wp-content\/uploads\/2021\/11\/Packshot-Berloumi.jpg?resize=700%2C400&ssl=1 2x, https:\/\/i0.wp.com\/dezuivelarij.be\/wp-content\/uploads\/2021\/11\/Packshot-Berloumi.jpg?resize=1050%2C600&ssl=1 3x"},"classes":[]},{"id":22893,"url":"https:\/\/dezuivelarij.be\/fr\/produit\/pistache-cannoli\/","url_meta":{"origin":4745,"position":4},"title":"Cannoli \u00e0 la pistache","author":"De Zuivelarij","date":"novembre 16, 2025","format":false,"excerpt":"Cannoli croustillants cuits en Sicile avec une farce \u00e0 la d\u00e9licieuse ricotta locale de Berlare et aux pistaches. D\u00e9cor\u00e9s avec des pistaches hach\u00e9es. \u00a0","rel":"","context":"Article similaire","block_context":{"text":"Article similaire","link":""},"img":{"alt_text":"cannoli, cannolo, cannoli pistache","src":"https:\/\/i0.wp.com\/dezuivelarij.be\/wp-content\/uploads\/2025\/11\/ZUIVELARIJ_CANNOLI-038-e1763315866211.jpg?resize=350%2C200&ssl=1","width":350,"height":200,"srcset":"https:\/\/i0.wp.com\/dezuivelarij.be\/wp-content\/uploads\/2025\/11\/ZUIVELARIJ_CANNOLI-038-e1763315866211.jpg?resize=350%2C200&ssl=1 1x, https:\/\/i0.wp.com\/dezuivelarij.be\/wp-content\/uploads\/2025\/11\/ZUIVELARIJ_CANNOLI-038-e1763315866211.jpg?resize=525%2C300&ssl=1 1.5x, https:\/\/i0.wp.com\/dezuivelarij.be\/wp-content\/uploads\/2025\/11\/ZUIVELARIJ_CANNOLI-038-e1763315866211.jpg?resize=700%2C400&ssl=1 2x, https:\/\/i0.wp.com\/dezuivelarij.be\/wp-content\/uploads\/2025\/11\/ZUIVELARIJ_CANNOLI-038-e1763315866211.jpg?resize=1050%2C600&ssl=1 3x, https:\/\/i0.wp.com\/dezuivelarij.be\/wp-content\/uploads\/2025\/11\/ZUIVELARIJ_CANNOLI-038-e1763315866211.jpg?resize=1400%2C800&ssl=1 4x"},"classes":[]},{"id":9596,"url":"https:\/\/dezuivelarij.be\/en\/product\/labneh\/","url_meta":{"origin":4745,"position":5},"title":"Labneh | 220 grams","author":"De Zuivelarij","date":"septembre 2, 2024","format":false,"excerpt":"\"Labneh, labne, lebne, laban, hangop, strained yogurt, yogurt cheese... These are all names for a very thick, lightly salted yogurt. Our labneh drains for 48 hours in linen bags, concentrating all the goodness of the yogurt. It has a rich, intense flavor and a strong aromatic taste. Labneh is yogurt\u2026","rel":"","context":"Article similaire","block_context":{"text":"Article similaire","link":""},"img":{"alt_text":"","src":"https:\/\/i0.wp.com\/dezuivelarij.be\/wp-content\/uploads\/2021\/11\/Packshot-Labneh.jpg?resize=350%2C200&ssl=1","width":350,"height":200,"srcset":"https:\/\/i0.wp.com\/dezuivelarij.be\/wp-content\/uploads\/2021\/11\/Packshot-Labneh.jpg?resize=350%2C200&ssl=1 1x, https:\/\/i0.wp.com\/dezuivelarij.be\/wp-content\/uploads\/2021\/11\/Packshot-Labneh.jpg?resize=525%2C300&ssl=1 1.5x, https:\/\/i0.wp.com\/dezuivelarij.be\/wp-content\/uploads\/2021\/11\/Packshot-Labneh.jpg?resize=700%2C400&ssl=1 2x, https:\/\/i0.wp.com\/dezuivelarij.be\/wp-content\/uploads\/2021\/11\/Packshot-Labneh.jpg?resize=1050%2C600&ssl=1 3x"},"classes":[]}],"_links":{"self":[{"href":"https:\/\/dezuivelarij.be\/fr\/wp-json\/wp\/v2\/product\/4745","targetHints":{"allow":["GET"]}}],"collection":[{"href":"https:\/\/dezuivelarij.be\/fr\/wp-json\/wp\/v2\/product"}],"about":[{"href":"https:\/\/dezuivelarij.be\/fr\/wp-json\/wp\/v2\/types\/product"}],"replies":[{"embeddable":true,"href":"https:\/\/dezuivelarij.be\/fr\/wp-json\/wp\/v2\/comments?post=4745"}],"wp:featuredmedia":[{"embeddable":true,"href":"https:\/\/dezuivelarij.be\/fr\/wp-json\/wp\/v2\/media\/4543"}],"wp:attachment":[{"href":"https:\/\/dezuivelarij.be\/fr\/wp-json\/wp\/v2\/media?parent=4745"}],"wp:term":[{"taxonomy":"product_brand","embeddable":true,"href":"https:\/\/dezuivelarij.be\/fr\/wp-json\/wp\/v2\/product_brand?post=4745"},{"taxonomy":"product_cat","embeddable":true,"href":"https:\/\/dezuivelarij.be\/fr\/wp-json\/wp\/v2\/product_cat?post=4745"},{"taxonomy":"product_tag","embeddable":true,"href":"https:\/\/dezuivelarij.be\/fr\/wp-json\/wp\/v2\/product_tag?post=4745"}],"curies":[{"name":"wp","href":"https:\/\/api.w.org\/{rel}","templated":true}]}}