{"id":6707,"date":"2023-01-09T16:28:09","date_gmt":"2023-01-09T15:28:09","guid":{"rendered":"https:\/\/dezuivelarij.be\/subventions\/"},"modified":"2023-01-09T16:28:53","modified_gmt":"2023-01-09T15:28:53","slug":"subventions","status":"publish","type":"page","link":"https:\/\/dezuivelarij.be\/fr\/subventions\/","title":{"rendered":"Subventions"},"content":{"rendered":"\n<div style=\"height:50px\" aria-hidden=\"true\" class=\"wp-block-spacer\"><\/div>\n\n<p>Dans notre laiterie, nous transformons le lait des <a href=\"https:\/\/dezuivelarij.be\/agriculteurs\/?lang=fr\">agriculteurs locaux<\/a>. Parce que nous pensons qu&rsquo;une certaine \u00e9chelle est n\u00e9cessaire, nous voulons \u00eatre le producteur de lait de ferme pour certains agriculteurs de Berlare Nous sommes fermement r\u00e9solus \u00e0 raccourcir la cha\u00eene et \u00e0 impliquer les agriculteurs dans la commercialisation de leurs produits. Ce faisant, nous essayons de travailler de mani\u00e8re aussi \u00e9cologique que possible.<\/p>\n\n<p>Chaque entreprise re\u00e7oit de temps en temps des subventions ou des concessions. Nous en sommes reconnaissants et souhaitons communiquer ouvertement \u00e0 ce sujet. <\/p>\n\n<p>Ce sont les subventions qui nous sont tomb\u00e9es dessus ces derni\u00e8res ann\u00e9es.<\/p>\n\n<div style=\"height:60px\" aria-hidden=\"true\" class=\"wp-block-spacer\"><\/div>\n\n<div class=\"wp-block-columns is-layout-flex wp-container-core-columns-is-layout-9d6595d7 wp-block-columns-is-layout-flex\">\n<div class=\"wp-block-column is-layout-flow wp-block-column-is-layout-flow\">\n<figure class=\"wp-block-image size-full\"><img loading=\"lazy\" decoding=\"async\" width=\"300\" height=\"164\" src=\"https:\/\/dezuivelarij.be\/wp-content\/uploads\/2021\/03\/VLIF-e1614923644868.jpg\" alt=\"\" class=\"wp-image-3512\"\/><\/figure>\n<\/div>\n\n\n\n<div class=\"wp-block-column is-layout-flow wp-block-column-is-layout-flow\">\n<div style=\"height:50px\" aria-hidden=\"true\" class=\"wp-block-spacer\"><\/div>\n\n\n\n<h4 class=\"wp-block-heading\" id=\"h-vlif-agrovoeding\"><strong>VLIF : Agroalimentaire<\/strong><\/h4>\n\n\n\n<p>Subvention : 62 000 \u20ac.<\/p>\n\n\n\n<p>Investissement : 230 000 euros<\/p>\n\n\n\n<p>Nous avons re\u00e7u cette subvention pour d\u00e9marrer et optimiser notre ligne de production de <a href=\"https:\/\/berloumi.be\/ricotta-van-berloumi\">ricotta<\/a>. Nous obtenons la ricotta \u00e0 partir de notre flux r\u00e9siduel de lactos\u00e9rum laitier. De cette fa\u00e7on, moins de mati\u00e8res organiques sont rejet\u00e9es dans l&rsquo;environnement. Et c&rsquo;est savoureux aussi !<\/p>\n<\/div>\n<\/div>\n\n<div style=\"height:30px\" aria-hidden=\"true\" class=\"wp-block-spacer\"><\/div>\n\n<div class=\"wp-block-columns is-layout-flex wp-container-core-columns-is-layout-9d6595d7 wp-block-columns-is-layout-flex\">\n<div class=\"wp-block-column is-layout-flow wp-block-column-is-layout-flow\">\n<figure class=\"wp-block-image size-large\"><img loading=\"lazy\" decoding=\"async\" width=\"300\" height=\"150\" src=\"https:\/\/dezuivelarij.be\/wp-content\/uploads\/2021\/03\/flandersinvestment-e1614923757454.png\" alt=\"\" class=\"wp-image-3520\"\/><\/figure>\n\n\n\n<p><\/p>\n<\/div>\n\n\n\n<div class=\"wp-block-column is-layout-flow wp-block-column-is-layout-flow\">\n<div style=\"height:49px\" aria-hidden=\"true\" class=\"wp-block-spacer\"><\/div>\n\n\n\n<h4 class=\"wp-block-heading\" id=\"h-fit-starterspakket-internationalisering\"><strong>FIT : Pack de d\u00e9marrage pour l&rsquo;internationalisation<\/strong><\/h4>\n\n\n\n<p>Subvention : 7000 \u20ac.<\/p>\n\n\n\n<p>Investissement : +20 000 euros<\/p>\n\n\n\n<p>Nous avons re\u00e7u cette subvention pour soutenir nos premiers pas sur le march\u00e9 international. Depuis 2021, notre <a href=\"http:\/\/berloumi.be\">Berloumi<\/a> est disponible chez AH Pays-Bas et est utilis\u00e9 dans la cha\u00eene fran\u00e7aise de hamburgers biologiques <a href=\"https:\/\/www.bioburger.fr\/\">Bioburger<\/a>.<\/p>\n<\/div>\n<\/div>\n\n<div style=\"height:30px\" aria-hidden=\"true\" class=\"wp-block-spacer\"><\/div>\n\n<div class=\"wp-block-columns is-layout-flex wp-container-core-columns-is-layout-9d6595d7 wp-block-columns-is-layout-flex\">\n<div class=\"wp-block-column is-layout-flow wp-block-column-is-layout-flow\">\n<figure class=\"wp-block-image size-column2-1\/4\"><img loading=\"lazy\" decoding=\"async\" width=\"370\" height=\"143\" src=\"https:\/\/dezuivelarij.be\/wp-content\/uploads\/2021\/03\/provinice-logo-370x143.jpg\" alt=\"\" class=\"wp-image-3534\"\/><\/figure>\n<\/div>\n\n\n\n<div class=\"wp-block-column is-layout-flow wp-block-column-is-layout-flow\">\n<div style=\"height:50px\" aria-hidden=\"true\" class=\"wp-block-spacer\"><\/div>\n\n\n\n<h4 class=\"wp-block-heading\" id=\"h-oost-vlaanderen-circulaire-ketenprojecten\"><strong>Flandre orientale : Projets de cha\u00eene circulaire<\/strong><\/h4>\n\n\n\n<p>Subvention : 30 000 euros<\/p>\n\n\n\n<p>Investissement : +70 000 euros<\/p>\n\n\n\n<p>Le lactos\u00e9rum du lait est un flux r\u00e9siduel du processus de fabrication du fromage qui est inconnu des consommateurs mais qui a n\u00e9anmoins une grande valeur. En collaboration avec l&rsquo;<a href=\"https:\/\/www.odisee.be\/nl\">universit\u00e9 des sciences appliqu\u00e9es d&rsquo;Odisee<\/a>, nous travaillons \u00e0 des applications concr\u00e8tes et \u00e0 la commercialisation du lactos\u00e9rum du lait en tant que produit.<\/p>\n<\/div>\n<\/div>\n\n<div style=\"height:50px\" aria-hidden=\"true\" class=\"wp-block-spacer\"><\/div>\n\n<div class=\"wp-block-columns is-layout-flex wp-container-core-columns-is-layout-9d6595d7 wp-block-columns-is-layout-flex\">\n<div class=\"wp-block-column is-layout-flow wp-block-column-is-layout-flow\">\n<figure class=\"wp-block-image size-large\"><img loading=\"lazy\" decoding=\"async\" width=\"300\" height=\"164\" src=\"https:\/\/dezuivelarij.be\/wp-content\/uploads\/2021\/03\/VLIF-e1614923644868.jpg\" alt=\"\" class=\"wp-image-3512\"\/><\/figure>\n<\/div>\n\n\n\n<div class=\"wp-block-column is-layout-flow wp-block-column-is-layout-flow\">\n<div style=\"height:50px\" aria-hidden=\"true\" class=\"wp-block-spacer\"><\/div>\n\n\n\n<h4 class=\"wp-block-heading\" id=\"h-vlif-agrovoeding-1\"><strong>VLIF : Agroalimentaire<\/strong><\/h4>\n\n\n\n<p>Subvention : 90 000 euros<\/p>\n\n\n\n<p>Investissement : 300 000 euros<\/p>\n\n\n\n<p>Pour ce faire, nous investissons dans des machines et des techniques afin de rendre notre lactos\u00e9rum laitier pr\u00eat \u00e0 \u00eatre vendu sous diff\u00e9rentes formes. <\/p>\n<\/div>\n<\/div>\n\n<div style=\"height:100px\" aria-hidden=\"true\" class=\"wp-block-spacer\"><\/div>\n\n<p><\/p>\n","protected":false},"excerpt":{"rendered":"<p>Dans notre laiterie, nous transformons le lait des agriculteurs locaux. Parce que nous pensons qu&rsquo;une certaine \u00e9chelle est n\u00e9cessaire, nous voulons \u00eatre le producteur de lait de ferme pour certains agriculteurs de Berlare Nous sommes fermement r\u00e9solus \u00e0 raccourcir la cha\u00eene et \u00e0 impliquer les agriculteurs dans la commercialisation de leurs produits. Ce faisant, nous [&hellip;]<\/p>\n","protected":false},"author":1,"featured_media":0,"parent":0,"menu_order":0,"comment_status":"closed","ping_status":"closed","template":"","meta":{"jetpack_post_was_ever_published":false,"footnotes":"","_wp_rev_ctl_limit":""},"categories":[],"tags":[],"class_list":["post-6707","page","type-page","status-publish","hentry"],"yoast_head":"<!-- This site is optimized with the Yoast SEO Premium plugin v27.3 (Yoast SEO v27.3) - https:\/\/yoast.com\/product\/yoast-seo-premium-wordpress\/ -->\n<title>Subventions - De Zuivelarij<\/title>\n<meta name=\"robots\" content=\"index, follow, max-snippet:-1, max-image-preview:large, max-video-preview:-1\" \/>\n<link rel=\"canonical\" href=\"https:\/\/dezuivelarij.be\/fr\/subventions\/\" \/>\n<meta property=\"og:locale\" content=\"fr_FR\" \/>\n<meta property=\"og:type\" content=\"article\" \/>\n<meta property=\"og:title\" content=\"Subventions\" \/>\n<meta property=\"og:description\" content=\"Dans notre laiterie, nous transformons le lait des agriculteurs locaux. Parce que nous pensons qu&rsquo;une certaine \u00e9chelle est n\u00e9cessaire, nous voulons \u00eatre le producteur de lait de ferme pour certains agriculteurs de Berlare Nous sommes fermement r\u00e9solus \u00e0 raccourcir la cha\u00eene et \u00e0 impliquer les agriculteurs dans la commercialisation de leurs produits. Ce faisant, nous [&hellip;]\" \/>\n<meta property=\"og:url\" content=\"https:\/\/dezuivelarij.be\/fr\/subventions\/\" \/>\n<meta property=\"og:site_name\" content=\"De Zuivelarij\" \/>\n<meta property=\"article:publisher\" content=\"https:\/\/www.facebook.com\/DeZuivelarij\/\" \/>\n<meta property=\"article:modified_time\" content=\"2023-01-09T15:28:53+00:00\" \/>\n<meta property=\"og:image\" content=\"https:\/\/dezuivelarij.be\/wp-content\/uploads\/2021\/03\/VLIF-e1614923644868.jpg\" \/>\n<meta name=\"twitter:card\" content=\"summary_large_image\" \/>\n<meta name=\"twitter:label1\" content=\"Dur\u00e9e de lecture estim\u00e9e\" \/>\n\t<meta name=\"twitter:data1\" content=\"2 minutes\" \/>\n<script type=\"application\/ld+json\" class=\"yoast-schema-graph\">{\"@context\":\"https:\\\/\\\/schema.org\",\"@graph\":[{\"@type\":\"WebPage\",\"@id\":\"https:\\\/\\\/dezuivelarij.be\\\/fr\\\/subventions\\\/\",\"url\":\"https:\\\/\\\/dezuivelarij.be\\\/fr\\\/subventions\\\/\",\"name\":\"Subventions - De Zuivelarij\",\"isPartOf\":{\"@id\":\"https:\\\/\\\/dezuivelarij.be\\\/fr\\\/#website\"},\"primaryImageOfPage\":{\"@id\":\"https:\\\/\\\/dezuivelarij.be\\\/fr\\\/subventions\\\/#primaryimage\"},\"image\":{\"@id\":\"https:\\\/\\\/dezuivelarij.be\\\/fr\\\/subventions\\\/#primaryimage\"},\"thumbnailUrl\":\"https:\\\/\\\/dezuivelarij.be\\\/wp-content\\\/uploads\\\/2021\\\/03\\\/VLIF-e1614923644868.jpg\",\"datePublished\":\"2023-01-09T15:28:09+00:00\",\"dateModified\":\"2023-01-09T15:28:53+00:00\",\"breadcrumb\":{\"@id\":\"https:\\\/\\\/dezuivelarij.be\\\/fr\\\/subventions\\\/#breadcrumb\"},\"inLanguage\":\"fr-FR\",\"potentialAction\":[{\"@type\":\"ReadAction\",\"target\":[\"https:\\\/\\\/dezuivelarij.be\\\/fr\\\/subventions\\\/\"]}]},{\"@type\":\"ImageObject\",\"inLanguage\":\"fr-FR\",\"@id\":\"https:\\\/\\\/dezuivelarij.be\\\/fr\\\/subventions\\\/#primaryimage\",\"url\":\"https:\\\/\\\/dezuivelarij.be\\\/wp-content\\\/uploads\\\/2021\\\/03\\\/VLIF-e1614923644868.jpg\",\"contentUrl\":\"https:\\\/\\\/dezuivelarij.be\\\/wp-content\\\/uploads\\\/2021\\\/03\\\/VLIF-e1614923644868.jpg\"},{\"@type\":\"BreadcrumbList\",\"@id\":\"https:\\\/\\\/dezuivelarij.be\\\/fr\\\/subventions\\\/#breadcrumb\",\"itemListElement\":[{\"@type\":\"ListItem\",\"position\":1,\"name\":\"Home\",\"item\":\"https:\\\/\\\/dezuivelarij.be\\\/fr\\\/\"},{\"@type\":\"ListItem\",\"position\":2,\"name\":\"Subventions\"}]},{\"@type\":\"WebSite\",\"@id\":\"https:\\\/\\\/dezuivelarij.be\\\/fr\\\/#website\",\"url\":\"https:\\\/\\\/dezuivelarij.be\\\/fr\\\/\",\"name\":\"De Zuivelarij\",\"description\":\"Kaas met grillen\",\"publisher\":{\"@id\":\"https:\\\/\\\/dezuivelarij.be\\\/fr\\\/#organization\"},\"potentialAction\":[{\"@type\":\"SearchAction\",\"target\":{\"@type\":\"EntryPoint\",\"urlTemplate\":\"https:\\\/\\\/dezuivelarij.be\\\/fr\\\/?s={search_term_string}\"},\"query-input\":{\"@type\":\"PropertyValueSpecification\",\"valueRequired\":true,\"valueName\":\"search_term_string\"}}],\"inLanguage\":\"fr-FR\"},{\"@type\":[\"Organization\",\"Place\"],\"@id\":\"https:\\\/\\\/dezuivelarij.be\\\/fr\\\/#organization\",\"name\":\"De Zuivelarij\",\"alternateName\":\"De Zuivelarij BV\",\"url\":\"https:\\\/\\\/dezuivelarij.be\\\/fr\\\/\",\"logo\":{\"@id\":\"https:\\\/\\\/dezuivelarij.be\\\/fr\\\/subventions\\\/#local-main-organization-logo\"},\"image\":{\"@id\":\"https:\\\/\\\/dezuivelarij.be\\\/fr\\\/subventions\\\/#local-main-organization-logo\"},\"sameAs\":[\"https:\\\/\\\/www.facebook.com\\\/DeZuivelarij\\\/\",\"https:\\\/\\\/www.instagram.com\\\/de.zuivelarij\\\/\",\"https:\\\/\\\/nl.pinterest.com\\\/dezuivelarij\\\/\",\"https:\\\/\\\/www.youtube.com\\\/channel\\\/UCK_6xO0p1H4DXoMoW6fMUSw?view_as=subscriber\"],\"telephone\":[],\"openingHoursSpecification\":[{\"@type\":\"OpeningHoursSpecification\",\"dayOfWeek\":[\"Monday\",\"Tuesday\",\"Wednesday\",\"Thursday\",\"Friday\",\"Saturday\",\"Sunday\"],\"opens\":\"09:00\",\"closes\":\"17:00\"}]},{\"@type\":\"ImageObject\",\"inLanguage\":\"fr-FR\",\"@id\":\"https:\\\/\\\/dezuivelarij.be\\\/fr\\\/subventions\\\/#local-main-organization-logo\",\"url\":\"https:\\\/\\\/dezuivelarij.be\\\/wp-content\\\/uploads\\\/2024\\\/11\\\/cropped-cropped-Zuivelarij-1.jpg\",\"contentUrl\":\"https:\\\/\\\/dezuivelarij.be\\\/wp-content\\\/uploads\\\/2024\\\/11\\\/cropped-cropped-Zuivelarij-1.jpg\",\"width\":96,\"height\":96,\"caption\":\"De Zuivelarij\"}]}<\/script>\n<!-- \/ Yoast SEO Premium plugin. -->","yoast_head_json":{"title":"Subventions - De Zuivelarij","robots":{"index":"index","follow":"follow","max-snippet":"max-snippet:-1","max-image-preview":"max-image-preview:large","max-video-preview":"max-video-preview:-1"},"canonical":"https:\/\/dezuivelarij.be\/fr\/subventions\/","og_locale":"fr_FR","og_type":"article","og_title":"Subventions","og_description":"Dans notre laiterie, nous transformons le lait des agriculteurs locaux. Parce que nous pensons qu&rsquo;une certaine \u00e9chelle est n\u00e9cessaire, nous voulons \u00eatre le producteur de lait de ferme pour certains agriculteurs de Berlare Nous sommes fermement r\u00e9solus \u00e0 raccourcir la cha\u00eene et \u00e0 impliquer les agriculteurs dans la commercialisation de leurs produits. Ce faisant, nous [&hellip;]","og_url":"https:\/\/dezuivelarij.be\/fr\/subventions\/","og_site_name":"De Zuivelarij","article_publisher":"https:\/\/www.facebook.com\/DeZuivelarij\/","article_modified_time":"2023-01-09T15:28:53+00:00","og_image":[{"url":"https:\/\/dezuivelarij.be\/wp-content\/uploads\/2021\/03\/VLIF-e1614923644868.jpg","type":"","width":"","height":""}],"twitter_card":"summary_large_image","twitter_misc":{"Dur\u00e9e de lecture estim\u00e9e":"2 minutes"},"schema":{"@context":"https:\/\/schema.org","@graph":[{"@type":"WebPage","@id":"https:\/\/dezuivelarij.be\/fr\/subventions\/","url":"https:\/\/dezuivelarij.be\/fr\/subventions\/","name":"Subventions - De Zuivelarij","isPartOf":{"@id":"https:\/\/dezuivelarij.be\/fr\/#website"},"primaryImageOfPage":{"@id":"https:\/\/dezuivelarij.be\/fr\/subventions\/#primaryimage"},"image":{"@id":"https:\/\/dezuivelarij.be\/fr\/subventions\/#primaryimage"},"thumbnailUrl":"https:\/\/dezuivelarij.be\/wp-content\/uploads\/2021\/03\/VLIF-e1614923644868.jpg","datePublished":"2023-01-09T15:28:09+00:00","dateModified":"2023-01-09T15:28:53+00:00","breadcrumb":{"@id":"https:\/\/dezuivelarij.be\/fr\/subventions\/#breadcrumb"},"inLanguage":"fr-FR","potentialAction":[{"@type":"ReadAction","target":["https:\/\/dezuivelarij.be\/fr\/subventions\/"]}]},{"@type":"ImageObject","inLanguage":"fr-FR","@id":"https:\/\/dezuivelarij.be\/fr\/subventions\/#primaryimage","url":"https:\/\/dezuivelarij.be\/wp-content\/uploads\/2021\/03\/VLIF-e1614923644868.jpg","contentUrl":"https:\/\/dezuivelarij.be\/wp-content\/uploads\/2021\/03\/VLIF-e1614923644868.jpg"},{"@type":"BreadcrumbList","@id":"https:\/\/dezuivelarij.be\/fr\/subventions\/#breadcrumb","itemListElement":[{"@type":"ListItem","position":1,"name":"Home","item":"https:\/\/dezuivelarij.be\/fr\/"},{"@type":"ListItem","position":2,"name":"Subventions"}]},{"@type":"WebSite","@id":"https:\/\/dezuivelarij.be\/fr\/#website","url":"https:\/\/dezuivelarij.be\/fr\/","name":"De Zuivelarij","description":"Kaas met grillen","publisher":{"@id":"https:\/\/dezuivelarij.be\/fr\/#organization"},"potentialAction":[{"@type":"SearchAction","target":{"@type":"EntryPoint","urlTemplate":"https:\/\/dezuivelarij.be\/fr\/?s={search_term_string}"},"query-input":{"@type":"PropertyValueSpecification","valueRequired":true,"valueName":"search_term_string"}}],"inLanguage":"fr-FR"},{"@type":["Organization","Place"],"@id":"https:\/\/dezuivelarij.be\/fr\/#organization","name":"De Zuivelarij","alternateName":"De Zuivelarij BV","url":"https:\/\/dezuivelarij.be\/fr\/","logo":{"@id":"https:\/\/dezuivelarij.be\/fr\/subventions\/#local-main-organization-logo"},"image":{"@id":"https:\/\/dezuivelarij.be\/fr\/subventions\/#local-main-organization-logo"},"sameAs":["https:\/\/www.facebook.com\/DeZuivelarij\/","https:\/\/www.instagram.com\/de.zuivelarij\/","https:\/\/nl.pinterest.com\/dezuivelarij\/","https:\/\/www.youtube.com\/channel\/UCK_6xO0p1H4DXoMoW6fMUSw?view_as=subscriber"],"telephone":[],"openingHoursSpecification":[{"@type":"OpeningHoursSpecification","dayOfWeek":["Monday","Tuesday","Wednesday","Thursday","Friday","Saturday","Sunday"],"opens":"09:00","closes":"17:00"}]},{"@type":"ImageObject","inLanguage":"fr-FR","@id":"https:\/\/dezuivelarij.be\/fr\/subventions\/#local-main-organization-logo","url":"https:\/\/dezuivelarij.be\/wp-content\/uploads\/2024\/11\/cropped-cropped-Zuivelarij-1.jpg","contentUrl":"https:\/\/dezuivelarij.be\/wp-content\/uploads\/2024\/11\/cropped-cropped-Zuivelarij-1.jpg","width":96,"height":96,"caption":"De Zuivelarij"}]}},"jetpack_sharing_enabled":true,"jetpack_likes_enabled":true,"jetpack-related-posts":[{"id":3305,"url":"https:\/\/dezuivelarij.be\/fr\/ferme-de-fromage-de-chevre-t-leenhof\/","url_meta":{"origin":6707,"position":0},"title":"Reinhilde &amp; Marc","author":"De Zuivelarij","date":"octobre 22, 2020","format":false,"excerpt":"Reinhilde & Marc Dans notre laiterie, nous attachons une grande importance \u00e0 une bonne relation avec nos agriculteurs. Vous y rencontrerez Reinhilde et Marc, des agriculteurs locaux travaillant de mani\u00e8re \u00e9cologique. Nous utilisons le lait fourni par les agriculteurs Annick et Koen pour nos produits uniques. De Zuivelarij croit en\u2026","rel":"","context":"Article similaire","block_context":{"text":"Article similaire","link":""},"img":{"alt_text":"","src":"https:\/\/i0.wp.com\/dezuivelarij.be\/wp-content\/uploads\/2020\/10\/leenhof6.jpg?resize=350%2C200&ssl=1","width":350,"height":200},"classes":[]},{"id":2789,"url":"https:\/\/dezuivelarij.be\/fr\/","url_meta":{"origin":6707,"position":1},"title":"De Zuivelarij","author":"De Zuivelarij","date":"novembre 3, 2019","format":false,"excerpt":"Bouch\u00e9es ap\u00e9ritives de notre Zuivelarij Zuivelarij a \u00e9t\u00e9 fond\u00e9 en 2014 par David. Au d\u00e9part, l'intention \u00e9tait de fabriquer des produits laitiers \u00e0 petite \u00e9chelle, en tant que hobby, en utilisant le lait des agriculteurs locaux. Cependant, notre fromage \u00e0 griller, Berloumi, a rapidement connu un grand succ\u00e8s, ce qui\u2026","rel":"","context":"Article similaire","block_context":{"text":"Article similaire","link":""},"img":{"alt_text":"logo De Zuivelarij","src":"https:\/\/i0.wp.com\/dezuivelarij.be\/wp-content\/uploads\/2018\/11\/De-Zuivelarij-logo.jpg?resize=350%2C200&ssl=1","width":350,"height":200,"srcset":"https:\/\/i0.wp.com\/dezuivelarij.be\/wp-content\/uploads\/2018\/11\/De-Zuivelarij-logo.jpg?resize=350%2C200&ssl=1 1x, https:\/\/i0.wp.com\/dezuivelarij.be\/wp-content\/uploads\/2018\/11\/De-Zuivelarij-logo.jpg?resize=525%2C300&ssl=1 1.5x, https:\/\/i0.wp.com\/dezuivelarij.be\/wp-content\/uploads\/2018\/11\/De-Zuivelarij-logo.jpg?resize=700%2C400&ssl=1 2x, https:\/\/i0.wp.com\/dezuivelarij.be\/wp-content\/uploads\/2018\/11\/De-Zuivelarij-logo.jpg?resize=1050%2C600&ssl=1 3x, https:\/\/i0.wp.com\/dezuivelarij.be\/wp-content\/uploads\/2018\/11\/De-Zuivelarij-logo.jpg?resize=1400%2C800&ssl=1 4x"},"classes":[]},{"id":7922,"url":"https:\/\/dezuivelarij.be\/fr\/leen-et-gert\/","url_meta":{"origin":6707,"position":2},"title":"Leen et Gert","author":"De Zuivelarij","date":"mars 23, 2024","format":false,"excerpt":"Nous n'\u00e9levons pas d'animaux nous-m\u00eames, mais nous nous approvisionnons en lait chez des agriculteurs locaux. Pour chacun de nos produits, nous achetons le lait d'un agriculteur diff\u00e9rent. Le lait de brebis de Leen et Gert se pr\u00eate parfaitement \u00e0 la fabrication de notre Labneh. Le lait de brebis est tr\u00e8s\u2026","rel":"","context":"Article similaire","block_context":{"text":"Article similaire","link":""},"img":{"alt_text":"","src":"https:\/\/i0.wp.com\/dezuivelarij.be\/wp-content\/uploads\/2022\/02\/IMG-20220219-WA0000.jpg?resize=350%2C200&ssl=1","width":350,"height":200,"srcset":"https:\/\/i0.wp.com\/dezuivelarij.be\/wp-content\/uploads\/2022\/02\/IMG-20220219-WA0000.jpg?resize=350%2C200&ssl=1 1x, https:\/\/i0.wp.com\/dezuivelarij.be\/wp-content\/uploads\/2022\/02\/IMG-20220219-WA0000.jpg?resize=525%2C300&ssl=1 1.5x"},"classes":[]},{"id":3181,"url":"https:\/\/dezuivelarij.be\/fr\/agriculteurs\/","url_meta":{"origin":6707,"position":3},"title":"Agriculteurs, cha\u00eene courte, production et \u00e9cologie","author":"De Zuivelarij","date":"septembre 7, 2020","format":false,"excerpt":"Produits laitiers issus de la cha\u00eene courte Pour nous, la Cha\u00eene Agricole Courte signifie: Une ferme -> un produit laitier. Par exemple, le lait pour notre Berloumi provient de la ferme de Koen Annick, situ\u00e9e \u00e0 Berlare. Le lait de notre labneh provient quant \u00e0 lui de la bergerie de\u2026","rel":"","context":"Article similaire","block_context":{"text":"Article similaire","link":""},"img":{"alt_text":"","src":"https:\/\/i0.wp.com\/dezuivelarij.be\/wp-content\/uploads\/2024\/08\/K4A6646-kopie_preview_0.jpg?resize=350%2C200&ssl=1","width":350,"height":200,"srcset":"https:\/\/i0.wp.com\/dezuivelarij.be\/wp-content\/uploads\/2024\/08\/K4A6646-kopie_preview_0.jpg?resize=350%2C200&ssl=1 1x, https:\/\/i0.wp.com\/dezuivelarij.be\/wp-content\/uploads\/2024\/08\/K4A6646-kopie_preview_0.jpg?resize=525%2C300&ssl=1 1.5x, https:\/\/i0.wp.com\/dezuivelarij.be\/wp-content\/uploads\/2024\/08\/K4A6646-kopie_preview_0.jpg?resize=700%2C400&ssl=1 2x, https:\/\/i0.wp.com\/dezuivelarij.be\/wp-content\/uploads\/2024\/08\/K4A6646-kopie_preview_0.jpg?resize=1050%2C600&ssl=1 3x, https:\/\/i0.wp.com\/dezuivelarij.be\/wp-content\/uploads\/2024\/08\/K4A6646-kopie_preview_0.jpg?resize=1400%2C800&ssl=1 4x"},"classes":[]},{"id":8423,"url":"https:\/\/dezuivelarij.be\/fr\/berloumibio-2\/","url_meta":{"origin":6707,"position":4},"title":"Bio","author":"De Zuivelarij","date":"d\u00e9cembre 15, 2019","format":false,"excerpt":"Fromage \u00e0 griller biologique Dans notre laiterie, De Zuivelarij, nous transformons le lait local des agriculteurs de Berlare en produits laitiers m\u00e9diterran\u00e9ens. Chaque ferme fournit du lait pour un produit unique, de sorte que chacun de nos fromages est li\u00e9 \u00e0 sa propre ferme. Depuis quelques ann\u00e9es, certains agriculteurs locaux\u2026","rel":"","context":"Article similaire","block_context":{"text":"Article similaire","link":""},"img":{"alt_text":"","src":"https:\/\/i0.wp.com\/dezuivelarij.be\/wp-content\/uploads\/2025\/04\/ZUIVELARIJ_PS_BERLOUMI-BIO-025-Groot.png?resize=350%2C200&ssl=1","width":350,"height":200,"srcset":"https:\/\/i0.wp.com\/dezuivelarij.be\/wp-content\/uploads\/2025\/04\/ZUIVELARIJ_PS_BERLOUMI-BIO-025-Groot.png?resize=350%2C200&ssl=1 1x, https:\/\/i0.wp.com\/dezuivelarij.be\/wp-content\/uploads\/2025\/04\/ZUIVELARIJ_PS_BERLOUMI-BIO-025-Groot.png?resize=525%2C300&ssl=1 1.5x, https:\/\/i0.wp.com\/dezuivelarij.be\/wp-content\/uploads\/2025\/04\/ZUIVELARIJ_PS_BERLOUMI-BIO-025-Groot.png?resize=700%2C400&ssl=1 2x, https:\/\/i0.wp.com\/dezuivelarij.be\/wp-content\/uploads\/2025\/04\/ZUIVELARIJ_PS_BERLOUMI-BIO-025-Groot.png?resize=1050%2C600&ssl=1 3x, https:\/\/i0.wp.com\/dezuivelarij.be\/wp-content\/uploads\/2025\/04\/ZUIVELARIJ_PS_BERLOUMI-BIO-025-Groot.png?resize=1400%2C800&ssl=1 4x"},"classes":[]},{"id":3198,"url":"https:\/\/dezuivelarij.be\/fr\/annick-koen\/","url_meta":{"origin":6707,"position":5},"title":"Annick &amp; Koen","author":"De Zuivelarij","date":"septembre 7, 2020","format":false,"excerpt":"Annick & Koen Nous utilisons le lait fourni par Annick et Koen dans notre Zuivelarij pour le fromage \u00e0 grill\u00e9r Berloumi. De Zuivelarij croit en la cha\u00eene courte. En collaboration avec Koen et Annick, nous assurons un lien tr\u00e8s solide entre l'agriculteur, le produit et le consommateur. Nous ne croyons\u2026","rel":"","context":"Article similaire","block_context":{"text":"Article similaire","link":""},"img":{"alt_text":"","src":"https:\/\/i0.wp.com\/dezuivelarij.be\/wp-content\/uploads\/2024\/09\/Veeteelt-3-1.jpg?resize=350%2C200&ssl=1","width":350,"height":200,"srcset":"https:\/\/i0.wp.com\/dezuivelarij.be\/wp-content\/uploads\/2024\/09\/Veeteelt-3-1.jpg?resize=350%2C200&ssl=1 1x, https:\/\/i0.wp.com\/dezuivelarij.be\/wp-content\/uploads\/2024\/09\/Veeteelt-3-1.jpg?resize=525%2C300&ssl=1 1.5x, https:\/\/i0.wp.com\/dezuivelarij.be\/wp-content\/uploads\/2024\/09\/Veeteelt-3-1.jpg?resize=700%2C400&ssl=1 2x, https:\/\/i0.wp.com\/dezuivelarij.be\/wp-content\/uploads\/2024\/09\/Veeteelt-3-1.jpg?resize=1050%2C600&ssl=1 3x, https:\/\/i0.wp.com\/dezuivelarij.be\/wp-content\/uploads\/2024\/09\/Veeteelt-3-1.jpg?resize=1400%2C800&ssl=1 4x"},"classes":[]}],"_links":{"self":[{"href":"https:\/\/dezuivelarij.be\/fr\/wp-json\/wp\/v2\/pages\/6707","targetHints":{"allow":["GET"]}}],"collection":[{"href":"https:\/\/dezuivelarij.be\/fr\/wp-json\/wp\/v2\/pages"}],"about":[{"href":"https:\/\/dezuivelarij.be\/fr\/wp-json\/wp\/v2\/types\/page"}],"author":[{"embeddable":true,"href":"https:\/\/dezuivelarij.be\/fr\/wp-json\/wp\/v2\/users\/1"}],"replies":[{"embeddable":true,"href":"https:\/\/dezuivelarij.be\/fr\/wp-json\/wp\/v2\/comments?post=6707"}],"version-history":[{"count":2,"href":"https:\/\/dezuivelarij.be\/fr\/wp-json\/wp\/v2\/pages\/6707\/revisions"}],"predecessor-version":[{"id":6713,"href":"https:\/\/dezuivelarij.be\/fr\/wp-json\/wp\/v2\/pages\/6707\/revisions\/6713"}],"wp:attachment":[{"href":"https:\/\/dezuivelarij.be\/fr\/wp-json\/wp\/v2\/media?parent=6707"}],"wp:term":[{"taxonomy":"category","embeddable":true,"href":"https:\/\/dezuivelarij.be\/fr\/wp-json\/wp\/v2\/categories?post=6707"},{"taxonomy":"post_tag","embeddable":true,"href":"https:\/\/dezuivelarij.be\/fr\/wp-json\/wp\/v2\/tags?post=6707"}],"curies":[{"name":"wp","href":"https:\/\/api.w.org\/{rel}","templated":true}]}}