{"id":6641,"date":"2023-01-09T11:34:37","date_gmt":"2023-01-09T10:34:37","guid":{"rendered":"https:\/\/dezuivelarij.be\/photographie\/"},"modified":"2023-01-09T11:51:07","modified_gmt":"2023-01-09T10:51:07","slug":"photographie","status":"publish","type":"page","link":"https:\/\/dezuivelarij.be\/fr\/photographie\/","title":{"rendered":"Photographie"},"content":{"rendered":"\n<h2 class=\"wp-block-heading\" id=\"h-berloumi-gerechten\"><span style=\"color:#b5c200\" class=\"has-inline-color\">Plats de berloumi<\/span><\/h2>\n\n<figure class=\"wp-block-gallery columns-3 is-cropped wp-block-gallery-1 is-layout-flex wp-block-gallery-is-layout-flex\"><ul class=\"blocks-gallery-grid\"><li class=\"blocks-gallery-item\"><figure><img loading=\"lazy\" decoding=\"async\" width=\"683\" height=\"1024\" src=\"https:\/\/dezuivelarij.be\/wp-content\/uploads\/2021\/06\/Berloumi-op-spiesjes-met-Courgette-1-683x1024.jpg\" alt=\"Berloumi, Courgette\" data-id=\"4287\" data-full-url=\"https:\/\/dezuivelarij.be\/wp-content\/uploads\/2021\/06\/Berloumi-op-spiesjes-met-Courgette-1-scaled.jpg\" data-link=\"https:\/\/dezuivelarij.be\/fotografie\/berloumi-op-spiesjes-met-courgette-1\/#main\" class=\"wp-image-4287\" srcset=\"https:\/\/dezuivelarij.be\/wp-content\/uploads\/2021\/06\/Berloumi-op-spiesjes-met-Courgette-1-683x1024.jpg 683w, https:\/\/dezuivelarij.be\/wp-content\/uploads\/2021\/06\/Berloumi-op-spiesjes-met-Courgette-1-scaled-600x900.jpg 600w, https:\/\/dezuivelarij.be\/wp-content\/uploads\/2021\/06\/Berloumi-op-spiesjes-met-Courgette-1-200x300.jpg 200w, https:\/\/dezuivelarij.be\/wp-content\/uploads\/2021\/06\/Berloumi-op-spiesjes-met-Courgette-1-768x1152.jpg 768w, https:\/\/dezuivelarij.be\/wp-content\/uploads\/2021\/06\/Berloumi-op-spiesjes-met-Courgette-1-1024x1536.jpg 1024w, https:\/\/dezuivelarij.be\/wp-content\/uploads\/2021\/06\/Berloumi-op-spiesjes-met-Courgette-1-1365x2048.jpg 1365w, https:\/\/dezuivelarij.be\/wp-content\/uploads\/2021\/06\/Berloumi-op-spiesjes-met-Courgette-1-150x225.jpg 150w, https:\/\/dezuivelarij.be\/wp-content\/uploads\/2021\/06\/Berloumi-op-spiesjes-met-Courgette-1-scaled.jpg 1707w\" sizes=\"auto, (max-width: 683px) 100vw, 683px\" \/><figcaption class=\"blocks-gallery-item__caption\">Berloumi en brochette avec courgette<\/figcaption><\/figure><\/li><li class=\"blocks-gallery-item\"><figure><img loading=\"lazy\" decoding=\"async\" width=\"768\" height=\"1024\" src=\"https:\/\/dezuivelarij.be\/wp-content\/uploads\/2021\/06\/20200306_104140-1-768x1024.jpg\" alt=\"Berloumi, frites de halloumi\" data-id=\"3985\" data-full-url=\"https:\/\/dezuivelarij.be\/wp-content\/uploads\/2021\/06\/20200306_104140-1-scaled.jpg\" data-link=\"https:\/\/dezuivelarij.be\/fotografie\/20200306_104140-1\/#main\" class=\"wp-image-3985\" srcset=\"https:\/\/dezuivelarij.be\/wp-content\/uploads\/2021\/06\/20200306_104140-1-768x1024.jpg 768w, https:\/\/dezuivelarij.be\/wp-content\/uploads\/2021\/06\/20200306_104140-1-scaled-600x800.jpg 600w, https:\/\/dezuivelarij.be\/wp-content\/uploads\/2021\/06\/20200306_104140-1-225x300.jpg 225w, https:\/\/dezuivelarij.be\/wp-content\/uploads\/2021\/06\/20200306_104140-1-1152x1536.jpg 1152w, https:\/\/dezuivelarij.be\/wp-content\/uploads\/2021\/06\/20200306_104140-1-1536x2048.jpg 1536w, https:\/\/dezuivelarij.be\/wp-content\/uploads\/2021\/06\/20200306_104140-1-640x853.jpg 640w, https:\/\/dezuivelarij.be\/wp-content\/uploads\/2021\/06\/20200306_104140-1-150x200.jpg 150w, https:\/\/dezuivelarij.be\/wp-content\/uploads\/2021\/06\/20200306_104140-1-scaled.jpg 1920w\" sizes=\"auto, (max-width: 768px) 100vw, 768px\" \/><figcaption class=\"blocks-gallery-item__caption\">Frites de Berloumi<\/figcaption><\/figure><\/li><li class=\"blocks-gallery-item\"><figure><img loading=\"lazy\" decoding=\"async\" width=\"683\" height=\"1024\" src=\"https:\/\/dezuivelarij.be\/wp-content\/uploads\/2021\/06\/MG_2531-1-683x1024.jpg\" alt=\"Berloumi, des choux de Bruxelles, halloumi\" data-id=\"3968\" data-full-url=\"https:\/\/dezuivelarij.be\/wp-content\/uploads\/2021\/06\/MG_2531-1-scaled.jpg\" data-link=\"https:\/\/dezuivelarij.be\/fotografie\/mg_2531-1\/#main\" class=\"wp-image-3968\" srcset=\"https:\/\/dezuivelarij.be\/wp-content\/uploads\/2021\/06\/MG_2531-1-683x1024.jpg 683w, https:\/\/dezuivelarij.be\/wp-content\/uploads\/2021\/06\/MG_2531-1-scaled-600x900.jpg 600w, https:\/\/dezuivelarij.be\/wp-content\/uploads\/2021\/06\/MG_2531-1-200x300.jpg 200w, https:\/\/dezuivelarij.be\/wp-content\/uploads\/2021\/06\/MG_2531-1-768x1152.jpg 768w, https:\/\/dezuivelarij.be\/wp-content\/uploads\/2021\/06\/MG_2531-1-1024x1536.jpg 1024w, https:\/\/dezuivelarij.be\/wp-content\/uploads\/2021\/06\/MG_2531-1-1365x2048.jpg 1365w, https:\/\/dezuivelarij.be\/wp-content\/uploads\/2021\/06\/MG_2531-1-150x225.jpg 150w, https:\/\/dezuivelarij.be\/wp-content\/uploads\/2021\/06\/MG_2531-1-scaled.jpg 1707w\" sizes=\"auto, (max-width: 683px) 100vw, 683px\" \/><figcaption class=\"blocks-gallery-item__caption\">Berloumi aux choux de Bruxelles<\/figcaption><\/figure><\/li><\/ul><\/figure>\n\n<div class=\"wp-block-file\"><a href=\"https:\/\/dezuivelarij.be\/wp-content\/uploads\/2021\/06\/Berloumi.pdf\">Photographie Berloumi<\/a><a href=\"https:\/\/dezuivelarij.be\/wp-content\/uploads\/2021\/06\/Berloumi.pdf\" class=\"wp-block-file__button\" download=\"\">T\u00e9l\u00e9charger<\/a><\/div>\n","protected":false},"excerpt":{"rendered":"<p>Plats de berloumi<\/p>\n","protected":false},"author":1,"featured_media":0,"parent":0,"menu_order":0,"comment_status":"closed","ping_status":"closed","template":"","meta":{"jetpack_post_was_ever_published":false,"footnotes":"","_wp_rev_ctl_limit":""},"categories":[],"tags":[],"class_list":["post-6641","page","type-page","status-publish","hentry"],"yoast_head":"<!-- This site is optimized with the Yoast SEO Premium plugin v27.3 (Yoast SEO v27.3) - https:\/\/yoast.com\/product\/yoast-seo-premium-wordpress\/ -->\n<title>Photographie - De Zuivelarij<\/title>\n<meta name=\"robots\" content=\"index, follow, max-snippet:-1, max-image-preview:large, max-video-preview:-1\" \/>\n<link rel=\"canonical\" href=\"https:\/\/dezuivelarij.be\/fr\/photographie\/\" \/>\n<meta property=\"og:locale\" content=\"fr_FR\" \/>\n<meta property=\"og:type\" content=\"article\" \/>\n<meta property=\"og:title\" content=\"Photographie\" \/>\n<meta property=\"og:description\" content=\"Plats de berloumi\" \/>\n<meta property=\"og:url\" content=\"https:\/\/dezuivelarij.be\/fr\/photographie\/\" \/>\n<meta property=\"og:site_name\" content=\"De Zuivelarij\" \/>\n<meta property=\"article:publisher\" content=\"https:\/\/www.facebook.com\/DeZuivelarij\/\" \/>\n<meta property=\"article:modified_time\" content=\"2023-01-09T10:51:07+00:00\" \/>\n<meta property=\"og:image\" content=\"https:\/\/dezuivelarij.be\/wp-content\/uploads\/2021\/06\/Berloumi-op-spiesjes-met-Courgette-1-683x1024.jpg\" \/>\n<meta name=\"twitter:card\" content=\"summary_large_image\" \/>\n<script type=\"application\/ld+json\" class=\"yoast-schema-graph\">{\"@context\":\"https:\\\/\\\/schema.org\",\"@graph\":[{\"@type\":\"WebPage\",\"@id\":\"https:\\\/\\\/dezuivelarij.be\\\/fr\\\/photographie\\\/\",\"url\":\"https:\\\/\\\/dezuivelarij.be\\\/fr\\\/photographie\\\/\",\"name\":\"Photographie - De Zuivelarij\",\"isPartOf\":{\"@id\":\"https:\\\/\\\/dezuivelarij.be\\\/fr\\\/#website\"},\"primaryImageOfPage\":{\"@id\":\"https:\\\/\\\/dezuivelarij.be\\\/fr\\\/photographie\\\/#primaryimage\"},\"image\":{\"@id\":\"https:\\\/\\\/dezuivelarij.be\\\/fr\\\/photographie\\\/#primaryimage\"},\"thumbnailUrl\":\"https:\\\/\\\/dezuivelarij.be\\\/wp-content\\\/uploads\\\/2021\\\/06\\\/Berloumi-op-spiesjes-met-Courgette-1-683x1024.jpg\",\"datePublished\":\"2023-01-09T10:34:37+00:00\",\"dateModified\":\"2023-01-09T10:51:07+00:00\",\"breadcrumb\":{\"@id\":\"https:\\\/\\\/dezuivelarij.be\\\/fr\\\/photographie\\\/#breadcrumb\"},\"inLanguage\":\"fr-FR\",\"potentialAction\":[{\"@type\":\"ReadAction\",\"target\":[\"https:\\\/\\\/dezuivelarij.be\\\/fr\\\/photographie\\\/\"]}]},{\"@type\":\"ImageObject\",\"inLanguage\":\"fr-FR\",\"@id\":\"https:\\\/\\\/dezuivelarij.be\\\/fr\\\/photographie\\\/#primaryimage\",\"url\":\"https:\\\/\\\/dezuivelarij.be\\\/wp-content\\\/uploads\\\/2021\\\/06\\\/Berloumi-op-spiesjes-met-Courgette-1-683x1024.jpg\",\"contentUrl\":\"https:\\\/\\\/dezuivelarij.be\\\/wp-content\\\/uploads\\\/2021\\\/06\\\/Berloumi-op-spiesjes-met-Courgette-1-683x1024.jpg\"},{\"@type\":\"BreadcrumbList\",\"@id\":\"https:\\\/\\\/dezuivelarij.be\\\/fr\\\/photographie\\\/#breadcrumb\",\"itemListElement\":[{\"@type\":\"ListItem\",\"position\":1,\"name\":\"Home\",\"item\":\"https:\\\/\\\/dezuivelarij.be\\\/fr\\\/\"},{\"@type\":\"ListItem\",\"position\":2,\"name\":\"Photographie\"}]},{\"@type\":\"WebSite\",\"@id\":\"https:\\\/\\\/dezuivelarij.be\\\/fr\\\/#website\",\"url\":\"https:\\\/\\\/dezuivelarij.be\\\/fr\\\/\",\"name\":\"De Zuivelarij\",\"description\":\"Kaas met grillen\",\"publisher\":{\"@id\":\"https:\\\/\\\/dezuivelarij.be\\\/fr\\\/#organization\"},\"potentialAction\":[{\"@type\":\"SearchAction\",\"target\":{\"@type\":\"EntryPoint\",\"urlTemplate\":\"https:\\\/\\\/dezuivelarij.be\\\/fr\\\/?s={search_term_string}\"},\"query-input\":{\"@type\":\"PropertyValueSpecification\",\"valueRequired\":true,\"valueName\":\"search_term_string\"}}],\"inLanguage\":\"fr-FR\"},{\"@type\":[\"Organization\",\"Place\"],\"@id\":\"https:\\\/\\\/dezuivelarij.be\\\/fr\\\/#organization\",\"name\":\"De Zuivelarij\",\"alternateName\":\"De Zuivelarij BV\",\"url\":\"https:\\\/\\\/dezuivelarij.be\\\/fr\\\/\",\"logo\":{\"@id\":\"https:\\\/\\\/dezuivelarij.be\\\/fr\\\/photographie\\\/#local-main-organization-logo\"},\"image\":{\"@id\":\"https:\\\/\\\/dezuivelarij.be\\\/fr\\\/photographie\\\/#local-main-organization-logo\"},\"sameAs\":[\"https:\\\/\\\/www.facebook.com\\\/DeZuivelarij\\\/\",\"https:\\\/\\\/www.instagram.com\\\/de.zuivelarij\\\/\",\"https:\\\/\\\/nl.pinterest.com\\\/dezuivelarij\\\/\",\"https:\\\/\\\/www.youtube.com\\\/channel\\\/UCK_6xO0p1H4DXoMoW6fMUSw?view_as=subscriber\"],\"telephone\":[],\"openingHoursSpecification\":[{\"@type\":\"OpeningHoursSpecification\",\"dayOfWeek\":[\"Monday\",\"Tuesday\",\"Wednesday\",\"Thursday\",\"Friday\",\"Saturday\",\"Sunday\"],\"opens\":\"09:00\",\"closes\":\"17:00\"}]},{\"@type\":\"ImageObject\",\"inLanguage\":\"fr-FR\",\"@id\":\"https:\\\/\\\/dezuivelarij.be\\\/fr\\\/photographie\\\/#local-main-organization-logo\",\"url\":\"https:\\\/\\\/dezuivelarij.be\\\/wp-content\\\/uploads\\\/2024\\\/11\\\/cropped-cropped-Zuivelarij-1.jpg\",\"contentUrl\":\"https:\\\/\\\/dezuivelarij.be\\\/wp-content\\\/uploads\\\/2024\\\/11\\\/cropped-cropped-Zuivelarij-1.jpg\",\"width\":96,\"height\":96,\"caption\":\"De Zuivelarij\"}]}<\/script>\n<!-- \/ Yoast SEO Premium plugin. -->","yoast_head_json":{"title":"Photographie - De Zuivelarij","robots":{"index":"index","follow":"follow","max-snippet":"max-snippet:-1","max-image-preview":"max-image-preview:large","max-video-preview":"max-video-preview:-1"},"canonical":"https:\/\/dezuivelarij.be\/fr\/photographie\/","og_locale":"fr_FR","og_type":"article","og_title":"Photographie","og_description":"Plats de berloumi","og_url":"https:\/\/dezuivelarij.be\/fr\/photographie\/","og_site_name":"De Zuivelarij","article_publisher":"https:\/\/www.facebook.com\/DeZuivelarij\/","article_modified_time":"2023-01-09T10:51:07+00:00","og_image":[{"url":"https:\/\/dezuivelarij.be\/wp-content\/uploads\/2021\/06\/Berloumi-op-spiesjes-met-Courgette-1-683x1024.jpg","type":"","width":"","height":""}],"twitter_card":"summary_large_image","schema":{"@context":"https:\/\/schema.org","@graph":[{"@type":"WebPage","@id":"https:\/\/dezuivelarij.be\/fr\/photographie\/","url":"https:\/\/dezuivelarij.be\/fr\/photographie\/","name":"Photographie - De Zuivelarij","isPartOf":{"@id":"https:\/\/dezuivelarij.be\/fr\/#website"},"primaryImageOfPage":{"@id":"https:\/\/dezuivelarij.be\/fr\/photographie\/#primaryimage"},"image":{"@id":"https:\/\/dezuivelarij.be\/fr\/photographie\/#primaryimage"},"thumbnailUrl":"https:\/\/dezuivelarij.be\/wp-content\/uploads\/2021\/06\/Berloumi-op-spiesjes-met-Courgette-1-683x1024.jpg","datePublished":"2023-01-09T10:34:37+00:00","dateModified":"2023-01-09T10:51:07+00:00","breadcrumb":{"@id":"https:\/\/dezuivelarij.be\/fr\/photographie\/#breadcrumb"},"inLanguage":"fr-FR","potentialAction":[{"@type":"ReadAction","target":["https:\/\/dezuivelarij.be\/fr\/photographie\/"]}]},{"@type":"ImageObject","inLanguage":"fr-FR","@id":"https:\/\/dezuivelarij.be\/fr\/photographie\/#primaryimage","url":"https:\/\/dezuivelarij.be\/wp-content\/uploads\/2021\/06\/Berloumi-op-spiesjes-met-Courgette-1-683x1024.jpg","contentUrl":"https:\/\/dezuivelarij.be\/wp-content\/uploads\/2021\/06\/Berloumi-op-spiesjes-met-Courgette-1-683x1024.jpg"},{"@type":"BreadcrumbList","@id":"https:\/\/dezuivelarij.be\/fr\/photographie\/#breadcrumb","itemListElement":[{"@type":"ListItem","position":1,"name":"Home","item":"https:\/\/dezuivelarij.be\/fr\/"},{"@type":"ListItem","position":2,"name":"Photographie"}]},{"@type":"WebSite","@id":"https:\/\/dezuivelarij.be\/fr\/#website","url":"https:\/\/dezuivelarij.be\/fr\/","name":"De Zuivelarij","description":"Kaas met grillen","publisher":{"@id":"https:\/\/dezuivelarij.be\/fr\/#organization"},"potentialAction":[{"@type":"SearchAction","target":{"@type":"EntryPoint","urlTemplate":"https:\/\/dezuivelarij.be\/fr\/?s={search_term_string}"},"query-input":{"@type":"PropertyValueSpecification","valueRequired":true,"valueName":"search_term_string"}}],"inLanguage":"fr-FR"},{"@type":["Organization","Place"],"@id":"https:\/\/dezuivelarij.be\/fr\/#organization","name":"De Zuivelarij","alternateName":"De Zuivelarij BV","url":"https:\/\/dezuivelarij.be\/fr\/","logo":{"@id":"https:\/\/dezuivelarij.be\/fr\/photographie\/#local-main-organization-logo"},"image":{"@id":"https:\/\/dezuivelarij.be\/fr\/photographie\/#local-main-organization-logo"},"sameAs":["https:\/\/www.facebook.com\/DeZuivelarij\/","https:\/\/www.instagram.com\/de.zuivelarij\/","https:\/\/nl.pinterest.com\/dezuivelarij\/","https:\/\/www.youtube.com\/channel\/UCK_6xO0p1H4DXoMoW6fMUSw?view_as=subscriber"],"telephone":[],"openingHoursSpecification":[{"@type":"OpeningHoursSpecification","dayOfWeek":["Monday","Tuesday","Wednesday","Thursday","Friday","Saturday","Sunday"],"opens":"09:00","closes":"17:00"}]},{"@type":"ImageObject","inLanguage":"fr-FR","@id":"https:\/\/dezuivelarij.be\/fr\/photographie\/#local-main-organization-logo","url":"https:\/\/dezuivelarij.be\/wp-content\/uploads\/2024\/11\/cropped-cropped-Zuivelarij-1.jpg","contentUrl":"https:\/\/dezuivelarij.be\/wp-content\/uploads\/2024\/11\/cropped-cropped-Zuivelarij-1.jpg","width":96,"height":96,"caption":"De Zuivelarij"}]}},"jetpack_sharing_enabled":true,"jetpack_likes_enabled":true,"jetpack-related-posts":[{"id":15424,"url":"https:\/\/dezuivelarij.be\/fr\/brochette-berloumi\/","url_meta":{"origin":6641,"position":0},"title":"Brochette de berloumi \u00e0 l\u2019ananas, coulis de paprika et pain plat","author":"De Zuivelarij","date":"septembre 27, 2022","format":false,"excerpt":"Honn\u00eatement, il faut l\u2019admettre. Nous ne sommes pas nous-m\u00eames un grand fan de cette brochette Berloumi. C\u2019est savoureux et \u00e7a a l\u2019air super. Mais ce n\u2019est pas pratique. Si vous faites un barbecue pour beaucoup de gens, les grillades Berloumi sur le barbecue seront plus faciles sans la brochette. Avez-vous\u2026","rel":"","context":"Article similaire","block_context":{"text":"Article similaire","link":""},"img":{"alt_text":"halloumi, barbecue","src":"https:\/\/i0.wp.com\/berloumi.be\/wp-content\/uploads\/2016\/04\/DSC_0246-1140x760.jpg?resize=350%2C200&ssl=1","width":350,"height":200,"srcset":"https:\/\/i0.wp.com\/berloumi.be\/wp-content\/uploads\/2016\/04\/DSC_0246-1140x760.jpg?resize=350%2C200&ssl=1 1x, https:\/\/i0.wp.com\/berloumi.be\/wp-content\/uploads\/2016\/04\/DSC_0246-1140x760.jpg?resize=525%2C300&ssl=1 1.5x, https:\/\/i0.wp.com\/berloumi.be\/wp-content\/uploads\/2016\/04\/DSC_0246-1140x760.jpg?resize=700%2C400&ssl=1 2x, https:\/\/i0.wp.com\/berloumi.be\/wp-content\/uploads\/2016\/04\/DSC_0246-1140x760.jpg?resize=1050%2C600&ssl=1 3x"},"classes":[]},{"id":17359,"url":"https:\/\/dezuivelarij.be\/fr\/berloumi-bacon-bites-2\/","url_meta":{"origin":6641,"position":1},"title":"Berloumi Bacon Bites","author":"De Zuivelarij","date":"juillet 1, 2024","format":false,"excerpt":"Il fut un temps o\u00f9 nous voulions lancer ces bouch\u00e9es au bacon et au berloumi en tant que nouveau produit, et le succ\u00e8s \u00e9tait au rendez-vous. Mais pour un certain nombre de raisons, nous avons d\u00fb renoncer \u00e0 ce projet. Nous sommes soudainement devenus une entreprise de transformation de la\u2026","rel":"","context":"Article similaire","block_context":{"text":"Article similaire","link":""},"img":{"alt_text":"Bouch\u00e9es de berloumi au bacon, berloumi au bacon,","src":"https:\/\/i0.wp.com\/dezuivelarij.be\/wp-content\/uploads\/2025\/11\/Berloumi-Bacon-Bites-couscous-3.jpg?resize=350%2C200&ssl=1","width":350,"height":200,"srcset":"https:\/\/i0.wp.com\/dezuivelarij.be\/wp-content\/uploads\/2025\/11\/Berloumi-Bacon-Bites-couscous-3.jpg?resize=350%2C200&ssl=1 1x, https:\/\/i0.wp.com\/dezuivelarij.be\/wp-content\/uploads\/2025\/11\/Berloumi-Bacon-Bites-couscous-3.jpg?resize=525%2C300&ssl=1 1.5x, https:\/\/i0.wp.com\/dezuivelarij.be\/wp-content\/uploads\/2025\/11\/Berloumi-Bacon-Bites-couscous-3.jpg?resize=700%2C400&ssl=1 2x, https:\/\/i0.wp.com\/dezuivelarij.be\/wp-content\/uploads\/2025\/11\/Berloumi-Bacon-Bites-couscous-3.jpg?resize=1050%2C600&ssl=1 3x, https:\/\/i0.wp.com\/dezuivelarij.be\/wp-content\/uploads\/2025\/11\/Berloumi-Bacon-Bites-couscous-3.jpg?resize=1400%2C800&ssl=1 4x"},"classes":[]},{"id":15991,"url":"https:\/\/dezuivelarij.be\/berloumi-courgette-bites\/","url_meta":{"origin":6641,"position":2},"title":"Berloumi Courgette Bites","author":"De Zuivelarij","date":"janvier 7, 2023","format":false,"excerpt":"Berloumi Courgette Bites De courgette Berloumi rolletjes zijn de vegetarische variant van onze Berloumi Bacon Bites. Als je ze maakt zoals het moet, dus niet zomaar een beetje courgette rond een stuk Berloumi draaien, dan zijn ze (bijna) even lekker als die met spek. Kies voor deze gelegenheid voor een\u2026","rel":"","context":"Article similaire","block_context":{"text":"Article similaire","link":""},"img":{"alt_text":"","src":"https:\/\/i0.wp.com\/berloumi.be\/wp-content\/uploads\/2023\/01\/courgette-bites-op-de-pan-1140x456.jpg?resize=350%2C200&ssl=1","width":350,"height":200,"srcset":"https:\/\/i0.wp.com\/berloumi.be\/wp-content\/uploads\/2023\/01\/courgette-bites-op-de-pan-1140x456.jpg?resize=350%2C200&ssl=1 1x, https:\/\/i0.wp.com\/berloumi.be\/wp-content\/uploads\/2023\/01\/courgette-bites-op-de-pan-1140x456.jpg?resize=525%2C300&ssl=1 1.5x, https:\/\/i0.wp.com\/berloumi.be\/wp-content\/uploads\/2023\/01\/courgette-bites-op-de-pan-1140x456.jpg?resize=700%2C400&ssl=1 2x, https:\/\/i0.wp.com\/berloumi.be\/wp-content\/uploads\/2023\/01\/courgette-bites-op-de-pan-1140x456.jpg?resize=1050%2C600&ssl=1 3x"},"classes":[]},{"id":8458,"url":"https:\/\/dezuivelarij.be\/fr\/berloumi-recepten\/","url_meta":{"origin":6641,"position":3},"title":"Recettes avec Berloumi","author":"De Zuivelarij","date":"janvier 5, 2020","format":false,"excerpt":"Recettes aux Berloumi | Recettes avec fromage \u00e0 griller Berloumi est un fromage \u00e0 po\u00ealer et \u00e0 griller. Nos recettes peuvent servir d'ap\u00e9ritif, de d\u00e9jeuner rapide, de barbecue ou de repas complet. Ne vous compliquez pas la vie. Nous aimons rendre nos recettes de Berloumi v\u00e9g\u00e9tariennes,ou avec beaucoup de l\u00e9gumes\u2026","rel":"","context":"Article similaire","block_context":{"text":"Article similaire","link":""},"img":{"alt_text":"","src":"https:\/\/i0.wp.com\/dezuivelarij.be\/wp-content\/uploads\/2021\/06\/Pasta-Primavera.jpg?resize=350%2C200&ssl=1","width":350,"height":200,"srcset":"https:\/\/i0.wp.com\/dezuivelarij.be\/wp-content\/uploads\/2021\/06\/Pasta-Primavera.jpg?resize=350%2C200&ssl=1 1x, https:\/\/i0.wp.com\/dezuivelarij.be\/wp-content\/uploads\/2021\/06\/Pasta-Primavera.jpg?resize=525%2C300&ssl=1 1.5x, https:\/\/i0.wp.com\/dezuivelarij.be\/wp-content\/uploads\/2021\/06\/Pasta-Primavera.jpg?resize=700%2C400&ssl=1 2x, https:\/\/i0.wp.com\/dezuivelarij.be\/wp-content\/uploads\/2021\/06\/Pasta-Primavera.jpg?resize=1050%2C600&ssl=1 3x, https:\/\/i0.wp.com\/dezuivelarij.be\/wp-content\/uploads\/2021\/06\/Pasta-Primavera.jpg?resize=1400%2C800&ssl=1 4x"},"classes":[]},{"id":1196,"url":"https:\/\/dezuivelarij.be\/berloumi-brochette\/","url_meta":{"origin":6641,"position":4},"title":"Berloumi brochette met ananas en paprika","author":"De Zuivelarij","date":"avril 4, 2016","format":false,"excerpt":"Eerlijk toegegeven. We zijn zelf niet zo een geweldige fan van deze Berloumi brochette. Waarom wil iedereen altijd alles op een stokje steken. Lekker is het wel en het ziet er geweldig mooi uit. Maar praktisch is het niet. Als je voor heel wat personen een barbecue doet gaat Berloumi\u2026","rel":"","context":"Article similaire","block_context":{"text":"Article similaire","link":""},"img":{"alt_text":"","src":"https:\/\/i0.wp.com\/dezuivelarij.be\/wp-content\/uploads\/2025\/08\/Berloumi-barbecue-ananas.jpg?resize=350%2C200&ssl=1","width":350,"height":200,"srcset":"https:\/\/i0.wp.com\/dezuivelarij.be\/wp-content\/uploads\/2025\/08\/Berloumi-barbecue-ananas.jpg?resize=350%2C200&ssl=1 1x, https:\/\/i0.wp.com\/dezuivelarij.be\/wp-content\/uploads\/2025\/08\/Berloumi-barbecue-ananas.jpg?resize=525%2C300&ssl=1 1.5x, https:\/\/i0.wp.com\/dezuivelarij.be\/wp-content\/uploads\/2025\/08\/Berloumi-barbecue-ananas.jpg?resize=700%2C400&ssl=1 2x, https:\/\/i0.wp.com\/dezuivelarij.be\/wp-content\/uploads\/2025\/08\/Berloumi-barbecue-ananas.jpg?resize=1050%2C600&ssl=1 3x, https:\/\/i0.wp.com\/dezuivelarij.be\/wp-content\/uploads\/2025\/08\/Berloumi-barbecue-ananas.jpg?resize=1400%2C800&ssl=1 4x"},"classes":[]},{"id":17363,"url":"https:\/\/dezuivelarij.be\/fr\/rouleaux-de-courgettes-au-berloumi\/","url_meta":{"origin":6641,"position":5},"title":"Berloumi Courgette Bites","author":"De Zuivelarij","date":"juillet 1, 2024","format":false,"excerpt":"Berloumi Courgette Bites Les rouleaux de courgette au Berloumi sont la version v\u00e9g\u00e9tarienne de nos Berloumi Bacon Bites. Si vous les pr\u00e9parez comme il faut, c'est-\u00e0-dire en ne vous contentant pas d'enrouler un peu de courgette autour d'un morceau de Berloumi, elles sont (presque) aussi savoureuses que celles au bacon.\u2026","rel":"","context":"Article similaire","block_context":{"text":"Article similaire","link":""},"img":{"alt_text":"","src":"https:\/\/i0.wp.com\/berloumi.be\/wp-content\/uploads\/2023\/01\/courgette-bites-op-de-pan-1140x456.jpg?resize=350%2C200&ssl=1","width":350,"height":200,"srcset":"https:\/\/i0.wp.com\/berloumi.be\/wp-content\/uploads\/2023\/01\/courgette-bites-op-de-pan-1140x456.jpg?resize=350%2C200&ssl=1 1x, https:\/\/i0.wp.com\/berloumi.be\/wp-content\/uploads\/2023\/01\/courgette-bites-op-de-pan-1140x456.jpg?resize=525%2C300&ssl=1 1.5x, https:\/\/i0.wp.com\/berloumi.be\/wp-content\/uploads\/2023\/01\/courgette-bites-op-de-pan-1140x456.jpg?resize=700%2C400&ssl=1 2x, https:\/\/i0.wp.com\/berloumi.be\/wp-content\/uploads\/2023\/01\/courgette-bites-op-de-pan-1140x456.jpg?resize=1050%2C600&ssl=1 3x"},"classes":[]}],"_links":{"self":[{"href":"https:\/\/dezuivelarij.be\/fr\/wp-json\/wp\/v2\/pages\/6641","targetHints":{"allow":["GET"]}}],"collection":[{"href":"https:\/\/dezuivelarij.be\/fr\/wp-json\/wp\/v2\/pages"}],"about":[{"href":"https:\/\/dezuivelarij.be\/fr\/wp-json\/wp\/v2\/types\/page"}],"author":[{"embeddable":true,"href":"https:\/\/dezuivelarij.be\/fr\/wp-json\/wp\/v2\/users\/1"}],"replies":[{"embeddable":true,"href":"https:\/\/dezuivelarij.be\/fr\/wp-json\/wp\/v2\/comments?post=6641"}],"version-history":[{"count":5,"href":"https:\/\/dezuivelarij.be\/fr\/wp-json\/wp\/v2\/pages\/6641\/revisions"}],"predecessor-version":[{"id":6666,"href":"https:\/\/dezuivelarij.be\/fr\/wp-json\/wp\/v2\/pages\/6641\/revisions\/6666"}],"wp:attachment":[{"href":"https:\/\/dezuivelarij.be\/fr\/wp-json\/wp\/v2\/media?parent=6641"}],"wp:term":[{"taxonomy":"category","embeddable":true,"href":"https:\/\/dezuivelarij.be\/fr\/wp-json\/wp\/v2\/categories?post=6641"},{"taxonomy":"post_tag","embeddable":true,"href":"https:\/\/dezuivelarij.be\/fr\/wp-json\/wp\/v2\/tags?post=6641"}],"curies":[{"name":"wp","href":"https:\/\/api.w.org\/{rel}","templated":true}]}}