{"id":5937,"date":"2022-09-27T13:52:17","date_gmt":"2022-09-27T12:52:17","guid":{"rendered":"https:\/\/dezuivelarij.be\/evenements-emergents\/"},"modified":"2022-09-27T13:52:18","modified_gmt":"2022-09-27T12:52:18","slug":"evenements-emergents","status":"publish","type":"page","link":"https:\/\/dezuivelarij.be\/fr\/evenements-emergents\/","title":{"rendered":"\u00c9v\u00e9nements \u00e0 venir"},"content":{"rendered":"\n<div style=\"height:70px\" aria-hidden=\"true\" class=\"wp-block-spacer\"><\/div>\n\n<div class=\"wp-block-columns is-layout-flex wp-container-core-columns-is-layout-9d6595d7 wp-block-columns-is-layout-flex\">\n<div class=\"wp-block-column is-layout-flow wp-block-column-is-layout-flow\">\n<div class=\"wp-block-buttons is-layout-flex wp-block-buttons-is-layout-flex\">\n<div class=\"wp-block-button aligncenter has-custom-font-size is-style-outline has-small-font-size is-style-outline--1\"><a class=\"wp-block-button__link has-black-color has-white-background-color has-text-color has-background\" href=\"https:\/\/dezuivelarij.be\/soiree-mezze\/?lang=fr\">Soir\u00e9e Mezze<\/a><\/div>\n<\/div>\n<\/div>\n\n\n\n<div class=\"wp-block-column is-layout-flow wp-block-column-is-layout-flow\"><\/div>\n\n\n\n<div class=\"wp-block-column is-layout-flow wp-block-column-is-layout-flow\"><\/div>\n<\/div>\n\n<div style=\"height:90px\" aria-hidden=\"true\" class=\"wp-block-spacer\"><\/div>\n\n<p class=\"has-text-align-center\">Partagez cette page si vous aimez !<\/p>\n\n<div style=\"height:60px\" aria-hidden=\"true\" class=\"wp-block-spacer\"><\/div>\n","protected":false},"excerpt":{"rendered":"<p>Partagez cette page si vous aimez !<\/p>\n","protected":false},"author":1,"featured_media":0,"parent":0,"menu_order":0,"comment_status":"closed","ping_status":"closed","template":"","meta":{"jetpack_post_was_ever_published":false,"footnotes":"","_wp_rev_ctl_limit":""},"categories":[],"tags":[],"class_list":["post-5937","page","type-page","status-publish","hentry"],"yoast_head":"<!-- This site is optimized with the Yoast SEO Premium plugin v27.3 (Yoast SEO v27.3) - https:\/\/yoast.com\/product\/yoast-seo-premium-wordpress\/ -->\n<title>\u00c9v\u00e9nements \u00e0 venir - De Zuivelarij<\/title>\n<meta name=\"robots\" content=\"index, follow, max-snippet:-1, max-image-preview:large, max-video-preview:-1\" \/>\n<link rel=\"canonical\" href=\"https:\/\/dezuivelarij.be\/fr\/evenements-emergents\/\" \/>\n<meta property=\"og:locale\" content=\"fr_FR\" \/>\n<meta property=\"og:type\" content=\"article\" \/>\n<meta property=\"og:title\" content=\"\u00c9v\u00e9nements \u00e0 venir\" \/>\n<meta property=\"og:description\" content=\"Partagez cette page si vous aimez !\" \/>\n<meta property=\"og:url\" content=\"https:\/\/dezuivelarij.be\/fr\/evenements-emergents\/\" \/>\n<meta property=\"og:site_name\" content=\"De Zuivelarij\" \/>\n<meta property=\"article:publisher\" content=\"https:\/\/www.facebook.com\/DeZuivelarij\/\" \/>\n<meta property=\"article:modified_time\" content=\"2022-09-27T12:52:18+00:00\" \/>\n<meta name=\"twitter:card\" content=\"summary_large_image\" \/>\n<script type=\"application\/ld+json\" class=\"yoast-schema-graph\">{\"@context\":\"https:\\\/\\\/schema.org\",\"@graph\":[{\"@type\":\"WebPage\",\"@id\":\"https:\\\/\\\/dezuivelarij.be\\\/fr\\\/evenements-emergents\\\/\",\"url\":\"https:\\\/\\\/dezuivelarij.be\\\/fr\\\/evenements-emergents\\\/\",\"name\":\"\u00c9v\u00e9nements \u00e0 venir - De Zuivelarij\",\"isPartOf\":{\"@id\":\"https:\\\/\\\/dezuivelarij.be\\\/fr\\\/#website\"},\"datePublished\":\"2022-09-27T12:52:17+00:00\",\"dateModified\":\"2022-09-27T12:52:18+00:00\",\"breadcrumb\":{\"@id\":\"https:\\\/\\\/dezuivelarij.be\\\/fr\\\/evenements-emergents\\\/#breadcrumb\"},\"inLanguage\":\"fr-FR\",\"potentialAction\":[{\"@type\":\"ReadAction\",\"target\":[\"https:\\\/\\\/dezuivelarij.be\\\/fr\\\/evenements-emergents\\\/\"]}]},{\"@type\":\"BreadcrumbList\",\"@id\":\"https:\\\/\\\/dezuivelarij.be\\\/fr\\\/evenements-emergents\\\/#breadcrumb\",\"itemListElement\":[{\"@type\":\"ListItem\",\"position\":1,\"name\":\"Home\",\"item\":\"https:\\\/\\\/dezuivelarij.be\\\/fr\\\/\"},{\"@type\":\"ListItem\",\"position\":2,\"name\":\"\u00c9v\u00e9nements \u00e0 venir\"}]},{\"@type\":\"WebSite\",\"@id\":\"https:\\\/\\\/dezuivelarij.be\\\/fr\\\/#website\",\"url\":\"https:\\\/\\\/dezuivelarij.be\\\/fr\\\/\",\"name\":\"De Zuivelarij\",\"description\":\"Kaas met grillen\",\"publisher\":{\"@id\":\"https:\\\/\\\/dezuivelarij.be\\\/fr\\\/#organization\"},\"potentialAction\":[{\"@type\":\"SearchAction\",\"target\":{\"@type\":\"EntryPoint\",\"urlTemplate\":\"https:\\\/\\\/dezuivelarij.be\\\/fr\\\/?s={search_term_string}\"},\"query-input\":{\"@type\":\"PropertyValueSpecification\",\"valueRequired\":true,\"valueName\":\"search_term_string\"}}],\"inLanguage\":\"fr-FR\"},{\"@type\":[\"Organization\",\"Place\"],\"@id\":\"https:\\\/\\\/dezuivelarij.be\\\/fr\\\/#organization\",\"name\":\"De Zuivelarij\",\"alternateName\":\"De Zuivelarij BV\",\"url\":\"https:\\\/\\\/dezuivelarij.be\\\/fr\\\/\",\"logo\":{\"@id\":\"https:\\\/\\\/dezuivelarij.be\\\/fr\\\/evenements-emergents\\\/#local-main-organization-logo\"},\"image\":{\"@id\":\"https:\\\/\\\/dezuivelarij.be\\\/fr\\\/evenements-emergents\\\/#local-main-organization-logo\"},\"sameAs\":[\"https:\\\/\\\/www.facebook.com\\\/DeZuivelarij\\\/\",\"https:\\\/\\\/www.instagram.com\\\/de.zuivelarij\\\/\",\"https:\\\/\\\/nl.pinterest.com\\\/dezuivelarij\\\/\",\"https:\\\/\\\/www.youtube.com\\\/channel\\\/UCK_6xO0p1H4DXoMoW6fMUSw?view_as=subscriber\"],\"telephone\":[],\"openingHoursSpecification\":[{\"@type\":\"OpeningHoursSpecification\",\"dayOfWeek\":[\"Monday\",\"Tuesday\",\"Wednesday\",\"Thursday\",\"Friday\",\"Saturday\",\"Sunday\"],\"opens\":\"09:00\",\"closes\":\"17:00\"}]},{\"@type\":\"ImageObject\",\"inLanguage\":\"fr-FR\",\"@id\":\"https:\\\/\\\/dezuivelarij.be\\\/fr\\\/evenements-emergents\\\/#local-main-organization-logo\",\"url\":\"https:\\\/\\\/dezuivelarij.be\\\/wp-content\\\/uploads\\\/2024\\\/11\\\/cropped-cropped-Zuivelarij-1.jpg\",\"contentUrl\":\"https:\\\/\\\/dezuivelarij.be\\\/wp-content\\\/uploads\\\/2024\\\/11\\\/cropped-cropped-Zuivelarij-1.jpg\",\"width\":96,\"height\":96,\"caption\":\"De Zuivelarij\"}]}<\/script>\n<!-- \/ Yoast SEO Premium plugin. -->","yoast_head_json":{"title":"\u00c9v\u00e9nements \u00e0 venir - De Zuivelarij","robots":{"index":"index","follow":"follow","max-snippet":"max-snippet:-1","max-image-preview":"max-image-preview:large","max-video-preview":"max-video-preview:-1"},"canonical":"https:\/\/dezuivelarij.be\/fr\/evenements-emergents\/","og_locale":"fr_FR","og_type":"article","og_title":"\u00c9v\u00e9nements \u00e0 venir","og_description":"Partagez cette page si vous aimez !","og_url":"https:\/\/dezuivelarij.be\/fr\/evenements-emergents\/","og_site_name":"De Zuivelarij","article_publisher":"https:\/\/www.facebook.com\/DeZuivelarij\/","article_modified_time":"2022-09-27T12:52:18+00:00","twitter_card":"summary_large_image","schema":{"@context":"https:\/\/schema.org","@graph":[{"@type":"WebPage","@id":"https:\/\/dezuivelarij.be\/fr\/evenements-emergents\/","url":"https:\/\/dezuivelarij.be\/fr\/evenements-emergents\/","name":"\u00c9v\u00e9nements \u00e0 venir - De Zuivelarij","isPartOf":{"@id":"https:\/\/dezuivelarij.be\/fr\/#website"},"datePublished":"2022-09-27T12:52:17+00:00","dateModified":"2022-09-27T12:52:18+00:00","breadcrumb":{"@id":"https:\/\/dezuivelarij.be\/fr\/evenements-emergents\/#breadcrumb"},"inLanguage":"fr-FR","potentialAction":[{"@type":"ReadAction","target":["https:\/\/dezuivelarij.be\/fr\/evenements-emergents\/"]}]},{"@type":"BreadcrumbList","@id":"https:\/\/dezuivelarij.be\/fr\/evenements-emergents\/#breadcrumb","itemListElement":[{"@type":"ListItem","position":1,"name":"Home","item":"https:\/\/dezuivelarij.be\/fr\/"},{"@type":"ListItem","position":2,"name":"\u00c9v\u00e9nements \u00e0 venir"}]},{"@type":"WebSite","@id":"https:\/\/dezuivelarij.be\/fr\/#website","url":"https:\/\/dezuivelarij.be\/fr\/","name":"De Zuivelarij","description":"Kaas met grillen","publisher":{"@id":"https:\/\/dezuivelarij.be\/fr\/#organization"},"potentialAction":[{"@type":"SearchAction","target":{"@type":"EntryPoint","urlTemplate":"https:\/\/dezuivelarij.be\/fr\/?s={search_term_string}"},"query-input":{"@type":"PropertyValueSpecification","valueRequired":true,"valueName":"search_term_string"}}],"inLanguage":"fr-FR"},{"@type":["Organization","Place"],"@id":"https:\/\/dezuivelarij.be\/fr\/#organization","name":"De Zuivelarij","alternateName":"De Zuivelarij BV","url":"https:\/\/dezuivelarij.be\/fr\/","logo":{"@id":"https:\/\/dezuivelarij.be\/fr\/evenements-emergents\/#local-main-organization-logo"},"image":{"@id":"https:\/\/dezuivelarij.be\/fr\/evenements-emergents\/#local-main-organization-logo"},"sameAs":["https:\/\/www.facebook.com\/DeZuivelarij\/","https:\/\/www.instagram.com\/de.zuivelarij\/","https:\/\/nl.pinterest.com\/dezuivelarij\/","https:\/\/www.youtube.com\/channel\/UCK_6xO0p1H4DXoMoW6fMUSw?view_as=subscriber"],"telephone":[],"openingHoursSpecification":[{"@type":"OpeningHoursSpecification","dayOfWeek":["Monday","Tuesday","Wednesday","Thursday","Friday","Saturday","Sunday"],"opens":"09:00","closes":"17:00"}]},{"@type":"ImageObject","inLanguage":"fr-FR","@id":"https:\/\/dezuivelarij.be\/fr\/evenements-emergents\/#local-main-organization-logo","url":"https:\/\/dezuivelarij.be\/wp-content\/uploads\/2024\/11\/cropped-cropped-Zuivelarij-1.jpg","contentUrl":"https:\/\/dezuivelarij.be\/wp-content\/uploads\/2024\/11\/cropped-cropped-Zuivelarij-1.jpg","width":96,"height":96,"caption":"De Zuivelarij"}]}},"jetpack_sharing_enabled":true,"jetpack_likes_enabled":true,"jetpack-related-posts":[{"id":5932,"url":"https:\/\/dezuivelarij.be\/fr\/soiree-mezze\/","url_meta":{"origin":5937,"position":0},"title":"Soir\u00e9e Mezze","author":"De Zuivelarij","date":"septembre 27, 2022","format":false,"excerpt":"Soir\u00e9e Mezze Compte tenu des prix actuels de l'\u00e9nergie, nous ferions mieux de nous r\u00e9chauffer les uns les autres. C'est pourquoi nous organisons une soir\u00e9e mezze le vendredi soir 25 novembre. Cela co\u00fbte 30 euros par personne et vous \u00eates les bienvenus de 18 \u00e0 20 heures. Toutes les boissons\u2026","rel":"","context":"Article similaire","block_context":{"text":"Article similaire","link":""},"img":{"alt_text":"","src":"https:\/\/i0.wp.com\/dezuivelarij.be\/wp-content\/uploads\/2022\/09\/5793_image.jpg?resize=350%2C200&ssl=1","width":350,"height":200,"srcset":"https:\/\/i0.wp.com\/dezuivelarij.be\/wp-content\/uploads\/2022\/09\/5793_image.jpg?resize=350%2C200&ssl=1 1x, https:\/\/i0.wp.com\/dezuivelarij.be\/wp-content\/uploads\/2022\/09\/5793_image.jpg?resize=525%2C300&ssl=1 1.5x, https:\/\/i0.wp.com\/dezuivelarij.be\/wp-content\/uploads\/2022\/09\/5793_image.jpg?resize=700%2C400&ssl=1 2x, https:\/\/i0.wp.com\/dezuivelarij.be\/wp-content\/uploads\/2022\/09\/5793_image.jpg?resize=1050%2C600&ssl=1 3x, https:\/\/i0.wp.com\/dezuivelarij.be\/wp-content\/uploads\/2022\/09\/5793_image.jpg?resize=1400%2C800&ssl=1 4x"},"classes":[]},{"id":15500,"url":"https:\/\/dezuivelarij.be\/fr\/berloumi-aperitiefhapjes\/","url_meta":{"origin":5937,"position":1},"title":"Ap\u00e9ritifs au berloumi","author":"De Zuivelarij","date":"janvier 15, 2020","format":false,"excerpt":"Bouch\u00e9es ap\u00e9ritives de notre Zuivelarij Nos amuse-gueules sont ici servis comme des mezze \u00e0 mettre sur une table somptueuse. Mais vous pouvez aussi en faire un plat complet ou un en-cas individuel. Cliquez sur l'image pour obtenir le texte et l'explication. Poireaux r\u00f4tis et confits au labneh Un mezze surprenant.\u2026","rel":"","context":"Dans &quot;Recettes&quot;","block_context":{"text":"Recettes","link":"https:\/\/dezuivelarij.be\/fr\/category\/recettes\/"},"img":{"alt_text":"Labneh aux herbes, huile d'olive et oignons grill\u00e9s sur une assiette.","src":"https:\/\/i0.wp.com\/dezuivelarij.be\/wp-content\/uploads\/2025\/10\/labneh-met-prei-1.jpg?resize=350%2C200&ssl=1","width":350,"height":200,"srcset":"https:\/\/i0.wp.com\/dezuivelarij.be\/wp-content\/uploads\/2025\/10\/labneh-met-prei-1.jpg?resize=350%2C200&ssl=1 1x, https:\/\/i0.wp.com\/dezuivelarij.be\/wp-content\/uploads\/2025\/10\/labneh-met-prei-1.jpg?resize=525%2C300&ssl=1 1.5x, https:\/\/i0.wp.com\/dezuivelarij.be\/wp-content\/uploads\/2025\/10\/labneh-met-prei-1.jpg?resize=700%2C400&ssl=1 2x, https:\/\/i0.wp.com\/dezuivelarij.be\/wp-content\/uploads\/2025\/10\/labneh-met-prei-1.jpg?resize=1050%2C600&ssl=1 3x, https:\/\/i0.wp.com\/dezuivelarij.be\/wp-content\/uploads\/2025\/10\/labneh-met-prei-1.jpg?resize=1400%2C800&ssl=1 4x"},"classes":[]},{"id":4319,"url":"https:\/\/dezuivelarij.be\/fr\/photos-de-fans\/","url_meta":{"origin":5937,"position":2},"title":"Photos de fans","author":"De Zuivelarij","date":"mars 9, 2024","format":false,"excerpt":"Le labneh est un produit tr\u00e8s polyvalent. Par exemple, il vous permettra de r\u00e9aliser les recettes de mezze et d'ap\u00e9ritif les plus belles, mais aussi les plus savoureuses. Voici quelques id\u00e9es pour vous inspirer. Toutes les photos et recettes ont \u00e9t\u00e9 pr\u00e9par\u00e9es avec notre Labneh par des restaurants et d'autres\u2026","rel":"","context":"Dans \"Labneh\"","block_context":{"text":"Labneh","link":"https:\/\/dezuivelarij.be\/fr\/tag\/labneh-fr\/"},"img":{"alt_text":"","src":"","width":0,"height":0},"classes":[]},{"id":11929,"url":"https:\/\/dezuivelarij.be\/en\/berloumi-aperitiefhapjes\/","url_meta":{"origin":5937,"position":3},"title":"Berloumi appetizers","author":"De Zuivelarij","date":"novembre 23, 2020","format":false,"excerpt":"Party Bites Special As our appetizers here are served as mezze to put on a lavish table. But you can also turn them into a full dish or an individual appetizer. Click on the photo for text and explanation. Roasted and candied leeks with labneh A surprising mezze. The sweet\u2026","rel":"","context":"Dans &quot;Recipes&quot;","block_context":{"text":"Recipes","link":"https:\/\/dezuivelarij.be\/en\/category\/recipes\/"},"img":{"alt_text":"Labneh met kruiden, olijfolie en gegrilde uien op een bord.","src":"https:\/\/i0.wp.com\/dezuivelarij.be\/wp-content\/uploads\/2025\/10\/labneh-met-prei-1.jpg?resize=350%2C200&ssl=1","width":350,"height":200,"srcset":"https:\/\/i0.wp.com\/dezuivelarij.be\/wp-content\/uploads\/2025\/10\/labneh-met-prei-1.jpg?resize=350%2C200&ssl=1 1x, https:\/\/i0.wp.com\/dezuivelarij.be\/wp-content\/uploads\/2025\/10\/labneh-met-prei-1.jpg?resize=525%2C300&ssl=1 1.5x, https:\/\/i0.wp.com\/dezuivelarij.be\/wp-content\/uploads\/2025\/10\/labneh-met-prei-1.jpg?resize=700%2C400&ssl=1 2x, https:\/\/i0.wp.com\/dezuivelarij.be\/wp-content\/uploads\/2025\/10\/labneh-met-prei-1.jpg?resize=1050%2C600&ssl=1 3x, https:\/\/i0.wp.com\/dezuivelarij.be\/wp-content\/uploads\/2025\/10\/labneh-met-prei-1.jpg?resize=1400%2C800&ssl=1 4x"},"classes":[]},{"id":1541,"url":"https:\/\/dezuivelarij.be\/en\/brioche-croutons-2\/","url_meta":{"origin":5937,"position":4},"title":"Labneh with bacon and brioche croutons","author":"De Zuivelarij","date":"janvier 29, 2020","format":false,"excerpt":"Labneh with bacon and brioche croutons This is an overly delicious mezze dish. The fresh sourness of our Labneh goes very well with the full, fatty flavors of the brioche croutons with bacon. In most cases, you scoop Labneh onto the plate with flatbread. But for this recipe, you will\u2026","rel":"","context":"Article similaire","block_context":{"text":"Article similaire","link":""},"img":{"alt_text":"","src":"https:\/\/i0.wp.com\/labneh.be\/wp-content\/uploads\/2019\/12\/Fijn-gesneden-spek-brioche-en-labneh.-570x380.jpg?resize=350%2C200&ssl=1","width":350,"height":200,"srcset":"https:\/\/i0.wp.com\/labneh.be\/wp-content\/uploads\/2019\/12\/Fijn-gesneden-spek-brioche-en-labneh.-570x380.jpg?resize=350%2C200&ssl=1 1x, https:\/\/i0.wp.com\/labneh.be\/wp-content\/uploads\/2019\/12\/Fijn-gesneden-spek-brioche-en-labneh.-570x380.jpg?resize=525%2C300&ssl=1 1.5x"},"classes":[]},{"id":3544,"url":"https:\/\/dezuivelarij.be\/en\/photos-of-fans\/","url_meta":{"origin":5937,"position":5},"title":"Pictures of fans","author":"De Zuivelarij","date":"ao\u00fbt 30, 2022","format":false,"excerpt":"Labneh is a very versatile product. You can make the most beautiful and the tastiest mezze and aperitif recipes with it. You can find lots of inspiration below. All photos and and recipes are made with our Labneh by our Labneh fans. Take a great photo yourself and tag us\u2026","rel":"","context":"Dans \"labneh\"","block_context":{"text":"labneh","link":"https:\/\/dezuivelarij.be\/en\/tag\/labneh-en\/"},"img":{"alt_text":"","src":"","width":0,"height":0},"classes":[]}],"_links":{"self":[{"href":"https:\/\/dezuivelarij.be\/fr\/wp-json\/wp\/v2\/pages\/5937","targetHints":{"allow":["GET"]}}],"collection":[{"href":"https:\/\/dezuivelarij.be\/fr\/wp-json\/wp\/v2\/pages"}],"about":[{"href":"https:\/\/dezuivelarij.be\/fr\/wp-json\/wp\/v2\/types\/page"}],"author":[{"embeddable":true,"href":"https:\/\/dezuivelarij.be\/fr\/wp-json\/wp\/v2\/users\/1"}],"replies":[{"embeddable":true,"href":"https:\/\/dezuivelarij.be\/fr\/wp-json\/wp\/v2\/comments?post=5937"}],"version-history":[{"count":1,"href":"https:\/\/dezuivelarij.be\/fr\/wp-json\/wp\/v2\/pages\/5937\/revisions"}],"predecessor-version":[{"id":5941,"href":"https:\/\/dezuivelarij.be\/fr\/wp-json\/wp\/v2\/pages\/5937\/revisions\/5941"}],"wp:attachment":[{"href":"https:\/\/dezuivelarij.be\/fr\/wp-json\/wp\/v2\/media?parent=5937"}],"wp:term":[{"taxonomy":"category","embeddable":true,"href":"https:\/\/dezuivelarij.be\/fr\/wp-json\/wp\/v2\/categories?post=5937"},{"taxonomy":"post_tag","embeddable":true,"href":"https:\/\/dezuivelarij.be\/fr\/wp-json\/wp\/v2\/tags?post=5937"}],"curies":[{"name":"wp","href":"https:\/\/api.w.org\/{rel}","templated":true}]}}