{"id":5932,"date":"2022-09-27T13:48:39","date_gmt":"2022-09-27T12:48:39","guid":{"rendered":"https:\/\/dezuivelarij.be\/soiree-mezze\/"},"modified":"2023-01-09T15:33:47","modified_gmt":"2023-01-09T14:33:47","slug":"soiree-mezze","status":"publish","type":"page","link":"https:\/\/dezuivelarij.be\/fr\/soiree-mezze\/","title":{"rendered":"Soir\u00e9e Mezze"},"content":{"rendered":"\n<div style=\"height:70px\" aria-hidden=\"true\" class=\"wp-block-spacer\"><\/div>\n\n<h2 class=\"wp-block-heading\" id=\"h-mezze-avond\">Soir\u00e9e Mezze<\/h2>\n\n<figure class=\"wp-block-image size-column1-3\/5\"><img data-recalc-dims=\"1\" loading=\"lazy\" decoding=\"async\" width=\"1140\" height=\"684\" src=\"https:\/\/i0.wp.com\/dezuivelarij.be\/wp-content\/uploads\/2022\/09\/5793_image.jpg?resize=1140%2C684&#038;ssl=1\" alt=\"\" class=\"wp-image-5794\" srcset=\"https:\/\/i0.wp.com\/dezuivelarij.be\/wp-content\/uploads\/2022\/09\/5793_image.jpg?resize=1140%2C684&amp;ssl=1 1140w, https:\/\/i0.wp.com\/dezuivelarij.be\/wp-content\/uploads\/2022\/09\/5793_image.jpg?resize=570%2C342&amp;ssl=1 570w, https:\/\/i0.wp.com\/dezuivelarij.be\/wp-content\/uploads\/2022\/09\/5793_image.jpg?resize=380%2C228&amp;ssl=1 380w, https:\/\/i0.wp.com\/dezuivelarij.be\/wp-content\/uploads\/2022\/09\/5793_image.jpg?resize=285%2C171&amp;ssl=1 285w\" sizes=\"auto, (max-width: 1140px) 100vw, 1140px\" \/><\/figure>\n\n<div style=\"height:50px\" aria-hidden=\"true\" class=\"wp-block-spacer\"><\/div>\n\n<p>Compte tenu des prix actuels de l&rsquo;\u00e9nergie, nous ferions mieux de nous r\u00e9chauffer les uns les autres. C&rsquo;est pourquoi nous organisons une soir\u00e9e mezze le vendredi soir 25 novembre. Cela co\u00fbte 30 euros par personne et vous \u00eates les bienvenus <strong>de<\/strong> 18 \u00e0 20 heures. Toutes les boissons sont incluses dans le prix.<\/p>\n\n<div style=\"height:40px\" aria-hidden=\"true\" class=\"wp-block-spacer\"><\/div>\n\n<h3 class=\"wp-block-heading\">Notre table de mezze comprend :<\/h3>\n\n<p>G\u00e2teau \u00e0 la flamme \u00e0 la ricotta et au fenouil<\/p>\n\n<p>Labneh avec chou-fleur r\u00f4ti et chaat masala<\/p>\n\n<p>Bruschetta avec caponata toscane et Berloumi<\/p>\n\n<p>viVie aux figues et au pain<\/p>\n\n<p>Gnudi de ricotta au beurre de sauge<\/p>\n\n<p>Glace \u00e0 la ricotta de Stiebe x de Zuivelarij<\/p>\n\n<p>Farinata au lactos\u00e9rum de fromage et tomates cerises r\u00f4ties<\/p>\n\n<p>soupe de haricots au lactos\u00e9rum de fromage<\/p>\n\n<div style=\"height:70px\" aria-hidden=\"true\" class=\"wp-block-spacer\"><\/div>\n\n<div class=\"wp-block-buttons is-layout-flex wp-block-buttons-is-layout-flex\">\n<div class=\"wp-block-button aligncenter\"><a class=\"wp-block-button__link wp-element-button\" href=\"https:\/\/www.eventbrite.be\/e\/tickets-mezze-avond-414609527257\" target=\"_blank\" rel=\"noreferrer noopener\">S&rsquo;abonner \u00e0<\/a><\/div>\n<\/div>\n\n<div style=\"height:70px\" aria-hidden=\"true\" class=\"wp-block-spacer\"><\/div>\n\n\n\n<p>Toutes les recettes sont disponibles sur les sites web de nos diff\u00e9rents produits.  <\/p>\n\n\n\n\n\n<p>Nous l&rsquo;encourageons vivement. C&rsquo;est pourquoi nous maintenons un prix d\u00e9mocratique.  <\/p>\n\n\n\n\n\n<p>\u00c0 chaque \u00e9v\u00e9nement, nous laissons deux personnes s&rsquo;inscrire gratuitement. Faites un post sur Instagram ou Facebook avec l&rsquo;un de nos produits et utilisez le #mezzuivelarij <strong>ET<\/strong> @dezuivelarij <strong>ET<\/strong> #leproduitquevousutilisez. Peut-\u00eatre que tu seras choisi.<\/p>\n\n\n\n<div style=\"height:71px\" aria-hidden=\"true\" class=\"wp-block-spacer\"><\/div>\n\n<p class=\"has-text-align-center\">Partagez cette page si vous aimez.<\/p>\n\n<div style=\"height:79px\" aria-hidden=\"true\" class=\"wp-block-spacer\"><\/div>\n","protected":false},"excerpt":{"rendered":"<p>Soir\u00e9e Mezze Compte tenu des prix actuels de l&rsquo;\u00e9nergie, nous ferions mieux de nous r\u00e9chauffer les uns les autres. C&rsquo;est pourquoi nous organisons une soir\u00e9e mezze le vendredi soir 25 novembre. Cela co\u00fbte 30 euros par personne et vous \u00eates les bienvenus de 18 \u00e0 20 heures. Toutes les boissons sont incluses dans le prix. [&hellip;]<\/p>\n","protected":false},"author":1,"featured_media":0,"parent":0,"menu_order":0,"comment_status":"closed","ping_status":"closed","template":"","meta":{"jetpack_post_was_ever_published":false,"footnotes":"","_wp_rev_ctl_limit":""},"categories":[],"tags":[],"class_list":["post-5932","page","type-page","status-publish","hentry"],"yoast_head":"<!-- This site is optimized with the Yoast SEO Premium plugin v27.5 (Yoast SEO v27.5) - https:\/\/yoast.com\/product\/yoast-seo-premium-wordpress\/ -->\n<title>Soir\u00e9e Mezze - De Zuivelarij<\/title>\n<meta name=\"robots\" content=\"index, follow, max-snippet:-1, max-image-preview:large, max-video-preview:-1\" \/>\n<link rel=\"canonical\" href=\"https:\/\/dezuivelarij.be\/fr\/soiree-mezze\/\" \/>\n<meta property=\"og:locale\" content=\"fr_FR\" \/>\n<meta property=\"og:type\" content=\"article\" \/>\n<meta property=\"og:title\" content=\"Soir\u00e9e Mezze\" \/>\n<meta property=\"og:description\" content=\"Compte tenu des prix actuels de l&#039;\u00e9nergie, nous ferions mieux de nous r\u00e9chauffer les uns les autres.\" \/>\n<meta property=\"og:url\" content=\"https:\/\/dezuivelarij.be\/fr\/soiree-mezze\/\" \/>\n<meta property=\"og:site_name\" content=\"De Zuivelarij\" \/>\n<meta property=\"article:publisher\" content=\"https:\/\/www.facebook.com\/DeZuivelarij\/\" \/>\n<meta property=\"article:modified_time\" content=\"2023-01-09T14:33:47+00:00\" \/>\n<meta property=\"og:image\" content=\"https:\/\/dezuivelarij.be\/wp-content\/uploads\/2022\/09\/5793_image-1140x684.jpg\" \/>\n<meta name=\"twitter:card\" content=\"summary_large_image\" \/>\n<meta name=\"twitter:title\" content=\"Soir\u00e9e Mezze\" \/>\n<meta name=\"twitter:label1\" content=\"Dur\u00e9e de lecture estim\u00e9e\" \/>\n\t<meta name=\"twitter:data1\" content=\"1 minute\" \/>\n<script type=\"application\/ld+json\" class=\"yoast-schema-graph\">{\"@context\":\"https:\\\/\\\/schema.org\",\"@graph\":[{\"@type\":\"WebPage\",\"@id\":\"https:\\\/\\\/dezuivelarij.be\\\/fr\\\/soiree-mezze\\\/\",\"url\":\"https:\\\/\\\/dezuivelarij.be\\\/fr\\\/soiree-mezze\\\/\",\"name\":\"Soir\u00e9e Mezze - De Zuivelarij\",\"isPartOf\":{\"@id\":\"https:\\\/\\\/dezuivelarij.be\\\/fr\\\/#website\"},\"primaryImageOfPage\":{\"@id\":\"https:\\\/\\\/dezuivelarij.be\\\/fr\\\/soiree-mezze\\\/#primaryimage\"},\"image\":{\"@id\":\"https:\\\/\\\/dezuivelarij.be\\\/fr\\\/soiree-mezze\\\/#primaryimage\"},\"thumbnailUrl\":\"https:\\\/\\\/dezuivelarij.be\\\/wp-content\\\/uploads\\\/2022\\\/09\\\/5793_image-1140x684.jpg\",\"datePublished\":\"2022-09-27T12:48:39+00:00\",\"dateModified\":\"2023-01-09T14:33:47+00:00\",\"breadcrumb\":{\"@id\":\"https:\\\/\\\/dezuivelarij.be\\\/fr\\\/soiree-mezze\\\/#breadcrumb\"},\"inLanguage\":\"fr-FR\",\"potentialAction\":[{\"@type\":\"ReadAction\",\"target\":[\"https:\\\/\\\/dezuivelarij.be\\\/fr\\\/soiree-mezze\\\/\"]}]},{\"@type\":\"ImageObject\",\"inLanguage\":\"fr-FR\",\"@id\":\"https:\\\/\\\/dezuivelarij.be\\\/fr\\\/soiree-mezze\\\/#primaryimage\",\"url\":\"https:\\\/\\\/dezuivelarij.be\\\/wp-content\\\/uploads\\\/2022\\\/09\\\/5793_image-1140x684.jpg\",\"contentUrl\":\"https:\\\/\\\/dezuivelarij.be\\\/wp-content\\\/uploads\\\/2022\\\/09\\\/5793_image-1140x684.jpg\"},{\"@type\":\"BreadcrumbList\",\"@id\":\"https:\\\/\\\/dezuivelarij.be\\\/fr\\\/soiree-mezze\\\/#breadcrumb\",\"itemListElement\":[{\"@type\":\"ListItem\",\"position\":1,\"name\":\"Home\",\"item\":\"https:\\\/\\\/dezuivelarij.be\\\/fr\\\/\"},{\"@type\":\"ListItem\",\"position\":2,\"name\":\"Soir\u00e9e Mezze\"}]},{\"@type\":\"WebSite\",\"@id\":\"https:\\\/\\\/dezuivelarij.be\\\/fr\\\/#website\",\"url\":\"https:\\\/\\\/dezuivelarij.be\\\/fr\\\/\",\"name\":\"De Zuivelarij\",\"description\":\"Kaas met grillen\",\"publisher\":{\"@id\":\"https:\\\/\\\/dezuivelarij.be\\\/fr\\\/#organization\"},\"potentialAction\":[{\"@type\":\"SearchAction\",\"target\":{\"@type\":\"EntryPoint\",\"urlTemplate\":\"https:\\\/\\\/dezuivelarij.be\\\/fr\\\/?s={search_term_string}\"},\"query-input\":{\"@type\":\"PropertyValueSpecification\",\"valueRequired\":true,\"valueName\":\"search_term_string\"}}],\"inLanguage\":\"fr-FR\"},{\"@type\":[\"Organization\",\"Place\"],\"@id\":\"https:\\\/\\\/dezuivelarij.be\\\/fr\\\/#organization\",\"name\":\"De Zuivelarij\",\"alternateName\":\"De Zuivelarij BV\",\"url\":\"https:\\\/\\\/dezuivelarij.be\\\/fr\\\/\",\"logo\":{\"@id\":\"https:\\\/\\\/dezuivelarij.be\\\/fr\\\/soiree-mezze\\\/#local-main-organization-logo\"},\"image\":{\"@id\":\"https:\\\/\\\/dezuivelarij.be\\\/fr\\\/soiree-mezze\\\/#local-main-organization-logo\"},\"sameAs\":[\"https:\\\/\\\/www.facebook.com\\\/DeZuivelarij\\\/\",\"https:\\\/\\\/www.instagram.com\\\/de.zuivelarij\\\/\",\"https:\\\/\\\/nl.pinterest.com\\\/dezuivelarij\\\/\",\"https:\\\/\\\/www.youtube.com\\\/channel\\\/UCK_6xO0p1H4DXoMoW6fMUSw?view_as=subscriber\"],\"telephone\":[],\"openingHoursSpecification\":[{\"@type\":\"OpeningHoursSpecification\",\"dayOfWeek\":[\"Monday\",\"Tuesday\",\"Wednesday\",\"Thursday\",\"Friday\",\"Saturday\",\"Sunday\"],\"opens\":\"09:00\",\"closes\":\"17:00\"}]},{\"@type\":\"ImageObject\",\"inLanguage\":\"fr-FR\",\"@id\":\"https:\\\/\\\/dezuivelarij.be\\\/fr\\\/soiree-mezze\\\/#local-main-organization-logo\",\"url\":\"https:\\\/\\\/i0.wp.com\\\/dezuivelarij.be\\\/wp-content\\\/uploads\\\/2024\\\/11\\\/cropped-cropped-Zuivelarij-1.jpg?fit=96%2C96&ssl=1\",\"contentUrl\":\"https:\\\/\\\/i0.wp.com\\\/dezuivelarij.be\\\/wp-content\\\/uploads\\\/2024\\\/11\\\/cropped-cropped-Zuivelarij-1.jpg?fit=96%2C96&ssl=1\",\"width\":96,\"height\":96,\"caption\":\"De Zuivelarij\"}]}<\/script>\n<!-- \/ Yoast SEO Premium plugin. -->","yoast_head_json":{"title":"Soir\u00e9e Mezze - De Zuivelarij","robots":{"index":"index","follow":"follow","max-snippet":"max-snippet:-1","max-image-preview":"max-image-preview:large","max-video-preview":"max-video-preview:-1"},"canonical":"https:\/\/dezuivelarij.be\/fr\/soiree-mezze\/","og_locale":"fr_FR","og_type":"article","og_title":"Soir\u00e9e Mezze","og_description":"Compte tenu des prix actuels de l'\u00e9nergie, nous ferions mieux de nous r\u00e9chauffer les uns les autres.","og_url":"https:\/\/dezuivelarij.be\/fr\/soiree-mezze\/","og_site_name":"De Zuivelarij","article_publisher":"https:\/\/www.facebook.com\/DeZuivelarij\/","article_modified_time":"2023-01-09T14:33:47+00:00","og_image":[{"url":"https:\/\/dezuivelarij.be\/wp-content\/uploads\/2022\/09\/5793_image-1140x684.jpg","type":"","width":"","height":""}],"twitter_card":"summary_large_image","twitter_title":"Soir\u00e9e Mezze","twitter_misc":{"Dur\u00e9e de lecture estim\u00e9e":"1 minute"},"schema":{"@context":"https:\/\/schema.org","@graph":[{"@type":"WebPage","@id":"https:\/\/dezuivelarij.be\/fr\/soiree-mezze\/","url":"https:\/\/dezuivelarij.be\/fr\/soiree-mezze\/","name":"Soir\u00e9e Mezze - De Zuivelarij","isPartOf":{"@id":"https:\/\/dezuivelarij.be\/fr\/#website"},"primaryImageOfPage":{"@id":"https:\/\/dezuivelarij.be\/fr\/soiree-mezze\/#primaryimage"},"image":{"@id":"https:\/\/dezuivelarij.be\/fr\/soiree-mezze\/#primaryimage"},"thumbnailUrl":"https:\/\/dezuivelarij.be\/wp-content\/uploads\/2022\/09\/5793_image-1140x684.jpg","datePublished":"2022-09-27T12:48:39+00:00","dateModified":"2023-01-09T14:33:47+00:00","breadcrumb":{"@id":"https:\/\/dezuivelarij.be\/fr\/soiree-mezze\/#breadcrumb"},"inLanguage":"fr-FR","potentialAction":[{"@type":"ReadAction","target":["https:\/\/dezuivelarij.be\/fr\/soiree-mezze\/"]}]},{"@type":"ImageObject","inLanguage":"fr-FR","@id":"https:\/\/dezuivelarij.be\/fr\/soiree-mezze\/#primaryimage","url":"https:\/\/dezuivelarij.be\/wp-content\/uploads\/2022\/09\/5793_image-1140x684.jpg","contentUrl":"https:\/\/dezuivelarij.be\/wp-content\/uploads\/2022\/09\/5793_image-1140x684.jpg"},{"@type":"BreadcrumbList","@id":"https:\/\/dezuivelarij.be\/fr\/soiree-mezze\/#breadcrumb","itemListElement":[{"@type":"ListItem","position":1,"name":"Home","item":"https:\/\/dezuivelarij.be\/fr\/"},{"@type":"ListItem","position":2,"name":"Soir\u00e9e Mezze"}]},{"@type":"WebSite","@id":"https:\/\/dezuivelarij.be\/fr\/#website","url":"https:\/\/dezuivelarij.be\/fr\/","name":"De Zuivelarij","description":"Kaas met grillen","publisher":{"@id":"https:\/\/dezuivelarij.be\/fr\/#organization"},"potentialAction":[{"@type":"SearchAction","target":{"@type":"EntryPoint","urlTemplate":"https:\/\/dezuivelarij.be\/fr\/?s={search_term_string}"},"query-input":{"@type":"PropertyValueSpecification","valueRequired":true,"valueName":"search_term_string"}}],"inLanguage":"fr-FR"},{"@type":["Organization","Place"],"@id":"https:\/\/dezuivelarij.be\/fr\/#organization","name":"De Zuivelarij","alternateName":"De Zuivelarij BV","url":"https:\/\/dezuivelarij.be\/fr\/","logo":{"@id":"https:\/\/dezuivelarij.be\/fr\/soiree-mezze\/#local-main-organization-logo"},"image":{"@id":"https:\/\/dezuivelarij.be\/fr\/soiree-mezze\/#local-main-organization-logo"},"sameAs":["https:\/\/www.facebook.com\/DeZuivelarij\/","https:\/\/www.instagram.com\/de.zuivelarij\/","https:\/\/nl.pinterest.com\/dezuivelarij\/","https:\/\/www.youtube.com\/channel\/UCK_6xO0p1H4DXoMoW6fMUSw?view_as=subscriber"],"telephone":[],"openingHoursSpecification":[{"@type":"OpeningHoursSpecification","dayOfWeek":["Monday","Tuesday","Wednesday","Thursday","Friday","Saturday","Sunday"],"opens":"09:00","closes":"17:00"}]},{"@type":"ImageObject","inLanguage":"fr-FR","@id":"https:\/\/dezuivelarij.be\/fr\/soiree-mezze\/#local-main-organization-logo","url":"https:\/\/i0.wp.com\/dezuivelarij.be\/wp-content\/uploads\/2024\/11\/cropped-cropped-Zuivelarij-1.jpg?fit=96%2C96&ssl=1","contentUrl":"https:\/\/i0.wp.com\/dezuivelarij.be\/wp-content\/uploads\/2024\/11\/cropped-cropped-Zuivelarij-1.jpg?fit=96%2C96&ssl=1","width":96,"height":96,"caption":"De Zuivelarij"}]}},"jetpack_sharing_enabled":true,"jetpack_likes_enabled":true,"jetpack-related-posts":[{"id":17437,"url":"https:\/\/dezuivelarij.be\/fr\/marinade-berloumi-avec-huile-de-tournesol\/","url_meta":{"origin":5932,"position":0},"title":"Le printemps est \u00e9ternel (avec de l&rsquo;huile de tournesol)","author":"De Zuivelarij","date":"juillet 4, 2024","format":false,"excerpt":"Le printemps est \u00e9ternel ! Dans notre laiterie De Zuivelarij, nous fabriquons Berloumi au rythme des saisons. Une marinade diff\u00e9rente pour chaque saison. Enfin, c'est ce qui a toujours \u00e9t\u00e9 le cas... Depuis le d\u00e9but, nous avons rencontr\u00e9 des probl\u00e8mes logistiques avec ces quatre variantes saisonni\u00e8res. Le plus grand probl\u00e8me,\u2026","rel":"","context":"Dans \"Berloumi\"","block_context":{"text":"Berloumi","link":"https:\/\/dezuivelarij.be\/fr\/tag\/berloumi-fr\/"},"img":{"alt_text":"Berloumi sans herbes, Berloumi sans marinade","src":"https:\/\/i0.wp.com\/berloumi.be\/wp-content\/uploads\/2020\/11\/lente-1024x733.jpg?resize=350%2C200&ssl=1","width":350,"height":200,"srcset":"https:\/\/i0.wp.com\/berloumi.be\/wp-content\/uploads\/2020\/11\/lente-1024x733.jpg?resize=350%2C200&ssl=1 1x, https:\/\/i0.wp.com\/berloumi.be\/wp-content\/uploads\/2020\/11\/lente-1024x733.jpg?resize=525%2C300&ssl=1 1.5x, https:\/\/i0.wp.com\/berloumi.be\/wp-content\/uploads\/2020\/11\/lente-1024x733.jpg?resize=700%2C400&ssl=1 2x"},"classes":[]},{"id":3181,"url":"https:\/\/dezuivelarij.be\/fr\/agriculteurs\/","url_meta":{"origin":5932,"position":1},"title":"Agriculteurs, cha\u00eene courte, production et \u00e9cologie","author":"De Zuivelarij","date":"septembre 7, 2020","format":false,"excerpt":"Produits laitiers issus de la cha\u00eene courte Pour nous, la Cha\u00eene Agricole Courte signifie: Une ferme -> un produit laitier. Par exemple, le lait pour notre Berloumi provient de la ferme de Koen Annick, situ\u00e9e \u00e0 Berlare. Le lait de notre labneh provient quant \u00e0 lui de la bergerie de\u2026","rel":"","context":"Article similaire","block_context":{"text":"Article similaire","link":""},"img":{"alt_text":"","src":"https:\/\/i0.wp.com\/dezuivelarij.be\/wp-content\/uploads\/2024\/08\/K4A6646-kopie_preview_0.jpg?resize=350%2C200&ssl=1","width":350,"height":200,"srcset":"https:\/\/i0.wp.com\/dezuivelarij.be\/wp-content\/uploads\/2024\/08\/K4A6646-kopie_preview_0.jpg?resize=350%2C200&ssl=1 1x, https:\/\/i0.wp.com\/dezuivelarij.be\/wp-content\/uploads\/2024\/08\/K4A6646-kopie_preview_0.jpg?resize=525%2C300&ssl=1 1.5x, https:\/\/i0.wp.com\/dezuivelarij.be\/wp-content\/uploads\/2024\/08\/K4A6646-kopie_preview_0.jpg?resize=700%2C400&ssl=1 2x, https:\/\/i0.wp.com\/dezuivelarij.be\/wp-content\/uploads\/2024\/08\/K4A6646-kopie_preview_0.jpg?resize=1050%2C600&ssl=1 3x, https:\/\/i0.wp.com\/dezuivelarij.be\/wp-content\/uploads\/2024\/08\/K4A6646-kopie_preview_0.jpg?resize=1400%2C800&ssl=1 4x"},"classes":[]},{"id":5912,"url":"https:\/\/dezuivelarij.be\/fr\/visites-dentreprises\/","url_meta":{"origin":5932,"position":2},"title":"Visite d&rsquo;entreprise","author":"De Zuivelarij","date":"septembre 27, 2022","format":false,"excerpt":"Dans notre laiterie, De Zuivelarij, nous disposons d'une grande salle qui donne sur la fromagerie. Cette salle sert \u00e0 accueillir les groupes qui visitent notre fromagerie, mais elle peut \u00e9galement \u00eatre utilis\u00e9e comme salle de r\u00e9union \u00e0 Berlare. D'autres activit\u00e9s peuvent \u00e9galement avoir lieu dans la salle, mais nous ne\u2026","rel":"","context":"Article similaire","block_context":{"text":"Article similaire","link":""},"img":{"alt_text":"","src":"https:\/\/i0.wp.com\/dezuivelarij.be\/wp-content\/uploads\/2021\/12\/InkedSchermafbeelding-2021-12-29-163700.jpg?resize=350%2C200&ssl=1","width":350,"height":200,"srcset":"https:\/\/i0.wp.com\/dezuivelarij.be\/wp-content\/uploads\/2021\/12\/InkedSchermafbeelding-2021-12-29-163700.jpg?resize=350%2C200&ssl=1 1x, https:\/\/i0.wp.com\/dezuivelarij.be\/wp-content\/uploads\/2021\/12\/InkedSchermafbeelding-2021-12-29-163700.jpg?resize=525%2C300&ssl=1 1.5x"},"classes":[]},{"id":1726,"url":"https:\/\/dezuivelarij.be\/fr\/croutons-brioches\/","url_meta":{"origin":5932,"position":3},"title":"Labneh aux lardons et cro\u00fbtons brioch\u00e9s","author":"De Zuivelarij","date":"f\u00e9vrier 4, 2020","format":false,"excerpt":"Labneh aux lardons et cro\u00fbtons brioch\u00e9s Voil\u00e0 un mezze extraordinaire. Le go\u00fbt frais et acide de notre Labneh se marie parfaitement avec les saveurs pleines des cro\u00fbtons brioch\u00e9s et des lardons. Normalement, on prend le Labneh \u00e0 l'aide d'un pain plat. Mais pour cette recette on utilise une cuill\u00e8re pour\u2026","rel":"","context":"Article similaire","block_context":{"text":"Article similaire","link":""},"img":{"alt_text":"","src":"https:\/\/i0.wp.com\/labneh.be\/wp-content\/uploads\/2019\/12\/Fijn-gesneden-spek-brioche-en-labneh.-570x380.jpg?resize=350%2C200&ssl=1","width":350,"height":200,"srcset":"https:\/\/i0.wp.com\/labneh.be\/wp-content\/uploads\/2019\/12\/Fijn-gesneden-spek-brioche-en-labneh.-570x380.jpg?resize=350%2C200&ssl=1 1x, https:\/\/i0.wp.com\/labneh.be\/wp-content\/uploads\/2019\/12\/Fijn-gesneden-spek-brioche-en-labneh.-570x380.jpg?resize=525%2C300&ssl=1 1.5x"},"classes":[]},{"id":1188,"url":"https:\/\/dezuivelarij.be\/fr\/labneh-kopen\/","url_meta":{"origin":5932,"position":4},"title":"Acheter du labneh","author":"De Zuivelarij","date":"janvier 2, 2020","format":false,"excerpt":"Acheter notre Labneh Vous pouvez acheter notre Labneh dans de nombreux magasins d'alimentation locaux, \u00e0 partir du 15 mars 2026 dans presque tous les magasins de Delhaize et dans certains magasins Spar. Renseignez-vous aupr\u00e8s du responsable des fromages. Vous le trouverez g\u00e9n\u00e9ralement dans le coin ap\u00e9ritif, pr\u00e8s du houmous et\u2026","rel":"","context":"Article similaire","block_context":{"text":"Article similaire","link":""},"img":{"alt_text":"","src":"https:\/\/i0.wp.com\/dezuivelarij.be\/wp-content\/uploads\/2025\/07\/Labneh-uitlekken-liggend-scaled.jpg?fit=1200%2C675&ssl=1&resize=350%2C200","width":350,"height":200,"srcset":"https:\/\/i0.wp.com\/dezuivelarij.be\/wp-content\/uploads\/2025\/07\/Labneh-uitlekken-liggend-scaled.jpg?fit=1200%2C675&ssl=1&resize=350%2C200 1x, https:\/\/i0.wp.com\/dezuivelarij.be\/wp-content\/uploads\/2025\/07\/Labneh-uitlekken-liggend-scaled.jpg?fit=1200%2C675&ssl=1&resize=525%2C300 1.5x, https:\/\/i0.wp.com\/dezuivelarij.be\/wp-content\/uploads\/2025\/07\/Labneh-uitlekken-liggend-scaled.jpg?fit=1200%2C675&ssl=1&resize=700%2C400 2x, https:\/\/i0.wp.com\/dezuivelarij.be\/wp-content\/uploads\/2025\/07\/Labneh-uitlekken-liggend-scaled.jpg?fit=1200%2C675&ssl=1&resize=1050%2C600 3x"},"classes":[]},{"id":2789,"url":"https:\/\/dezuivelarij.be\/fr\/","url_meta":{"origin":5932,"position":5},"title":"De Zuivelarij","author":"De Zuivelarij","date":"novembre 3, 2019","format":false,"excerpt":"Bouch\u00e9es ap\u00e9ritives de notre Zuivelarij Zuivelarij a \u00e9t\u00e9 fond\u00e9 en 2014 par David. Au d\u00e9part, l'intention \u00e9tait de fabriquer des produits laitiers \u00e0 petite \u00e9chelle, en tant que hobby, en utilisant le lait des agriculteurs locaux. Cependant, notre fromage \u00e0 griller, Berloumi, a rapidement connu un grand succ\u00e8s, ce qui\u2026","rel":"","context":"Article similaire","block_context":{"text":"Article similaire","link":""},"img":{"alt_text":"logo De Zuivelarij","src":"https:\/\/i0.wp.com\/dezuivelarij.be\/wp-content\/uploads\/2018\/11\/De-Zuivelarij-logo.jpg?fit=1200%2C462&ssl=1&resize=350%2C200","width":350,"height":200,"srcset":"https:\/\/i0.wp.com\/dezuivelarij.be\/wp-content\/uploads\/2018\/11\/De-Zuivelarij-logo.jpg?fit=1200%2C462&ssl=1&resize=350%2C200 1x, https:\/\/i0.wp.com\/dezuivelarij.be\/wp-content\/uploads\/2018\/11\/De-Zuivelarij-logo.jpg?fit=1200%2C462&ssl=1&resize=525%2C300 1.5x, https:\/\/i0.wp.com\/dezuivelarij.be\/wp-content\/uploads\/2018\/11\/De-Zuivelarij-logo.jpg?fit=1200%2C462&ssl=1&resize=700%2C400 2x, https:\/\/i0.wp.com\/dezuivelarij.be\/wp-content\/uploads\/2018\/11\/De-Zuivelarij-logo.jpg?fit=1200%2C462&ssl=1&resize=1050%2C600 3x"},"classes":[]}],"_links":{"self":[{"href":"https:\/\/dezuivelarij.be\/fr\/wp-json\/wp\/v2\/pages\/5932","targetHints":{"allow":["GET"]}}],"collection":[{"href":"https:\/\/dezuivelarij.be\/fr\/wp-json\/wp\/v2\/pages"}],"about":[{"href":"https:\/\/dezuivelarij.be\/fr\/wp-json\/wp\/v2\/types\/page"}],"author":[{"embeddable":true,"href":"https:\/\/dezuivelarij.be\/fr\/wp-json\/wp\/v2\/users\/1"}],"replies":[{"embeddable":true,"href":"https:\/\/dezuivelarij.be\/fr\/wp-json\/wp\/v2\/comments?post=5932"}],"version-history":[{"count":4,"href":"https:\/\/dezuivelarij.be\/fr\/wp-json\/wp\/v2\/pages\/5932\/revisions"}],"predecessor-version":[{"id":6679,"href":"https:\/\/dezuivelarij.be\/fr\/wp-json\/wp\/v2\/pages\/5932\/revisions\/6679"}],"wp:attachment":[{"href":"https:\/\/dezuivelarij.be\/fr\/wp-json\/wp\/v2\/media?parent=5932"}],"wp:term":[{"taxonomy":"category","embeddable":true,"href":"https:\/\/dezuivelarij.be\/fr\/wp-json\/wp\/v2\/categories?post=5932"},{"taxonomy":"post_tag","embeddable":true,"href":"https:\/\/dezuivelarij.be\/fr\/wp-json\/wp\/v2\/tags?post=5932"}],"curies":[{"name":"wp","href":"https:\/\/api.w.org\/{rel}","templated":true}]}}