{"id":4406,"date":"2024-03-30T14:32:17","date_gmt":"2024-03-30T14:32:17","guid":{"rendered":"https:\/\/labneh.be\/asperges\/"},"modified":"2026-03-12T13:59:16","modified_gmt":"2026-03-12T12:59:16","slug":"asperges","status":"publish","type":"page","link":"https:\/\/dezuivelarij.be\/fr\/asperges\/","title":{"rendered":"Asperges"},"content":{"rendered":"\n<figure class=\"wp-block-image size-full\"><img data-recalc-dims=\"1\" loading=\"lazy\" decoding=\"async\" width=\"1140\" height=\"641\" src=\"https:\/\/i0.wp.com\/dezuivelarij.be\/wp-content\/uploads\/2025\/11\/labneh-asperges-en-druiven-scaled.jpg?resize=1140%2C641&#038;ssl=1\" alt=\"\" class=\"wp-image-22117\" style=\"aspect-ratio:16\/9;object-fit:cover\" srcset=\"https:\/\/i0.wp.com\/dezuivelarij.be\/wp-content\/uploads\/2025\/11\/labneh-asperges-en-druiven-scaled.jpg?w=2560&amp;ssl=1 2560w, https:\/\/i0.wp.com\/dezuivelarij.be\/wp-content\/uploads\/2025\/11\/labneh-asperges-en-druiven-scaled.jpg?resize=300%2C169&amp;ssl=1 300w, https:\/\/i0.wp.com\/dezuivelarij.be\/wp-content\/uploads\/2025\/11\/labneh-asperges-en-druiven-scaled.jpg?resize=1024%2C576&amp;ssl=1 1024w, https:\/\/i0.wp.com\/dezuivelarij.be\/wp-content\/uploads\/2025\/11\/labneh-asperges-en-druiven-scaled.jpg?resize=768%2C432&amp;ssl=1 768w, https:\/\/i0.wp.com\/dezuivelarij.be\/wp-content\/uploads\/2025\/11\/labneh-asperges-en-druiven-scaled.jpg?resize=1536%2C864&amp;ssl=1 1536w, https:\/\/i0.wp.com\/dezuivelarij.be\/wp-content\/uploads\/2025\/11\/labneh-asperges-en-druiven-scaled.jpg?resize=2048%2C1152&amp;ssl=1 2048w, https:\/\/i0.wp.com\/dezuivelarij.be\/wp-content\/uploads\/2025\/11\/labneh-asperges-en-druiven-scaled.jpg?resize=600%2C338&amp;ssl=1 600w, https:\/\/i0.wp.com\/dezuivelarij.be\/wp-content\/uploads\/2025\/11\/labneh-asperges-en-druiven-scaled.jpg?resize=150%2C84&amp;ssl=1 150w, https:\/\/i0.wp.com\/dezuivelarij.be\/wp-content\/uploads\/2025\/11\/labneh-asperges-en-druiven-scaled.jpg?w=2280&amp;ssl=1 2280w\" sizes=\"auto, (max-width: 1140px) 100vw, 1140px\" \/><\/figure>\n\n<div style=\"height:40px\" aria-hidden=\"true\" class=\"wp-block-spacer\"><\/div>\n\n<h2 class=\"wp-block-heading\" id=\"h-labneh-met-asperges-druiven-en-dragon\">Labneh aux asperges, raisins et estragon<\/h2>\n\n<div style=\"height:40px\" aria-hidden=\"true\" class=\"wp-block-spacer\"><\/div>\n\n<p>\u00c9pluchez <strong>une botte d&rsquo;asperges vertes<\/strong> et coupez les bouts durs. Coupez en deux <strong>200 grammes de petits raisins blancs<\/strong>. Mettez \u00e0 cot\u00e9 <strong>une cuill\u00e8re \u00e0 soupe d&rsquo;estragon frais ou une cuill\u00e8re \u00e0 caf\u00e9 d&rsquo;estragon s\u00e9ch\u00e9<\/strong>. Faites revenir les asperges \u00e0 feu vif dans <strong>10 cl d&rsquo;huile d&rsquo;olive<\/strong>. Retirez les asperges de la po\u00eale et mettez-y les raisins, aussi \u00e0 feu vif. Faites frire bri\u00e8vement les raisins jusqu&rsquo;\u00e0 ce qu&rsquo;ils risquent de se briser. Ajoutez <strong>une bonne quantit\u00e9 de poivre noir grossi\u00e8rement moulu<\/strong>. Retirez du feu. Remettez les asperges dans la po\u00eale et m\u00e9langez le tout avec l&rsquo;estragon.        <\/p>\n\n<p>Dressez le labneh dans une belle assiette et faites un puits avec le c\u00f4t\u00e9 arrondi d&rsquo;une cuill\u00e8re \u00e0 soupe en tournant l&rsquo;assiette. Remplissez le puits d&rsquo;asperges et servez-le comme plat d&rsquo;accompagnement ou comme entr\u00e9e. <\/p>\n\n<div style=\"height:50px\" aria-hidden=\"true\" class=\"wp-block-spacer\"><\/div>\n\n<div class=\"wp-block-media-text is-stacked-on-mobile\"><figure class=\"wp-block-media-text__media\"><a href=\"https:\/\/i0.wp.com\/dezuivelarij.be\/wp-content\/uploads\/2024\/06\/viVie-druifjes-scaled-1-1024x576.jpg?ssl=1\"><img data-recalc-dims=\"1\" loading=\"lazy\" decoding=\"async\" width=\"1024\" height=\"576\" src=\"https:\/\/i0.wp.com\/dezuivelarij.be\/wp-content\/uploads\/2024\/06\/viVie-druifjes-scaled-1.jpg?resize=1024%2C576&#038;ssl=1\" alt=\"druiven, dragon, cacioricotta\" class=\"wp-image-9553 size-full\" srcset=\"https:\/\/i0.wp.com\/dezuivelarij.be\/wp-content\/uploads\/2024\/06\/viVie-druifjes-scaled-1.jpg?resize=1024%2C576&amp;ssl=1 1024w, https:\/\/i0.wp.com\/dezuivelarij.be\/wp-content\/uploads\/2024\/06\/viVie-druifjes-scaled-1.jpg?resize=300%2C169&amp;ssl=1 300w, https:\/\/i0.wp.com\/dezuivelarij.be\/wp-content\/uploads\/2024\/06\/viVie-druifjes-scaled-1.jpg?resize=768%2C432&amp;ssl=1 768w, https:\/\/i0.wp.com\/dezuivelarij.be\/wp-content\/uploads\/2024\/06\/viVie-druifjes-scaled-1.jpg?resize=1536%2C865&amp;ssl=1 1536w, https:\/\/i0.wp.com\/dezuivelarij.be\/wp-content\/uploads\/2024\/06\/viVie-druifjes-scaled-1.jpg?resize=2048%2C1153&amp;ssl=1 2048w, https:\/\/i0.wp.com\/dezuivelarij.be\/wp-content\/uploads\/2024\/06\/viVie-druifjes-scaled-1.jpg?resize=600%2C338&amp;ssl=1 600w, https:\/\/i0.wp.com\/dezuivelarij.be\/wp-content\/uploads\/2024\/06\/viVie-druifjes-scaled-1.jpg?resize=150%2C84&amp;ssl=1 150w, https:\/\/i0.wp.com\/dezuivelarij.be\/wp-content\/uploads\/2024\/06\/viVie-druifjes-scaled-1.jpg?w=2280&amp;ssl=1 2280w\" sizes=\"auto, (max-width: 1024px) 100vw, 1024px\" \/><\/a><\/figure><div class=\"wp-block-media-text__content\">\n<p>Les raisins, l&rsquo;estragon et l&rsquo;huile d&rsquo;olive sont une combinaison savoureuse que nous utilisons \u00e9galement dans <a href=\"https:\/\/dezuivelarij.be\/recepten-met-vivie\/\">cette salade avec notre cacioricotta<\/a>. Surtout s&rsquo;il s&rsquo;agit de raisins muscat aromatiques. <\/p>\n<\/div><\/div>\n\n<div style=\"height:100px\" aria-hidden=\"true\" class=\"wp-block-spacer\"><\/div>\n","protected":false},"excerpt":{"rendered":"<p>Labneh aux asperges, raisins et estragon \u00c9pluchez une botte d&rsquo;asperges vertes et coupez les bouts durs. Coupez en deux 200 grammes de petits raisins blancs. Mettez \u00e0 cot\u00e9 une cuill\u00e8re \u00e0 soupe d&rsquo;estragon frais ou une cuill\u00e8re \u00e0 caf\u00e9 d&rsquo;estragon s\u00e9ch\u00e9. Faites revenir les asperges \u00e0 feu vif dans 10 cl d&rsquo;huile d&rsquo;olive. Retirez les [&hellip;]<\/p>\n","protected":false},"author":1,"featured_media":22119,"parent":0,"menu_order":0,"comment_status":"closed","ping_status":"closed","template":"","meta":{"jetpack_post_was_ever_published":false,"footnotes":"","_wp_rev_ctl_limit":""},"categories":[],"tags":[],"class_list":["post-4406","page","type-page","status-publish","has-post-thumbnail","hentry"],"yoast_head":"<!-- This site is optimized with the Yoast SEO Premium plugin v27.5 (Yoast SEO v27.5) - https:\/\/yoast.com\/product\/yoast-seo-premium-wordpress\/ -->\n<title>Labneh aux asperges et estragon<\/title>\n<meta name=\"description\" content=\"Le labneh et les asperges sont une excellente combinaison, tant en termes de saveur que de saison. Les deux sortent de terre en m\u00eame temps et se marient \u00e0 merveille.\" \/>\n<meta name=\"robots\" content=\"index, follow, max-snippet:-1, max-image-preview:large, max-video-preview:-1\" \/>\n<link rel=\"canonical\" href=\"https:\/\/dezuivelarij.be\/fr\/asperges\/\" \/>\n<meta property=\"og:locale\" content=\"fr_FR\" \/>\n<meta property=\"og:type\" content=\"article\" \/>\n<meta property=\"og:title\" content=\"Asperges\" \/>\n<meta property=\"og:description\" content=\"Le labneh et les asperges sont une excellente combinaison, tant en termes de saveur que de saison. Les deux sortent de terre en m\u00eame temps et se marient \u00e0 merveille.\" \/>\n<meta property=\"og:url\" content=\"https:\/\/dezuivelarij.be\/fr\/asperges\/\" \/>\n<meta property=\"og:site_name\" content=\"De Zuivelarij\" \/>\n<meta property=\"article:publisher\" content=\"https:\/\/www.facebook.com\/DeZuivelarij\/\" \/>\n<meta property=\"article:modified_time\" content=\"2026-03-12T12:59:16+00:00\" \/>\n<meta property=\"og:image\" content=\"https:\/\/dezuivelarij.be\/wp-content\/uploads\/2025\/11\/labneh-asperges-en-druiven-scaled.jpg\" \/>\n\t<meta property=\"og:image:width\" content=\"2560\" \/>\n\t<meta property=\"og:image:height\" content=\"1440\" \/>\n\t<meta property=\"og:image:type\" content=\"image\/jpeg\" \/>\n<meta name=\"twitter:card\" content=\"summary_large_image\" \/>\n<meta name=\"twitter:label1\" content=\"Dur\u00e9e de lecture estim\u00e9e\" \/>\n\t<meta name=\"twitter:data1\" content=\"1 minute\" \/>\n<script type=\"application\/ld+json\" class=\"yoast-schema-graph\">{\"@context\":\"https:\\\/\\\/schema.org\",\"@graph\":[{\"@type\":\"WebPage\",\"@id\":\"https:\\\/\\\/dezuivelarij.be\\\/fr\\\/asperges\\\/\",\"url\":\"https:\\\/\\\/dezuivelarij.be\\\/fr\\\/asperges\\\/\",\"name\":\"Labneh aux asperges et estragon\",\"isPartOf\":{\"@id\":\"https:\\\/\\\/dezuivelarij.be\\\/fr\\\/#website\"},\"primaryImageOfPage\":{\"@id\":\"https:\\\/\\\/dezuivelarij.be\\\/fr\\\/asperges\\\/#primaryimage\"},\"image\":{\"@id\":\"https:\\\/\\\/dezuivelarij.be\\\/fr\\\/asperges\\\/#primaryimage\"},\"thumbnailUrl\":\"https:\\\/\\\/i0.wp.com\\\/dezuivelarij.be\\\/wp-content\\\/uploads\\\/2025\\\/11\\\/labneh-asperges-en-druiven-scaled.jpg?fit=2560%2C1440&ssl=1\",\"datePublished\":\"2024-03-30T14:32:17+00:00\",\"dateModified\":\"2026-03-12T12:59:16+00:00\",\"description\":\"Le labneh et les asperges sont une excellente combinaison, tant en termes de saveur que de saison. Les deux sortent de terre en m\u00eame temps et se marient \u00e0 merveille.\",\"breadcrumb\":{\"@id\":\"https:\\\/\\\/dezuivelarij.be\\\/fr\\\/asperges\\\/#breadcrumb\"},\"inLanguage\":\"fr-FR\",\"potentialAction\":[{\"@type\":\"ReadAction\",\"target\":[\"https:\\\/\\\/dezuivelarij.be\\\/fr\\\/asperges\\\/\"]}]},{\"@type\":\"ImageObject\",\"inLanguage\":\"fr-FR\",\"@id\":\"https:\\\/\\\/dezuivelarij.be\\\/fr\\\/asperges\\\/#primaryimage\",\"url\":\"https:\\\/\\\/i0.wp.com\\\/dezuivelarij.be\\\/wp-content\\\/uploads\\\/2025\\\/11\\\/labneh-asperges-en-druiven-scaled.jpg?fit=2560%2C1440&ssl=1\",\"contentUrl\":\"https:\\\/\\\/i0.wp.com\\\/dezuivelarij.be\\\/wp-content\\\/uploads\\\/2025\\\/11\\\/labneh-asperges-en-druiven-scaled.jpg?fit=2560%2C1440&ssl=1\",\"width\":2560,\"height\":1440,\"caption\":\"labneh asperges\"},{\"@type\":\"BreadcrumbList\",\"@id\":\"https:\\\/\\\/dezuivelarij.be\\\/fr\\\/asperges\\\/#breadcrumb\",\"itemListElement\":[{\"@type\":\"ListItem\",\"position\":1,\"name\":\"Home\",\"item\":\"https:\\\/\\\/dezuivelarij.be\\\/fr\\\/\"},{\"@type\":\"ListItem\",\"position\":2,\"name\":\"Asperges\"}]},{\"@type\":\"WebSite\",\"@id\":\"https:\\\/\\\/dezuivelarij.be\\\/fr\\\/#website\",\"url\":\"https:\\\/\\\/dezuivelarij.be\\\/fr\\\/\",\"name\":\"De Zuivelarij\",\"description\":\"Kaas met grillen\",\"publisher\":{\"@id\":\"https:\\\/\\\/dezuivelarij.be\\\/fr\\\/#organization\"},\"potentialAction\":[{\"@type\":\"SearchAction\",\"target\":{\"@type\":\"EntryPoint\",\"urlTemplate\":\"https:\\\/\\\/dezuivelarij.be\\\/fr\\\/?s={search_term_string}\"},\"query-input\":{\"@type\":\"PropertyValueSpecification\",\"valueRequired\":true,\"valueName\":\"search_term_string\"}}],\"inLanguage\":\"fr-FR\"},{\"@type\":[\"Organization\",\"Place\"],\"@id\":\"https:\\\/\\\/dezuivelarij.be\\\/fr\\\/#organization\",\"name\":\"De Zuivelarij\",\"alternateName\":\"De Zuivelarij BV\",\"url\":\"https:\\\/\\\/dezuivelarij.be\\\/fr\\\/\",\"logo\":{\"@id\":\"https:\\\/\\\/dezuivelarij.be\\\/fr\\\/asperges\\\/#local-main-organization-logo\"},\"image\":{\"@id\":\"https:\\\/\\\/dezuivelarij.be\\\/fr\\\/asperges\\\/#local-main-organization-logo\"},\"sameAs\":[\"https:\\\/\\\/www.facebook.com\\\/DeZuivelarij\\\/\",\"https:\\\/\\\/www.instagram.com\\\/de.zuivelarij\\\/\",\"https:\\\/\\\/nl.pinterest.com\\\/dezuivelarij\\\/\",\"https:\\\/\\\/www.youtube.com\\\/channel\\\/UCK_6xO0p1H4DXoMoW6fMUSw?view_as=subscriber\"],\"telephone\":[],\"openingHoursSpecification\":[{\"@type\":\"OpeningHoursSpecification\",\"dayOfWeek\":[\"Monday\",\"Tuesday\",\"Wednesday\",\"Thursday\",\"Friday\",\"Saturday\",\"Sunday\"],\"opens\":\"09:00\",\"closes\":\"17:00\"}]},{\"@type\":\"ImageObject\",\"inLanguage\":\"fr-FR\",\"@id\":\"https:\\\/\\\/dezuivelarij.be\\\/fr\\\/asperges\\\/#local-main-organization-logo\",\"url\":\"https:\\\/\\\/i0.wp.com\\\/dezuivelarij.be\\\/wp-content\\\/uploads\\\/2024\\\/11\\\/cropped-cropped-Zuivelarij-1.jpg?fit=96%2C96&ssl=1\",\"contentUrl\":\"https:\\\/\\\/i0.wp.com\\\/dezuivelarij.be\\\/wp-content\\\/uploads\\\/2024\\\/11\\\/cropped-cropped-Zuivelarij-1.jpg?fit=96%2C96&ssl=1\",\"width\":96,\"height\":96,\"caption\":\"De Zuivelarij\"}]}<\/script>\n<!-- \/ Yoast SEO Premium plugin. -->","yoast_head_json":{"title":"Labneh aux asperges et estragon","description":"Le labneh et les asperges sont une excellente combinaison, tant en termes de saveur que de saison. Les deux sortent de terre en m\u00eame temps et se marient \u00e0 merveille.","robots":{"index":"index","follow":"follow","max-snippet":"max-snippet:-1","max-image-preview":"max-image-preview:large","max-video-preview":"max-video-preview:-1"},"canonical":"https:\/\/dezuivelarij.be\/fr\/asperges\/","og_locale":"fr_FR","og_type":"article","og_title":"Asperges","og_description":"Le labneh et les asperges sont une excellente combinaison, tant en termes de saveur que de saison. Les deux sortent de terre en m\u00eame temps et se marient \u00e0 merveille.","og_url":"https:\/\/dezuivelarij.be\/fr\/asperges\/","og_site_name":"De Zuivelarij","article_publisher":"https:\/\/www.facebook.com\/DeZuivelarij\/","article_modified_time":"2026-03-12T12:59:16+00:00","og_image":[{"width":2560,"height":1440,"url":"https:\/\/dezuivelarij.be\/wp-content\/uploads\/2025\/11\/labneh-asperges-en-druiven-scaled.jpg","type":"image\/jpeg"}],"twitter_card":"summary_large_image","twitter_misc":{"Dur\u00e9e de lecture estim\u00e9e":"1 minute"},"schema":{"@context":"https:\/\/schema.org","@graph":[{"@type":"WebPage","@id":"https:\/\/dezuivelarij.be\/fr\/asperges\/","url":"https:\/\/dezuivelarij.be\/fr\/asperges\/","name":"Labneh aux asperges et estragon","isPartOf":{"@id":"https:\/\/dezuivelarij.be\/fr\/#website"},"primaryImageOfPage":{"@id":"https:\/\/dezuivelarij.be\/fr\/asperges\/#primaryimage"},"image":{"@id":"https:\/\/dezuivelarij.be\/fr\/asperges\/#primaryimage"},"thumbnailUrl":"https:\/\/i0.wp.com\/dezuivelarij.be\/wp-content\/uploads\/2025\/11\/labneh-asperges-en-druiven-scaled.jpg?fit=2560%2C1440&ssl=1","datePublished":"2024-03-30T14:32:17+00:00","dateModified":"2026-03-12T12:59:16+00:00","description":"Le labneh et les asperges sont une excellente combinaison, tant en termes de saveur que de saison. Les deux sortent de terre en m\u00eame temps et se marient \u00e0 merveille.","breadcrumb":{"@id":"https:\/\/dezuivelarij.be\/fr\/asperges\/#breadcrumb"},"inLanguage":"fr-FR","potentialAction":[{"@type":"ReadAction","target":["https:\/\/dezuivelarij.be\/fr\/asperges\/"]}]},{"@type":"ImageObject","inLanguage":"fr-FR","@id":"https:\/\/dezuivelarij.be\/fr\/asperges\/#primaryimage","url":"https:\/\/i0.wp.com\/dezuivelarij.be\/wp-content\/uploads\/2025\/11\/labneh-asperges-en-druiven-scaled.jpg?fit=2560%2C1440&ssl=1","contentUrl":"https:\/\/i0.wp.com\/dezuivelarij.be\/wp-content\/uploads\/2025\/11\/labneh-asperges-en-druiven-scaled.jpg?fit=2560%2C1440&ssl=1","width":2560,"height":1440,"caption":"labneh asperges"},{"@type":"BreadcrumbList","@id":"https:\/\/dezuivelarij.be\/fr\/asperges\/#breadcrumb","itemListElement":[{"@type":"ListItem","position":1,"name":"Home","item":"https:\/\/dezuivelarij.be\/fr\/"},{"@type":"ListItem","position":2,"name":"Asperges"}]},{"@type":"WebSite","@id":"https:\/\/dezuivelarij.be\/fr\/#website","url":"https:\/\/dezuivelarij.be\/fr\/","name":"De Zuivelarij","description":"Kaas met grillen","publisher":{"@id":"https:\/\/dezuivelarij.be\/fr\/#organization"},"potentialAction":[{"@type":"SearchAction","target":{"@type":"EntryPoint","urlTemplate":"https:\/\/dezuivelarij.be\/fr\/?s={search_term_string}"},"query-input":{"@type":"PropertyValueSpecification","valueRequired":true,"valueName":"search_term_string"}}],"inLanguage":"fr-FR"},{"@type":["Organization","Place"],"@id":"https:\/\/dezuivelarij.be\/fr\/#organization","name":"De Zuivelarij","alternateName":"De Zuivelarij BV","url":"https:\/\/dezuivelarij.be\/fr\/","logo":{"@id":"https:\/\/dezuivelarij.be\/fr\/asperges\/#local-main-organization-logo"},"image":{"@id":"https:\/\/dezuivelarij.be\/fr\/asperges\/#local-main-organization-logo"},"sameAs":["https:\/\/www.facebook.com\/DeZuivelarij\/","https:\/\/www.instagram.com\/de.zuivelarij\/","https:\/\/nl.pinterest.com\/dezuivelarij\/","https:\/\/www.youtube.com\/channel\/UCK_6xO0p1H4DXoMoW6fMUSw?view_as=subscriber"],"telephone":[],"openingHoursSpecification":[{"@type":"OpeningHoursSpecification","dayOfWeek":["Monday","Tuesday","Wednesday","Thursday","Friday","Saturday","Sunday"],"opens":"09:00","closes":"17:00"}]},{"@type":"ImageObject","inLanguage":"fr-FR","@id":"https:\/\/dezuivelarij.be\/fr\/asperges\/#local-main-organization-logo","url":"https:\/\/i0.wp.com\/dezuivelarij.be\/wp-content\/uploads\/2024\/11\/cropped-cropped-Zuivelarij-1.jpg?fit=96%2C96&ssl=1","contentUrl":"https:\/\/i0.wp.com\/dezuivelarij.be\/wp-content\/uploads\/2024\/11\/cropped-cropped-Zuivelarij-1.jpg?fit=96%2C96&ssl=1","width":96,"height":96,"caption":"De Zuivelarij"}]}},"jetpack_sharing_enabled":true,"jetpack_likes_enabled":true,"jetpack-related-posts":[{"id":18589,"url":"https:\/\/dezuivelarij.be\/fr\/paneer-in-groene-curry\/","url_meta":{"origin":4406,"position":0},"title":"Paneer au curry vert","author":"De Zuivelarij","date":"avril 9, 2025","format":false,"excerpt":"Ce paneer au curry vert avec des asperges est un repas v\u00e9g\u00e9tarien complet pour deux personnes. Faites cuire un peu de riz en guise de garniture. Paneer au curry vert Coupez un paquet de paneer en cubes d'environ deux centim\u00e8tres sur deux. Faites frire les cubes de paneer dans une\u2026","rel":"","context":"Article similaire","block_context":{"text":"Article similaire","link":""},"img":{"alt_text":"","src":"https:\/\/i0.wp.com\/dezuivelarij.be\/wp-content\/uploads\/2025\/03\/20250330_112747.jpg?resize=350%2C200&ssl=1","width":350,"height":200,"srcset":"https:\/\/i0.wp.com\/dezuivelarij.be\/wp-content\/uploads\/2025\/03\/20250330_112747.jpg?resize=350%2C200&ssl=1 1x, https:\/\/i0.wp.com\/dezuivelarij.be\/wp-content\/uploads\/2025\/03\/20250330_112747.jpg?resize=525%2C300&ssl=1 1.5x, https:\/\/i0.wp.com\/dezuivelarij.be\/wp-content\/uploads\/2025\/03\/20250330_112747.jpg?resize=700%2C400&ssl=1 2x, https:\/\/i0.wp.com\/dezuivelarij.be\/wp-content\/uploads\/2025\/03\/20250330_112747.jpg?resize=1050%2C600&ssl=1 3x, https:\/\/i0.wp.com\/dezuivelarij.be\/wp-content\/uploads\/2025\/03\/20250330_112747.jpg?resize=1400%2C800&ssl=1 4x"},"classes":[]},{"id":23704,"url":"https:\/\/dezuivelarij.be\/fr\/recepten-met-vivie\/","url_meta":{"origin":4406,"position":1},"title":"Recettes avec viVie","author":"De Zuivelarij","date":"mars 12, 2026","format":false,"excerpt":"Cacioricotta aux raisins muscats et estragon Voil\u00e0 un classique lors de nos visites d'entreprises. Achetez de petits raisins de type muscat ou coupez-les en deux s'ils sont un peu plus gros. M\u00e9langez les raisins avec de l'estragon s\u00e9ch\u00e9 (et\/ou de l'estragon frais) et de l'huile d'olive de mani\u00e8re \u00e0 ce\u2026","rel":"","context":"Article similaire","block_context":{"text":"Article similaire","link":""},"img":{"alt_text":"","src":"https:\/\/i0.wp.com\/dezuivelarij.be\/wp-content\/uploads\/2021\/12\/vivie.jpg?fit=1200%2C721&ssl=1&resize=350%2C200","width":350,"height":200,"srcset":"https:\/\/i0.wp.com\/dezuivelarij.be\/wp-content\/uploads\/2021\/12\/vivie.jpg?fit=1200%2C721&ssl=1&resize=350%2C200 1x, https:\/\/i0.wp.com\/dezuivelarij.be\/wp-content\/uploads\/2021\/12\/vivie.jpg?fit=1200%2C721&ssl=1&resize=525%2C300 1.5x, https:\/\/i0.wp.com\/dezuivelarij.be\/wp-content\/uploads\/2021\/12\/vivie.jpg?fit=1200%2C721&ssl=1&resize=700%2C400 2x, https:\/\/i0.wp.com\/dezuivelarij.be\/wp-content\/uploads\/2021\/12\/vivie.jpg?fit=1200%2C721&ssl=1&resize=1050%2C600 3x"},"classes":[]},{"id":17373,"url":"https:\/\/dezuivelarij.be\/fr\/asperges-berloumi-barbecue\/","url_meta":{"origin":4406,"position":2},"title":"Berloumi et asperges au barbecue.","author":"De Zuivelarij","date":"juillet 1, 2024","format":false,"excerpt":"Les asperges sont peut-\u00eatre les plus d\u00e9licieuses lorsqu'elles sont grill\u00e9es au barbecue. Notre fromage \u00e0 griller Berloumi se pr\u00eate aussi parfaitement \u00e0 la grillade au barbecue. Nous avons servi le tout avec une gremolata croustillante \u00e0 base de citron, persil, ail et chapelure. Gremolata \u00e0 la chapelure Hachez finement 50\u2026","rel":"","context":"Dans &quot;Geen onderdeel van een categorie&quot;","block_context":{"text":"Geen onderdeel van een categorie","link":"https:\/\/dezuivelarij.be\/category\/geen-onderdeel-van-een-categorie\/"},"img":{"alt_text":"","src":"https:\/\/i0.wp.com\/berloumi.be\/wp-content\/uploads\/2020\/04\/20200412_195200-Groot-570x570.jpg?resize=350%2C200&ssl=1","width":350,"height":200,"srcset":"https:\/\/i0.wp.com\/berloumi.be\/wp-content\/uploads\/2020\/04\/20200412_195200-Groot-570x570.jpg?resize=350%2C200&ssl=1 1x, https:\/\/i0.wp.com\/berloumi.be\/wp-content\/uploads\/2020\/04\/20200412_195200-Groot-570x570.jpg?resize=525%2C300&ssl=1 1.5x"},"classes":[]},{"id":15508,"url":"https:\/\/dezuivelarij.be\/fr\/tiges-de-brocoli\/","url_meta":{"origin":4406,"position":3},"title":"Salade de pommes de terre aux tiges de brocoli, pesto de persil et pistache, asperges grill\u00e9es et Berloumi.","author":"De Zuivelarij","date":"f\u00e9vrier 18, 2020","format":false,"excerpt":"Cette recette contient quelques techniques sp\u00e9ciales. La r\u00e9cup\u00e9ration des tiges de brocoli pour en faire une salade croustillante. Le laisser refroidir des pommes de terre avec du vinaigre pour obtenir de belles pommes de terre solides dans une salade et le surprenant pesto de pistache et de persil. La salade\u2026","rel":"","context":"Dans &quot;Recettes&quot;","block_context":{"text":"Recettes","link":"https:\/\/dezuivelarij.be\/fr\/category\/recettes\/"},"img":{"alt_text":"vivie, ricotta, salade, caccioricotta","src":"https:\/\/i0.wp.com\/dezuivelarij.be\/wp-content\/uploads\/2018\/01\/DSC_0294-1-scaled.jpg?resize=350%2C200&ssl=1","width":350,"height":200,"srcset":"https:\/\/i0.wp.com\/dezuivelarij.be\/wp-content\/uploads\/2018\/01\/DSC_0294-1-scaled.jpg?resize=350%2C200&ssl=1 1x, https:\/\/i0.wp.com\/dezuivelarij.be\/wp-content\/uploads\/2018\/01\/DSC_0294-1-scaled.jpg?resize=525%2C300&ssl=1 1.5x, https:\/\/i0.wp.com\/dezuivelarij.be\/wp-content\/uploads\/2018\/01\/DSC_0294-1-scaled.jpg?resize=700%2C400&ssl=1 2x, https:\/\/i0.wp.com\/dezuivelarij.be\/wp-content\/uploads\/2018\/01\/DSC_0294-1-scaled.jpg?resize=1050%2C600&ssl=1 3x, https:\/\/i0.wp.com\/dezuivelarij.be\/wp-content\/uploads\/2018\/01\/DSC_0294-1-scaled.jpg?resize=1400%2C800&ssl=1 4x"},"classes":[]},{"id":23274,"url":"https:\/\/dezuivelarij.be\/fr\/labneh-druiven-balsamico\/","url_meta":{"origin":4406,"position":4},"title":"Labneh aux raisins grill\u00e9s et au vinaigre balsamique","author":"De Zuivelarij","date":"f\u00e9vrier 16, 2026","format":false,"excerpt":"Les raisins grill\u00e9s se marient parfaitement avec notre labneh frais et aigre, mais la grande surprise se cache dans les graines de fenouil. Avec son ar\u00f4me distinct, elles conf\u00e8rent \u00e0 l'assiette une saveur exotique exub\u00e9rante. Labneh aux raisins grill\u00e9s, balsamique et graines de fenouil Retirez de la grappe 500 grammes\u2026","rel":"","context":"Dans &quot;Non classifi\u00e9(e)&quot;","block_context":{"text":"Non classifi\u00e9(e)","link":"https:\/\/dezuivelarij.be\/fr\/category\/non-classifiee\/"},"img":{"alt_text":"labneh, raisins grill\u00e9s, balsamique","src":"https:\/\/i0.wp.com\/dezuivelarij.be\/wp-content\/uploads\/2025\/12\/labneh-druiven-vierkant.jpg?fit=1200%2C1200&ssl=1&resize=350%2C200","width":350,"height":200,"srcset":"https:\/\/i0.wp.com\/dezuivelarij.be\/wp-content\/uploads\/2025\/12\/labneh-druiven-vierkant.jpg?fit=1200%2C1200&ssl=1&resize=350%2C200 1x, https:\/\/i0.wp.com\/dezuivelarij.be\/wp-content\/uploads\/2025\/12\/labneh-druiven-vierkant.jpg?fit=1200%2C1200&ssl=1&resize=525%2C300 1.5x, https:\/\/i0.wp.com\/dezuivelarij.be\/wp-content\/uploads\/2025\/12\/labneh-druiven-vierkant.jpg?fit=1200%2C1200&ssl=1&resize=700%2C400 2x, https:\/\/i0.wp.com\/dezuivelarij.be\/wp-content\/uploads\/2025\/12\/labneh-druiven-vierkant.jpg?fit=1200%2C1200&ssl=1&resize=1050%2C600 3x"},"classes":[]},{"id":15519,"url":"https:\/\/dezuivelarij.be\/fr\/quinoa-salade\/","url_meta":{"origin":4406,"position":5},"title":"Salade de quinoa au chou-fleur r\u00e2p\u00e9","author":"De Zuivelarij","date":"f\u00e9vrier 27, 2020","format":false,"excerpt":"Salade de quinoa avec chou-fleur r\u00e2p\u00e9, pomme verte et Berloumi Cette salade de quinoa avec fromage grill\u00e9, chou-fleur r\u00e2p\u00e9, pommes vertes et persil est incroyablement d\u00e9licieuse. En combinaison avec notre Labneh frais et cr\u00e9meux et notre Berloumi saut\u00e9, elle est un festin de textures croquantes et douces. C'est sans aucun\u2026","rel":"","context":"Dans &quot;Non classifi\u00e9(e)&quot;","block_context":{"text":"Non classifi\u00e9(e)","link":"https:\/\/dezuivelarij.be\/fr\/category\/non-classifiee\/"},"img":{"alt_text":"","src":"https:\/\/i0.wp.com\/dezuivelarij.be\/wp-content\/uploads\/2025\/08\/Labneh-quinoa-salade-bloemkool.jpg?resize=350%2C200&ssl=1","width":350,"height":200,"srcset":"https:\/\/i0.wp.com\/dezuivelarij.be\/wp-content\/uploads\/2025\/08\/Labneh-quinoa-salade-bloemkool.jpg?resize=350%2C200&ssl=1 1x, https:\/\/i0.wp.com\/dezuivelarij.be\/wp-content\/uploads\/2025\/08\/Labneh-quinoa-salade-bloemkool.jpg?resize=525%2C300&ssl=1 1.5x, https:\/\/i0.wp.com\/dezuivelarij.be\/wp-content\/uploads\/2025\/08\/Labneh-quinoa-salade-bloemkool.jpg?resize=700%2C400&ssl=1 2x, https:\/\/i0.wp.com\/dezuivelarij.be\/wp-content\/uploads\/2025\/08\/Labneh-quinoa-salade-bloemkool.jpg?resize=1050%2C600&ssl=1 3x, https:\/\/i0.wp.com\/dezuivelarij.be\/wp-content\/uploads\/2025\/08\/Labneh-quinoa-salade-bloemkool.jpg?resize=1400%2C800&ssl=1 4x"},"classes":[]}],"_links":{"self":[{"href":"https:\/\/dezuivelarij.be\/fr\/wp-json\/wp\/v2\/pages\/4406","targetHints":{"allow":["GET"]}}],"collection":[{"href":"https:\/\/dezuivelarij.be\/fr\/wp-json\/wp\/v2\/pages"}],"about":[{"href":"https:\/\/dezuivelarij.be\/fr\/wp-json\/wp\/v2\/types\/page"}],"author":[{"embeddable":true,"href":"https:\/\/dezuivelarij.be\/fr\/wp-json\/wp\/v2\/users\/1"}],"replies":[{"embeddable":true,"href":"https:\/\/dezuivelarij.be\/fr\/wp-json\/wp\/v2\/comments?post=4406"}],"version-history":[{"count":3,"href":"https:\/\/dezuivelarij.be\/fr\/wp-json\/wp\/v2\/pages\/4406\/revisions"}],"predecessor-version":[{"id":23685,"href":"https:\/\/dezuivelarij.be\/fr\/wp-json\/wp\/v2\/pages\/4406\/revisions\/23685"}],"wp:featuredmedia":[{"embeddable":true,"href":"https:\/\/dezuivelarij.be\/fr\/wp-json\/wp\/v2\/media\/22119"}],"wp:attachment":[{"href":"https:\/\/dezuivelarij.be\/fr\/wp-json\/wp\/v2\/media?parent=4406"}],"wp:term":[{"taxonomy":"category","embeddable":true,"href":"https:\/\/dezuivelarij.be\/fr\/wp-json\/wp\/v2\/categories?post=4406"},{"taxonomy":"post_tag","embeddable":true,"href":"https:\/\/dezuivelarij.be\/fr\/wp-json\/wp\/v2\/tags?post=4406"}],"curies":[{"name":"wp","href":"https:\/\/api.w.org\/{rel}","templated":true}]}}