{"id":3305,"date":"2020-10-22T10:34:41","date_gmt":"2020-10-22T09:34:41","guid":{"rendered":"https:\/\/dezuivelarij.be\/ferme-de-fromage-de-chevre-t-leenhof\/"},"modified":"2022-09-27T13:01:20","modified_gmt":"2022-09-27T12:01:20","slug":"ferme-de-fromage-de-chevre-t-leenhof","status":"publish","type":"page","link":"https:\/\/dezuivelarij.be\/fr\/ferme-de-fromage-de-chevre-t-leenhof\/","title":{"rendered":"Reinhilde &amp; Marc"},"content":{"rendered":"\n<h1 class=\"wp-block-heading\" id=\"h-reinhilde-marc\">Reinhilde &amp; Marc<\/h1>\n\n<div class=\"wp-block-cover aligncenter is-light is-layout-flow wp-block-cover-is-layout-flow\"><span aria-hidden=\"true\" class=\"has-background-dim-30 wp-block-cover__gradient-background has-background-dim\"><\/span><img loading=\"lazy\" decoding=\"async\" width=\"640\" height=\"456\" class=\"wp-block-cover__image-background wp-image-3279\" alt=\"\" src=\"https:\/\/dezuivelarij.be\/wp-content\/uploads\/2020\/10\/leenhof-640x456.jpg\" data-object-fit=\"cover\"\/><div class=\"wp-block-cover__inner-container\"><\/div><\/div>\n\n<div style=\"height:50px\" aria-hidden=\"true\" class=\"wp-block-spacer\"><\/div>\n\n<div class=\"wp-block-columns is-layout-flex wp-container-core-columns-is-layout-9d6595d7 wp-block-columns-is-layout-flex\">\n<div class=\"wp-block-column is-layout-flow wp-block-column-is-layout-flow\" style=\"flex-basis:15%\"><\/div>\n\n\n\n<div class=\"wp-block-column is-layout-flow wp-block-column-is-layout-flow\">\n<p class=\"has-normal-font-size\">Dans notre <a href=\"https:\/\/dezuivelarij.be\/?lang=fr\">laiterie<\/a>, nous attachons une grande importance \u00e0 une bonne relation avec nos agriculteurs. Vous y rencontrerez Reinhilde et Marc, des agriculteurs locaux travaillant de mani\u00e8re \u00e9cologique. Nous utilisons le lait fourni par les agriculteurs Annick et Koen pour nos produits uniques.<\/p>\n\n\n\n<p class=\"has-normal-font-size\"><a href=\"https:\/\/dezuivelarij.be\/?lang=fr\">De Zuivelarij<\/a> croit en la cha\u00eene courte et, avec Reinhilde et Marc, nous assurons un lien solide entre les agriculteurs, les produits et les consommateurs. Mais nous ne croyons pas \u00e0 une production trop petite, une ferme d\u2019une certaine \u00e9chelle est important pour nous. C&rsquo;est ainsi que nous cr\u00e9ons nos produits laitiers de mani\u00e8re \u00e9cologique et s\u00fbre pour les aliments.<\/p>\n<\/div>\n\n\n\n<div class=\"wp-block-column is-layout-flow wp-block-column-is-layout-flow\" style=\"flex-basis:15%\"><\/div>\n<\/div>\n\n<p class=\"has-text-align-right has-normal-font-size\"><sub>Cette interview a \u00e9t\u00e9 \u00e9crite par Jana Derweduwen et Lucas Jacobs<\/sub> <\/p>\n\n<p class=\"has-text-align-right has-normal-font-size\"><sub>\u00c9tudiants en emploi \u00e9t\u00e9 2020<\/sub><\/p>\n\n<div style=\"height:50px\" aria-hidden=\"true\" class=\"wp-block-spacer\"><\/div>\n\n<p class=\"has-normal-font-size\"><em><strong>Combien d\u2019animaux avez-vous ?<\/strong><\/em><\/p>\n\n<p class=\"has-text-align-left has-normal-font-size\">\u00ab Dans notre ferme, nous avons 65 vaches et environ 200 ch\u00e8vres \u00e0 traire. Le lait de vache va \u00e0 la laiterie, le lait de ch\u00e8vre cru est transform\u00e9 de mani\u00e8re traditionnelle dans la ferme m\u00eame en toutes sortes de fromages de ch\u00e8vre frais\u00a0\u00bb.<\/p>\n\n<div style=\"height:20px\" aria-hidden=\"true\" class=\"wp-block-spacer\"><\/div>\n\n<p class=\"has-normal-font-size\"><em><strong>Combien d\u2019heures par jour travaillez-vous \u00e0 la ferme?<\/strong><\/em><\/p>\n\n<p class=\"has-normal-font-size\">\u00ab C&rsquo;est une question difficile. Nous commen\u00e7ons g\u00e9n\u00e9ralement vers 7 heures et nous travaillons jusqu&rsquo;\u00e0 18 heures. Dans une ferme, il y a bien s\u00fbr souvent du travail le soir, mais nous essayons de trouver du temps pour nos loisirs et nos amis\u00a0\u00bb.<\/p>\n\n<div style=\"height:40px\" aria-hidden=\"true\" class=\"wp-block-spacer\"><\/div>\n\n<blockquote class=\"wp-block-quote is-style-large is-layout-flow wp-block-quote-is-layout-flow\"><p>Cela ne veut pas dire que je n&rsquo;aime pas travailler dans la fabrication du fromage, mais il y a simplement plus de stress.<\/p><\/blockquote>\n\n<div style=\"height:41px\" aria-hidden=\"true\" class=\"wp-block-spacer\"><\/div>\n\n<div class=\"wp-block-columns is-layout-flex wp-container-core-columns-is-layout-9d6595d7 wp-block-columns-is-layout-flex\">\n<div class=\"wp-block-column is-layout-flow wp-block-column-is-layout-flow\">\n<figure class=\"wp-block-image size-full is-style-rounded\"><img loading=\"lazy\" decoding=\"async\" width=\"473\" height=\"484\" src=\"https:\/\/dezuivelarij.be\/wp-content\/uploads\/2020\/10\/leenhof4.jpg\" alt=\"\" class=\"wp-image-3287\" srcset=\"https:\/\/dezuivelarij.be\/wp-content\/uploads\/2020\/10\/leenhof4.jpg 473w, https:\/\/dezuivelarij.be\/wp-content\/uploads\/2020\/10\/leenhof4-293x300.jpg 293w\" sizes=\"auto, (max-width: 473px) 100vw, 473px\" \/><\/figure>\n<\/div>\n\n\n\n<div class=\"wp-block-column is-layout-flow wp-block-column-is-layout-flow\"><\/div>\n<\/div>\n\n<div style=\"height:40px\" aria-hidden=\"true\" class=\"wp-block-spacer\"><\/div>\n\n<p class=\"has-normal-font-size\"><em><strong>Quel est votre travail pr\u00e9f\u00e9r\u00e9 \u00e0 la ferme?<\/strong><\/em><\/p>\n\n<p class=\"has-normal-font-size\">\u00ab\u00a0En gros, tout ce qui est en dehors du travail, peu importe quoi. Cela ne veut pas dire que je n&rsquo;aime pas travailler dans la fabrication du fromage, mais il y a simplement plus de stress.\u00a0\u00bb<\/p>\n\n<div style=\"height:20px\" aria-hidden=\"true\" class=\"wp-block-spacer\"><\/div>\n\n<p class=\"has-normal-font-size\"><em><strong>Quels beaux moments suivez-vous ?<\/strong><\/em><\/p>\n\n<p class=\"has-normal-font-size\">\u00ab\u00a0Je dois y r\u00e9fl\u00e9chir pendant un moment. La premi\u00e8re chose qui me vient \u00e0 l&rsquo;esprit est le moment o\u00f9 les ch\u00e8vres ont pu s&rsquo;installer dans leur nouvel enclos. Avant cela, ils \u00e9taient dans un espace trop petit et pas vraiment adapt\u00e9 aux ch\u00e8vres. Deuxi\u00e8mement, nous avons achet\u00e9 un robot de traite, de sorte que les vaches sont maintenant traites ind\u00e9pendamment. De cette fa\u00e7on, nous avons un peu plus de temps libre.\u00a0\u00bb<\/p>\n\n<div style=\"height:20px\" aria-hidden=\"true\" class=\"wp-block-spacer\"><\/div>\n\n<p class=\"has-normal-font-size\"><em><strong>La <a href=\"https:\/\/dezuivelarij.be\">Laiterie<\/a> attache une grande importance \u00e0 la durabilit\u00e9. comment g\u00e9rez-vous cela \u00e0 la ferme?<\/strong><\/em><\/p>\n\n<p class=\"has-normal-font-size\">\u00ab\u00a0La plupart des aliments destin\u00e9s \u00e0 nos animaux sont cultiv\u00e9s sur notre propre exploitation. Ce que nous devons encore acheter en alimentation animale b\u00e9n\u00e9ficie d&rsquo;un label europ\u00e9en durable, ce qui r\u00e9duit notre empreinte carbone.\u00a0\u00bb<\/p>\n\n<div style=\"height:20px\" aria-hidden=\"true\" class=\"wp-block-spacer\"><\/div>\n\n<p class=\"has-normal-font-size\"><em><strong>Que pensez-vous des produits de De Zuivelarij ?<\/strong><\/em><\/p>\n\n<p class=\"has-normal-font-size\">\u00ab<a href=\"http:\/\/vivie.be\">Vivie<\/a> et <a href=\"http:\/\/berloumi.be\">Berloumi <\/a>ont \u00e9t\u00e9 mang\u00e9s plusieurs fois. Le berloumi est d\u00e9licieux dans une salade et nos enfants adorent la viVie\u00a0\u00bb.<\/p>\n\n<div style=\"height:20px\" aria-hidden=\"true\" class=\"wp-block-spacer\"><\/div>\n\n<p class=\"has-normal-font-size\"><em><strong>Comment vivez-vous la coop\u00e9ration avec De Zuivelarij ?<\/strong><\/em><\/p>\n\n<p class=\"has-normal-font-size\">\u00ab\u00a0Cela se passe bien ; nous avons parfois un peu de retard dans nos factures, mais sinon tout va bien !\u00a0\u00bb.<\/p>\n\n<div style=\"height:20px\" aria-hidden=\"true\" class=\"wp-block-spacer\"><\/div>\n\n<p class=\"has-normal-font-size\">\u00cates-vous curieux de conna\u00eetre d\u2019autres histoires de nos agriculteurs? Nous avons d&rsquo;autres interviews, apprenez \u00e0 conna\u00eetre nos agriculteurs sur <a href=\"https:\/\/dezuivelarij.be\/agriculteurs\/?lang=fr\">cette page<\/a>.<\/p>\n\n<div style=\"height:40px\" aria-hidden=\"true\" class=\"wp-block-spacer\"><\/div>\n\n<div class=\"wp-block-image is-style-rounded\"><figure class=\"aligncenter size-large\"><img loading=\"lazy\" decoding=\"async\" width=\"378\" height=\"516\" src=\"https:\/\/dezuivelarij.be\/wp-content\/uploads\/2020\/10\/leenhof6.jpg\" alt=\"\" class=\"wp-image-3291\" srcset=\"https:\/\/dezuivelarij.be\/wp-content\/uploads\/2020\/10\/leenhof6.jpg 378w, https:\/\/dezuivelarij.be\/wp-content\/uploads\/2020\/10\/leenhof6-220x300.jpg 220w\" sizes=\"auto, (max-width: 378px) 100vw, 378px\" \/><\/figure><\/div>\n\n<div style=\"height:100px\" aria-hidden=\"true\" class=\"wp-block-spacer\"><\/div>\n\n<p class=\"has-text-align-center has-normal-font-size\">Partagez cette page si vous aimez ?<\/p>\n\n<div style=\"height:100px\" aria-hidden=\"true\" class=\"wp-block-spacer\"><\/div>\n","protected":false},"excerpt":{"rendered":"<p>Reinhilde &amp; Marc Dans notre laiterie, nous attachons une grande importance \u00e0 une bonne relation avec nos agriculteurs. Vous y rencontrerez Reinhilde et Marc, des agriculteurs locaux travaillant de mani\u00e8re \u00e9cologique. Nous utilisons le lait fourni par les agriculteurs Annick et Koen pour nos produits uniques. De Zuivelarij croit en la cha\u00eene courte et, avec [&hellip;]<\/p>\n","protected":false},"author":1,"featured_media":0,"parent":0,"menu_order":0,"comment_status":"closed","ping_status":"closed","template":"","meta":{"jetpack_post_was_ever_published":false,"footnotes":"","_wp_rev_ctl_limit":""},"categories":[],"tags":[],"class_list":["post-3305","page","type-page","status-publish","hentry"],"yoast_head":"<!-- This site is optimized with the Yoast SEO Premium plugin v27.4 (Yoast SEO v27.4) - https:\/\/yoast.com\/product\/yoast-seo-premium-wordpress\/ -->\n<title>Reinhilde &amp; Marc - De Zuivelarij<\/title>\n<meta name=\"description\" content=\"Apprenez \u00e0 conna\u00eetre &#039;t Leenhof ! Dans cette interview, vous en saurez plus sur les agriculteurs locaux qui fournissent du lait \u00e0 la laiterie.\" \/>\n<meta name=\"robots\" content=\"index, follow, max-snippet:-1, max-image-preview:large, max-video-preview:-1\" \/>\n<link rel=\"canonical\" href=\"https:\/\/dezuivelarij.be\/fr\/ferme-de-fromage-de-chevre-t-leenhof\/\" \/>\n<meta property=\"og:locale\" content=\"fr_FR\" \/>\n<meta property=\"og:type\" content=\"article\" \/>\n<meta property=\"og:title\" content=\"Reinhilde &amp; Marc\" \/>\n<meta property=\"og:description\" content=\"Apprenez \u00e0 conna\u00eetre &#039;t Leenhof ! Dans cette interview, vous en saurez plus sur les agriculteurs locaux qui fournissent du lait \u00e0 la laiterie.\" \/>\n<meta property=\"og:url\" content=\"https:\/\/dezuivelarij.be\/fr\/ferme-de-fromage-de-chevre-t-leenhof\/\" \/>\n<meta property=\"og:site_name\" content=\"De Zuivelarij\" \/>\n<meta property=\"article:publisher\" content=\"https:\/\/www.facebook.com\/DeZuivelarij\/\" \/>\n<meta property=\"article:modified_time\" content=\"2022-09-27T12:01:20+00:00\" \/>\n<meta property=\"og:image\" content=\"https:\/\/dezuivelarij.be\/wp-content\/uploads\/2020\/10\/leenhof-640x456.jpg\" \/>\n<meta name=\"twitter:card\" content=\"summary_large_image\" \/>\n<meta name=\"twitter:label1\" content=\"Dur\u00e9e de lecture estim\u00e9e\" \/>\n\t<meta name=\"twitter:data1\" content=\"3 minutes\" \/>\n<script type=\"application\/ld+json\" class=\"yoast-schema-graph\">{\"@context\":\"https:\\\/\\\/schema.org\",\"@graph\":[{\"@type\":\"WebPage\",\"@id\":\"https:\\\/\\\/dezuivelarij.be\\\/fr\\\/ferme-de-fromage-de-chevre-t-leenhof\\\/\",\"url\":\"https:\\\/\\\/dezuivelarij.be\\\/fr\\\/ferme-de-fromage-de-chevre-t-leenhof\\\/\",\"name\":\"Reinhilde &amp; Marc - De Zuivelarij\",\"isPartOf\":{\"@id\":\"https:\\\/\\\/dezuivelarij.be\\\/fr\\\/#website\"},\"primaryImageOfPage\":{\"@id\":\"https:\\\/\\\/dezuivelarij.be\\\/fr\\\/ferme-de-fromage-de-chevre-t-leenhof\\\/#primaryimage\"},\"image\":{\"@id\":\"https:\\\/\\\/dezuivelarij.be\\\/fr\\\/ferme-de-fromage-de-chevre-t-leenhof\\\/#primaryimage\"},\"thumbnailUrl\":\"https:\\\/\\\/dezuivelarij.be\\\/wp-content\\\/uploads\\\/2020\\\/10\\\/leenhof-640x456.jpg\",\"datePublished\":\"2020-10-22T09:34:41+00:00\",\"dateModified\":\"2022-09-27T12:01:20+00:00\",\"description\":\"Apprenez \u00e0 conna\u00eetre 't Leenhof ! Dans cette interview, vous en saurez plus sur les agriculteurs locaux qui fournissent du lait \u00e0 la laiterie.\",\"breadcrumb\":{\"@id\":\"https:\\\/\\\/dezuivelarij.be\\\/fr\\\/ferme-de-fromage-de-chevre-t-leenhof\\\/#breadcrumb\"},\"inLanguage\":\"fr-FR\",\"potentialAction\":[{\"@type\":\"ReadAction\",\"target\":[\"https:\\\/\\\/dezuivelarij.be\\\/fr\\\/ferme-de-fromage-de-chevre-t-leenhof\\\/\"]}]},{\"@type\":\"ImageObject\",\"inLanguage\":\"fr-FR\",\"@id\":\"https:\\\/\\\/dezuivelarij.be\\\/fr\\\/ferme-de-fromage-de-chevre-t-leenhof\\\/#primaryimage\",\"url\":\"https:\\\/\\\/dezuivelarij.be\\\/wp-content\\\/uploads\\\/2020\\\/10\\\/leenhof-640x456.jpg\",\"contentUrl\":\"https:\\\/\\\/dezuivelarij.be\\\/wp-content\\\/uploads\\\/2020\\\/10\\\/leenhof-640x456.jpg\"},{\"@type\":\"BreadcrumbList\",\"@id\":\"https:\\\/\\\/dezuivelarij.be\\\/fr\\\/ferme-de-fromage-de-chevre-t-leenhof\\\/#breadcrumb\",\"itemListElement\":[{\"@type\":\"ListItem\",\"position\":1,\"name\":\"Home\",\"item\":\"https:\\\/\\\/dezuivelarij.be\\\/fr\\\/\"},{\"@type\":\"ListItem\",\"position\":2,\"name\":\"Reinhilde &amp; Marc\"}]},{\"@type\":\"WebSite\",\"@id\":\"https:\\\/\\\/dezuivelarij.be\\\/fr\\\/#website\",\"url\":\"https:\\\/\\\/dezuivelarij.be\\\/fr\\\/\",\"name\":\"De Zuivelarij\",\"description\":\"Kaas met grillen\",\"publisher\":{\"@id\":\"https:\\\/\\\/dezuivelarij.be\\\/fr\\\/#organization\"},\"potentialAction\":[{\"@type\":\"SearchAction\",\"target\":{\"@type\":\"EntryPoint\",\"urlTemplate\":\"https:\\\/\\\/dezuivelarij.be\\\/fr\\\/?s={search_term_string}\"},\"query-input\":{\"@type\":\"PropertyValueSpecification\",\"valueRequired\":true,\"valueName\":\"search_term_string\"}}],\"inLanguage\":\"fr-FR\"},{\"@type\":[\"Organization\",\"Place\"],\"@id\":\"https:\\\/\\\/dezuivelarij.be\\\/fr\\\/#organization\",\"name\":\"De Zuivelarij\",\"alternateName\":\"De Zuivelarij BV\",\"url\":\"https:\\\/\\\/dezuivelarij.be\\\/fr\\\/\",\"logo\":{\"@id\":\"https:\\\/\\\/dezuivelarij.be\\\/fr\\\/ferme-de-fromage-de-chevre-t-leenhof\\\/#local-main-organization-logo\"},\"image\":{\"@id\":\"https:\\\/\\\/dezuivelarij.be\\\/fr\\\/ferme-de-fromage-de-chevre-t-leenhof\\\/#local-main-organization-logo\"},\"sameAs\":[\"https:\\\/\\\/www.facebook.com\\\/DeZuivelarij\\\/\",\"https:\\\/\\\/www.instagram.com\\\/de.zuivelarij\\\/\",\"https:\\\/\\\/nl.pinterest.com\\\/dezuivelarij\\\/\",\"https:\\\/\\\/www.youtube.com\\\/channel\\\/UCK_6xO0p1H4DXoMoW6fMUSw?view_as=subscriber\"],\"telephone\":[],\"openingHoursSpecification\":[{\"@type\":\"OpeningHoursSpecification\",\"dayOfWeek\":[\"Monday\",\"Tuesday\",\"Wednesday\",\"Thursday\",\"Friday\",\"Saturday\",\"Sunday\"],\"opens\":\"09:00\",\"closes\":\"17:00\"}]},{\"@type\":\"ImageObject\",\"inLanguage\":\"fr-FR\",\"@id\":\"https:\\\/\\\/dezuivelarij.be\\\/fr\\\/ferme-de-fromage-de-chevre-t-leenhof\\\/#local-main-organization-logo\",\"url\":\"https:\\\/\\\/dezuivelarij.be\\\/wp-content\\\/uploads\\\/2024\\\/11\\\/cropped-cropped-Zuivelarij-1.jpg\",\"contentUrl\":\"https:\\\/\\\/dezuivelarij.be\\\/wp-content\\\/uploads\\\/2024\\\/11\\\/cropped-cropped-Zuivelarij-1.jpg\",\"width\":96,\"height\":96,\"caption\":\"De Zuivelarij\"}]}<\/script>\n<!-- \/ Yoast SEO Premium plugin. -->","yoast_head_json":{"title":"Reinhilde &amp; Marc - De Zuivelarij","description":"Apprenez \u00e0 conna\u00eetre 't Leenhof ! Dans cette interview, vous en saurez plus sur les agriculteurs locaux qui fournissent du lait \u00e0 la laiterie.","robots":{"index":"index","follow":"follow","max-snippet":"max-snippet:-1","max-image-preview":"max-image-preview:large","max-video-preview":"max-video-preview:-1"},"canonical":"https:\/\/dezuivelarij.be\/fr\/ferme-de-fromage-de-chevre-t-leenhof\/","og_locale":"fr_FR","og_type":"article","og_title":"Reinhilde &amp; Marc","og_description":"Apprenez \u00e0 conna\u00eetre 't Leenhof ! Dans cette interview, vous en saurez plus sur les agriculteurs locaux qui fournissent du lait \u00e0 la laiterie.","og_url":"https:\/\/dezuivelarij.be\/fr\/ferme-de-fromage-de-chevre-t-leenhof\/","og_site_name":"De Zuivelarij","article_publisher":"https:\/\/www.facebook.com\/DeZuivelarij\/","article_modified_time":"2022-09-27T12:01:20+00:00","og_image":[{"url":"https:\/\/dezuivelarij.be\/wp-content\/uploads\/2020\/10\/leenhof-640x456.jpg","type":"","width":"","height":""}],"twitter_card":"summary_large_image","twitter_misc":{"Dur\u00e9e de lecture estim\u00e9e":"3 minutes"},"schema":{"@context":"https:\/\/schema.org","@graph":[{"@type":"WebPage","@id":"https:\/\/dezuivelarij.be\/fr\/ferme-de-fromage-de-chevre-t-leenhof\/","url":"https:\/\/dezuivelarij.be\/fr\/ferme-de-fromage-de-chevre-t-leenhof\/","name":"Reinhilde &amp; Marc - De Zuivelarij","isPartOf":{"@id":"https:\/\/dezuivelarij.be\/fr\/#website"},"primaryImageOfPage":{"@id":"https:\/\/dezuivelarij.be\/fr\/ferme-de-fromage-de-chevre-t-leenhof\/#primaryimage"},"image":{"@id":"https:\/\/dezuivelarij.be\/fr\/ferme-de-fromage-de-chevre-t-leenhof\/#primaryimage"},"thumbnailUrl":"https:\/\/dezuivelarij.be\/wp-content\/uploads\/2020\/10\/leenhof-640x456.jpg","datePublished":"2020-10-22T09:34:41+00:00","dateModified":"2022-09-27T12:01:20+00:00","description":"Apprenez \u00e0 conna\u00eetre 't Leenhof ! Dans cette interview, vous en saurez plus sur les agriculteurs locaux qui fournissent du lait \u00e0 la laiterie.","breadcrumb":{"@id":"https:\/\/dezuivelarij.be\/fr\/ferme-de-fromage-de-chevre-t-leenhof\/#breadcrumb"},"inLanguage":"fr-FR","potentialAction":[{"@type":"ReadAction","target":["https:\/\/dezuivelarij.be\/fr\/ferme-de-fromage-de-chevre-t-leenhof\/"]}]},{"@type":"ImageObject","inLanguage":"fr-FR","@id":"https:\/\/dezuivelarij.be\/fr\/ferme-de-fromage-de-chevre-t-leenhof\/#primaryimage","url":"https:\/\/dezuivelarij.be\/wp-content\/uploads\/2020\/10\/leenhof-640x456.jpg","contentUrl":"https:\/\/dezuivelarij.be\/wp-content\/uploads\/2020\/10\/leenhof-640x456.jpg"},{"@type":"BreadcrumbList","@id":"https:\/\/dezuivelarij.be\/fr\/ferme-de-fromage-de-chevre-t-leenhof\/#breadcrumb","itemListElement":[{"@type":"ListItem","position":1,"name":"Home","item":"https:\/\/dezuivelarij.be\/fr\/"},{"@type":"ListItem","position":2,"name":"Reinhilde &amp; Marc"}]},{"@type":"WebSite","@id":"https:\/\/dezuivelarij.be\/fr\/#website","url":"https:\/\/dezuivelarij.be\/fr\/","name":"De Zuivelarij","description":"Kaas met grillen","publisher":{"@id":"https:\/\/dezuivelarij.be\/fr\/#organization"},"potentialAction":[{"@type":"SearchAction","target":{"@type":"EntryPoint","urlTemplate":"https:\/\/dezuivelarij.be\/fr\/?s={search_term_string}"},"query-input":{"@type":"PropertyValueSpecification","valueRequired":true,"valueName":"search_term_string"}}],"inLanguage":"fr-FR"},{"@type":["Organization","Place"],"@id":"https:\/\/dezuivelarij.be\/fr\/#organization","name":"De Zuivelarij","alternateName":"De Zuivelarij BV","url":"https:\/\/dezuivelarij.be\/fr\/","logo":{"@id":"https:\/\/dezuivelarij.be\/fr\/ferme-de-fromage-de-chevre-t-leenhof\/#local-main-organization-logo"},"image":{"@id":"https:\/\/dezuivelarij.be\/fr\/ferme-de-fromage-de-chevre-t-leenhof\/#local-main-organization-logo"},"sameAs":["https:\/\/www.facebook.com\/DeZuivelarij\/","https:\/\/www.instagram.com\/de.zuivelarij\/","https:\/\/nl.pinterest.com\/dezuivelarij\/","https:\/\/www.youtube.com\/channel\/UCK_6xO0p1H4DXoMoW6fMUSw?view_as=subscriber"],"telephone":[],"openingHoursSpecification":[{"@type":"OpeningHoursSpecification","dayOfWeek":["Monday","Tuesday","Wednesday","Thursday","Friday","Saturday","Sunday"],"opens":"09:00","closes":"17:00"}]},{"@type":"ImageObject","inLanguage":"fr-FR","@id":"https:\/\/dezuivelarij.be\/fr\/ferme-de-fromage-de-chevre-t-leenhof\/#local-main-organization-logo","url":"https:\/\/dezuivelarij.be\/wp-content\/uploads\/2024\/11\/cropped-cropped-Zuivelarij-1.jpg","contentUrl":"https:\/\/dezuivelarij.be\/wp-content\/uploads\/2024\/11\/cropped-cropped-Zuivelarij-1.jpg","width":96,"height":96,"caption":"De Zuivelarij"}]}},"jetpack_sharing_enabled":true,"jetpack_likes_enabled":true,"jetpack-related-posts":[{"id":3207,"url":"https:\/\/dezuivelarij.be\/geitenkaasboerderij-t-leenhof\/","url_meta":{"origin":3305,"position":0},"title":"Reinhilde &#038; Marc","author":"De Zuivelarij","date":"octobre 22, 2020","format":false,"excerpt":"Reinhilde & Marc In onze Zuivelarij hechten we veel belang aan een goede relatie met onze boeren. Hier ontmoet je Reinhilde en Marc, lokale boeren die op een ecologische manier werken. De melk die boeren Annick en Koen leveren, gebruiken we voor onze unieke producten. De Zuivelarij\u00a0gelooft in de korte\u2026","rel":"","context":"Article similaire","block_context":{"text":"Article similaire","link":""},"img":{"alt_text":"","src":"https:\/\/i0.wp.com\/dezuivelarij.be\/wp-content\/uploads\/2020\/10\/leenhof4.jpg?resize=350%2C200&ssl=1","width":350,"height":200},"classes":[]}],"_links":{"self":[{"href":"https:\/\/dezuivelarij.be\/fr\/wp-json\/wp\/v2\/pages\/3305","targetHints":{"allow":["GET"]}}],"collection":[{"href":"https:\/\/dezuivelarij.be\/fr\/wp-json\/wp\/v2\/pages"}],"about":[{"href":"https:\/\/dezuivelarij.be\/fr\/wp-json\/wp\/v2\/types\/page"}],"author":[{"embeddable":true,"href":"https:\/\/dezuivelarij.be\/fr\/wp-json\/wp\/v2\/users\/1"}],"replies":[{"embeddable":true,"href":"https:\/\/dezuivelarij.be\/fr\/wp-json\/wp\/v2\/comments?post=3305"}],"version-history":[{"count":5,"href":"https:\/\/dezuivelarij.be\/fr\/wp-json\/wp\/v2\/pages\/3305\/revisions"}],"predecessor-version":[{"id":5897,"href":"https:\/\/dezuivelarij.be\/fr\/wp-json\/wp\/v2\/pages\/3305\/revisions\/5897"}],"wp:attachment":[{"href":"https:\/\/dezuivelarij.be\/fr\/wp-json\/wp\/v2\/media?parent=3305"}],"wp:term":[{"taxonomy":"category","embeddable":true,"href":"https:\/\/dezuivelarij.be\/fr\/wp-json\/wp\/v2\/categories?post=3305"},{"taxonomy":"post_tag","embeddable":true,"href":"https:\/\/dezuivelarij.be\/fr\/wp-json\/wp\/v2\/tags?post=3305"}],"curies":[{"name":"wp","href":"https:\/\/api.w.org\/{rel}","templated":true}]}}