{"id":22441,"date":"2025-12-02T10:54:19","date_gmt":"2025-12-02T09:54:19","guid":{"rendered":"https:\/\/dezuivelarij.be\/ricotta-kopen\/"},"modified":"2026-01-22T10:56:18","modified_gmt":"2026-01-22T09:56:18","slug":"ricotta-kopen","status":"publish","type":"page","link":"https:\/\/dezuivelarij.be\/fr\/ricotta-kopen\/","title":{"rendered":"Acheter de la ricotta"},"content":{"rendered":"\n<div class=\"wp-block-columns is-layout-flex wp-container-core-columns-is-layout-9d6595d7 wp-block-columns-is-layout-flex\">\n<div class=\"wp-block-column is-layout-flow wp-block-column-is-layout-flow\" style=\"flex-basis:50%\"><div class=\"wp-block-image\">\n<figure class=\"aligncenter size-large is-resized\"><img loading=\"lazy\" decoding=\"async\" width=\"1024\" height=\"683\" src=\"https:\/\/dezuivelarij.be\/wp-content\/uploads\/2025\/12\/ZUIVELARIJ_PS_RICOTTA-040-1024x683.png\" alt=\"acheter de la ricotta\" class=\"wp-image-22422\" style=\"aspect-ratio:1;object-fit:cover;width:400px\" srcset=\"https:\/\/dezuivelarij.be\/wp-content\/uploads\/2025\/12\/ZUIVELARIJ_PS_RICOTTA-040-1024x683.png 1024w, https:\/\/dezuivelarij.be\/wp-content\/uploads\/2025\/12\/ZUIVELARIJ_PS_RICOTTA-040-300x200.png 300w, https:\/\/dezuivelarij.be\/wp-content\/uploads\/2025\/12\/ZUIVELARIJ_PS_RICOTTA-040-768x512.png 768w, https:\/\/dezuivelarij.be\/wp-content\/uploads\/2025\/12\/ZUIVELARIJ_PS_RICOTTA-040-1536x1024.png 1536w\" sizes=\"auto, (max-width: 1024px) 100vw, 1024px\" \/><\/figure>\n<\/div><\/div>\n\n\n\n<div class=\"wp-block-column is-layout-flow wp-block-column-is-layout-flow\" style=\"flex-basis:50%\">\n<figure class=\"wp-block-image size-large is-resized\"><img loading=\"lazy\" decoding=\"async\" width=\"1024\" height=\"683\" src=\"https:\/\/dezuivelarij.be\/wp-content\/uploads\/2025\/12\/ZUIVELARIJ_PS_RICOTTA-BIO-042-1024x683.png\" alt=\"acheter ricotta bio\" class=\"wp-image-22427\" style=\"aspect-ratio:1;object-fit:cover;width:400px\" srcset=\"https:\/\/dezuivelarij.be\/wp-content\/uploads\/2025\/12\/ZUIVELARIJ_PS_RICOTTA-BIO-042-1024x683.png 1024w, https:\/\/dezuivelarij.be\/wp-content\/uploads\/2025\/12\/ZUIVELARIJ_PS_RICOTTA-BIO-042-300x200.png 300w, https:\/\/dezuivelarij.be\/wp-content\/uploads\/2025\/12\/ZUIVELARIJ_PS_RICOTTA-BIO-042-768x512.png 768w, https:\/\/dezuivelarij.be\/wp-content\/uploads\/2025\/12\/ZUIVELARIJ_PS_RICOTTA-BIO-042-1536x1024.png 1536w\" sizes=\"auto, (max-width: 1024px) 100vw, 1024px\" \/><\/figure>\n<\/div>\n<\/div>\n\n<h2 class=\"wp-block-heading\" id=\"h-onze-ricotta-kopen\">Acheter notre ricotta<\/h2>\n\n<p>Vous pouvez acheter <strong>la Ricotta de Berloumi <\/strong>de notre <a href=\"\/\">laiterie, De Zuivelarij<\/a> entre autres chez <a href=\"https:\/\/www.mijnspar.be\/\">Spar Colruyt Group<\/a> et dans les magasins d&rsquo;alimentation locale. Notre ricotta biologique est aussi disponible dans de nombreux magasins bio. <\/p>\n\n<p>Ci-dessous vous trouvez la pluparts des points de vente. Nous avons \u00e9galement <strong>toujours <\/strong>de la ricotta fra\u00eeche dans notre propre magasin d&rsquo;entreprise \u00e0 Berlare. <\/p>\n\n<div style=\"height:60px\" aria-hidden=\"true\" class=\"wp-block-spacer\"><\/div>\n\n<style>\r\n\t#wpsl-stores .wpsl-store-thumb {height:45px !important; width:45px !important;}\r\n\t#wpsl-stores, #wpsl-direction-details, #wpsl-gmap {height:350px !important;}\r\n\t#wpsl-gmap .wpsl-info-window {max-width:225px !important;}\r\n\t.wpsl-input label, #wpsl-radius label, #wpsl-category label {width:95px;}\r\n\t#wpsl-search-input ,#wpsl-category .wpsl-dropdown {width:179px;}\r\n<\/style>\r\n<div id=\"wpsl-wrap\">\r\n\t<div class=\"wpsl-search wpsl-clearfix wpsl-filter\">\r\n\t\t<div id=\"wpsl-search-wrap\">\r\n\t\t\t<form autocomplete=\"off\">\r\n\t\t\t<div class=\"wpsl-input\">\r\n\t\t\t\t<div><label for=\"wpsl-search-input\">Votre emplacement<\/label><\/div>\r\n\t\t\t\t<input id=\"wpsl-search-input\" type=\"text\" value=\"\" name=\"wpsl-search-input\" placeholder=\"\" aria-required=\"true\" \/>\r\n\t\t\t<\/div>\r\n\t\t\t<div class=\"wpsl-select-wrap\">\r\n\t\t\t\t<div id=\"wpsl-radius\">\r\n\t\t\t\t\t<label for=\"wpsl-radius-dropdown\">P\u00e9rim\u00e8tre de recherche<\/label>\r\n\t\t\t\t\t<select id=\"wpsl-radius-dropdown\" class=\"wpsl-dropdown\" name=\"wpsl-radius\">\r\n\t\t\t\t\t\t<option value=\"10\">10 km<\/option><option value=\"25\">25 km<\/option><option selected=\"selected\" value=\"50\">50 km<\/option><option value=\"100\">100 km<\/option><option value=\"200\">200 km<\/option><option value=\"500\">500 km<\/option>\r\n\t\t\t\t\t<\/select>\r\n\t\t\t\t<\/div>\r\n\t\t\t\t<div id=\"wpsl-results\">\r\n\t\t\t\t\t<label for=\"wpsl-results-dropdown\">R\u00e9sultats<\/label>\r\n\t\t\t\t\t<select id=\"wpsl-results-dropdown\" class=\"wpsl-dropdown\" name=\"wpsl-results\">\r\n\t\t\t\t\t\t<option selected=\"selected\" value=\"25\">25<\/option><option value=\"50\">50<\/option><option value=\"75\">75<\/option><option value=\"100\">100<\/option>\r\n\t\t\t\t\t<\/select>\r\n\t\t\t\t<\/div>\r\n\t\t\t<\/div>\r\n\t\t\t\t<div class=\"wpsl-search-btn-wrap\"><input id=\"wpsl-search-btn\" type=\"submit\" value=\"Rechercher\"><\/div>\r\n\t\t<\/form>\r\n\t\t<\/div>\r\n\t<\/div>\r\n\t<div id=\"wpsl-gmap\" class=\"wpsl-gmap-canvas\"><\/div>\r\n\t<div id=\"wpsl-result-list\">\r\n\t\t<div id=\"wpsl-stores\" >\r\n\t\t\t<ul><\/ul>\r\n\t\t<\/div>\r\n\t\t<div id=\"wpsl-direction-details\">\r\n\t\t\t<ul><\/ul>\r\n\t\t<\/div>\r\n\t<\/div>\r\n<\/div>\r\n\n\n<div style=\"height:100px\" aria-hidden=\"true\" class=\"wp-block-spacer\"><\/div>\n\n<div class=\"wp-block-buttons is-content-justification-center is-layout-flex wp-container-core-buttons-is-layout-16018d1d wp-block-buttons-is-layout-flex\">\n<div class=\"wp-block-button\"><a class=\"wp-block-button__link wp-element-button\" href=\"https:\/\/dezuivelarij.be\/ricotta-recepten\/\">Recettes<\/a><\/div>\n<\/div>\n\n<div style=\"height:100px\" aria-hidden=\"true\" class=\"wp-block-spacer\"><\/div>\n","protected":false},"excerpt":{"rendered":"<p>Acheter notre ricotta Vous pouvez acheter la Ricotta de Berloumi de notre laiterie, De Zuivelarij entre autres chez Spar Colruyt Group et dans les magasins d&rsquo;alimentation locale. Notre ricotta biologique est aussi disponible dans de nombreux magasins bio. Ci-dessous vous trouvez la pluparts des points de vente. Nous avons \u00e9galement toujours de la ricotta fra\u00eeche [&hellip;]<\/p>\n","protected":false},"author":1,"featured_media":22440,"parent":0,"menu_order":0,"comment_status":"closed","ping_status":"closed","template":"","meta":{"jetpack_post_was_ever_published":false,"footnotes":"","_wp_rev_ctl_limit":""},"categories":[],"tags":[],"class_list":["post-22441","page","type-page","status-publish","has-post-thumbnail","hentry"],"yoast_head":"<!-- This site is optimized with the Yoast SEO Premium plugin v27.3 (Yoast SEO v27.3) - https:\/\/yoast.com\/product\/yoast-seo-premium-wordpress\/ -->\n<title>Acheter ricotta<\/title>\n<meta name=\"description\" content=\"Acheter notre ricotta n&#039;est pas si facile. Pour nous, il s&#039;agit d&#039;un savoureux produit r\u00e9siduel. Vous trouverez ici les points de vente.\" \/>\n<meta name=\"robots\" content=\"index, follow, max-snippet:-1, max-image-preview:large, max-video-preview:-1\" \/>\n<link rel=\"canonical\" href=\"https:\/\/dezuivelarij.be\/fr\/ricotta-kopen\/\" \/>\n<meta property=\"og:locale\" content=\"fr_FR\" \/>\n<meta property=\"og:type\" content=\"article\" \/>\n<meta property=\"og:title\" content=\"Acheter de la ricotta\" \/>\n<meta property=\"og:description\" content=\"Acheter notre ricotta n&#039;est pas si facile. Pour nous, il s&#039;agit d&#039;un savoureux produit r\u00e9siduel. Vous trouverez ici les points de vente.\" \/>\n<meta property=\"og:url\" content=\"https:\/\/dezuivelarij.be\/fr\/ricotta-kopen\/\" \/>\n<meta property=\"og:site_name\" content=\"De Zuivelarij\" \/>\n<meta property=\"article:publisher\" content=\"https:\/\/www.facebook.com\/DeZuivelarij\/\" \/>\n<meta property=\"article:modified_time\" content=\"2026-01-22T09:56:18+00:00\" \/>\n<meta property=\"og:image\" content=\"https:\/\/i0.wp.com\/dezuivelarij.be\/wp-content\/uploads\/2025\/12\/ZUIVELARIJ_PS_RICOTTA-040-scaled.png?fit=2560%2C1707&ssl=1\" \/>\n\t<meta property=\"og:image:width\" content=\"2560\" \/>\n\t<meta property=\"og:image:height\" content=\"1707\" \/>\n\t<meta property=\"og:image:type\" content=\"image\/png\" \/>\n<meta name=\"twitter:card\" content=\"summary_large_image\" \/>\n<script type=\"application\/ld+json\" class=\"yoast-schema-graph\">{\"@context\":\"https:\\\/\\\/schema.org\",\"@graph\":[{\"@type\":\"WebPage\",\"@id\":\"https:\\\/\\\/dezuivelarij.be\\\/fr\\\/ricotta-kopen\\\/\",\"url\":\"https:\\\/\\\/dezuivelarij.be\\\/fr\\\/ricotta-kopen\\\/\",\"name\":\"Acheter ricotta\",\"isPartOf\":{\"@id\":\"https:\\\/\\\/dezuivelarij.be\\\/fr\\\/#website\"},\"primaryImageOfPage\":{\"@id\":\"https:\\\/\\\/dezuivelarij.be\\\/fr\\\/ricotta-kopen\\\/#primaryimage\"},\"image\":{\"@id\":\"https:\\\/\\\/dezuivelarij.be\\\/fr\\\/ricotta-kopen\\\/#primaryimage\"},\"thumbnailUrl\":\"https:\\\/\\\/dezuivelarij.be\\\/wp-content\\\/uploads\\\/2025\\\/12\\\/ZUIVELARIJ_PS_RICOTTA-040-scaled.png\",\"datePublished\":\"2025-12-02T09:54:19+00:00\",\"dateModified\":\"2026-01-22T09:56:18+00:00\",\"description\":\"Acheter notre ricotta n'est pas si facile. Pour nous, il s'agit d'un savoureux produit r\u00e9siduel. Vous trouverez ici les points de vente.\",\"breadcrumb\":{\"@id\":\"https:\\\/\\\/dezuivelarij.be\\\/fr\\\/ricotta-kopen\\\/#breadcrumb\"},\"inLanguage\":\"fr-FR\",\"potentialAction\":[{\"@type\":\"ReadAction\",\"target\":[\"https:\\\/\\\/dezuivelarij.be\\\/fr\\\/ricotta-kopen\\\/\"]}]},{\"@type\":\"ImageObject\",\"inLanguage\":\"fr-FR\",\"@id\":\"https:\\\/\\\/dezuivelarij.be\\\/fr\\\/ricotta-kopen\\\/#primaryimage\",\"url\":\"https:\\\/\\\/dezuivelarij.be\\\/wp-content\\\/uploads\\\/2025\\\/12\\\/ZUIVELARIJ_PS_RICOTTA-040-scaled.png\",\"contentUrl\":\"https:\\\/\\\/dezuivelarij.be\\\/wp-content\\\/uploads\\\/2025\\\/12\\\/ZUIVELARIJ_PS_RICOTTA-040-scaled.png\",\"width\":2560,\"height\":1707,\"caption\":\"Verse ricotta kaas voor heerlijke gerechten en desserts. Perfect voor het toevoegen van romigheid en smaak aan uw recepten.\"},{\"@type\":\"BreadcrumbList\",\"@id\":\"https:\\\/\\\/dezuivelarij.be\\\/fr\\\/ricotta-kopen\\\/#breadcrumb\",\"itemListElement\":[{\"@type\":\"ListItem\",\"position\":1,\"name\":\"Home\",\"item\":\"https:\\\/\\\/dezuivelarij.be\\\/fr\\\/\"},{\"@type\":\"ListItem\",\"position\":2,\"name\":\"Acheter de la ricotta\"}]},{\"@type\":\"WebSite\",\"@id\":\"https:\\\/\\\/dezuivelarij.be\\\/fr\\\/#website\",\"url\":\"https:\\\/\\\/dezuivelarij.be\\\/fr\\\/\",\"name\":\"De Zuivelarij\",\"description\":\"Kaas met grillen\",\"publisher\":{\"@id\":\"https:\\\/\\\/dezuivelarij.be\\\/fr\\\/#organization\"},\"potentialAction\":[{\"@type\":\"SearchAction\",\"target\":{\"@type\":\"EntryPoint\",\"urlTemplate\":\"https:\\\/\\\/dezuivelarij.be\\\/fr\\\/?s={search_term_string}\"},\"query-input\":{\"@type\":\"PropertyValueSpecification\",\"valueRequired\":true,\"valueName\":\"search_term_string\"}}],\"inLanguage\":\"fr-FR\"},{\"@type\":[\"Organization\",\"Place\"],\"@id\":\"https:\\\/\\\/dezuivelarij.be\\\/fr\\\/#organization\",\"name\":\"De Zuivelarij\",\"alternateName\":\"De Zuivelarij BV\",\"url\":\"https:\\\/\\\/dezuivelarij.be\\\/fr\\\/\",\"logo\":{\"@id\":\"https:\\\/\\\/dezuivelarij.be\\\/fr\\\/ricotta-kopen\\\/#local-main-organization-logo\"},\"image\":{\"@id\":\"https:\\\/\\\/dezuivelarij.be\\\/fr\\\/ricotta-kopen\\\/#local-main-organization-logo\"},\"sameAs\":[\"https:\\\/\\\/www.facebook.com\\\/DeZuivelarij\\\/\",\"https:\\\/\\\/www.instagram.com\\\/de.zuivelarij\\\/\",\"https:\\\/\\\/nl.pinterest.com\\\/dezuivelarij\\\/\",\"https:\\\/\\\/www.youtube.com\\\/channel\\\/UCK_6xO0p1H4DXoMoW6fMUSw?view_as=subscriber\"],\"telephone\":[],\"openingHoursSpecification\":[{\"@type\":\"OpeningHoursSpecification\",\"dayOfWeek\":[\"Monday\",\"Tuesday\",\"Wednesday\",\"Thursday\",\"Friday\",\"Saturday\",\"Sunday\"],\"opens\":\"09:00\",\"closes\":\"17:00\"}]},{\"@type\":\"ImageObject\",\"inLanguage\":\"fr-FR\",\"@id\":\"https:\\\/\\\/dezuivelarij.be\\\/fr\\\/ricotta-kopen\\\/#local-main-organization-logo\",\"url\":\"https:\\\/\\\/dezuivelarij.be\\\/wp-content\\\/uploads\\\/2024\\\/11\\\/cropped-cropped-Zuivelarij-1.jpg\",\"contentUrl\":\"https:\\\/\\\/dezuivelarij.be\\\/wp-content\\\/uploads\\\/2024\\\/11\\\/cropped-cropped-Zuivelarij-1.jpg\",\"width\":96,\"height\":96,\"caption\":\"De Zuivelarij\"}]}<\/script>\n<!-- \/ Yoast SEO Premium plugin. -->","yoast_head_json":{"title":"Acheter ricotta","description":"Acheter notre ricotta n'est pas si facile. Pour nous, il s'agit d'un savoureux produit r\u00e9siduel. Vous trouverez ici les points de vente.","robots":{"index":"index","follow":"follow","max-snippet":"max-snippet:-1","max-image-preview":"max-image-preview:large","max-video-preview":"max-video-preview:-1"},"canonical":"https:\/\/dezuivelarij.be\/fr\/ricotta-kopen\/","og_locale":"fr_FR","og_type":"article","og_title":"Acheter de la ricotta","og_description":"Acheter notre ricotta n'est pas si facile. Pour nous, il s'agit d'un savoureux produit r\u00e9siduel. Vous trouverez ici les points de vente.","og_url":"https:\/\/dezuivelarij.be\/fr\/ricotta-kopen\/","og_site_name":"De Zuivelarij","article_publisher":"https:\/\/www.facebook.com\/DeZuivelarij\/","article_modified_time":"2026-01-22T09:56:18+00:00","og_image":[{"width":2560,"height":1707,"url":"https:\/\/i0.wp.com\/dezuivelarij.be\/wp-content\/uploads\/2025\/12\/ZUIVELARIJ_PS_RICOTTA-040-scaled.png?fit=2560%2C1707&ssl=1","type":"image\/png"}],"twitter_card":"summary_large_image","schema":{"@context":"https:\/\/schema.org","@graph":[{"@type":"WebPage","@id":"https:\/\/dezuivelarij.be\/fr\/ricotta-kopen\/","url":"https:\/\/dezuivelarij.be\/fr\/ricotta-kopen\/","name":"Acheter ricotta","isPartOf":{"@id":"https:\/\/dezuivelarij.be\/fr\/#website"},"primaryImageOfPage":{"@id":"https:\/\/dezuivelarij.be\/fr\/ricotta-kopen\/#primaryimage"},"image":{"@id":"https:\/\/dezuivelarij.be\/fr\/ricotta-kopen\/#primaryimage"},"thumbnailUrl":"https:\/\/dezuivelarij.be\/wp-content\/uploads\/2025\/12\/ZUIVELARIJ_PS_RICOTTA-040-scaled.png","datePublished":"2025-12-02T09:54:19+00:00","dateModified":"2026-01-22T09:56:18+00:00","description":"Acheter notre ricotta n'est pas si facile. Pour nous, il s'agit d'un savoureux produit r\u00e9siduel. Vous trouverez ici les points de vente.","breadcrumb":{"@id":"https:\/\/dezuivelarij.be\/fr\/ricotta-kopen\/#breadcrumb"},"inLanguage":"fr-FR","potentialAction":[{"@type":"ReadAction","target":["https:\/\/dezuivelarij.be\/fr\/ricotta-kopen\/"]}]},{"@type":"ImageObject","inLanguage":"fr-FR","@id":"https:\/\/dezuivelarij.be\/fr\/ricotta-kopen\/#primaryimage","url":"https:\/\/dezuivelarij.be\/wp-content\/uploads\/2025\/12\/ZUIVELARIJ_PS_RICOTTA-040-scaled.png","contentUrl":"https:\/\/dezuivelarij.be\/wp-content\/uploads\/2025\/12\/ZUIVELARIJ_PS_RICOTTA-040-scaled.png","width":2560,"height":1707,"caption":"Verse ricotta kaas voor heerlijke gerechten en desserts. Perfect voor het toevoegen van romigheid en smaak aan uw recepten."},{"@type":"BreadcrumbList","@id":"https:\/\/dezuivelarij.be\/fr\/ricotta-kopen\/#breadcrumb","itemListElement":[{"@type":"ListItem","position":1,"name":"Home","item":"https:\/\/dezuivelarij.be\/fr\/"},{"@type":"ListItem","position":2,"name":"Acheter de la ricotta"}]},{"@type":"WebSite","@id":"https:\/\/dezuivelarij.be\/fr\/#website","url":"https:\/\/dezuivelarij.be\/fr\/","name":"De Zuivelarij","description":"Kaas met grillen","publisher":{"@id":"https:\/\/dezuivelarij.be\/fr\/#organization"},"potentialAction":[{"@type":"SearchAction","target":{"@type":"EntryPoint","urlTemplate":"https:\/\/dezuivelarij.be\/fr\/?s={search_term_string}"},"query-input":{"@type":"PropertyValueSpecification","valueRequired":true,"valueName":"search_term_string"}}],"inLanguage":"fr-FR"},{"@type":["Organization","Place"],"@id":"https:\/\/dezuivelarij.be\/fr\/#organization","name":"De Zuivelarij","alternateName":"De Zuivelarij BV","url":"https:\/\/dezuivelarij.be\/fr\/","logo":{"@id":"https:\/\/dezuivelarij.be\/fr\/ricotta-kopen\/#local-main-organization-logo"},"image":{"@id":"https:\/\/dezuivelarij.be\/fr\/ricotta-kopen\/#local-main-organization-logo"},"sameAs":["https:\/\/www.facebook.com\/DeZuivelarij\/","https:\/\/www.instagram.com\/de.zuivelarij\/","https:\/\/nl.pinterest.com\/dezuivelarij\/","https:\/\/www.youtube.com\/channel\/UCK_6xO0p1H4DXoMoW6fMUSw?view_as=subscriber"],"telephone":[],"openingHoursSpecification":[{"@type":"OpeningHoursSpecification","dayOfWeek":["Monday","Tuesday","Wednesday","Thursday","Friday","Saturday","Sunday"],"opens":"09:00","closes":"17:00"}]},{"@type":"ImageObject","inLanguage":"fr-FR","@id":"https:\/\/dezuivelarij.be\/fr\/ricotta-kopen\/#local-main-organization-logo","url":"https:\/\/dezuivelarij.be\/wp-content\/uploads\/2024\/11\/cropped-cropped-Zuivelarij-1.jpg","contentUrl":"https:\/\/dezuivelarij.be\/wp-content\/uploads\/2024\/11\/cropped-cropped-Zuivelarij-1.jpg","width":96,"height":96,"caption":"De Zuivelarij"}]}},"jetpack_sharing_enabled":true,"jetpack_likes_enabled":true,"jetpack-related-posts":[{"id":15505,"url":"https:\/\/dezuivelarij.be\/fr\/ricotta-de-berloumi\/","url_meta":{"origin":22441,"position":0},"title":"Ricotta de Berloumi","author":"De Zuivelarij","date":"f\u00e9vrier 11, 2020","format":false,"excerpt":"Si vous souhaitez d\u00e9couvrir l'Italie, notre ricotta est un bon point de d\u00e9part. La Ricotta de Berloumi que nous produisons dans notre laiterie, De Zuivelarij, est une v\u00e9ritable ricotta. Nous la fabriquons uniquement \u00e0 partir de lactos\u00e9rum de fromage. Ce petit-lait sucr\u00e9 nous reste apr\u00e8s la fabrication de notre Berloumi.\u2026","rel":"","context":"Dans &quot;Non classifi\u00e9(e)&quot;","block_context":{"text":"Non classifi\u00e9(e)","link":"https:\/\/dezuivelarij.be\/fr\/category\/non-classifiee\/"},"img":{"alt_text":"","src":"https:\/\/i0.wp.com\/dezuivelarij.be\/wp-content\/uploads\/2025\/04\/ZUIVELARIJ_PS_RICOTTA-039-Groot.png?resize=350%2C200&ssl=1","width":350,"height":200,"srcset":"https:\/\/i0.wp.com\/dezuivelarij.be\/wp-content\/uploads\/2025\/04\/ZUIVELARIJ_PS_RICOTTA-039-Groot.png?resize=350%2C200&ssl=1 1x, https:\/\/i0.wp.com\/dezuivelarij.be\/wp-content\/uploads\/2025\/04\/ZUIVELARIJ_PS_RICOTTA-039-Groot.png?resize=525%2C300&ssl=1 1.5x, https:\/\/i0.wp.com\/dezuivelarij.be\/wp-content\/uploads\/2025\/04\/ZUIVELARIJ_PS_RICOTTA-039-Groot.png?resize=700%2C400&ssl=1 2x, https:\/\/i0.wp.com\/dezuivelarij.be\/wp-content\/uploads\/2025\/04\/ZUIVELARIJ_PS_RICOTTA-039-Groot.png?resize=1050%2C600&ssl=1 3x, https:\/\/i0.wp.com\/dezuivelarij.be\/wp-content\/uploads\/2025\/04\/ZUIVELARIJ_PS_RICOTTA-039-Groot.png?resize=1400%2C800&ssl=1 4x"},"classes":[]},{"id":22101,"url":"https:\/\/dezuivelarij.be\/fr\/cannoli-kopen\/","url_meta":{"origin":22441,"position":1},"title":"Acheter des Cannoli","author":"De Zuivelarij","date":"novembre 19, 2025","format":false,"excerpt":"Nos cannoli sont disponibles dans des magasins de Delhaize et des magasins locaux en Flandre-Oriental. Nous livrons chaque vendredi. Ils ne restent bien croustillants que quelques jours. Par cons\u00e9quent, leur dur\u00e9e de conservation n'est que de cinq jours. Nos cannoli sont remplis \u00e0 la ricotta fra\u00eeche et ne sont pas\u2026","rel":"","context":"Article similaire","block_context":{"text":"Article similaire","link":""},"img":{"alt_text":"acheter cannoli, cannoli pistache","src":"https:\/\/i0.wp.com\/dezuivelarij.be\/wp-content\/uploads\/2025\/11\/ZUIVELARIJ_CANNOLI-PISTACHE-VERPAKKING-116-scaled.jpg?resize=350%2C200&ssl=1","width":350,"height":200,"srcset":"https:\/\/i0.wp.com\/dezuivelarij.be\/wp-content\/uploads\/2025\/11\/ZUIVELARIJ_CANNOLI-PISTACHE-VERPAKKING-116-scaled.jpg?resize=350%2C200&ssl=1 1x, https:\/\/i0.wp.com\/dezuivelarij.be\/wp-content\/uploads\/2025\/11\/ZUIVELARIJ_CANNOLI-PISTACHE-VERPAKKING-116-scaled.jpg?resize=525%2C300&ssl=1 1.5x, https:\/\/i0.wp.com\/dezuivelarij.be\/wp-content\/uploads\/2025\/11\/ZUIVELARIJ_CANNOLI-PISTACHE-VERPAKKING-116-scaled.jpg?resize=700%2C400&ssl=1 2x, https:\/\/i0.wp.com\/dezuivelarij.be\/wp-content\/uploads\/2025\/11\/ZUIVELARIJ_CANNOLI-PISTACHE-VERPAKKING-116-scaled.jpg?resize=1050%2C600&ssl=1 3x, https:\/\/i0.wp.com\/dezuivelarij.be\/wp-content\/uploads\/2025\/11\/ZUIVELARIJ_CANNOLI-PISTACHE-VERPAKKING-116-scaled.jpg?resize=1400%2C800&ssl=1 4x"},"classes":[]},{"id":15509,"url":"https:\/\/dezuivelarij.be\/fr\/pain-a-la-ricotta\/","url_meta":{"origin":22441,"position":2},"title":"Pain \u00e0 la ricotta avec olives noires et labneh.","author":"De Zuivelarij","date":"f\u00e9vrier 19, 2020","format":false,"excerpt":"Faire cuire du pain est une affaire extr\u00eamement d\u00e9licate o\u00f9 le temps, la temp\u00e9rature et les actions sont tr\u00e8s importants. Il s\u2019agit d\u2019une recette de base pour un pain \u00e0 la ricotta. Si vous voulez comprendre le pain compl\u00e8tement, vous devrez apprendre \u00e0 faire cuire du pain. Faire cuire du\u2026","rel":"","context":"Article similaire","block_context":{"text":"Article similaire","link":""},"img":{"alt_text":"pain \u00e0 la ricotta avec labneh","src":"https:\/\/i0.wp.com\/berloumi.be\/wp-content\/uploads\/2020\/01\/Ricottabrood-met-zwarte-olijven-en-labneh-1024x718.jpg?resize=350%2C200&ssl=1","width":350,"height":200,"srcset":"https:\/\/i0.wp.com\/berloumi.be\/wp-content\/uploads\/2020\/01\/Ricottabrood-met-zwarte-olijven-en-labneh-1024x718.jpg?resize=350%2C200&ssl=1 1x, https:\/\/i0.wp.com\/berloumi.be\/wp-content\/uploads\/2020\/01\/Ricottabrood-met-zwarte-olijven-en-labneh-1024x718.jpg?resize=525%2C300&ssl=1 1.5x, https:\/\/i0.wp.com\/berloumi.be\/wp-content\/uploads\/2020\/01\/Ricottabrood-met-zwarte-olijven-en-labneh-1024x718.jpg?resize=700%2C400&ssl=1 2x"},"classes":[]},{"id":22031,"url":"https:\/\/dezuivelarij.be\/fr\/cannoli\/","url_meta":{"origin":22441,"position":3},"title":"Cannoli","author":"De Zuivelarij","date":"novembre 16, 2025","format":false,"excerpt":"Berlare est parfois surnomm\u00e9e la Palerme du Nord, et ce n'est pas \u00e0 cause de sa longue histoire criminelle. Elle doit ce nom aux d\u00e9licieux cannoli frais qui y sont fabriqu\u00e9s. Ces petites p\u00e2tisseries de p\u00e2te frite et enrob\u00e9s de chocolat \u00e0 l'int\u00e9rieur sont originaires de Sicile. Elles sont remplies\u2026","rel":"","context":"Article similaire","block_context":{"text":"Article similaire","link":""},"img":{"alt_text":"Cannoli met ricotta en pistachenoten, geserveerd met koffie.","src":"https:\/\/i0.wp.com\/dezuivelarij.be\/wp-content\/uploads\/2025\/10\/Cannoli-groen-2.jpg?resize=350%2C200&ssl=1","width":350,"height":200,"srcset":"https:\/\/i0.wp.com\/dezuivelarij.be\/wp-content\/uploads\/2025\/10\/Cannoli-groen-2.jpg?resize=350%2C200&ssl=1 1x, https:\/\/i0.wp.com\/dezuivelarij.be\/wp-content\/uploads\/2025\/10\/Cannoli-groen-2.jpg?resize=525%2C300&ssl=1 1.5x, https:\/\/i0.wp.com\/dezuivelarij.be\/wp-content\/uploads\/2025\/10\/Cannoli-groen-2.jpg?resize=700%2C400&ssl=1 2x, https:\/\/i0.wp.com\/dezuivelarij.be\/wp-content\/uploads\/2025\/10\/Cannoli-groen-2.jpg?resize=1050%2C600&ssl=1 3x, https:\/\/i0.wp.com\/dezuivelarij.be\/wp-content\/uploads\/2025\/10\/Cannoli-groen-2.jpg?resize=1400%2C800&ssl=1 4x"},"classes":[]},{"id":12398,"url":"https:\/\/dezuivelarij.be\/fr\/kaastaart\/","url_meta":{"origin":22441,"position":4},"title":"G\u00e2teau \u00e0 la ricotta","author":"De Zuivelarij","date":"d\u00e9cembre 14, 2020","format":false,"excerpt":"G\u00e2teaux \u00e0 la ricotta et au labneh Dans cette tarte \u00e0 la Ricotta de Berloumi, vous trouverez \u00e9galement un autre excellent produit de notre laiterie, De Zuivelarij. Notre Labneh rend cette g\u00e2teaux au fromage d'autant plus frais et cr\u00e9meux. Sur le plan aromatique, la recette est plut\u00f4t simple : nous\u2026","rel":"","context":"Article similaire","block_context":{"text":"Article similaire","link":""},"img":{"alt_text":"","src":"https:\/\/i0.wp.com\/dezuivelarij.be\/wp-content\/uploads\/2025\/08\/Ricotta-cheesecake-met-labneh-en-mandarijn-scaled.jpg?resize=350%2C200&ssl=1","width":350,"height":200,"srcset":"https:\/\/i0.wp.com\/dezuivelarij.be\/wp-content\/uploads\/2025\/08\/Ricotta-cheesecake-met-labneh-en-mandarijn-scaled.jpg?resize=350%2C200&ssl=1 1x, https:\/\/i0.wp.com\/dezuivelarij.be\/wp-content\/uploads\/2025\/08\/Ricotta-cheesecake-met-labneh-en-mandarijn-scaled.jpg?resize=525%2C300&ssl=1 1.5x, https:\/\/i0.wp.com\/dezuivelarij.be\/wp-content\/uploads\/2025\/08\/Ricotta-cheesecake-met-labneh-en-mandarijn-scaled.jpg?resize=700%2C400&ssl=1 2x, https:\/\/i0.wp.com\/dezuivelarij.be\/wp-content\/uploads\/2025\/08\/Ricotta-cheesecake-met-labneh-en-mandarijn-scaled.jpg?resize=1050%2C600&ssl=1 3x, https:\/\/i0.wp.com\/dezuivelarij.be\/wp-content\/uploads\/2025\/08\/Ricotta-cheesecake-met-labneh-en-mandarijn-scaled.jpg?resize=1400%2C800&ssl=1 4x"},"classes":[]},{"id":22871,"url":"https:\/\/dezuivelarij.be\/fr\/ricotta-recepten\/","url_meta":{"origin":22441,"position":5},"title":"Recettes avec ricotta","author":"De Zuivelarij","date":"janvier 22, 2026","format":false,"excerpt":"Recettes avec ricotta La ricotta est un produit laitier (ce n'est pas vraiment un fromage) qui se pr\u00eate parfaitement pour l'utilisation dans la cuisine. En soi, la ricotta a un go\u00fbt plut\u00f4t neutre, mais avec des \u00e9pices et un peu de cr\u00e9ativit\u00e9, vous pouvez en faire des plats nutritifs et\u2026","rel":"","context":"Article similaire","block_context":{"text":"Article similaire","link":""},"img":{"alt_text":"","src":"https:\/\/i0.wp.com\/dezuivelarij.be\/wp-content\/uploads\/2025\/03\/ZUIVELARIJ_SFEER_CANOLLI-199-scaled.jpg?resize=350%2C200&ssl=1","width":350,"height":200,"srcset":"https:\/\/i0.wp.com\/dezuivelarij.be\/wp-content\/uploads\/2025\/03\/ZUIVELARIJ_SFEER_CANOLLI-199-scaled.jpg?resize=350%2C200&ssl=1 1x, https:\/\/i0.wp.com\/dezuivelarij.be\/wp-content\/uploads\/2025\/03\/ZUIVELARIJ_SFEER_CANOLLI-199-scaled.jpg?resize=525%2C300&ssl=1 1.5x, https:\/\/i0.wp.com\/dezuivelarij.be\/wp-content\/uploads\/2025\/03\/ZUIVELARIJ_SFEER_CANOLLI-199-scaled.jpg?resize=700%2C400&ssl=1 2x, https:\/\/i0.wp.com\/dezuivelarij.be\/wp-content\/uploads\/2025\/03\/ZUIVELARIJ_SFEER_CANOLLI-199-scaled.jpg?resize=1050%2C600&ssl=1 3x, https:\/\/i0.wp.com\/dezuivelarij.be\/wp-content\/uploads\/2025\/03\/ZUIVELARIJ_SFEER_CANOLLI-199-scaled.jpg?resize=1400%2C800&ssl=1 4x"},"classes":[]}],"_links":{"self":[{"href":"https:\/\/dezuivelarij.be\/fr\/wp-json\/wp\/v2\/pages\/22441","targetHints":{"allow":["GET"]}}],"collection":[{"href":"https:\/\/dezuivelarij.be\/fr\/wp-json\/wp\/v2\/pages"}],"about":[{"href":"https:\/\/dezuivelarij.be\/fr\/wp-json\/wp\/v2\/types\/page"}],"author":[{"embeddable":true,"href":"https:\/\/dezuivelarij.be\/fr\/wp-json\/wp\/v2\/users\/1"}],"replies":[{"embeddable":true,"href":"https:\/\/dezuivelarij.be\/fr\/wp-json\/wp\/v2\/comments?post=22441"}],"version-history":[{"count":4,"href":"https:\/\/dezuivelarij.be\/fr\/wp-json\/wp\/v2\/pages\/22441\/revisions"}],"predecessor-version":[{"id":22868,"href":"https:\/\/dezuivelarij.be\/fr\/wp-json\/wp\/v2\/pages\/22441\/revisions\/22868"}],"wp:featuredmedia":[{"embeddable":true,"href":"https:\/\/dezuivelarij.be\/fr\/wp-json\/wp\/v2\/media\/22440"}],"wp:attachment":[{"href":"https:\/\/dezuivelarij.be\/fr\/wp-json\/wp\/v2\/media?parent=22441"}],"wp:term":[{"taxonomy":"category","embeddable":true,"href":"https:\/\/dezuivelarij.be\/fr\/wp-json\/wp\/v2\/categories?post=22441"},{"taxonomy":"post_tag","embeddable":true,"href":"https:\/\/dezuivelarij.be\/fr\/wp-json\/wp\/v2\/tags?post=22441"}],"curies":[{"name":"wp","href":"https:\/\/api.w.org\/{rel}","templated":true}]}}