{"id":18583,"date":"2025-04-09T11:06:43","date_gmt":"2025-04-09T10:06:43","guid":{"rendered":"https:\/\/dezuivelarij.be\/paneer-kopen\/"},"modified":"2026-01-22T13:07:35","modified_gmt":"2026-01-22T12:07:35","slug":"paneer-kopen","status":"publish","type":"page","link":"https:\/\/dezuivelarij.be\/fr\/paneer-kopen\/","title":{"rendered":"Acheter du paneer"},"content":{"rendered":"<div class=\"wp-block-image\">\n<figure class=\"aligncenter size-large is-resized\"><img loading=\"lazy\" decoding=\"async\" width=\"1024\" height=\"683\" src=\"https:\/\/dezuivelarij.be\/wp-content\/uploads\/2025\/04\/ZUIVELARIJ_PS_PANEER-026-Groot-1024x683.png\" alt=\"achteter du paneer \" class=\"wp-image-18646\" style=\"width:501px;height:auto\" srcset=\"https:\/\/dezuivelarij.be\/wp-content\/uploads\/2025\/04\/ZUIVELARIJ_PS_PANEER-026-Groot-1024x683.png 1024w, https:\/\/dezuivelarij.be\/wp-content\/uploads\/2025\/04\/ZUIVELARIJ_PS_PANEER-026-Groot-300x200.png 300w, https:\/\/dezuivelarij.be\/wp-content\/uploads\/2025\/04\/ZUIVELARIJ_PS_PANEER-026-Groot-768x512.png 768w, https:\/\/dezuivelarij.be\/wp-content\/uploads\/2025\/04\/ZUIVELARIJ_PS_PANEER-026-Groot-1536x1024.png 1536w, https:\/\/dezuivelarij.be\/wp-content\/uploads\/2025\/04\/ZUIVELARIJ_PS_PANEER-026-Groot-1140x760.png 1140w, https:\/\/dezuivelarij.be\/wp-content\/uploads\/2025\/04\/ZUIVELARIJ_PS_PANEER-026-Groot-570x380.png 570w, https:\/\/dezuivelarij.be\/wp-content\/uploads\/2025\/04\/ZUIVELARIJ_PS_PANEER-026-Groot-380x254.png 380w, https:\/\/dezuivelarij.be\/wp-content\/uploads\/2025\/04\/ZUIVELARIJ_PS_PANEER-026-Groot-285x190.png 285w, https:\/\/dezuivelarij.be\/wp-content\/uploads\/2025\/04\/ZUIVELARIJ_PS_PANEER-026-Groot-600x400.png 600w, https:\/\/dezuivelarij.be\/wp-content\/uploads\/2025\/04\/ZUIVELARIJ_PS_PANEER-026-Groot-150x100.png 150w, https:\/\/dezuivelarij.be\/wp-content\/uploads\/2025\/04\/ZUIVELARIJ_PS_PANEER-026-Groot.png 1620w\" sizes=\"auto, (max-width: 1024px) 100vw, 1024px\" \/><\/figure>\n<\/div>\n<div style=\"height:80px\" aria-hidden=\"true\" class=\"wp-block-spacer\"><\/div>\n\n<p><strong>Avez-vous vu notre paneer dans <a href=\"https:\/\/dagelijksekost.vrt.be\/\">Dagelijkse Kost<\/a>?<\/strong><\/p>\n\n<p>Notre <a href=\"https:\/\/dezuivelarij.be\/paneer\/?lang=fr\">paneer<\/a> is disponible dans de nombreux magasins Delhaize (mais pas tous) d\u00e8s mars 2025. Faites-nous savoir si vous n&rsquo;avez pas encore de paneer dans votre Delhaize local.  <\/p>\n\n<div style=\"height:50px\" aria-hidden=\"true\" class=\"wp-block-spacer\"><\/div>\n\n<p><strong><em>Nous faisons de notre mieux pour que notre paneer soit disponible dans le plus grand nombre de points de vente possible. Demandez-le \u00e0 votre supermarch\u00e9 local, vous nous rendrez un grand service! <\/em><\/strong><\/p>\n\n<div style=\"height:80px\" aria-hidden=\"true\" class=\"wp-block-spacer\"><\/div>\n\n<style>\r\n\t#wpsl-stores .wpsl-store-thumb {height:45px !important; width:45px !important;}\r\n\t#wpsl-stores, #wpsl-direction-details, #wpsl-gmap {height:350px !important;}\r\n\t#wpsl-gmap .wpsl-info-window {max-width:225px !important;}\r\n\t.wpsl-input label, #wpsl-radius label, #wpsl-category label {width:95px;}\r\n\t#wpsl-search-input ,#wpsl-category .wpsl-dropdown {width:179px;}\r\n<\/style>\r\n<div id=\"wpsl-wrap\">\r\n\t<div class=\"wpsl-search wpsl-clearfix wpsl-filter\">\r\n\t\t<div id=\"wpsl-search-wrap\">\r\n\t\t\t<form autocomplete=\"off\">\r\n\t\t\t<div class=\"wpsl-input\">\r\n\t\t\t\t<div><label for=\"wpsl-search-input\">Votre emplacement<\/label><\/div>\r\n\t\t\t\t<input id=\"wpsl-search-input\" type=\"text\" value=\"\" name=\"wpsl-search-input\" placeholder=\"\" aria-required=\"true\" \/>\r\n\t\t\t<\/div>\r\n\t\t\t<div class=\"wpsl-select-wrap\">\r\n\t\t\t\t<div id=\"wpsl-radius\">\r\n\t\t\t\t\t<label for=\"wpsl-radius-dropdown\">P\u00e9rim\u00e8tre de recherche<\/label>\r\n\t\t\t\t\t<select id=\"wpsl-radius-dropdown\" class=\"wpsl-dropdown\" name=\"wpsl-radius\">\r\n\t\t\t\t\t\t<option value=\"10\">10 km<\/option><option value=\"25\">25 km<\/option><option selected=\"selected\" value=\"50\">50 km<\/option><option value=\"100\">100 km<\/option><option value=\"200\">200 km<\/option><option value=\"500\">500 km<\/option>\r\n\t\t\t\t\t<\/select>\r\n\t\t\t\t<\/div>\r\n\t\t\t\t<div id=\"wpsl-results\">\r\n\t\t\t\t\t<label for=\"wpsl-results-dropdown\">R\u00e9sultats<\/label>\r\n\t\t\t\t\t<select id=\"wpsl-results-dropdown\" class=\"wpsl-dropdown\" name=\"wpsl-results\">\r\n\t\t\t\t\t\t<option selected=\"selected\" value=\"25\">25<\/option><option value=\"50\">50<\/option><option value=\"75\">75<\/option><option value=\"100\">100<\/option>\r\n\t\t\t\t\t<\/select>\r\n\t\t\t\t<\/div>\r\n\t\t\t<\/div>\r\n\t\t\t\t<div class=\"wpsl-search-btn-wrap\"><input id=\"wpsl-search-btn\" type=\"submit\" value=\"Rechercher\"><\/div>\r\n\t\t<\/form>\r\n\t\t<\/div>\r\n\t<\/div>\r\n\t<div id=\"wpsl-gmap\" class=\"wpsl-gmap-canvas\"><\/div>\r\n\t<div id=\"wpsl-result-list\">\r\n\t\t<div id=\"wpsl-stores\" >\r\n\t\t\t<ul><\/ul>\r\n\t\t<\/div>\r\n\t\t<div id=\"wpsl-direction-details\">\r\n\t\t\t<ul><\/ul>\r\n\t\t<\/div>\r\n\t<\/div>\r\n<\/div>\r\n\n\n<div style=\"height:80px\" aria-hidden=\"true\" class=\"wp-block-spacer\"><\/div>\n\n<div class=\"wp-block-buttons is-content-justification-center is-layout-flex wp-container-core-buttons-is-layout-16018d1d wp-block-buttons-is-layout-flex\">\n<div class=\"wp-block-button\"><a class=\"wp-block-button__link wp-element-button\" href=\"&lt;!--[CDATA[https:\/\/dezuivelarij.be\/paneer-recepten\/]]--&gt;\">Recettes<\/a><\/div>\n<\/div>\n\n<div style=\"height:100px\" aria-hidden=\"true\" class=\"wp-block-spacer\"><\/div>\n","protected":false},"excerpt":{"rendered":"<p>Avez-vous vu notre paneer dans Dagelijkse Kost? Notre paneer is disponible dans de nombreux magasins Delhaize (mais pas tous) d\u00e8s mars 2025. Faites-nous savoir si vous n&rsquo;avez pas encore de paneer dans votre Delhaize local. Nous faisons de notre mieux pour que notre paneer soit disponible dans le plus grand nombre de points de vente [&hellip;]<\/p>\n","protected":false},"author":1,"featured_media":18648,"parent":0,"menu_order":0,"comment_status":"closed","ping_status":"closed","template":"","meta":{"jetpack_post_was_ever_published":false,"footnotes":"","_wp_rev_ctl_limit":""},"categories":[],"tags":[],"class_list":["post-18583","page","type-page","status-publish","has-post-thumbnail","hentry"],"yoast_head":"<!-- This site is optimized with the Yoast SEO Premium plugin v27.3 (Yoast SEO v27.3) - https:\/\/yoast.com\/product\/yoast-seo-premium-wordpress\/ -->\n<title>Acheter du paneer<\/title>\n<meta name=\"description\" content=\"Vous pouvez acheter notre paneer dans de plus en plus de magasins, y compris de nombreux Delhaises (mais pas tous). Consultez le localisateur de magasins ici.\" \/>\n<meta name=\"robots\" content=\"index, follow, max-snippet:-1, max-image-preview:large, max-video-preview:-1\" \/>\n<link rel=\"canonical\" href=\"https:\/\/dezuivelarij.be\/fr\/paneer-kopen\/\" \/>\n<meta property=\"og:locale\" content=\"fr_FR\" \/>\n<meta property=\"og:type\" content=\"article\" \/>\n<meta property=\"og:title\" content=\"Acheter du paneer\" \/>\n<meta property=\"og:description\" content=\"Vous pouvez acheter notre paneer dans de plus en plus de magasins, y compris de nombreux Delhaises (mais pas tous). Consultez le localisateur de magasins ici.\" \/>\n<meta property=\"og:url\" content=\"https:\/\/dezuivelarij.be\/fr\/paneer-kopen\/\" \/>\n<meta property=\"og:site_name\" content=\"De Zuivelarij\" \/>\n<meta property=\"article:publisher\" content=\"https:\/\/www.facebook.com\/DeZuivelarij\/\" \/>\n<meta property=\"article:modified_time\" content=\"2026-01-22T12:07:35+00:00\" \/>\n<meta property=\"og:image\" content=\"https:\/\/i0.wp.com\/dezuivelarij.be\/wp-content\/uploads\/2025\/04\/ZUIVELARIJ_PS_PANEER-026-Groot.png?fit=1620%2C1080&ssl=1\" \/>\n\t<meta property=\"og:image:width\" content=\"1620\" \/>\n\t<meta property=\"og:image:height\" content=\"1080\" \/>\n\t<meta property=\"og:image:type\" content=\"image\/png\" \/>\n<meta name=\"twitter:card\" content=\"summary_large_image\" \/>\n<script type=\"application\/ld+json\" class=\"yoast-schema-graph\">{\"@context\":\"https:\\\/\\\/schema.org\",\"@graph\":[{\"@type\":\"WebPage\",\"@id\":\"https:\\\/\\\/dezuivelarij.be\\\/fr\\\/paneer-kopen\\\/\",\"url\":\"https:\\\/\\\/dezuivelarij.be\\\/fr\\\/paneer-kopen\\\/\",\"name\":\"Acheter du paneer\",\"isPartOf\":{\"@id\":\"https:\\\/\\\/dezuivelarij.be\\\/fr\\\/#website\"},\"primaryImageOfPage\":{\"@id\":\"https:\\\/\\\/dezuivelarij.be\\\/fr\\\/paneer-kopen\\\/#primaryimage\"},\"image\":{\"@id\":\"https:\\\/\\\/dezuivelarij.be\\\/fr\\\/paneer-kopen\\\/#primaryimage\"},\"thumbnailUrl\":\"https:\\\/\\\/dezuivelarij.be\\\/wp-content\\\/uploads\\\/2025\\\/04\\\/ZUIVELARIJ_PS_PANEER-026-Groot.png\",\"datePublished\":\"2025-04-09T10:06:43+00:00\",\"dateModified\":\"2026-01-22T12:07:35+00:00\",\"description\":\"Vous pouvez acheter notre paneer dans de plus en plus de magasins, y compris de nombreux Delhaises (mais pas tous). Consultez le localisateur de magasins ici.\",\"breadcrumb\":{\"@id\":\"https:\\\/\\\/dezuivelarij.be\\\/fr\\\/paneer-kopen\\\/#breadcrumb\"},\"inLanguage\":\"fr-FR\",\"potentialAction\":[{\"@type\":\"ReadAction\",\"target\":[\"https:\\\/\\\/dezuivelarij.be\\\/fr\\\/paneer-kopen\\\/\"]}]},{\"@type\":\"ImageObject\",\"inLanguage\":\"fr-FR\",\"@id\":\"https:\\\/\\\/dezuivelarij.be\\\/fr\\\/paneer-kopen\\\/#primaryimage\",\"url\":\"https:\\\/\\\/dezuivelarij.be\\\/wp-content\\\/uploads\\\/2025\\\/04\\\/ZUIVELARIJ_PS_PANEER-026-Groot.png\",\"contentUrl\":\"https:\\\/\\\/dezuivelarij.be\\\/wp-content\\\/uploads\\\/2025\\\/04\\\/ZUIVELARIJ_PS_PANEER-026-Groot.png\",\"width\":1620,\"height\":1080,\"caption\":\"Paneer v\u00e2che\"},{\"@type\":\"BreadcrumbList\",\"@id\":\"https:\\\/\\\/dezuivelarij.be\\\/fr\\\/paneer-kopen\\\/#breadcrumb\",\"itemListElement\":[{\"@type\":\"ListItem\",\"position\":1,\"name\":\"Home\",\"item\":\"https:\\\/\\\/dezuivelarij.be\\\/fr\\\/\"},{\"@type\":\"ListItem\",\"position\":2,\"name\":\"Acheter du paneer\"}]},{\"@type\":\"WebSite\",\"@id\":\"https:\\\/\\\/dezuivelarij.be\\\/fr\\\/#website\",\"url\":\"https:\\\/\\\/dezuivelarij.be\\\/fr\\\/\",\"name\":\"De Zuivelarij\",\"description\":\"Kaas met grillen\",\"publisher\":{\"@id\":\"https:\\\/\\\/dezuivelarij.be\\\/fr\\\/#organization\"},\"potentialAction\":[{\"@type\":\"SearchAction\",\"target\":{\"@type\":\"EntryPoint\",\"urlTemplate\":\"https:\\\/\\\/dezuivelarij.be\\\/fr\\\/?s={search_term_string}\"},\"query-input\":{\"@type\":\"PropertyValueSpecification\",\"valueRequired\":true,\"valueName\":\"search_term_string\"}}],\"inLanguage\":\"fr-FR\"},{\"@type\":[\"Organization\",\"Place\"],\"@id\":\"https:\\\/\\\/dezuivelarij.be\\\/fr\\\/#organization\",\"name\":\"De Zuivelarij\",\"alternateName\":\"De Zuivelarij BV\",\"url\":\"https:\\\/\\\/dezuivelarij.be\\\/fr\\\/\",\"logo\":{\"@id\":\"https:\\\/\\\/dezuivelarij.be\\\/fr\\\/paneer-kopen\\\/#local-main-organization-logo\"},\"image\":{\"@id\":\"https:\\\/\\\/dezuivelarij.be\\\/fr\\\/paneer-kopen\\\/#local-main-organization-logo\"},\"sameAs\":[\"https:\\\/\\\/www.facebook.com\\\/DeZuivelarij\\\/\",\"https:\\\/\\\/www.instagram.com\\\/de.zuivelarij\\\/\",\"https:\\\/\\\/nl.pinterest.com\\\/dezuivelarij\\\/\",\"https:\\\/\\\/www.youtube.com\\\/channel\\\/UCK_6xO0p1H4DXoMoW6fMUSw?view_as=subscriber\"],\"telephone\":[],\"openingHoursSpecification\":[{\"@type\":\"OpeningHoursSpecification\",\"dayOfWeek\":[\"Monday\",\"Tuesday\",\"Wednesday\",\"Thursday\",\"Friday\",\"Saturday\",\"Sunday\"],\"opens\":\"09:00\",\"closes\":\"17:00\"}]},{\"@type\":\"ImageObject\",\"inLanguage\":\"fr-FR\",\"@id\":\"https:\\\/\\\/dezuivelarij.be\\\/fr\\\/paneer-kopen\\\/#local-main-organization-logo\",\"url\":\"https:\\\/\\\/dezuivelarij.be\\\/wp-content\\\/uploads\\\/2024\\\/11\\\/cropped-cropped-Zuivelarij-1.jpg\",\"contentUrl\":\"https:\\\/\\\/dezuivelarij.be\\\/wp-content\\\/uploads\\\/2024\\\/11\\\/cropped-cropped-Zuivelarij-1.jpg\",\"width\":96,\"height\":96,\"caption\":\"De Zuivelarij\"}]}<\/script>\n<!-- \/ Yoast SEO Premium plugin. -->","yoast_head_json":{"title":"Acheter du paneer","description":"Vous pouvez acheter notre paneer dans de plus en plus de magasins, y compris de nombreux Delhaises (mais pas tous). Consultez le localisateur de magasins ici.","robots":{"index":"index","follow":"follow","max-snippet":"max-snippet:-1","max-image-preview":"max-image-preview:large","max-video-preview":"max-video-preview:-1"},"canonical":"https:\/\/dezuivelarij.be\/fr\/paneer-kopen\/","og_locale":"fr_FR","og_type":"article","og_title":"Acheter du paneer","og_description":"Vous pouvez acheter notre paneer dans de plus en plus de magasins, y compris de nombreux Delhaises (mais pas tous). Consultez le localisateur de magasins ici.","og_url":"https:\/\/dezuivelarij.be\/fr\/paneer-kopen\/","og_site_name":"De Zuivelarij","article_publisher":"https:\/\/www.facebook.com\/DeZuivelarij\/","article_modified_time":"2026-01-22T12:07:35+00:00","og_image":[{"width":1620,"height":1080,"url":"https:\/\/i0.wp.com\/dezuivelarij.be\/wp-content\/uploads\/2025\/04\/ZUIVELARIJ_PS_PANEER-026-Groot.png?fit=1620%2C1080&ssl=1","type":"image\/png"}],"twitter_card":"summary_large_image","schema":{"@context":"https:\/\/schema.org","@graph":[{"@type":"WebPage","@id":"https:\/\/dezuivelarij.be\/fr\/paneer-kopen\/","url":"https:\/\/dezuivelarij.be\/fr\/paneer-kopen\/","name":"Acheter du paneer","isPartOf":{"@id":"https:\/\/dezuivelarij.be\/fr\/#website"},"primaryImageOfPage":{"@id":"https:\/\/dezuivelarij.be\/fr\/paneer-kopen\/#primaryimage"},"image":{"@id":"https:\/\/dezuivelarij.be\/fr\/paneer-kopen\/#primaryimage"},"thumbnailUrl":"https:\/\/dezuivelarij.be\/wp-content\/uploads\/2025\/04\/ZUIVELARIJ_PS_PANEER-026-Groot.png","datePublished":"2025-04-09T10:06:43+00:00","dateModified":"2026-01-22T12:07:35+00:00","description":"Vous pouvez acheter notre paneer dans de plus en plus de magasins, y compris de nombreux Delhaises (mais pas tous). Consultez le localisateur de magasins ici.","breadcrumb":{"@id":"https:\/\/dezuivelarij.be\/fr\/paneer-kopen\/#breadcrumb"},"inLanguage":"fr-FR","potentialAction":[{"@type":"ReadAction","target":["https:\/\/dezuivelarij.be\/fr\/paneer-kopen\/"]}]},{"@type":"ImageObject","inLanguage":"fr-FR","@id":"https:\/\/dezuivelarij.be\/fr\/paneer-kopen\/#primaryimage","url":"https:\/\/dezuivelarij.be\/wp-content\/uploads\/2025\/04\/ZUIVELARIJ_PS_PANEER-026-Groot.png","contentUrl":"https:\/\/dezuivelarij.be\/wp-content\/uploads\/2025\/04\/ZUIVELARIJ_PS_PANEER-026-Groot.png","width":1620,"height":1080,"caption":"Paneer v\u00e2che"},{"@type":"BreadcrumbList","@id":"https:\/\/dezuivelarij.be\/fr\/paneer-kopen\/#breadcrumb","itemListElement":[{"@type":"ListItem","position":1,"name":"Home","item":"https:\/\/dezuivelarij.be\/fr\/"},{"@type":"ListItem","position":2,"name":"Acheter du paneer"}]},{"@type":"WebSite","@id":"https:\/\/dezuivelarij.be\/fr\/#website","url":"https:\/\/dezuivelarij.be\/fr\/","name":"De Zuivelarij","description":"Kaas met grillen","publisher":{"@id":"https:\/\/dezuivelarij.be\/fr\/#organization"},"potentialAction":[{"@type":"SearchAction","target":{"@type":"EntryPoint","urlTemplate":"https:\/\/dezuivelarij.be\/fr\/?s={search_term_string}"},"query-input":{"@type":"PropertyValueSpecification","valueRequired":true,"valueName":"search_term_string"}}],"inLanguage":"fr-FR"},{"@type":["Organization","Place"],"@id":"https:\/\/dezuivelarij.be\/fr\/#organization","name":"De Zuivelarij","alternateName":"De Zuivelarij BV","url":"https:\/\/dezuivelarij.be\/fr\/","logo":{"@id":"https:\/\/dezuivelarij.be\/fr\/paneer-kopen\/#local-main-organization-logo"},"image":{"@id":"https:\/\/dezuivelarij.be\/fr\/paneer-kopen\/#local-main-organization-logo"},"sameAs":["https:\/\/www.facebook.com\/DeZuivelarij\/","https:\/\/www.instagram.com\/de.zuivelarij\/","https:\/\/nl.pinterest.com\/dezuivelarij\/","https:\/\/www.youtube.com\/channel\/UCK_6xO0p1H4DXoMoW6fMUSw?view_as=subscriber"],"telephone":[],"openingHoursSpecification":[{"@type":"OpeningHoursSpecification","dayOfWeek":["Monday","Tuesday","Wednesday","Thursday","Friday","Saturday","Sunday"],"opens":"09:00","closes":"17:00"}]},{"@type":"ImageObject","inLanguage":"fr-FR","@id":"https:\/\/dezuivelarij.be\/fr\/paneer-kopen\/#local-main-organization-logo","url":"https:\/\/dezuivelarij.be\/wp-content\/uploads\/2024\/11\/cropped-cropped-Zuivelarij-1.jpg","contentUrl":"https:\/\/dezuivelarij.be\/wp-content\/uploads\/2024\/11\/cropped-cropped-Zuivelarij-1.jpg","width":96,"height":96,"caption":"De Zuivelarij"}]}},"jetpack_sharing_enabled":true,"jetpack_likes_enabled":true,"jetpack-related-posts":[{"id":6693,"url":"https:\/\/dezuivelarij.be\/fr\/paneer\/","url_meta":{"origin":18583,"position":0},"title":"Paneer","author":"De Zuivelarij","date":"janvier 9, 2023","format":false,"excerpt":"Si vous souhaitez d\u00e9couvrir la cuisine indienne, le paneer est un bon point de d\u00e9part. Qu'est-ce que le paneer ? Le paneer est l'un des fromages les plus consomm\u00e9s au monde. Dans la cuisine indienne en particulier, il constitue une source indispensable de prot\u00e9ines pr\u00e9cieuses. En Belgique, le paneer est\u2026","rel":"","context":"Article similaire","block_context":{"text":"Article similaire","link":""},"img":{"alt_text":"","src":"https:\/\/i0.wp.com\/dezuivelarij.be\/wp-content\/uploads\/2025\/03\/ZUIVELARIJ_PS_PANEER-052.png?resize=350%2C200&ssl=1","width":350,"height":200,"srcset":"https:\/\/i0.wp.com\/dezuivelarij.be\/wp-content\/uploads\/2025\/03\/ZUIVELARIJ_PS_PANEER-052.png?resize=350%2C200&ssl=1 1x, https:\/\/i0.wp.com\/dezuivelarij.be\/wp-content\/uploads\/2025\/03\/ZUIVELARIJ_PS_PANEER-052.png?resize=525%2C300&ssl=1 1.5x, https:\/\/i0.wp.com\/dezuivelarij.be\/wp-content\/uploads\/2025\/03\/ZUIVELARIJ_PS_PANEER-052.png?resize=700%2C400&ssl=1 2x, https:\/\/i0.wp.com\/dezuivelarij.be\/wp-content\/uploads\/2025\/03\/ZUIVELARIJ_PS_PANEER-052.png?resize=1050%2C600&ssl=1 3x, https:\/\/i0.wp.com\/dezuivelarij.be\/wp-content\/uploads\/2025\/03\/ZUIVELARIJ_PS_PANEER-052.png?resize=1400%2C800&ssl=1 4x"},"classes":[]},{"id":8367,"url":"https:\/\/dezuivelarij.be\/fr\/faire-paneer-maison\/","url_meta":{"origin":18583,"position":1},"title":"Paneer maison","author":"De Zuivelarij","date":"septembre 13, 2024","format":false,"excerpt":"Faire son propre paneer Le paneer est fabriqu\u00e9 d'une mani\u00e8re tr\u00e8s diff\u00e9rente de la plupart des fromages. Ni bact\u00e9ries ni enzymes ne sont impliqu\u00e9es. Ce type de fromage ressemble le plus \u00e0 une ricotta fra\u00eeche \u00e0 base de lait entier. La pr\u00e9paration est presque identique \u00e0 la pr\u00e9paration de la\u2026","rel":"","context":"Article similaire","block_context":{"text":"Article similaire","link":""},"img":{"alt_text":"Zelf paneer maken, verse melk van bij de boer","src":"https:\/\/i0.wp.com\/dezuivelarij.be\/wp-content\/uploads\/2024\/07\/Paneer-melk-halen.jpg?resize=350%2C200&ssl=1","width":350,"height":200,"srcset":"https:\/\/i0.wp.com\/dezuivelarij.be\/wp-content\/uploads\/2024\/07\/Paneer-melk-halen.jpg?resize=350%2C200&ssl=1 1x, https:\/\/i0.wp.com\/dezuivelarij.be\/wp-content\/uploads\/2024\/07\/Paneer-melk-halen.jpg?resize=525%2C300&ssl=1 1.5x, https:\/\/i0.wp.com\/dezuivelarij.be\/wp-content\/uploads\/2024\/07\/Paneer-melk-halen.jpg?resize=700%2C400&ssl=1 2x, https:\/\/i0.wp.com\/dezuivelarij.be\/wp-content\/uploads\/2024\/07\/Paneer-melk-halen.jpg?resize=1050%2C600&ssl=1 3x, https:\/\/i0.wp.com\/dezuivelarij.be\/wp-content\/uploads\/2024\/07\/Paneer-melk-halen.jpg?resize=1400%2C800&ssl=1 4x"},"classes":[]},{"id":18593,"url":"https:\/\/dezuivelarij.be\/fr\/paneer-tikka-masala\/","url_meta":{"origin":18583,"position":2},"title":"Paneer Tikka Masala","author":"De Zuivelarij","date":"avril 9, 2025","format":false,"excerpt":"Le paneer \"tikka masala\" signifie que le paneer est d'abord marin\u00e9 dans du yaourt, puis r\u00f4ti (tikka). Ensuite, le paneer r\u00f4ti est plac\u00e9 dans une sauce \u00e9pic\u00e9e (masala). Ce plat est surtout connu pour \u00eatre un plat de poulet, mais avec notre paneer, vous pouvez pr\u00e9parer un tikka masala v\u00e9g\u00e9tarien\u2026","rel":"","context":"Dans &quot;Recettes&quot;","block_context":{"text":"Recettes","link":"https:\/\/dezuivelarij.be\/fr\/category\/recettes\/"},"img":{"alt_text":"","src":"https:\/\/i0.wp.com\/dezuivelarij.be\/wp-content\/uploads\/2025\/03\/paneer-tikka-masala-barbecue.jpg?resize=350%2C200&ssl=1","width":350,"height":200,"srcset":"https:\/\/i0.wp.com\/dezuivelarij.be\/wp-content\/uploads\/2025\/03\/paneer-tikka-masala-barbecue.jpg?resize=350%2C200&ssl=1 1x, https:\/\/i0.wp.com\/dezuivelarij.be\/wp-content\/uploads\/2025\/03\/paneer-tikka-masala-barbecue.jpg?resize=525%2C300&ssl=1 1.5x, https:\/\/i0.wp.com\/dezuivelarij.be\/wp-content\/uploads\/2025\/03\/paneer-tikka-masala-barbecue.jpg?resize=700%2C400&ssl=1 2x, https:\/\/i0.wp.com\/dezuivelarij.be\/wp-content\/uploads\/2025\/03\/paneer-tikka-masala-barbecue.jpg?resize=1050%2C600&ssl=1 3x, https:\/\/i0.wp.com\/dezuivelarij.be\/wp-content\/uploads\/2025\/03\/paneer-tikka-masala-barbecue.jpg?resize=1400%2C800&ssl=1 4x"},"classes":[]},{"id":18591,"url":"https:\/\/dezuivelarij.be\/fr\/paneer-recepten\/","url_meta":{"origin":18583,"position":3},"title":"Recettes avec paneer","author":"De Zuivelarij","date":"avril 9, 2025","format":false,"excerpt":"Recettes avec paneer Vous trouverez de nombreuses recettes de paneer sur l'internet. Or, celles sur cette pages ont \u00e9t\u00e9 \u00e9labor\u00e9es et pes\u00e9es par nos soins. Les recettes ne sont pas trop \u00e9pic\u00e9es. N'h\u00e9sitez pas \u00e0 ajouter plus d'ingr\u00e9dients \u00e9pic\u00e9s. Paneer Makhani Le Makhani paneer est plus connu sous le nom\u2026","rel":"","context":"Article similaire","block_context":{"text":"Article similaire","link":""},"img":{"alt_text":"Paneer tikka masala","src":"https:\/\/i0.wp.com\/dezuivelarij.be\/wp-content\/uploads\/2026\/02\/ZUIVELARIJ_SFEER_TIKKA-MASALA-089.jpg?resize=350%2C200&ssl=1","width":350,"height":200,"srcset":"https:\/\/i0.wp.com\/dezuivelarij.be\/wp-content\/uploads\/2026\/02\/ZUIVELARIJ_SFEER_TIKKA-MASALA-089.jpg?resize=350%2C200&ssl=1 1x, https:\/\/i0.wp.com\/dezuivelarij.be\/wp-content\/uploads\/2026\/02\/ZUIVELARIJ_SFEER_TIKKA-MASALA-089.jpg?resize=525%2C300&ssl=1 1.5x, https:\/\/i0.wp.com\/dezuivelarij.be\/wp-content\/uploads\/2026\/02\/ZUIVELARIJ_SFEER_TIKKA-MASALA-089.jpg?resize=700%2C400&ssl=1 2x, https:\/\/i0.wp.com\/dezuivelarij.be\/wp-content\/uploads\/2026\/02\/ZUIVELARIJ_SFEER_TIKKA-MASALA-089.jpg?resize=1050%2C600&ssl=1 3x, https:\/\/i0.wp.com\/dezuivelarij.be\/wp-content\/uploads\/2026\/02\/ZUIVELARIJ_SFEER_TIKKA-MASALA-089.jpg?resize=1400%2C800&ssl=1 4x"},"classes":[]},{"id":10133,"url":"https:\/\/dezuivelarij.be\/fr\/barbecue-2\/","url_meta":{"origin":18583,"position":4},"title":"Berloumi: fromagique au BBQ","author":"De Zuivelarij","date":"avril 16, 2020","format":false,"excerpt":"Fromage au barbecue Nous de la laiterie De Zuivelarij pensons que le Berloumi est TOUJOURS d\u00e9licieux. Mais en \u00e9t\u00e9, grill\u00e9 sur le barbecue avec quelques l\u00e9gumes (grill\u00e9s), rien ne le surpasse. Le fromage sur le barbecue est un excellent substitut \u00e0 la viande, mais le Berloumi peut aussi \u00eatre grill\u00e9\u2026","rel":"","context":"Dans &quot;Non classifi\u00e9(e)&quot;","block_context":{"text":"Non classifi\u00e9(e)","link":"https:\/\/dezuivelarij.be\/fr\/category\/non-classifiee\/"},"img":{"alt_text":"","src":"https:\/\/i0.wp.com\/dezuivelarij.be\/wp-content\/uploads\/2025\/07\/Berloumi-Barbecue-header-website-1-scaled.jpg?resize=350%2C200&ssl=1","width":350,"height":200,"srcset":"https:\/\/i0.wp.com\/dezuivelarij.be\/wp-content\/uploads\/2025\/07\/Berloumi-Barbecue-header-website-1-scaled.jpg?resize=350%2C200&ssl=1 1x, https:\/\/i0.wp.com\/dezuivelarij.be\/wp-content\/uploads\/2025\/07\/Berloumi-Barbecue-header-website-1-scaled.jpg?resize=525%2C300&ssl=1 1.5x, https:\/\/i0.wp.com\/dezuivelarij.be\/wp-content\/uploads\/2025\/07\/Berloumi-Barbecue-header-website-1-scaled.jpg?resize=700%2C400&ssl=1 2x, https:\/\/i0.wp.com\/dezuivelarij.be\/wp-content\/uploads\/2025\/07\/Berloumi-Barbecue-header-website-1-scaled.jpg?resize=1050%2C600&ssl=1 3x, https:\/\/i0.wp.com\/dezuivelarij.be\/wp-content\/uploads\/2025\/07\/Berloumi-Barbecue-header-website-1-scaled.jpg?resize=1400%2C800&ssl=1 4x"},"classes":[]},{"id":1188,"url":"https:\/\/dezuivelarij.be\/fr\/labneh-kopen\/","url_meta":{"origin":18583,"position":5},"title":"Acheter du labneh","author":"De Zuivelarij","date":"janvier 2, 2020","format":false,"excerpt":"Acheter notre Labneh Vous pouvez acheter notre Labneh dans de nombreux magasins d'alimentation locaux, \u00e0 partir du 15 mars 2026 dans presque tous les magasins de Delhaize et dans certains magasins Spar. Renseignez-vous aupr\u00e8s du responsable des fromages. Vous le trouverez g\u00e9n\u00e9ralement dans le coin ap\u00e9ritif, pr\u00e8s du houmous et\u2026","rel":"","context":"Article similaire","block_context":{"text":"Article similaire","link":""},"img":{"alt_text":"","src":"https:\/\/i0.wp.com\/dezuivelarij.be\/wp-content\/uploads\/2025\/07\/Labneh-uitlekken-liggend-scaled.jpg?resize=350%2C200&ssl=1","width":350,"height":200,"srcset":"https:\/\/i0.wp.com\/dezuivelarij.be\/wp-content\/uploads\/2025\/07\/Labneh-uitlekken-liggend-scaled.jpg?resize=350%2C200&ssl=1 1x, https:\/\/i0.wp.com\/dezuivelarij.be\/wp-content\/uploads\/2025\/07\/Labneh-uitlekken-liggend-scaled.jpg?resize=525%2C300&ssl=1 1.5x, https:\/\/i0.wp.com\/dezuivelarij.be\/wp-content\/uploads\/2025\/07\/Labneh-uitlekken-liggend-scaled.jpg?resize=700%2C400&ssl=1 2x, https:\/\/i0.wp.com\/dezuivelarij.be\/wp-content\/uploads\/2025\/07\/Labneh-uitlekken-liggend-scaled.jpg?resize=1050%2C600&ssl=1 3x, https:\/\/i0.wp.com\/dezuivelarij.be\/wp-content\/uploads\/2025\/07\/Labneh-uitlekken-liggend-scaled.jpg?resize=1400%2C800&ssl=1 4x"},"classes":[]}],"_links":{"self":[{"href":"https:\/\/dezuivelarij.be\/fr\/wp-json\/wp\/v2\/pages\/18583","targetHints":{"allow":["GET"]}}],"collection":[{"href":"https:\/\/dezuivelarij.be\/fr\/wp-json\/wp\/v2\/pages"}],"about":[{"href":"https:\/\/dezuivelarij.be\/fr\/wp-json\/wp\/v2\/types\/page"}],"author":[{"embeddable":true,"href":"https:\/\/dezuivelarij.be\/fr\/wp-json\/wp\/v2\/users\/1"}],"replies":[{"embeddable":true,"href":"https:\/\/dezuivelarij.be\/fr\/wp-json\/wp\/v2\/comments?post=18583"}],"version-history":[{"count":5,"href":"https:\/\/dezuivelarij.be\/fr\/wp-json\/wp\/v2\/pages\/18583\/revisions"}],"predecessor-version":[{"id":22880,"href":"https:\/\/dezuivelarij.be\/fr\/wp-json\/wp\/v2\/pages\/18583\/revisions\/22880"}],"wp:featuredmedia":[{"embeddable":true,"href":"https:\/\/dezuivelarij.be\/fr\/wp-json\/wp\/v2\/media\/18648"}],"wp:attachment":[{"href":"https:\/\/dezuivelarij.be\/fr\/wp-json\/wp\/v2\/media?parent=18583"}],"wp:term":[{"taxonomy":"category","embeddable":true,"href":"https:\/\/dezuivelarij.be\/fr\/wp-json\/wp\/v2\/categories?post=18583"},{"taxonomy":"post_tag","embeddable":true,"href":"https:\/\/dezuivelarij.be\/fr\/wp-json\/wp\/v2\/tags?post=18583"}],"curies":[{"name":"wp","href":"https:\/\/api.w.org\/{rel}","templated":true}]}}