{"id":17521,"date":"2024-07-08T10:04:24","date_gmt":"2024-07-08T08:04:24","guid":{"rendered":"https:\/\/berloumi.be\/macaroni-avec-ricotta\/"},"modified":"2025-03-08T13:03:18","modified_gmt":"2025-03-08T12:03:18","slug":"macaroni-avec-ricotta","status":"publish","type":"page","link":"https:\/\/dezuivelarij.be\/fr\/macaroni-avec-ricotta\/","title":{"rendered":"Macaronis \u00e0 la ricotta"},"content":{"rendered":"<div class=\"wp-block-image\">\n<figure class=\"aligncenter size-full\"><img data-recalc-dims=\"1\" decoding=\"async\" src=\"https:\/\/i0.wp.com\/berloumi.be\/wp-content\/uploads\/2023\/04\/Mac.jpg?w=1140&#038;ssl=1\" alt=\"\" class=\"wp-image-16756\"\/><\/figure>\n<\/div>\n<div style=\"height:50px\" aria-hidden=\"true\" class=\"wp-block-spacer\"><\/div>\n\n<p class=\"has-text-align-center\">Si vous voulez pr\u00e9parer ces macaronis \u00e0 la maison, j&rsquo;ai une bonne et une mauvaise nouvelle. <\/p>\n\n<p class=\"has-text-align-center\">La bonne nouvelle, c&rsquo;est que nous pr\u00e9parons ces macaronis dans une seule marmite, plut\u00f4t que de le faire de mani\u00e8re traditionnelle. Vous aurez donc moins de vaisselle \u00e0 faire et la recette sera tr\u00e8s simple. La mauvaise nouvelle est que vous avez besoin d&rsquo;un ingr\u00e9dient qui n&rsquo;est pas facilement disponible. En fait, vous ne le trouverez que dans la boutique en ligne ou en visitant notre magasin.<\/p>\n\n<p class=\"has-text-align-center\">Nous r\u00e9alisons cette recette <span style=\"text-decoration: underline;\">pour 10 \u00e0 15 personnes<\/span>.<\/p>\n\n<div style=\"height:51px\" aria-hidden=\"true\" class=\"wp-block-spacer\"><\/div>\n\n<h2 class=\"wp-block-heading\" id=\"h-macaroni-met-smeltkaas-spek-en-ricotta-van-berloumi\">Macaronis au fromage fondant, au bacon et \u00e0 la Ricotta de Berloumi<\/h2>\n\n<div style=\"height:30px\" aria-hidden=\"true\" class=\"wp-block-spacer\"><\/div>\n\n<p>Faites revenir <strong>1 kg de lardons<\/strong> dans <strong>5 cl d&rsquo;huile d&rsquo;olive<\/strong>. Utilisez une grande marmite d&rsquo;au moins 10 litres. Choisissez de pr\u00e9f\u00e9rence une marmite large et basse. Si vous r\u00e9alisez la recette pour quatre personnes, une casserole de cinq litres suffira. Faites frire les morceaux de bacon pendant environ 10 minutes jusqu&rsquo;\u00e0 ce qu&rsquo;ils soient presque cuits, puis ajoutez <strong>500 g d&rsquo;oignon finement hach\u00e9<\/strong>. Faites cuire l&rsquo;oignon pendant environ 20 minutes \u00e0 feu doux jusqu&rsquo;\u00e0 ce qu&rsquo;il soit bien color\u00e9. Il est g\u00e9n\u00e9ralement important que l&rsquo;oignon soit bien color\u00e9 sans br\u00fbler. Ajoutez un peu de poivre moulu selon votre go\u00fbt. Du sel n&rsquo;est probablement pas n\u00e9cessaire car le bacon et le fromage sont d\u00e9j\u00e0 assez sal\u00e9s.<\/p>\n\n<p>Ajoutez maintenant <strong>5 litres d&rsquo;eau<\/strong> et <strong>1 litre de cr\u00e8me enti\u00e8re<\/strong>. Faites chauffer et ajoutez \u00e9galement <strong>1,5 kg de macaronis courts<\/strong>. Portez \u00e0 \u00e9bullition en remuant constamment, puis baissez le feu. Continuez \u00e0 remuer r\u00e9guli\u00e8rement jusqu&rsquo;\u00e0 ce que les macaronis soient presque cuits.<\/p>\n\n<p>C&rsquo;est alors que l&rsquo;ingr\u00e9dient le plus difficile \u00e0 trouver entre en jeu. Ajoutez <strong>60 grammes de citrate de sodium (ou un autre sel fondant)<\/strong> et m\u00e9langez les p\u00e2tes. Ajoutez <strong>1 kg de Ricotta de Berloumi (quatre pots)<\/strong> et m\u00e9langez bien tout en continuant \u00e0 chauffer les p\u00e2tes. Ajoutez lentement <strong>1,5 kg de fromage moulu <\/strong>, en remuant constamment. Pendant ce temps, gardez les p\u00e2tes au chaud pour permettre au fromage de fondre.<\/p>\n\n<div style=\"height:60px\" aria-hidden=\"true\" class=\"wp-block-spacer\"><\/div>\n\n<p class=\"has-text-align-center\">Partagez cette page si vous voulez !<\/p>\n\n<div style=\"height:70px\" aria-hidden=\"true\" class=\"wp-block-spacer\"><\/div>\n","protected":false},"excerpt":{"rendered":"<p>Si vous voulez pr\u00e9parer ces macaronis \u00e0 la maison, j&rsquo;ai une bonne et une mauvaise nouvelle. La bonne nouvelle, c&rsquo;est que nous pr\u00e9parons ces macaronis dans une seule marmite, plut\u00f4t que de le faire de mani\u00e8re traditionnelle. Vous aurez donc moins de vaisselle \u00e0 faire et la recette sera tr\u00e8s simple. La mauvaise nouvelle est [&hellip;]<\/p>\n","protected":false},"author":1,"featured_media":0,"parent":0,"menu_order":0,"comment_status":"closed","ping_status":"closed","template":"","meta":{"jetpack_post_was_ever_published":false,"footnotes":"","_wp_rev_ctl_limit":""},"categories":[1],"tags":[214,215,216],"class_list":["post-17521","page","type-page","status-publish","hentry","category-geen-onderdeel-van-een-categorie","tag-du-sel-emulsifiant","tag-macaronis","tag-ricotta-fr"],"yoast_head":"<!-- This site is optimized with the Yoast SEO Premium plugin v27.5 (Yoast SEO v27.5) - https:\/\/yoast.com\/product\/yoast-seo-premium-wordpress\/ -->\n<title>Macaronis \u00e0 la ricotta - De Zuivelarij<\/title>\n<meta name=\"description\" content=\"Pr\u00e9parez des macaronis \u00e0 la ricotta rapides et faciles dans une seule casserole. D\u00e9couvrez comment r\u00e9aliser cette d\u00e9licieuse recette pour 10 \u00e0 15 personnes.\" \/>\n<meta name=\"robots\" content=\"index, follow, max-snippet:-1, max-image-preview:large, max-video-preview:-1\" \/>\n<link rel=\"canonical\" href=\"https:\/\/dezuivelarij.be\/fr\/macaroni-avec-ricotta\/\" \/>\n<meta property=\"og:locale\" content=\"fr_FR\" \/>\n<meta property=\"og:type\" content=\"article\" \/>\n<meta property=\"og:title\" content=\"Macaronis \u00e0 la ricotta\" \/>\n<meta property=\"og:description\" content=\"Pr\u00e9parez des macaronis \u00e0 la ricotta rapides et faciles dans une seule casserole. D\u00e9couvrez comment r\u00e9aliser cette d\u00e9licieuse recette pour 10 \u00e0 15 personnes.\" \/>\n<meta property=\"og:url\" content=\"https:\/\/dezuivelarij.be\/fr\/macaroni-avec-ricotta\/\" \/>\n<meta property=\"og:site_name\" content=\"De Zuivelarij\" \/>\n<meta property=\"article:publisher\" content=\"https:\/\/www.facebook.com\/DeZuivelarij\/\" \/>\n<meta property=\"article:modified_time\" content=\"2025-03-08T12:03:18+00:00\" \/>\n<meta property=\"og:image\" content=\"https:\/\/berloumi.be\/wp-content\/uploads\/2023\/04\/Mac.jpg\" \/>\n<meta name=\"twitter:card\" content=\"summary_large_image\" \/>\n<meta name=\"twitter:label1\" content=\"Dur\u00e9e de lecture estim\u00e9e\" \/>\n\t<meta name=\"twitter:data1\" content=\"2 minutes\" \/>\n<script type=\"application\/ld+json\" class=\"yoast-schema-graph\">{\"@context\":\"https:\\\/\\\/schema.org\",\"@graph\":[{\"@type\":\"WebPage\",\"@id\":\"https:\\\/\\\/dezuivelarij.be\\\/fr\\\/macaroni-avec-ricotta\\\/\",\"url\":\"https:\\\/\\\/dezuivelarij.be\\\/fr\\\/macaroni-avec-ricotta\\\/\",\"name\":\"Macaronis \u00e0 la ricotta - De Zuivelarij\",\"isPartOf\":{\"@id\":\"https:\\\/\\\/dezuivelarij.be\\\/fr\\\/#website\"},\"primaryImageOfPage\":{\"@id\":\"https:\\\/\\\/dezuivelarij.be\\\/fr\\\/macaroni-avec-ricotta\\\/#primaryimage\"},\"image\":{\"@id\":\"https:\\\/\\\/dezuivelarij.be\\\/fr\\\/macaroni-avec-ricotta\\\/#primaryimage\"},\"thumbnailUrl\":\"https:\\\/\\\/berloumi.be\\\/wp-content\\\/uploads\\\/2023\\\/04\\\/Mac.jpg\",\"datePublished\":\"2024-07-08T08:04:24+00:00\",\"dateModified\":\"2025-03-08T12:03:18+00:00\",\"description\":\"Pr\u00e9parez des macaronis \u00e0 la ricotta rapides et faciles dans une seule casserole. D\u00e9couvrez comment r\u00e9aliser cette d\u00e9licieuse recette pour 10 \u00e0 15 personnes.\",\"breadcrumb\":{\"@id\":\"https:\\\/\\\/dezuivelarij.be\\\/fr\\\/macaroni-avec-ricotta\\\/#breadcrumb\"},\"inLanguage\":\"fr-FR\",\"potentialAction\":[{\"@type\":\"ReadAction\",\"target\":[\"https:\\\/\\\/dezuivelarij.be\\\/fr\\\/macaroni-avec-ricotta\\\/\"]}]},{\"@type\":\"ImageObject\",\"inLanguage\":\"fr-FR\",\"@id\":\"https:\\\/\\\/dezuivelarij.be\\\/fr\\\/macaroni-avec-ricotta\\\/#primaryimage\",\"url\":\"https:\\\/\\\/berloumi.be\\\/wp-content\\\/uploads\\\/2023\\\/04\\\/Mac.jpg\",\"contentUrl\":\"https:\\\/\\\/berloumi.be\\\/wp-content\\\/uploads\\\/2023\\\/04\\\/Mac.jpg\"},{\"@type\":\"BreadcrumbList\",\"@id\":\"https:\\\/\\\/dezuivelarij.be\\\/fr\\\/macaroni-avec-ricotta\\\/#breadcrumb\",\"itemListElement\":[{\"@type\":\"ListItem\",\"position\":1,\"name\":\"Home\",\"item\":\"https:\\\/\\\/dezuivelarij.be\\\/fr\\\/\"},{\"@type\":\"ListItem\",\"position\":2,\"name\":\"Macaronis \u00e0 la ricotta\"}]},{\"@type\":\"WebSite\",\"@id\":\"https:\\\/\\\/dezuivelarij.be\\\/fr\\\/#website\",\"url\":\"https:\\\/\\\/dezuivelarij.be\\\/fr\\\/\",\"name\":\"De Zuivelarij\",\"description\":\"Kaas met grillen\",\"publisher\":{\"@id\":\"https:\\\/\\\/dezuivelarij.be\\\/fr\\\/#organization\"},\"potentialAction\":[{\"@type\":\"SearchAction\",\"target\":{\"@type\":\"EntryPoint\",\"urlTemplate\":\"https:\\\/\\\/dezuivelarij.be\\\/fr\\\/?s={search_term_string}\"},\"query-input\":{\"@type\":\"PropertyValueSpecification\",\"valueRequired\":true,\"valueName\":\"search_term_string\"}}],\"inLanguage\":\"fr-FR\"},{\"@type\":[\"Organization\",\"Place\"],\"@id\":\"https:\\\/\\\/dezuivelarij.be\\\/fr\\\/#organization\",\"name\":\"De Zuivelarij\",\"alternateName\":\"De Zuivelarij BV\",\"url\":\"https:\\\/\\\/dezuivelarij.be\\\/fr\\\/\",\"logo\":{\"@id\":\"https:\\\/\\\/dezuivelarij.be\\\/fr\\\/macaroni-avec-ricotta\\\/#local-main-organization-logo\"},\"image\":{\"@id\":\"https:\\\/\\\/dezuivelarij.be\\\/fr\\\/macaroni-avec-ricotta\\\/#local-main-organization-logo\"},\"sameAs\":[\"https:\\\/\\\/www.facebook.com\\\/DeZuivelarij\\\/\",\"https:\\\/\\\/www.instagram.com\\\/de.zuivelarij\\\/\",\"https:\\\/\\\/nl.pinterest.com\\\/dezuivelarij\\\/\",\"https:\\\/\\\/www.youtube.com\\\/channel\\\/UCK_6xO0p1H4DXoMoW6fMUSw?view_as=subscriber\"],\"telephone\":[],\"openingHoursSpecification\":[{\"@type\":\"OpeningHoursSpecification\",\"dayOfWeek\":[\"Monday\",\"Tuesday\",\"Wednesday\",\"Thursday\",\"Friday\",\"Saturday\",\"Sunday\"],\"opens\":\"09:00\",\"closes\":\"17:00\"}]},{\"@type\":\"ImageObject\",\"inLanguage\":\"fr-FR\",\"@id\":\"https:\\\/\\\/dezuivelarij.be\\\/fr\\\/macaroni-avec-ricotta\\\/#local-main-organization-logo\",\"url\":\"https:\\\/\\\/i0.wp.com\\\/dezuivelarij.be\\\/wp-content\\\/uploads\\\/2024\\\/11\\\/cropped-cropped-Zuivelarij-1.jpg?fit=96%2C96&ssl=1\",\"contentUrl\":\"https:\\\/\\\/i0.wp.com\\\/dezuivelarij.be\\\/wp-content\\\/uploads\\\/2024\\\/11\\\/cropped-cropped-Zuivelarij-1.jpg?fit=96%2C96&ssl=1\",\"width\":96,\"height\":96,\"caption\":\"De Zuivelarij\"}]}<\/script>\n<!-- \/ Yoast SEO Premium plugin. -->","yoast_head_json":{"title":"Macaronis \u00e0 la ricotta - De Zuivelarij","description":"Pr\u00e9parez des macaronis \u00e0 la ricotta rapides et faciles dans une seule casserole. D\u00e9couvrez comment r\u00e9aliser cette d\u00e9licieuse recette pour 10 \u00e0 15 personnes.","robots":{"index":"index","follow":"follow","max-snippet":"max-snippet:-1","max-image-preview":"max-image-preview:large","max-video-preview":"max-video-preview:-1"},"canonical":"https:\/\/dezuivelarij.be\/fr\/macaroni-avec-ricotta\/","og_locale":"fr_FR","og_type":"article","og_title":"Macaronis \u00e0 la ricotta","og_description":"Pr\u00e9parez des macaronis \u00e0 la ricotta rapides et faciles dans une seule casserole. D\u00e9couvrez comment r\u00e9aliser cette d\u00e9licieuse recette pour 10 \u00e0 15 personnes.","og_url":"https:\/\/dezuivelarij.be\/fr\/macaroni-avec-ricotta\/","og_site_name":"De Zuivelarij","article_publisher":"https:\/\/www.facebook.com\/DeZuivelarij\/","article_modified_time":"2025-03-08T12:03:18+00:00","og_image":[{"url":"https:\/\/berloumi.be\/wp-content\/uploads\/2023\/04\/Mac.jpg","type":"","width":"","height":""}],"twitter_card":"summary_large_image","twitter_misc":{"Dur\u00e9e de lecture estim\u00e9e":"2 minutes"},"schema":{"@context":"https:\/\/schema.org","@graph":[{"@type":"WebPage","@id":"https:\/\/dezuivelarij.be\/fr\/macaroni-avec-ricotta\/","url":"https:\/\/dezuivelarij.be\/fr\/macaroni-avec-ricotta\/","name":"Macaronis \u00e0 la ricotta - De Zuivelarij","isPartOf":{"@id":"https:\/\/dezuivelarij.be\/fr\/#website"},"primaryImageOfPage":{"@id":"https:\/\/dezuivelarij.be\/fr\/macaroni-avec-ricotta\/#primaryimage"},"image":{"@id":"https:\/\/dezuivelarij.be\/fr\/macaroni-avec-ricotta\/#primaryimage"},"thumbnailUrl":"https:\/\/berloumi.be\/wp-content\/uploads\/2023\/04\/Mac.jpg","datePublished":"2024-07-08T08:04:24+00:00","dateModified":"2025-03-08T12:03:18+00:00","description":"Pr\u00e9parez des macaronis \u00e0 la ricotta rapides et faciles dans une seule casserole. D\u00e9couvrez comment r\u00e9aliser cette d\u00e9licieuse recette pour 10 \u00e0 15 personnes.","breadcrumb":{"@id":"https:\/\/dezuivelarij.be\/fr\/macaroni-avec-ricotta\/#breadcrumb"},"inLanguage":"fr-FR","potentialAction":[{"@type":"ReadAction","target":["https:\/\/dezuivelarij.be\/fr\/macaroni-avec-ricotta\/"]}]},{"@type":"ImageObject","inLanguage":"fr-FR","@id":"https:\/\/dezuivelarij.be\/fr\/macaroni-avec-ricotta\/#primaryimage","url":"https:\/\/berloumi.be\/wp-content\/uploads\/2023\/04\/Mac.jpg","contentUrl":"https:\/\/berloumi.be\/wp-content\/uploads\/2023\/04\/Mac.jpg"},{"@type":"BreadcrumbList","@id":"https:\/\/dezuivelarij.be\/fr\/macaroni-avec-ricotta\/#breadcrumb","itemListElement":[{"@type":"ListItem","position":1,"name":"Home","item":"https:\/\/dezuivelarij.be\/fr\/"},{"@type":"ListItem","position":2,"name":"Macaronis \u00e0 la ricotta"}]},{"@type":"WebSite","@id":"https:\/\/dezuivelarij.be\/fr\/#website","url":"https:\/\/dezuivelarij.be\/fr\/","name":"De Zuivelarij","description":"Kaas met grillen","publisher":{"@id":"https:\/\/dezuivelarij.be\/fr\/#organization"},"potentialAction":[{"@type":"SearchAction","target":{"@type":"EntryPoint","urlTemplate":"https:\/\/dezuivelarij.be\/fr\/?s={search_term_string}"},"query-input":{"@type":"PropertyValueSpecification","valueRequired":true,"valueName":"search_term_string"}}],"inLanguage":"fr-FR"},{"@type":["Organization","Place"],"@id":"https:\/\/dezuivelarij.be\/fr\/#organization","name":"De Zuivelarij","alternateName":"De Zuivelarij BV","url":"https:\/\/dezuivelarij.be\/fr\/","logo":{"@id":"https:\/\/dezuivelarij.be\/fr\/macaroni-avec-ricotta\/#local-main-organization-logo"},"image":{"@id":"https:\/\/dezuivelarij.be\/fr\/macaroni-avec-ricotta\/#local-main-organization-logo"},"sameAs":["https:\/\/www.facebook.com\/DeZuivelarij\/","https:\/\/www.instagram.com\/de.zuivelarij\/","https:\/\/nl.pinterest.com\/dezuivelarij\/","https:\/\/www.youtube.com\/channel\/UCK_6xO0p1H4DXoMoW6fMUSw?view_as=subscriber"],"telephone":[],"openingHoursSpecification":[{"@type":"OpeningHoursSpecification","dayOfWeek":["Monday","Tuesday","Wednesday","Thursday","Friday","Saturday","Sunday"],"opens":"09:00","closes":"17:00"}]},{"@type":"ImageObject","inLanguage":"fr-FR","@id":"https:\/\/dezuivelarij.be\/fr\/macaroni-avec-ricotta\/#local-main-organization-logo","url":"https:\/\/i0.wp.com\/dezuivelarij.be\/wp-content\/uploads\/2024\/11\/cropped-cropped-Zuivelarij-1.jpg?fit=96%2C96&ssl=1","contentUrl":"https:\/\/i0.wp.com\/dezuivelarij.be\/wp-content\/uploads\/2024\/11\/cropped-cropped-Zuivelarij-1.jpg?fit=96%2C96&ssl=1","width":96,"height":96,"caption":"De Zuivelarij"}]}},"jetpack_sharing_enabled":true,"jetpack_likes_enabled":true,"jetpack-related-posts":[{"id":17657,"url":"https:\/\/dezuivelarij.be\/fr\/crepes-a-la-ricotta\/","url_meta":{"origin":17521,"position":0},"title":"Cr\u00eapes \u00e0 la ricotta","author":"De Zuivelarij","date":"septembre 12, 2024","format":false,"excerpt":"Cr\u00eapes \u00e0 la ricotta Notre ricotta vous permet de r\u00e9aliser toutes sortes de choses, y compris de tr\u00e8s savoureuses cr\u00eapes \u00e0 la ricotta. Sur cette page, vous trouverez pas moins de 5 fa\u00e7ons diff\u00e9rentes de pr\u00e9parer ces cr\u00eapes. Nous avons r\u00e9alis\u00e9 tant des versions sucr\u00e9es que des versions plut\u00f4t sal\u00e9es.\u2026","rel":"","context":"Dans &quot;Geen onderdeel van een categorie&quot;","block_context":{"text":"Geen onderdeel van een categorie","link":"https:\/\/dezuivelarij.be\/category\/geen-onderdeel-van-een-categorie\/"},"img":{"alt_text":"","src":"https:\/\/i0.wp.com\/dezuivelarij.be\/wp-content\/uploads\/2025\/01\/Ricotta-afscheppen-licht-scaled.jpg?fit=675%2C1200&ssl=1&resize=350%2C200","width":350,"height":200,"srcset":"https:\/\/i0.wp.com\/dezuivelarij.be\/wp-content\/uploads\/2025\/01\/Ricotta-afscheppen-licht-scaled.jpg?fit=675%2C1200&ssl=1&resize=350%2C200 1x, https:\/\/i0.wp.com\/dezuivelarij.be\/wp-content\/uploads\/2025\/01\/Ricotta-afscheppen-licht-scaled.jpg?fit=675%2C1200&ssl=1&resize=525%2C300 1.5x"},"classes":[]},{"id":10106,"url":"https:\/\/dezuivelarij.be\/fr\/sain\/","url_meta":{"origin":17521,"position":1},"title":"Berloumi, composition et ingr\u00e9dients","author":"De Zuivelarij","date":"octobre 12, 2014","format":false,"excerpt":"Valeur nutritionnelle moyenne pour 100 grammes Energie340 kcal \/ 1409 kJMati\u00e8res grasses28,3dont satur\u00e9s20,3Glucides2,8dont sucres2Prot\u00e9ines18,9Sel2,25 Ingr\u00e9dients: lait de vache et de brebis pasteuris\u00e9, huile de colza, sel, r\u00e9gulateur d'acidit\u00e9 (E575), pr\u00e9sure v\u00e9g\u00e9tale, piment, menthe, conservateur (E202). Allerg\u00e8nes: lait, peut contenir des traces de moutarde. Le berloumi est-il bon pour la sant\u00e9\u2026","rel":"","context":"Article similaire","block_context":{"text":"Article similaire","link":""},"img":{"alt_text":"berloumi, sain","src":"https:\/\/i0.wp.com\/dezuivelarij.be\/wp-content\/uploads\/2025\/08\/berloumi_terroir_TLD_2967_web-1024x684-1.jpg?fit=1024%2C684&ssl=1&resize=350%2C200","width":350,"height":200,"srcset":"https:\/\/i0.wp.com\/dezuivelarij.be\/wp-content\/uploads\/2025\/08\/berloumi_terroir_TLD_2967_web-1024x684-1.jpg?fit=1024%2C684&ssl=1&resize=350%2C200 1x, https:\/\/i0.wp.com\/dezuivelarij.be\/wp-content\/uploads\/2025\/08\/berloumi_terroir_TLD_2967_web-1024x684-1.jpg?fit=1024%2C684&ssl=1&resize=525%2C300 1.5x, https:\/\/i0.wp.com\/dezuivelarij.be\/wp-content\/uploads\/2025\/08\/berloumi_terroir_TLD_2967_web-1024x684-1.jpg?fit=1024%2C684&ssl=1&resize=700%2C400 2x"},"classes":[]},{"id":1603,"url":"https:\/\/dezuivelarij.be\/fr\/valeur-nutritionnelle\/","url_meta":{"origin":17521,"position":2},"title":"Labneh, composition et ingr\u00e9dients","author":"De Zuivelarij","date":"janvier 30, 2020","format":false,"excerpt":"Valeur nutritionnelle moyenne pour 100 grammes Energie181 kcal \/ 757 kJMati\u00e8res grasses10,8 g dont satur\u00e9s7,3 gGlucides4,5 g dont sucres4 gProt\u00e9ines16,4 gSel0,8 g Tzatziki au concombre avec notre labneh Ingr\u00e9dients: lait de brebis pasteuris\u00e9 (95%), ferments, lait de vache \u00e9cr\u00e9m\u00e9 en poudre, sel, conservateur (E202). Allerg\u00e8nes: lait Le labneh est-il sain\u2026","rel":"","context":"Article similaire","block_context":{"text":"Article similaire","link":""},"img":{"alt_text":"ZUIVELARIJ_PS_LABNEH-020","src":"https:\/\/i0.wp.com\/dezuivelarij.be\/wp-content\/uploads\/2025\/12\/ZUIVELARIJ_PS_LABNEH-020-scaled.png?fit=1200%2C800&ssl=1&resize=350%2C200","width":350,"height":200,"srcset":"https:\/\/i0.wp.com\/dezuivelarij.be\/wp-content\/uploads\/2025\/12\/ZUIVELARIJ_PS_LABNEH-020-scaled.png?fit=1200%2C800&ssl=1&resize=350%2C200 1x, https:\/\/i0.wp.com\/dezuivelarij.be\/wp-content\/uploads\/2025\/12\/ZUIVELARIJ_PS_LABNEH-020-scaled.png?fit=1200%2C800&ssl=1&resize=525%2C300 1.5x, https:\/\/i0.wp.com\/dezuivelarij.be\/wp-content\/uploads\/2025\/12\/ZUIVELARIJ_PS_LABNEH-020-scaled.png?fit=1200%2C800&ssl=1&resize=700%2C400 2x, https:\/\/i0.wp.com\/dezuivelarij.be\/wp-content\/uploads\/2025\/12\/ZUIVELARIJ_PS_LABNEH-020-scaled.png?fit=1200%2C800&ssl=1&resize=1050%2C600 3x"},"classes":[]},{"id":22901,"url":"https:\/\/dezuivelarij.be\/fr\/cannoli-maken\/","url_meta":{"origin":17521,"position":3},"title":"Cannoli maison","author":"De Zuivelarij","date":"janvier 22, 2026","format":false,"excerpt":"Faire son propre cannoli Dans notre laiterie, De Zuivelarij, nous ne pensons pas que la cuisine doive toujours \u00eatre facile. Ces cannoli demandent un peu d'effort. Mais si vous aimez cuisiner parce que vous trouvez cela satisfaisant, alors ces cannoli sont faits pour vous. De m\u00eame, si vous aimez cuisiner\u2026","rel":"","context":"Article similaire","block_context":{"text":"Article similaire","link":""},"img":{"alt_text":"","src":"https:\/\/i0.wp.com\/dezuivelarij.be\/wp-content\/uploads\/2025\/01\/cannoli-vet.jpg?resize=350%2C200&ssl=1","width":350,"height":200,"srcset":"https:\/\/i0.wp.com\/dezuivelarij.be\/wp-content\/uploads\/2025\/01\/cannoli-vet.jpg?resize=350%2C200&ssl=1 1x, https:\/\/i0.wp.com\/dezuivelarij.be\/wp-content\/uploads\/2025\/01\/cannoli-vet.jpg?resize=525%2C300&ssl=1 1.5x, https:\/\/i0.wp.com\/dezuivelarij.be\/wp-content\/uploads\/2025\/01\/cannoli-vet.jpg?resize=700%2C400&ssl=1 2x"},"classes":[]},{"id":9997,"url":"https:\/\/dezuivelarij.be\/fr\/levain\/","url_meta":{"origin":17521,"position":4},"title":"Utiliser un surplus de levain","author":"De Zuivelarij","date":"mars 2, 2024","format":false,"excerpt":"Utiliser un surplus de levain Tout boulanger amateur qui a du levain pour son usage quotidien y est confront\u00e9 de temps en temps: chaque jour, vous devez jeter environ 3\/4 du levain panaire et le remplacer par une quantit\u00e9 \u00e9gale de farine et d'eau. Normalement, vous l'utilisez \u00e0 chaque fois\u2026","rel":"","context":"Article similaire","block_context":{"text":"Article similaire","link":""},"img":{"alt_text":"","src":"https:\/\/i0.wp.com\/dezuivelarij.be\/wp-content\/uploads\/2021\/06\/Berloumi_Logo_RGB-scaled.jpg?resize=350%2C200&ssl=1","width":350,"height":200,"srcset":"https:\/\/i0.wp.com\/dezuivelarij.be\/wp-content\/uploads\/2021\/06\/Berloumi_Logo_RGB-scaled.jpg?resize=350%2C200&ssl=1 1x, https:\/\/i0.wp.com\/dezuivelarij.be\/wp-content\/uploads\/2021\/06\/Berloumi_Logo_RGB-scaled.jpg?resize=525%2C300&ssl=1 1.5x, https:\/\/i0.wp.com\/dezuivelarij.be\/wp-content\/uploads\/2021\/06\/Berloumi_Logo_RGB-scaled.jpg?resize=700%2C400&ssl=1 2x, https:\/\/i0.wp.com\/dezuivelarij.be\/wp-content\/uploads\/2021\/06\/Berloumi_Logo_RGB-scaled.jpg?resize=1050%2C600&ssl=1 3x, https:\/\/i0.wp.com\/dezuivelarij.be\/wp-content\/uploads\/2021\/06\/Berloumi_Logo_RGB-scaled.jpg?resize=1400%2C800&ssl=1 4x"},"classes":[]},{"id":15506,"url":"https:\/\/dezuivelarij.be\/fr\/biscuits-a-la-ricotta\/","url_meta":{"origin":17521,"position":5},"title":"Biscuits \u00e0 la ricotta","author":"De Zuivelarij","date":"f\u00e9vrier 11, 2020","format":false,"excerpt":"Biscuits \u00e0 la ricotta Cette page est enti\u00e8rement consacr\u00e9e aux biscuits \u00e0 la ricotta. Que ce soit les biscuits \u00e0 la ricotta traditionnels italiens au citron, semblables \u00e0 un g\u00e2teau, ou les biscuits et coriaces au beurre brun. Voil\u00e0 des biscuits aux noix plut\u00f4t petits mais consistants. Biscuits de No\u00ebl\u2026","rel":"","context":"Dans &quot;Geen onderdeel van een categorie&quot;","block_context":{"text":"Geen onderdeel van een categorie","link":"https:\/\/dezuivelarij.be\/category\/geen-onderdeel-van-een-categorie\/"},"img":{"alt_text":"cacioricotta, vivie, wheycheese","src":"https:\/\/i0.wp.com\/dezuivelarij.be\/wp-content\/uploads\/2024\/10\/viVie-maken-bogdan-en-catalin-scaled.jpg?fit=1200%2C590&ssl=1&resize=350%2C200","width":350,"height":200,"srcset":"https:\/\/i0.wp.com\/dezuivelarij.be\/wp-content\/uploads\/2024\/10\/viVie-maken-bogdan-en-catalin-scaled.jpg?fit=1200%2C590&ssl=1&resize=350%2C200 1x, https:\/\/i0.wp.com\/dezuivelarij.be\/wp-content\/uploads\/2024\/10\/viVie-maken-bogdan-en-catalin-scaled.jpg?fit=1200%2C590&ssl=1&resize=525%2C300 1.5x, https:\/\/i0.wp.com\/dezuivelarij.be\/wp-content\/uploads\/2024\/10\/viVie-maken-bogdan-en-catalin-scaled.jpg?fit=1200%2C590&ssl=1&resize=700%2C400 2x, https:\/\/i0.wp.com\/dezuivelarij.be\/wp-content\/uploads\/2024\/10\/viVie-maken-bogdan-en-catalin-scaled.jpg?fit=1200%2C590&ssl=1&resize=1050%2C600 3x"},"classes":[]}],"_links":{"self":[{"href":"https:\/\/dezuivelarij.be\/fr\/wp-json\/wp\/v2\/pages\/17521","targetHints":{"allow":["GET"]}}],"collection":[{"href":"https:\/\/dezuivelarij.be\/fr\/wp-json\/wp\/v2\/pages"}],"about":[{"href":"https:\/\/dezuivelarij.be\/fr\/wp-json\/wp\/v2\/types\/page"}],"author":[{"embeddable":true,"href":"https:\/\/dezuivelarij.be\/fr\/wp-json\/wp\/v2\/users\/1"}],"replies":[{"embeddable":true,"href":"https:\/\/dezuivelarij.be\/fr\/wp-json\/wp\/v2\/comments?post=17521"}],"version-history":[{"count":1,"href":"https:\/\/dezuivelarij.be\/fr\/wp-json\/wp\/v2\/pages\/17521\/revisions"}],"predecessor-version":[{"id":18190,"href":"https:\/\/dezuivelarij.be\/fr\/wp-json\/wp\/v2\/pages\/17521\/revisions\/18190"}],"wp:attachment":[{"href":"https:\/\/dezuivelarij.be\/fr\/wp-json\/wp\/v2\/media?parent=17521"}],"wp:term":[{"taxonomy":"category","embeddable":true,"href":"https:\/\/dezuivelarij.be\/fr\/wp-json\/wp\/v2\/categories?post=17521"},{"taxonomy":"post_tag","embeddable":true,"href":"https:\/\/dezuivelarij.be\/fr\/wp-json\/wp\/v2\/tags?post=17521"}],"curies":[{"name":"wp","href":"https:\/\/api.w.org\/{rel}","templated":true}]}}