{"id":17425,"date":"2024-07-03T16:37:27","date_gmt":"2024-07-03T14:37:27","guid":{"rendered":"https:\/\/berloumi.be\/berloumi-abricot-grilles\/"},"modified":"2026-03-09T06:52:29","modified_gmt":"2026-03-09T05:52:29","slug":"berloumi-abricot-grilles","status":"publish","type":"page","link":"https:\/\/dezuivelarij.be\/fr\/berloumi-abricot-grilles\/","title":{"rendered":"Abricots grill\u00e9s"},"content":{"rendered":"\n<div style=\"height:30px\" aria-hidden=\"true\" class=\"wp-block-spacer\"><\/div>\n\n<figure class=\"wp-block-image size-full\"><img loading=\"lazy\" decoding=\"async\" width=\"1140\" height=\"854\" src=\"https:\/\/dezuivelarij.be\/wp-content\/uploads\/2025\/07\/Berloumi-met-abrikozen.webp\" alt=\"\" class=\"wp-image-19830\" srcset=\"https:\/\/dezuivelarij.be\/wp-content\/uploads\/2025\/07\/Berloumi-met-abrikozen.webp 1140w, https:\/\/dezuivelarij.be\/wp-content\/uploads\/2025\/07\/Berloumi-met-abrikozen-300x225.webp 300w, https:\/\/dezuivelarij.be\/wp-content\/uploads\/2025\/07\/Berloumi-met-abrikozen-1024x767.webp 1024w, https:\/\/dezuivelarij.be\/wp-content\/uploads\/2025\/07\/Berloumi-met-abrikozen-768x575.webp 768w, https:\/\/dezuivelarij.be\/wp-content\/uploads\/2025\/07\/Berloumi-met-abrikozen-570x428.webp 570w, https:\/\/dezuivelarij.be\/wp-content\/uploads\/2025\/07\/Berloumi-met-abrikozen-380x285.webp 380w, https:\/\/dezuivelarij.be\/wp-content\/uploads\/2025\/07\/Berloumi-met-abrikozen-285x214.webp 285w, https:\/\/dezuivelarij.be\/wp-content\/uploads\/2025\/07\/Berloumi-met-abrikozen-600x449.webp 600w, https:\/\/dezuivelarij.be\/wp-content\/uploads\/2025\/07\/Berloumi-met-abrikozen-150x112.webp 150w\" sizes=\"auto, (max-width: 1140px) 100vw, 1140px\" \/><\/figure>\n\n<div style=\"height:70px\" aria-hidden=\"true\" class=\"wp-block-spacer\"><\/div>\n\n<p>Voor deze Berloumi met gegrilde abrikozen hebben we <strong>slechts twee ingredi\u00ebnten<\/strong> gebruikt: abrikozen en Berloumi. En een beetje verse oregano maar dat was vooral voor de foto. Maak dit recept in het seizoen van de abrikozen voor het zoetste en lekkerste resultaat.<\/p>\n\n<div style=\"height:50px\" aria-hidden=\"true\" class=\"wp-block-spacer\"><\/div>\n\n<h2 class=\"wp-block-heading\" id=\"h-gegrilde-berloumi-met-abrikozen\">Gegrilde Berloumi met abrikozen<\/h2>\n\n<div style=\"height:20px\" aria-hidden=\"true\" class=\"wp-block-spacer\"><\/div>\n\n<p>Halveer <strong>1 kg rijpe abrikozen<\/strong> en haal er de pit uit. Doe ze in een ovenschaal en leg in het midden <strong>een pakje Berloumi<\/strong>. Meng de abrikozen een beetje met <strong>de marinade uit de Berloumi verpakking<\/strong>. Snij met een scherp mes de grillkaas kruislings in. Snij diep genoeg maar niet helemaal erdoor.<\/p>\n\n<p>Zet de Berloumi met abrikozen in de oven (op grillstand) gedurende ongeveer 18 minuten. De oventijd is sterk afhankelijk van je oven, of je al dan niet voorverwarmt en de hoogte waarop de ovenschaal staat. Schep naar het einde toe het vrijgekomen abrikozensap eens over de Berloumi en zet nogmaals in de oven.<\/p>\n\n<p>Deze techniek kan je natuurlijk ook gebruiken met andere fruitsoorten en\/of groenten. Bij stevige groenten zal je ze misschien even moeten voorkoken of kleiner snijden. Maar met kerstomaatjes kan je op  net dezelfde manier aan de slag gaan als bij deze gegrilde abrikozen. <strong>Bezorg ons zeker je eigen creatie of deel op je socials met <a href=\"https:\/\/dezuivelarij.be\">@dezuivelarij.<\/a><\/strong><\/p>\n\n<div style=\"height:50px\" aria-hidden=\"true\" class=\"wp-block-spacer\"><\/div>\n\n<h3 class=\"wp-block-heading\" id=\"h-nog-meer-gegrilde-abrikozen-tips-uit-onze-zuivelarij\">Nog meer gegrilde abrikozen tips uit onze Zuivelarij<\/h3>\n\n<div style=\"height:30px\" aria-hidden=\"true\" class=\"wp-block-spacer\"><\/div>\n\n<p>Het is niet omdat wij hier geen extra kruiden gebruiken dat het niet kan. Zo gaan kerstomaatjes goed gepaard met basilicum, gaat pompoen hand in hand met koriander en kan je peterselie aan de asperges toevoegen.<\/p>\n\n<p>Wil je het heel zoet-zout maken dan kan je naar het einde van de grilltijd een beetje honing onder de gegrilde abrikozen roeren. Houd dan wel de bereiding goed in de gaten want de suikers gaan al snel karameliseren.<\/p>\n\n<p>Het lijken misschien details, maar als je een abrikoos onder de ingesneden Berloumi legt, komen de insnijdingen mooi open en kan je het vocht helemaal in de gegrilde kaas lepelen.<\/p>\n\n<div style=\"height:80px\" aria-hidden=\"true\" class=\"wp-block-spacer\"><\/div>\n\n<div class=\"wp-block-buttons is-content-justification-center is-layout-flex wp-container-core-buttons-is-layout-16018d1d wp-block-buttons-is-layout-flex\">\n<div class=\"wp-block-button\"><a class=\"wp-block-button__link wp-element-button\" href=\"https:\/\/dezuivelarij.be\/fr\/berloumi-bereiden\/\">Berloumi bereiden<\/a><\/div>\n<\/div>\n\n<div style=\"height:79px\" aria-hidden=\"true\" class=\"wp-block-spacer\"><\/div>\n\n<p class=\"has-text-align-center\">Deze gegrilde abrikozen zijn speciaal voor jou gekozen. Dus deel deze pagina als je dat wil!<\/p>\n\n<div style=\"height:30px\" aria-hidden=\"true\" class=\"wp-block-spacer\"><\/div>\n\n<div style=\"height:100px\" aria-hidden=\"true\" class=\"wp-block-spacer\"><\/div>\n","protected":false},"excerpt":{"rendered":"<p>Voor deze Berloumi met gegrilde abrikozen hebben we slechts twee ingredi\u00ebnten gebruikt: abrikozen en Berloumi. En een beetje verse oregano maar dat was vooral voor de foto. Maak dit recept in het seizoen van de abrikozen voor het zoetste en lekkerste resultaat. Gegrilde Berloumi met abrikozen Halveer 1 kg rijpe abrikozen en haal er de [&hellip;]<\/p>\n","protected":false},"author":1,"featured_media":19832,"parent":0,"menu_order":0,"comment_status":"closed","ping_status":"closed","template":"","meta":{"jetpack_post_was_ever_published":false,"footnotes":"","_wp_rev_ctl_limit":""},"categories":[],"tags":[],"class_list":["post-17425","page","type-page","status-publish","has-post-thumbnail","hentry"],"yoast_head":"<!-- This site is optimized with the Yoast SEO Premium plugin v27.3 (Yoast SEO v27.3) - https:\/\/yoast.com\/product\/yoast-seo-premium-wordpress\/ -->\n<title>Berloumi aux abricots grill\u00e9s<\/title>\n<meta name=\"description\" content=\"Une recette avec des abricots grill\u00e9s et du Berloumi. Ce plat savoureux avec seulement deux ingr\u00e9dients est parfait pour la saison des abricots.\" \/>\n<meta name=\"robots\" content=\"index, follow, max-snippet:-1, max-image-preview:large, max-video-preview:-1\" \/>\n<link rel=\"canonical\" href=\"https:\/\/dezuivelarij.be\/fr\/berloumi-abricot-grilles\/\" \/>\n<meta property=\"og:locale\" content=\"fr_FR\" \/>\n<meta property=\"og:type\" content=\"article\" \/>\n<meta property=\"og:title\" content=\"Abricots grill\u00e9s. Sp\u00e9cialement pour vous !\" \/>\n<meta property=\"og:description\" content=\"Un d\u00e9licieux plat rapide de Berloumi et d&#039;abricots grill\u00e9s. Une combinaison simple mais excellente !\" \/>\n<meta property=\"og:url\" content=\"https:\/\/dezuivelarij.be\/fr\/berloumi-abricot-grilles\/\" \/>\n<meta property=\"og:site_name\" content=\"De Zuivelarij\" \/>\n<meta property=\"article:publisher\" content=\"https:\/\/www.facebook.com\/DeZuivelarij\/\" \/>\n<meta property=\"article:modified_time\" content=\"2026-03-09T05:52:29+00:00\" \/>\n<meta property=\"og:image\" content=\"https:\/\/i0.wp.com\/dezuivelarij.be\/wp-content\/uploads\/2025\/07\/Berloumi-met-abrikozen.webp?fit=1140%2C854&ssl=1\" \/>\n\t<meta property=\"og:image:width\" content=\"1140\" \/>\n\t<meta property=\"og:image:height\" content=\"854\" \/>\n\t<meta property=\"og:image:type\" content=\"image\/webp\" \/>\n<meta name=\"twitter:card\" content=\"summary_large_image\" \/>\n<meta name=\"twitter:title\" content=\"Abricots grill\u00e9s\" \/>\n<meta name=\"twitter:label1\" content=\"Dur\u00e9e de lecture estim\u00e9e\" \/>\n\t<meta name=\"twitter:data1\" content=\"2 minutes\" \/>\n<script type=\"application\/ld+json\" class=\"yoast-schema-graph\">{\"@context\":\"https:\\\/\\\/schema.org\",\"@graph\":[{\"@type\":\"WebPage\",\"@id\":\"https:\\\/\\\/dezuivelarij.be\\\/fr\\\/berloumi-abricot-grilles\\\/\",\"url\":\"https:\\\/\\\/dezuivelarij.be\\\/fr\\\/berloumi-abricot-grilles\\\/\",\"name\":\"Berloumi aux abricots grill\u00e9s\",\"isPartOf\":{\"@id\":\"https:\\\/\\\/dezuivelarij.be\\\/fr\\\/#website\"},\"primaryImageOfPage\":{\"@id\":\"https:\\\/\\\/dezuivelarij.be\\\/fr\\\/berloumi-abricot-grilles\\\/#primaryimage\"},\"image\":{\"@id\":\"https:\\\/\\\/dezuivelarij.be\\\/fr\\\/berloumi-abricot-grilles\\\/#primaryimage\"},\"thumbnailUrl\":\"https:\\\/\\\/dezuivelarij.be\\\/wp-content\\\/uploads\\\/2025\\\/07\\\/Berloumi-met-abrikozen.webp\",\"datePublished\":\"2024-07-03T14:37:27+00:00\",\"dateModified\":\"2026-03-09T05:52:29+00:00\",\"description\":\"Une recette avec des abricots grill\u00e9s et du Berloumi. Ce plat savoureux avec seulement deux ingr\u00e9dients est parfait pour la saison des abricots.\",\"breadcrumb\":{\"@id\":\"https:\\\/\\\/dezuivelarij.be\\\/fr\\\/berloumi-abricot-grilles\\\/#breadcrumb\"},\"inLanguage\":\"fr-FR\",\"potentialAction\":[{\"@type\":\"ReadAction\",\"target\":[\"https:\\\/\\\/dezuivelarij.be\\\/fr\\\/berloumi-abricot-grilles\\\/\"]}]},{\"@type\":\"ImageObject\",\"inLanguage\":\"fr-FR\",\"@id\":\"https:\\\/\\\/dezuivelarij.be\\\/fr\\\/berloumi-abricot-grilles\\\/#primaryimage\",\"url\":\"https:\\\/\\\/dezuivelarij.be\\\/wp-content\\\/uploads\\\/2025\\\/07\\\/Berloumi-met-abrikozen.webp\",\"contentUrl\":\"https:\\\/\\\/dezuivelarij.be\\\/wp-content\\\/uploads\\\/2025\\\/07\\\/Berloumi-met-abrikozen.webp\",\"width\":1140,\"height\":854,\"caption\":\"gegrilde abrikozen uit de oven\"},{\"@type\":\"BreadcrumbList\",\"@id\":\"https:\\\/\\\/dezuivelarij.be\\\/fr\\\/berloumi-abricot-grilles\\\/#breadcrumb\",\"itemListElement\":[{\"@type\":\"ListItem\",\"position\":1,\"name\":\"Home\",\"item\":\"https:\\\/\\\/dezuivelarij.be\\\/fr\\\/\"},{\"@type\":\"ListItem\",\"position\":2,\"name\":\"Abricots grill\u00e9s\"}]},{\"@type\":\"WebSite\",\"@id\":\"https:\\\/\\\/dezuivelarij.be\\\/fr\\\/#website\",\"url\":\"https:\\\/\\\/dezuivelarij.be\\\/fr\\\/\",\"name\":\"De Zuivelarij\",\"description\":\"Kaas met grillen\",\"publisher\":{\"@id\":\"https:\\\/\\\/dezuivelarij.be\\\/fr\\\/#organization\"},\"potentialAction\":[{\"@type\":\"SearchAction\",\"target\":{\"@type\":\"EntryPoint\",\"urlTemplate\":\"https:\\\/\\\/dezuivelarij.be\\\/fr\\\/?s={search_term_string}\"},\"query-input\":{\"@type\":\"PropertyValueSpecification\",\"valueRequired\":true,\"valueName\":\"search_term_string\"}}],\"inLanguage\":\"fr-FR\"},{\"@type\":[\"Organization\",\"Place\"],\"@id\":\"https:\\\/\\\/dezuivelarij.be\\\/fr\\\/#organization\",\"name\":\"De Zuivelarij\",\"alternateName\":\"De Zuivelarij BV\",\"url\":\"https:\\\/\\\/dezuivelarij.be\\\/fr\\\/\",\"logo\":{\"@id\":\"https:\\\/\\\/dezuivelarij.be\\\/fr\\\/berloumi-abricot-grilles\\\/#local-main-organization-logo\"},\"image\":{\"@id\":\"https:\\\/\\\/dezuivelarij.be\\\/fr\\\/berloumi-abricot-grilles\\\/#local-main-organization-logo\"},\"sameAs\":[\"https:\\\/\\\/www.facebook.com\\\/DeZuivelarij\\\/\",\"https:\\\/\\\/www.instagram.com\\\/de.zuivelarij\\\/\",\"https:\\\/\\\/nl.pinterest.com\\\/dezuivelarij\\\/\",\"https:\\\/\\\/www.youtube.com\\\/channel\\\/UCK_6xO0p1H4DXoMoW6fMUSw?view_as=subscriber\"],\"telephone\":[],\"openingHoursSpecification\":[{\"@type\":\"OpeningHoursSpecification\",\"dayOfWeek\":[\"Monday\",\"Tuesday\",\"Wednesday\",\"Thursday\",\"Friday\",\"Saturday\",\"Sunday\"],\"opens\":\"09:00\",\"closes\":\"17:00\"}]},{\"@type\":\"ImageObject\",\"inLanguage\":\"fr-FR\",\"@id\":\"https:\\\/\\\/dezuivelarij.be\\\/fr\\\/berloumi-abricot-grilles\\\/#local-main-organization-logo\",\"url\":\"https:\\\/\\\/dezuivelarij.be\\\/wp-content\\\/uploads\\\/2024\\\/11\\\/cropped-cropped-Zuivelarij-1.jpg\",\"contentUrl\":\"https:\\\/\\\/dezuivelarij.be\\\/wp-content\\\/uploads\\\/2024\\\/11\\\/cropped-cropped-Zuivelarij-1.jpg\",\"width\":96,\"height\":96,\"caption\":\"De Zuivelarij\"}]}<\/script>\n<!-- \/ Yoast SEO Premium plugin. -->","yoast_head_json":{"title":"Berloumi aux abricots grill\u00e9s","description":"Une recette avec des abricots grill\u00e9s et du Berloumi. Ce plat savoureux avec seulement deux ingr\u00e9dients est parfait pour la saison des abricots.","robots":{"index":"index","follow":"follow","max-snippet":"max-snippet:-1","max-image-preview":"max-image-preview:large","max-video-preview":"max-video-preview:-1"},"canonical":"https:\/\/dezuivelarij.be\/fr\/berloumi-abricot-grilles\/","og_locale":"fr_FR","og_type":"article","og_title":"Abricots grill\u00e9s. Sp\u00e9cialement pour vous !","og_description":"Un d\u00e9licieux plat rapide de Berloumi et d'abricots grill\u00e9s. Une combinaison simple mais excellente !","og_url":"https:\/\/dezuivelarij.be\/fr\/berloumi-abricot-grilles\/","og_site_name":"De Zuivelarij","article_publisher":"https:\/\/www.facebook.com\/DeZuivelarij\/","article_modified_time":"2026-03-09T05:52:29+00:00","og_image":[{"width":1140,"height":854,"url":"https:\/\/i0.wp.com\/dezuivelarij.be\/wp-content\/uploads\/2025\/07\/Berloumi-met-abrikozen.webp?fit=1140%2C854&ssl=1","type":"image\/webp"}],"twitter_card":"summary_large_image","twitter_title":"Abricots grill\u00e9s","twitter_misc":{"Dur\u00e9e de lecture estim\u00e9e":"2 minutes"},"schema":{"@context":"https:\/\/schema.org","@graph":[{"@type":"WebPage","@id":"https:\/\/dezuivelarij.be\/fr\/berloumi-abricot-grilles\/","url":"https:\/\/dezuivelarij.be\/fr\/berloumi-abricot-grilles\/","name":"Berloumi aux abricots grill\u00e9s","isPartOf":{"@id":"https:\/\/dezuivelarij.be\/fr\/#website"},"primaryImageOfPage":{"@id":"https:\/\/dezuivelarij.be\/fr\/berloumi-abricot-grilles\/#primaryimage"},"image":{"@id":"https:\/\/dezuivelarij.be\/fr\/berloumi-abricot-grilles\/#primaryimage"},"thumbnailUrl":"https:\/\/dezuivelarij.be\/wp-content\/uploads\/2025\/07\/Berloumi-met-abrikozen.webp","datePublished":"2024-07-03T14:37:27+00:00","dateModified":"2026-03-09T05:52:29+00:00","description":"Une recette avec des abricots grill\u00e9s et du Berloumi. Ce plat savoureux avec seulement deux ingr\u00e9dients est parfait pour la saison des abricots.","breadcrumb":{"@id":"https:\/\/dezuivelarij.be\/fr\/berloumi-abricot-grilles\/#breadcrumb"},"inLanguage":"fr-FR","potentialAction":[{"@type":"ReadAction","target":["https:\/\/dezuivelarij.be\/fr\/berloumi-abricot-grilles\/"]}]},{"@type":"ImageObject","inLanguage":"fr-FR","@id":"https:\/\/dezuivelarij.be\/fr\/berloumi-abricot-grilles\/#primaryimage","url":"https:\/\/dezuivelarij.be\/wp-content\/uploads\/2025\/07\/Berloumi-met-abrikozen.webp","contentUrl":"https:\/\/dezuivelarij.be\/wp-content\/uploads\/2025\/07\/Berloumi-met-abrikozen.webp","width":1140,"height":854,"caption":"gegrilde abrikozen uit de oven"},{"@type":"BreadcrumbList","@id":"https:\/\/dezuivelarij.be\/fr\/berloumi-abricot-grilles\/#breadcrumb","itemListElement":[{"@type":"ListItem","position":1,"name":"Home","item":"https:\/\/dezuivelarij.be\/fr\/"},{"@type":"ListItem","position":2,"name":"Abricots grill\u00e9s"}]},{"@type":"WebSite","@id":"https:\/\/dezuivelarij.be\/fr\/#website","url":"https:\/\/dezuivelarij.be\/fr\/","name":"De Zuivelarij","description":"Kaas met grillen","publisher":{"@id":"https:\/\/dezuivelarij.be\/fr\/#organization"},"potentialAction":[{"@type":"SearchAction","target":{"@type":"EntryPoint","urlTemplate":"https:\/\/dezuivelarij.be\/fr\/?s={search_term_string}"},"query-input":{"@type":"PropertyValueSpecification","valueRequired":true,"valueName":"search_term_string"}}],"inLanguage":"fr-FR"},{"@type":["Organization","Place"],"@id":"https:\/\/dezuivelarij.be\/fr\/#organization","name":"De Zuivelarij","alternateName":"De Zuivelarij BV","url":"https:\/\/dezuivelarij.be\/fr\/","logo":{"@id":"https:\/\/dezuivelarij.be\/fr\/berloumi-abricot-grilles\/#local-main-organization-logo"},"image":{"@id":"https:\/\/dezuivelarij.be\/fr\/berloumi-abricot-grilles\/#local-main-organization-logo"},"sameAs":["https:\/\/www.facebook.com\/DeZuivelarij\/","https:\/\/www.instagram.com\/de.zuivelarij\/","https:\/\/nl.pinterest.com\/dezuivelarij\/","https:\/\/www.youtube.com\/channel\/UCK_6xO0p1H4DXoMoW6fMUSw?view_as=subscriber"],"telephone":[],"openingHoursSpecification":[{"@type":"OpeningHoursSpecification","dayOfWeek":["Monday","Tuesday","Wednesday","Thursday","Friday","Saturday","Sunday"],"opens":"09:00","closes":"17:00"}]},{"@type":"ImageObject","inLanguage":"fr-FR","@id":"https:\/\/dezuivelarij.be\/fr\/berloumi-abricot-grilles\/#local-main-organization-logo","url":"https:\/\/dezuivelarij.be\/wp-content\/uploads\/2024\/11\/cropped-cropped-Zuivelarij-1.jpg","contentUrl":"https:\/\/dezuivelarij.be\/wp-content\/uploads\/2024\/11\/cropped-cropped-Zuivelarij-1.jpg","width":96,"height":96,"caption":"De Zuivelarij"}]}},"jetpack_sharing_enabled":true,"jetpack_likes_enabled":true,"jetpack-related-posts":[{"id":17225,"url":"https:\/\/dezuivelarij.be\/berloumi-gegrilde-abrikozen\/","url_meta":{"origin":17425,"position":0},"title":"Gegrilde abrikozen","author":"De Zuivelarij","date":"mai 26, 2024","format":false,"excerpt":"Voor deze Berloumi met gegrilde abrikozen hebben we slechts twee ingredi\u00ebnten gebruikt: abrikozen en Berloumi. En een beetje verse oregano maar dat was vooral voor de foto. Maak dit recept in het seizoen van de abrikozen voor het zoetste en lekkerste resultaat. Gegrilde Berloumi met abrikozen Halveer 1 kg rijpe\u2026","rel":"","context":"Article similaire","block_context":{"text":"Article similaire","link":""},"img":{"alt_text":"gegrilde abrikozen uit de oven","src":"https:\/\/i0.wp.com\/dezuivelarij.be\/wp-content\/uploads\/2025\/07\/Berloumi-met-abrikozen.webp?resize=350%2C200&ssl=1","width":350,"height":200,"srcset":"https:\/\/i0.wp.com\/dezuivelarij.be\/wp-content\/uploads\/2025\/07\/Berloumi-met-abrikozen.webp?resize=350%2C200&ssl=1 1x, https:\/\/i0.wp.com\/dezuivelarij.be\/wp-content\/uploads\/2025\/07\/Berloumi-met-abrikozen.webp?resize=525%2C300&ssl=1 1.5x, https:\/\/i0.wp.com\/dezuivelarij.be\/wp-content\/uploads\/2025\/07\/Berloumi-met-abrikozen.webp?resize=700%2C400&ssl=1 2x, https:\/\/i0.wp.com\/dezuivelarij.be\/wp-content\/uploads\/2025\/07\/Berloumi-met-abrikozen.webp?resize=1050%2C600&ssl=1 3x"},"classes":[]},{"id":1277,"url":"https:\/\/dezuivelarij.be\/berloumi-spinazie-linzen-en-citroensaus\/","url_meta":{"origin":17425,"position":1},"title":"Berloumi met gebakken abrikozen, spinazie, linzen en citroensaus","author":"De Zuivelarij","date":"juin 24, 2016","format":false,"excerpt":"Recepten Omdat er nogal wat afzonderlijk te bereiden valt is dit wellicht niet ons eenvoudigste recept. Maar misschien wel ons meest feestelijke. Citroensaus met kurkuma en gember Stoof 100 g fijngesneden sjalot aan in 30 g ma\u00efsolie. Voeg na tien minuten 30 g fijngesneden gember, 10 g geraspte verse kurkuma,\u2026","rel":"","context":"Article similaire","block_context":{"text":"Article similaire","link":""},"img":{"alt_text":"Citroensaus met kurkum","src":"https:\/\/i0.wp.com\/berloumi.be\/wp-content\/uploads\/2016\/06\/DSC_0062-1024x685.jpg?resize=350%2C200&ssl=1","width":350,"height":200,"srcset":"https:\/\/i0.wp.com\/berloumi.be\/wp-content\/uploads\/2016\/06\/DSC_0062-1024x685.jpg?resize=350%2C200&ssl=1 1x, https:\/\/i0.wp.com\/berloumi.be\/wp-content\/uploads\/2016\/06\/DSC_0062-1024x685.jpg?resize=525%2C300&ssl=1 1.5x, https:\/\/i0.wp.com\/berloumi.be\/wp-content\/uploads\/2016\/06\/DSC_0062-1024x685.jpg?resize=700%2C400&ssl=1 2x"},"classes":[]},{"id":15394,"url":"https:\/\/dezuivelarij.be\/de\/berloumi-belgisch-gegrillter-kase\/","url_meta":{"origin":17425,"position":2},"title":"Berloumi, belgischer Grillk\u00e4se","author":"De Zuivelarij","date":"septembre 27, 2022","format":false,"excerpt":"Berloumi op de barbecue Berloumi, Belgische grillkaas Berloumi heeft een unieke smaak, die je niet kan vergelijken met andere kazen. Gebakken of gegrild heeft hij een hartig en rijk aroma. Maar het is vooral de textuur die de kaas uitzonderlijk maakt want hij smelt niet zoals andere kazen dat doen.\u2026","rel":"","context":"Article similaire","block_context":{"text":"Article similaire","link":""},"img":{"alt_text":"Berloumi, Berloumi Bio, Berloumi Geit","src":"https:\/\/i0.wp.com\/dezuivelarij.be\/wp-content\/uploads\/2025\/06\/FB_IMG_1649529283801.jpg?resize=350%2C200&ssl=1","width":350,"height":200,"srcset":"https:\/\/i0.wp.com\/dezuivelarij.be\/wp-content\/uploads\/2025\/06\/FB_IMG_1649529283801.jpg?resize=350%2C200&ssl=1 1x, https:\/\/i0.wp.com\/dezuivelarij.be\/wp-content\/uploads\/2025\/06\/FB_IMG_1649529283801.jpg?resize=525%2C300&ssl=1 1.5x, https:\/\/i0.wp.com\/dezuivelarij.be\/wp-content\/uploads\/2025\/06\/FB_IMG_1649529283801.jpg?resize=700%2C400&ssl=1 2x, https:\/\/i0.wp.com\/dezuivelarij.be\/wp-content\/uploads\/2025\/06\/FB_IMG_1649529283801.jpg?resize=1050%2C600&ssl=1 3x"},"classes":[]},{"id":18442,"url":"https:\/\/dezuivelarij.be\/ricotta-recepten\/","url_meta":{"origin":17425,"position":3},"title":"Ricotta recepten","author":"De Zuivelarij","date":"mars 21, 2025","format":false,"excerpt":"Ricotta recepten Ricotta is echt een zuivelproduct (het is niet echt een kaas) om in de keuken te gebruiken. Op zichzelf is ricotta nogal neutraal van smaak, maar met kruiden en wat creativiteit maak je er in een handomdraai voedzame en snelle gerechten mee. Door het hoog gehalte aan hoogwaardige\u2026","rel":"","context":"Article similaire","block_context":{"text":"Article similaire","link":""},"img":{"alt_text":"","src":"https:\/\/i0.wp.com\/dezuivelarij.be\/wp-content\/uploads\/2025\/03\/ZUIVELARIJ_SFEER_CANOLLI-199-scaled.jpg?resize=350%2C200&ssl=1","width":350,"height":200,"srcset":"https:\/\/i0.wp.com\/dezuivelarij.be\/wp-content\/uploads\/2025\/03\/ZUIVELARIJ_SFEER_CANOLLI-199-scaled.jpg?resize=350%2C200&ssl=1 1x, https:\/\/i0.wp.com\/dezuivelarij.be\/wp-content\/uploads\/2025\/03\/ZUIVELARIJ_SFEER_CANOLLI-199-scaled.jpg?resize=525%2C300&ssl=1 1.5x, https:\/\/i0.wp.com\/dezuivelarij.be\/wp-content\/uploads\/2025\/03\/ZUIVELARIJ_SFEER_CANOLLI-199-scaled.jpg?resize=700%2C400&ssl=1 2x, https:\/\/i0.wp.com\/dezuivelarij.be\/wp-content\/uploads\/2025\/03\/ZUIVELARIJ_SFEER_CANOLLI-199-scaled.jpg?resize=1050%2C600&ssl=1 3x, https:\/\/i0.wp.com\/dezuivelarij.be\/wp-content\/uploads\/2025\/03\/ZUIVELARIJ_SFEER_CANOLLI-199-scaled.jpg?resize=1400%2C800&ssl=1 4x"},"classes":[]},{"id":15492,"url":"https:\/\/dezuivelarij.be\/berloumi-recepten\/","url_meta":{"origin":17425,"position":4},"title":"Recepten met Berloumi","author":"De Zuivelarij","date":"octobre 31, 2019","format":false,"excerpt":"Berloumi recepten | Grillkaas recepten Berloumi\u00a0is een kaas om te bakken en te grillen. Onze Berloumi recepten kunnen dienen als aperitiefhapje, als snelle lunch, op de barbecue of als volwaardige maaltijd. Maak het jezelf niet te moeilijk. We maken onze Berloumi recepten graag vegetarisch, of toch met heel wat groenten.\u2026","rel":"","context":"Article similaire","block_context":{"text":"Article similaire","link":""},"img":{"alt_text":"","src":"https:\/\/i0.wp.com\/dezuivelarij.be\/wp-content\/uploads\/2021\/06\/Pasta-Primavera.jpg?resize=350%2C200&ssl=1","width":350,"height":200,"srcset":"https:\/\/i0.wp.com\/dezuivelarij.be\/wp-content\/uploads\/2021\/06\/Pasta-Primavera.jpg?resize=350%2C200&ssl=1 1x, https:\/\/i0.wp.com\/dezuivelarij.be\/wp-content\/uploads\/2021\/06\/Pasta-Primavera.jpg?resize=525%2C300&ssl=1 1.5x, https:\/\/i0.wp.com\/dezuivelarij.be\/wp-content\/uploads\/2021\/06\/Pasta-Primavera.jpg?resize=700%2C400&ssl=1 2x, https:\/\/i0.wp.com\/dezuivelarij.be\/wp-content\/uploads\/2021\/06\/Pasta-Primavera.jpg?resize=1050%2C600&ssl=1 3x, https:\/\/i0.wp.com\/dezuivelarij.be\/wp-content\/uploads\/2021\/06\/Pasta-Primavera.jpg?resize=1400%2C800&ssl=1 4x"},"classes":[]},{"id":6641,"url":"https:\/\/dezuivelarij.be\/fr\/photographie\/","url_meta":{"origin":17425,"position":5},"title":"Photographie","author":"De Zuivelarij","date":"janvier 9, 2023","format":false,"excerpt":"Plats de berloumi Berloumi en brochette avec courgetteFrites de BerloumiBerloumi aux choux de Bruxelles Photographie BerloumiT\u00e9l\u00e9charger","rel":"","context":"Article similaire","block_context":{"text":"Article similaire","link":""},"img":{"alt_text":"Berloumi, Courgette","src":"https:\/\/i0.wp.com\/dezuivelarij.be\/wp-content\/uploads\/2021\/06\/Berloumi-op-spiesjes-met-Courgette-1-150x150.jpg?resize=350%2C200&ssl=1","width":350,"height":200,"srcset":"https:\/\/i0.wp.com\/dezuivelarij.be\/wp-content\/uploads\/2021\/06\/Berloumi-op-spiesjes-met-Courgette-1-150x150.jpg?resize=350%2C200&ssl=1 1x, https:\/\/i0.wp.com\/dezuivelarij.be\/wp-content\/uploads\/2021\/06\/Berloumi-op-spiesjes-met-Courgette-1-150x150.jpg?resize=525%2C300&ssl=1 1.5x, https:\/\/i0.wp.com\/dezuivelarij.be\/wp-content\/uploads\/2021\/06\/Berloumi-op-spiesjes-met-Courgette-1-150x150.jpg?resize=700%2C400&ssl=1 2x, https:\/\/i0.wp.com\/dezuivelarij.be\/wp-content\/uploads\/2021\/06\/Berloumi-op-spiesjes-met-Courgette-1-150x150.jpg?resize=1050%2C600&ssl=1 3x, https:\/\/i0.wp.com\/dezuivelarij.be\/wp-content\/uploads\/2021\/06\/Berloumi-op-spiesjes-met-Courgette-1-150x150.jpg?resize=1400%2C800&ssl=1 4x"},"classes":[]}],"_links":{"self":[{"href":"https:\/\/dezuivelarij.be\/fr\/wp-json\/wp\/v2\/pages\/17425","targetHints":{"allow":["GET"]}}],"collection":[{"href":"https:\/\/dezuivelarij.be\/fr\/wp-json\/wp\/v2\/pages"}],"about":[{"href":"https:\/\/dezuivelarij.be\/fr\/wp-json\/wp\/v2\/types\/page"}],"author":[{"embeddable":true,"href":"https:\/\/dezuivelarij.be\/fr\/wp-json\/wp\/v2\/users\/1"}],"replies":[{"embeddable":true,"href":"https:\/\/dezuivelarij.be\/fr\/wp-json\/wp\/v2\/comments?post=17425"}],"version-history":[{"count":5,"href":"https:\/\/dezuivelarij.be\/fr\/wp-json\/wp\/v2\/pages\/17425\/revisions"}],"predecessor-version":[{"id":23525,"href":"https:\/\/dezuivelarij.be\/fr\/wp-json\/wp\/v2\/pages\/17425\/revisions\/23525"}],"wp:featuredmedia":[{"embeddable":true,"href":"https:\/\/dezuivelarij.be\/fr\/wp-json\/wp\/v2\/media\/19832"}],"wp:attachment":[{"href":"https:\/\/dezuivelarij.be\/fr\/wp-json\/wp\/v2\/media?parent=17425"}],"wp:term":[{"taxonomy":"category","embeddable":true,"href":"https:\/\/dezuivelarij.be\/fr\/wp-json\/wp\/v2\/categories?post=17425"},{"taxonomy":"post_tag","embeddable":true,"href":"https:\/\/dezuivelarij.be\/fr\/wp-json\/wp\/v2\/tags?post=17425"}],"curies":[{"name":"wp","href":"https:\/\/api.w.org\/{rel}","templated":true}]}}