{"id":17363,"date":"2024-07-01T15:58:00","date_gmt":"2024-07-01T13:58:00","guid":{"rendered":"https:\/\/berloumi.be\/rouleaux-de-courgettes-au-berloumi\/"},"modified":"2025-03-08T13:03:06","modified_gmt":"2025-03-08T12:03:06","slug":"rouleaux-de-courgettes-au-berloumi","status":"publish","type":"page","link":"https:\/\/dezuivelarij.be\/fr\/rouleaux-de-courgettes-au-berloumi\/","title":{"rendered":"Berloumi Courgette Bites"},"content":{"rendered":"\n<div style=\"height:50px\" aria-hidden=\"true\" class=\"wp-block-spacer\"><\/div>\n\n<figure class=\"wp-block-image size-column1-2\/5\"><img data-recalc-dims=\"1\" height=\"456\" width=\"1140\" decoding=\"async\" src=\"https:\/\/i0.wp.com\/berloumi.be\/wp-content\/uploads\/2023\/01\/courgette-bites-op-de-pan-1140x456.jpg?resize=1140%2C456&#038;ssl=1\" alt=\"\" class=\"wp-image-16001\"\/><\/figure>\n\n<div style=\"height:40px\" aria-hidden=\"true\" class=\"wp-block-spacer\"><\/div>\n\n<h2 class=\"wp-block-heading\" id=\"h-berloumi-courgette-bites\">Berloumi Courgette Bites<\/h2>\n\n<p>Les rouleaux de courgette au Berloumi sont la version v\u00e9g\u00e9tarienne de nos Berloumi Bacon Bites. Si vous les pr\u00e9parez comme il faut, c&rsquo;est-\u00e0-dire en ne vous contentant pas d&rsquo;enrouler un peu de courgette autour d&rsquo;un morceau de Berloumi, elles sont (presque) aussi savoureuses <a href=\"https:\/\/berloumi.be\/berloumi-bacon-bites\/?lang=fr\">que celles au bacon<\/a>.<\/p>\n\n<p>Pour cette occasion, choisissez <strong>une belle courgette bien droite<\/strong>. \u00c9plucher des tagliatelles de courgette d&rsquo;environ trois millim\u00e8tres d&rsquo;\u00e9paisseur dans le sens de la longueur.<\/p>\n\n<p>Disposez les tranches de courgettes c\u00f4te \u00e0 c\u00f4te et saupoudrez-les de sel. Laissez \u00e9goutter pendant une demi-heure, puis empilez-les les uns sur les autres. Laissez reposer \u00e0 nouveau pendant une demi-heure, puis pressez-les davantage \u00e0 la main. Si vous le souhaitez, vous pouvez pr\u00e9parer les rouleaux maintenant, mais il est encore mieux de faire s\u00e9cher les tranches de courgette pendant une heure dans un four doux et ouvert ou dans un d\u00e9shydrateur alimentaire. <\/p>\n\n<p>Coupez un paquet de Berloumi en deux dans le sens de la longueur, puis en dix (ou douze) barres. Enveloppez le Berloumi de la courgette et appuyez fermement sur le c\u00f4t\u00e9 non fix\u00e9. Utilisez un cure-dent si n\u00e9cessaire. <\/p>\n\n<p>Faites frire les petits rouleaux \u00e0 la po\u00eale dans un petit filet d&rsquo;huile d&rsquo;olive. N&rsquo;oubliez pas de bien faire frire le c\u00f4t\u00e9 fromage. Servir chaud.<\/p>\n\n<div style=\"height:50px\" aria-hidden=\"true\" class=\"wp-block-spacer\"><\/div>\n\n<div class=\"wp-block-columns is-layout-flex wp-container-core-columns-is-layout-9d6595d7 wp-block-columns-is-layout-flex\">\n<div class=\"wp-block-column is-layout-flow wp-block-column-is-layout-flow\">\n<figure class=\"wp-block-image size-column3-1\/1\"><img data-recalc-dims=\"1\" height=\"380\" width=\"380\" decoding=\"async\" src=\"https:\/\/i0.wp.com\/berloumi.be\/wp-content\/uploads\/2023\/01\/20230107_092728-380x380.jpg?resize=380%2C380&#038;ssl=1\" alt=\"\" class=\"wp-image-15992\"\/><\/figure>\n\n\n\n<div style=\"height:20px\" aria-hidden=\"true\" class=\"wp-block-spacer\"><\/div>\n\n\n\n<p>En salant d&rsquo;abord la courgette, vous enlevez d\u00e9j\u00e0 une partie de l&rsquo;humidit\u00e9. De plus, le l\u00e9gume devient plus souple et plus flexible, ce qui permet d&rsquo;envelopper plus facilement le Berloumi.<\/p>\n<\/div>\n\n\n\n<div class=\"wp-block-column is-layout-flow wp-block-column-is-layout-flow\">\n<figure class=\"wp-block-image size-column3-1\/1\"><img data-recalc-dims=\"1\" height=\"380\" width=\"380\" decoding=\"async\" src=\"https:\/\/i0.wp.com\/berloumi.be\/wp-content\/uploads\/2020\/11\/IMG_2652-380x380.jpg?resize=380%2C380&#038;ssl=1\" alt=\"\" class=\"wp-image-11841\"\/><\/figure>\n\n\n\n<div style=\"height:20px\" aria-hidden=\"true\" class=\"wp-block-spacer\"><\/div>\n\n\n\n<p>Faites \u00e9galement frire les rouleaux du c\u00f4t\u00e9 du Berloumi. Ainsi, on obtient le go\u00fbt le plus intense. Si vous utilisez des tranches de courgette \u00e9paisses, il est pr\u00e9f\u00e9rable d&rsquo;y planter un b\u00e2tonnet\/cure-dent. Cela permettra de bien fixer la courgette.<\/p>\n<\/div>\n\n\n\n<div class=\"wp-block-column is-layout-flow wp-block-column-is-layout-flow\">\n<figure class=\"wp-block-image size-column3-1\/1\"><img data-recalc-dims=\"1\" height=\"380\" width=\"380\" decoding=\"async\" src=\"https:\/\/i0.wp.com\/berloumi.be\/wp-content\/uploads\/2023\/01\/Courgette-gedroogd-oprollen-380x380.jpg?resize=380%2C380&#038;ssl=1\" alt=\"\" class=\"wp-image-15997\"\/><\/figure>\n\n\n\n<div style=\"height:20px\" aria-hidden=\"true\" class=\"wp-block-spacer\"><\/div>\n\n\n\n<p>Pour une saveur de courgette encore plus prononc\u00e9e, coupez-la en tranches de pr\u00e8s d&rsquo;un demi-centim\u00e8tre d&rsquo;\u00e9paisseur. Apr\u00e8s les avoir sal\u00e9s et press\u00e9s, vous pouvez \u00e9galement les faire s\u00e9cher pendant une heure. La courgette prend alors une texture plus dure, presque charnue.<\/p>\n<\/div>\n<\/div>\n\n<div style=\"height:100px\" aria-hidden=\"true\" class=\"wp-block-spacer\"><\/div>\n\n<p class=\"has-text-align-center\">Partagez cette page si vous \u00eates curieux de d\u00e9couvrir les bouch\u00e9es v\u00e9g\u00e9tariennes au Berloumi !<\/p>\n\n<div style=\"height:100px\" aria-hidden=\"true\" class=\"wp-block-spacer\"><\/div>\n","protected":false},"excerpt":{"rendered":"<p>Berloumi Courgette Bites Les rouleaux de courgette au Berloumi sont la version v\u00e9g\u00e9tarienne de nos Berloumi Bacon Bites. Si vous les pr\u00e9parez comme il faut, c&rsquo;est-\u00e0-dire en ne vous contentant pas d&rsquo;enrouler un peu de courgette autour d&rsquo;un morceau de Berloumi, elles sont (presque) aussi savoureuses que celles au bacon. Pour cette occasion, choisissez une [&hellip;]<\/p>\n","protected":false},"author":1,"featured_media":0,"parent":0,"menu_order":0,"comment_status":"closed","ping_status":"closed","template":"","meta":{"jetpack_post_was_ever_published":false,"footnotes":"","_wp_rev_ctl_limit":""},"categories":[],"tags":[],"class_list":["post-17363","page","type-page","status-publish","hentry"],"yoast_head":"<!-- This site is optimized with the Yoast SEO Premium plugin v27.5 (Yoast SEO v27.5) - https:\/\/yoast.com\/product\/yoast-seo-premium-wordpress\/ -->\n<title>Berloumi Courgette Bites - De Zuivelarij<\/title>\n<meta name=\"description\" content=\"D\u00e9couvrez les rouleaux de courgettes v\u00e9g\u00e9tariens Berloumi. Une version savoureuse sans bacon, \u00e0 base de courgettes et de notre Berloumi. Essayez-le vous-m\u00eame !\" \/>\n<meta name=\"robots\" content=\"index, follow, max-snippet:-1, max-image-preview:large, max-video-preview:-1\" \/>\n<link rel=\"canonical\" href=\"https:\/\/dezuivelarij.be\/fr\/rouleaux-de-courgettes-au-berloumi\/\" \/>\n<meta property=\"og:locale\" content=\"fr_FR\" \/>\n<meta property=\"og:type\" content=\"article\" \/>\n<meta property=\"og:title\" content=\"Berloumi Courgette Bites\" \/>\n<meta property=\"og:description\" content=\"D\u00e9couvrez les rouleaux de courgettes v\u00e9g\u00e9tariens Berloumi. Une version savoureuse sans bacon, \u00e0 base de courgettes et de notre Berloumi. Essayez-le vous-m\u00eame !\" \/>\n<meta property=\"og:url\" content=\"https:\/\/dezuivelarij.be\/fr\/rouleaux-de-courgettes-au-berloumi\/\" \/>\n<meta property=\"og:site_name\" content=\"De Zuivelarij\" \/>\n<meta property=\"article:publisher\" content=\"https:\/\/www.facebook.com\/DeZuivelarij\/\" \/>\n<meta property=\"article:modified_time\" content=\"2025-03-08T12:03:06+00:00\" \/>\n<meta property=\"og:image\" content=\"https:\/\/berloumi.be\/wp-content\/uploads\/2023\/01\/courgette-bites-op-de-pan-1140x456.jpg\" \/>\n<meta name=\"twitter:card\" content=\"summary_large_image\" \/>\n<meta name=\"twitter:label1\" content=\"Dur\u00e9e de lecture estim\u00e9e\" \/>\n\t<meta name=\"twitter:data1\" content=\"2 minutes\" \/>\n<script type=\"application\/ld+json\" class=\"yoast-schema-graph\">{\"@context\":\"https:\\\/\\\/schema.org\",\"@graph\":[{\"@type\":\"WebPage\",\"@id\":\"https:\\\/\\\/dezuivelarij.be\\\/fr\\\/rouleaux-de-courgettes-au-berloumi\\\/\",\"url\":\"https:\\\/\\\/dezuivelarij.be\\\/fr\\\/rouleaux-de-courgettes-au-berloumi\\\/\",\"name\":\"Berloumi Courgette Bites - De Zuivelarij\",\"isPartOf\":{\"@id\":\"https:\\\/\\\/dezuivelarij.be\\\/fr\\\/#website\"},\"primaryImageOfPage\":{\"@id\":\"https:\\\/\\\/dezuivelarij.be\\\/fr\\\/rouleaux-de-courgettes-au-berloumi\\\/#primaryimage\"},\"image\":{\"@id\":\"https:\\\/\\\/dezuivelarij.be\\\/fr\\\/rouleaux-de-courgettes-au-berloumi\\\/#primaryimage\"},\"thumbnailUrl\":\"https:\\\/\\\/berloumi.be\\\/wp-content\\\/uploads\\\/2023\\\/01\\\/courgette-bites-op-de-pan-1140x456.jpg\",\"datePublished\":\"2024-07-01T13:58:00+00:00\",\"dateModified\":\"2025-03-08T12:03:06+00:00\",\"description\":\"D\u00e9couvrez les rouleaux de courgettes v\u00e9g\u00e9tariens Berloumi. Une version savoureuse sans bacon, \u00e0 base de courgettes et de notre Berloumi. Essayez-le vous-m\u00eame !\",\"breadcrumb\":{\"@id\":\"https:\\\/\\\/dezuivelarij.be\\\/fr\\\/rouleaux-de-courgettes-au-berloumi\\\/#breadcrumb\"},\"inLanguage\":\"fr-FR\",\"potentialAction\":[{\"@type\":\"ReadAction\",\"target\":[\"https:\\\/\\\/dezuivelarij.be\\\/fr\\\/rouleaux-de-courgettes-au-berloumi\\\/\"]}]},{\"@type\":\"ImageObject\",\"inLanguage\":\"fr-FR\",\"@id\":\"https:\\\/\\\/dezuivelarij.be\\\/fr\\\/rouleaux-de-courgettes-au-berloumi\\\/#primaryimage\",\"url\":\"https:\\\/\\\/berloumi.be\\\/wp-content\\\/uploads\\\/2023\\\/01\\\/courgette-bites-op-de-pan-1140x456.jpg\",\"contentUrl\":\"https:\\\/\\\/berloumi.be\\\/wp-content\\\/uploads\\\/2023\\\/01\\\/courgette-bites-op-de-pan-1140x456.jpg\"},{\"@type\":\"BreadcrumbList\",\"@id\":\"https:\\\/\\\/dezuivelarij.be\\\/fr\\\/rouleaux-de-courgettes-au-berloumi\\\/#breadcrumb\",\"itemListElement\":[{\"@type\":\"ListItem\",\"position\":1,\"name\":\"Home\",\"item\":\"https:\\\/\\\/dezuivelarij.be\\\/fr\\\/\"},{\"@type\":\"ListItem\",\"position\":2,\"name\":\"Berloumi Courgette Bites\"}]},{\"@type\":\"WebSite\",\"@id\":\"https:\\\/\\\/dezuivelarij.be\\\/fr\\\/#website\",\"url\":\"https:\\\/\\\/dezuivelarij.be\\\/fr\\\/\",\"name\":\"De Zuivelarij\",\"description\":\"Kaas met grillen\",\"publisher\":{\"@id\":\"https:\\\/\\\/dezuivelarij.be\\\/fr\\\/#organization\"},\"potentialAction\":[{\"@type\":\"SearchAction\",\"target\":{\"@type\":\"EntryPoint\",\"urlTemplate\":\"https:\\\/\\\/dezuivelarij.be\\\/fr\\\/?s={search_term_string}\"},\"query-input\":{\"@type\":\"PropertyValueSpecification\",\"valueRequired\":true,\"valueName\":\"search_term_string\"}}],\"inLanguage\":\"fr-FR\"},{\"@type\":[\"Organization\",\"Place\"],\"@id\":\"https:\\\/\\\/dezuivelarij.be\\\/fr\\\/#organization\",\"name\":\"De Zuivelarij\",\"alternateName\":\"De Zuivelarij BV\",\"url\":\"https:\\\/\\\/dezuivelarij.be\\\/fr\\\/\",\"logo\":{\"@id\":\"https:\\\/\\\/dezuivelarij.be\\\/fr\\\/rouleaux-de-courgettes-au-berloumi\\\/#local-main-organization-logo\"},\"image\":{\"@id\":\"https:\\\/\\\/dezuivelarij.be\\\/fr\\\/rouleaux-de-courgettes-au-berloumi\\\/#local-main-organization-logo\"},\"sameAs\":[\"https:\\\/\\\/www.facebook.com\\\/DeZuivelarij\\\/\",\"https:\\\/\\\/www.instagram.com\\\/de.zuivelarij\\\/\",\"https:\\\/\\\/nl.pinterest.com\\\/dezuivelarij\\\/\",\"https:\\\/\\\/www.youtube.com\\\/channel\\\/UCK_6xO0p1H4DXoMoW6fMUSw?view_as=subscriber\"],\"telephone\":[],\"openingHoursSpecification\":[{\"@type\":\"OpeningHoursSpecification\",\"dayOfWeek\":[\"Monday\",\"Tuesday\",\"Wednesday\",\"Thursday\",\"Friday\",\"Saturday\",\"Sunday\"],\"opens\":\"09:00\",\"closes\":\"17:00\"}]},{\"@type\":\"ImageObject\",\"inLanguage\":\"fr-FR\",\"@id\":\"https:\\\/\\\/dezuivelarij.be\\\/fr\\\/rouleaux-de-courgettes-au-berloumi\\\/#local-main-organization-logo\",\"url\":\"https:\\\/\\\/i0.wp.com\\\/dezuivelarij.be\\\/wp-content\\\/uploads\\\/2024\\\/11\\\/cropped-cropped-Zuivelarij-1.jpg?fit=96%2C96&ssl=1\",\"contentUrl\":\"https:\\\/\\\/i0.wp.com\\\/dezuivelarij.be\\\/wp-content\\\/uploads\\\/2024\\\/11\\\/cropped-cropped-Zuivelarij-1.jpg?fit=96%2C96&ssl=1\",\"width\":96,\"height\":96,\"caption\":\"De Zuivelarij\"}]}<\/script>\n<!-- \/ Yoast SEO Premium plugin. -->","yoast_head_json":{"title":"Berloumi Courgette Bites - De Zuivelarij","description":"D\u00e9couvrez les rouleaux de courgettes v\u00e9g\u00e9tariens Berloumi. Une version savoureuse sans bacon, \u00e0 base de courgettes et de notre Berloumi. Essayez-le vous-m\u00eame !","robots":{"index":"index","follow":"follow","max-snippet":"max-snippet:-1","max-image-preview":"max-image-preview:large","max-video-preview":"max-video-preview:-1"},"canonical":"https:\/\/dezuivelarij.be\/fr\/rouleaux-de-courgettes-au-berloumi\/","og_locale":"fr_FR","og_type":"article","og_title":"Berloumi Courgette Bites","og_description":"D\u00e9couvrez les rouleaux de courgettes v\u00e9g\u00e9tariens Berloumi. Une version savoureuse sans bacon, \u00e0 base de courgettes et de notre Berloumi. Essayez-le vous-m\u00eame !","og_url":"https:\/\/dezuivelarij.be\/fr\/rouleaux-de-courgettes-au-berloumi\/","og_site_name":"De Zuivelarij","article_publisher":"https:\/\/www.facebook.com\/DeZuivelarij\/","article_modified_time":"2025-03-08T12:03:06+00:00","og_image":[{"url":"https:\/\/berloumi.be\/wp-content\/uploads\/2023\/01\/courgette-bites-op-de-pan-1140x456.jpg","type":"","width":"","height":""}],"twitter_card":"summary_large_image","twitter_misc":{"Dur\u00e9e de lecture estim\u00e9e":"2 minutes"},"schema":{"@context":"https:\/\/schema.org","@graph":[{"@type":"WebPage","@id":"https:\/\/dezuivelarij.be\/fr\/rouleaux-de-courgettes-au-berloumi\/","url":"https:\/\/dezuivelarij.be\/fr\/rouleaux-de-courgettes-au-berloumi\/","name":"Berloumi Courgette Bites - De Zuivelarij","isPartOf":{"@id":"https:\/\/dezuivelarij.be\/fr\/#website"},"primaryImageOfPage":{"@id":"https:\/\/dezuivelarij.be\/fr\/rouleaux-de-courgettes-au-berloumi\/#primaryimage"},"image":{"@id":"https:\/\/dezuivelarij.be\/fr\/rouleaux-de-courgettes-au-berloumi\/#primaryimage"},"thumbnailUrl":"https:\/\/berloumi.be\/wp-content\/uploads\/2023\/01\/courgette-bites-op-de-pan-1140x456.jpg","datePublished":"2024-07-01T13:58:00+00:00","dateModified":"2025-03-08T12:03:06+00:00","description":"D\u00e9couvrez les rouleaux de courgettes v\u00e9g\u00e9tariens Berloumi. Une version savoureuse sans bacon, \u00e0 base de courgettes et de notre Berloumi. Essayez-le vous-m\u00eame !","breadcrumb":{"@id":"https:\/\/dezuivelarij.be\/fr\/rouleaux-de-courgettes-au-berloumi\/#breadcrumb"},"inLanguage":"fr-FR","potentialAction":[{"@type":"ReadAction","target":["https:\/\/dezuivelarij.be\/fr\/rouleaux-de-courgettes-au-berloumi\/"]}]},{"@type":"ImageObject","inLanguage":"fr-FR","@id":"https:\/\/dezuivelarij.be\/fr\/rouleaux-de-courgettes-au-berloumi\/#primaryimage","url":"https:\/\/berloumi.be\/wp-content\/uploads\/2023\/01\/courgette-bites-op-de-pan-1140x456.jpg","contentUrl":"https:\/\/berloumi.be\/wp-content\/uploads\/2023\/01\/courgette-bites-op-de-pan-1140x456.jpg"},{"@type":"BreadcrumbList","@id":"https:\/\/dezuivelarij.be\/fr\/rouleaux-de-courgettes-au-berloumi\/#breadcrumb","itemListElement":[{"@type":"ListItem","position":1,"name":"Home","item":"https:\/\/dezuivelarij.be\/fr\/"},{"@type":"ListItem","position":2,"name":"Berloumi Courgette Bites"}]},{"@type":"WebSite","@id":"https:\/\/dezuivelarij.be\/fr\/#website","url":"https:\/\/dezuivelarij.be\/fr\/","name":"De Zuivelarij","description":"Kaas met grillen","publisher":{"@id":"https:\/\/dezuivelarij.be\/fr\/#organization"},"potentialAction":[{"@type":"SearchAction","target":{"@type":"EntryPoint","urlTemplate":"https:\/\/dezuivelarij.be\/fr\/?s={search_term_string}"},"query-input":{"@type":"PropertyValueSpecification","valueRequired":true,"valueName":"search_term_string"}}],"inLanguage":"fr-FR"},{"@type":["Organization","Place"],"@id":"https:\/\/dezuivelarij.be\/fr\/#organization","name":"De Zuivelarij","alternateName":"De Zuivelarij BV","url":"https:\/\/dezuivelarij.be\/fr\/","logo":{"@id":"https:\/\/dezuivelarij.be\/fr\/rouleaux-de-courgettes-au-berloumi\/#local-main-organization-logo"},"image":{"@id":"https:\/\/dezuivelarij.be\/fr\/rouleaux-de-courgettes-au-berloumi\/#local-main-organization-logo"},"sameAs":["https:\/\/www.facebook.com\/DeZuivelarij\/","https:\/\/www.instagram.com\/de.zuivelarij\/","https:\/\/nl.pinterest.com\/dezuivelarij\/","https:\/\/www.youtube.com\/channel\/UCK_6xO0p1H4DXoMoW6fMUSw?view_as=subscriber"],"telephone":[],"openingHoursSpecification":[{"@type":"OpeningHoursSpecification","dayOfWeek":["Monday","Tuesday","Wednesday","Thursday","Friday","Saturday","Sunday"],"opens":"09:00","closes":"17:00"}]},{"@type":"ImageObject","inLanguage":"fr-FR","@id":"https:\/\/dezuivelarij.be\/fr\/rouleaux-de-courgettes-au-berloumi\/#local-main-organization-logo","url":"https:\/\/i0.wp.com\/dezuivelarij.be\/wp-content\/uploads\/2024\/11\/cropped-cropped-Zuivelarij-1.jpg?fit=96%2C96&ssl=1","contentUrl":"https:\/\/i0.wp.com\/dezuivelarij.be\/wp-content\/uploads\/2024\/11\/cropped-cropped-Zuivelarij-1.jpg?fit=96%2C96&ssl=1","width":96,"height":96,"caption":"De Zuivelarij"}]}},"jetpack_sharing_enabled":true,"jetpack_likes_enabled":true,"jetpack-related-posts":[{"id":15991,"url":"https:\/\/dezuivelarij.be\/berloumi-courgette-bites\/","url_meta":{"origin":17363,"position":0},"title":"Berloumi Courgette Bites","author":"De Zuivelarij","date":"janvier 7, 2023","format":false,"excerpt":"Berloumi Courgette Bites De courgette Berloumi rolletjes zijn de vegetarische variant van onze Berloumi Bacon Bites. Als je ze maakt zoals het moet, dus niet zomaar een beetje courgette rond een stuk Berloumi draaien, dan zijn ze (bijna) even lekker als die met spek. Kies voor deze gelegenheid voor een\u2026","rel":"","context":"Article similaire","block_context":{"text":"Article similaire","link":""},"img":{"alt_text":"","src":"https:\/\/i0.wp.com\/berloumi.be\/wp-content\/uploads\/2023\/01\/courgette-bites-op-de-pan-1140x456.jpg?resize=350%2C200&ssl=1","width":350,"height":200,"srcset":"https:\/\/i0.wp.com\/berloumi.be\/wp-content\/uploads\/2023\/01\/courgette-bites-op-de-pan-1140x456.jpg?resize=350%2C200&ssl=1 1x, https:\/\/i0.wp.com\/berloumi.be\/wp-content\/uploads\/2023\/01\/courgette-bites-op-de-pan-1140x456.jpg?resize=525%2C300&ssl=1 1.5x, https:\/\/i0.wp.com\/berloumi.be\/wp-content\/uploads\/2023\/01\/courgette-bites-op-de-pan-1140x456.jpg?resize=700%2C400&ssl=1 2x, https:\/\/i0.wp.com\/berloumi.be\/wp-content\/uploads\/2023\/01\/courgette-bites-op-de-pan-1140x456.jpg?resize=1050%2C600&ssl=1 3x"},"classes":[]},{"id":17359,"url":"https:\/\/dezuivelarij.be\/fr\/berloumi-bacon-bites-2\/","url_meta":{"origin":17363,"position":1},"title":"Berloumi Bacon Bites","author":"De Zuivelarij","date":"juillet 1, 2024","format":false,"excerpt":"Il fut un temps o\u00f9 nous voulions lancer ces bouch\u00e9es au bacon et au berloumi en tant que nouveau produit, et le succ\u00e8s \u00e9tait au rendez-vous. Mais pour un certain nombre de raisons, nous avons d\u00fb renoncer \u00e0 ce projet. Nous sommes soudainement devenus une entreprise de transformation de la\u2026","rel":"","context":"Article similaire","block_context":{"text":"Article similaire","link":""},"img":{"alt_text":"Bouch\u00e9es de berloumi au bacon, berloumi au bacon,","src":"https:\/\/i0.wp.com\/dezuivelarij.be\/wp-content\/uploads\/2025\/11\/Berloumi-Bacon-Bites-couscous-3.jpg?fit=1200%2C900&ssl=1&resize=350%2C200","width":350,"height":200,"srcset":"https:\/\/i0.wp.com\/dezuivelarij.be\/wp-content\/uploads\/2025\/11\/Berloumi-Bacon-Bites-couscous-3.jpg?fit=1200%2C900&ssl=1&resize=350%2C200 1x, https:\/\/i0.wp.com\/dezuivelarij.be\/wp-content\/uploads\/2025\/11\/Berloumi-Bacon-Bites-couscous-3.jpg?fit=1200%2C900&ssl=1&resize=525%2C300 1.5x, https:\/\/i0.wp.com\/dezuivelarij.be\/wp-content\/uploads\/2025\/11\/Berloumi-Bacon-Bites-couscous-3.jpg?fit=1200%2C900&ssl=1&resize=700%2C400 2x, https:\/\/i0.wp.com\/dezuivelarij.be\/wp-content\/uploads\/2025\/11\/Berloumi-Bacon-Bites-couscous-3.jpg?fit=1200%2C900&ssl=1&resize=1050%2C600 3x"},"classes":[]},{"id":8458,"url":"https:\/\/dezuivelarij.be\/fr\/berloumi-recepten\/","url_meta":{"origin":17363,"position":2},"title":"Recettes avec Berloumi","author":"De Zuivelarij","date":"janvier 5, 2020","format":false,"excerpt":"Recettes aux Berloumi | Recettes avec fromage \u00e0 griller Berloumi est un fromage \u00e0 po\u00ealer et \u00e0 griller. Nos recettes peuvent servir d'ap\u00e9ritif, de d\u00e9jeuner rapide, de barbecue ou de repas complet. Ne vous compliquez pas la vie. Nous aimons rendre nos recettes de Berloumi v\u00e9g\u00e9tariennes,ou avec beaucoup de l\u00e9gumes\u2026","rel":"","context":"Article similaire","block_context":{"text":"Article similaire","link":""},"img":{"alt_text":"","src":"https:\/\/i0.wp.com\/dezuivelarij.be\/wp-content\/uploads\/2021\/06\/Pasta-Primavera.jpg?fit=1200%2C900&ssl=1&resize=350%2C200","width":350,"height":200,"srcset":"https:\/\/i0.wp.com\/dezuivelarij.be\/wp-content\/uploads\/2021\/06\/Pasta-Primavera.jpg?fit=1200%2C900&ssl=1&resize=350%2C200 1x, https:\/\/i0.wp.com\/dezuivelarij.be\/wp-content\/uploads\/2021\/06\/Pasta-Primavera.jpg?fit=1200%2C900&ssl=1&resize=525%2C300 1.5x, https:\/\/i0.wp.com\/dezuivelarij.be\/wp-content\/uploads\/2021\/06\/Pasta-Primavera.jpg?fit=1200%2C900&ssl=1&resize=700%2C400 2x, https:\/\/i0.wp.com\/dezuivelarij.be\/wp-content\/uploads\/2021\/06\/Pasta-Primavera.jpg?fit=1200%2C900&ssl=1&resize=1050%2C600 3x"},"classes":[]},{"id":15500,"url":"https:\/\/dezuivelarij.be\/fr\/berloumi-aperitiefhapjes\/","url_meta":{"origin":17363,"position":3},"title":"Ap\u00e9ritifs au berloumi","author":"De Zuivelarij","date":"janvier 15, 2020","format":false,"excerpt":"Bouch\u00e9es ap\u00e9ritives de notre Zuivelarij Nos amuse-gueules sont ici servis comme des mezze \u00e0 mettre sur une table somptueuse. Mais vous pouvez aussi en faire un plat complet ou un en-cas individuel. Cliquez sur l'image pour obtenir le texte et l'explication. Poireaux r\u00f4tis et confits au labneh Un mezze surprenant.\u2026","rel":"","context":"Dans &quot;Recettes&quot;","block_context":{"text":"Recettes","link":"https:\/\/dezuivelarij.be\/fr\/category\/recettes\/"},"img":{"alt_text":"Labneh aux herbes, huile d'olive et oignons grill\u00e9s sur une assiette.","src":"https:\/\/i0.wp.com\/dezuivelarij.be\/wp-content\/uploads\/2025\/10\/labneh-met-prei-1.jpg?fit=1200%2C1200&ssl=1&resize=350%2C200","width":350,"height":200,"srcset":"https:\/\/i0.wp.com\/dezuivelarij.be\/wp-content\/uploads\/2025\/10\/labneh-met-prei-1.jpg?fit=1200%2C1200&ssl=1&resize=350%2C200 1x, https:\/\/i0.wp.com\/dezuivelarij.be\/wp-content\/uploads\/2025\/10\/labneh-met-prei-1.jpg?fit=1200%2C1200&ssl=1&resize=525%2C300 1.5x, https:\/\/i0.wp.com\/dezuivelarij.be\/wp-content\/uploads\/2025\/10\/labneh-met-prei-1.jpg?fit=1200%2C1200&ssl=1&resize=700%2C400 2x, https:\/\/i0.wp.com\/dezuivelarij.be\/wp-content\/uploads\/2025\/10\/labneh-met-prei-1.jpg?fit=1200%2C1200&ssl=1&resize=1050%2C600 3x"},"classes":[]},{"id":6641,"url":"https:\/\/dezuivelarij.be\/fr\/photographie\/","url_meta":{"origin":17363,"position":4},"title":"Photographie","author":"De Zuivelarij","date":"janvier 9, 2023","format":false,"excerpt":"Plats de berloumi Berloumi en brochette avec courgetteFrites de BerloumiBerloumi aux choux de Bruxelles Photographie BerloumiT\u00e9l\u00e9charger","rel":"","context":"Article similaire","block_context":{"text":"Article similaire","link":""},"img":{"alt_text":"Berloumi, Courgette","src":"https:\/\/i0.wp.com\/dezuivelarij.be\/wp-content\/uploads\/2021\/06\/Berloumi-op-spiesjes-met-Courgette-1-scaled.jpg?resize=350%2C200","width":350,"height":200,"srcset":"https:\/\/i0.wp.com\/dezuivelarij.be\/wp-content\/uploads\/2021\/06\/Berloumi-op-spiesjes-met-Courgette-1-scaled.jpg?resize=350%2C200 1x, https:\/\/i0.wp.com\/dezuivelarij.be\/wp-content\/uploads\/2021\/06\/Berloumi-op-spiesjes-met-Courgette-1-scaled.jpg?resize=525%2C300 1.5x, https:\/\/i0.wp.com\/dezuivelarij.be\/wp-content\/uploads\/2021\/06\/Berloumi-op-spiesjes-met-Courgette-1-scaled.jpg?resize=700%2C400 2x, https:\/\/i0.wp.com\/dezuivelarij.be\/wp-content\/uploads\/2021\/06\/Berloumi-op-spiesjes-met-Courgette-1-scaled.jpg?resize=1050%2C600 3x, https:\/\/i0.wp.com\/dezuivelarij.be\/wp-content\/uploads\/2021\/06\/Berloumi-op-spiesjes-met-Courgette-1-scaled.jpg?resize=1400%2C800 4x"},"classes":[]},{"id":10133,"url":"https:\/\/dezuivelarij.be\/fr\/barbecue-2\/","url_meta":{"origin":17363,"position":5},"title":"Berloumi: fromagique au BBQ","author":"De Zuivelarij","date":"avril 16, 2020","format":false,"excerpt":"Fromage au barbecue Nous de la laiterie De Zuivelarij pensons que le Berloumi est TOUJOURS d\u00e9licieux. Mais en \u00e9t\u00e9, grill\u00e9 sur le barbecue avec quelques l\u00e9gumes (grill\u00e9s), rien ne le surpasse. Le fromage sur le barbecue est un excellent substitut \u00e0 la viande, mais le Berloumi peut aussi \u00eatre grill\u00e9\u2026","rel":"","context":"Dans &quot;Non classifi\u00e9(e)&quot;","block_context":{"text":"Non classifi\u00e9(e)","link":"https:\/\/dezuivelarij.be\/fr\/category\/non-classifiee\/"},"img":{"alt_text":"","src":"https:\/\/i0.wp.com\/dezuivelarij.be\/wp-content\/uploads\/2025\/07\/Berloumi-Barbecue-header-website-1-scaled.jpg?fit=1200%2C675&ssl=1&resize=350%2C200","width":350,"height":200,"srcset":"https:\/\/i0.wp.com\/dezuivelarij.be\/wp-content\/uploads\/2025\/07\/Berloumi-Barbecue-header-website-1-scaled.jpg?fit=1200%2C675&ssl=1&resize=350%2C200 1x, https:\/\/i0.wp.com\/dezuivelarij.be\/wp-content\/uploads\/2025\/07\/Berloumi-Barbecue-header-website-1-scaled.jpg?fit=1200%2C675&ssl=1&resize=525%2C300 1.5x, https:\/\/i0.wp.com\/dezuivelarij.be\/wp-content\/uploads\/2025\/07\/Berloumi-Barbecue-header-website-1-scaled.jpg?fit=1200%2C675&ssl=1&resize=700%2C400 2x, https:\/\/i0.wp.com\/dezuivelarij.be\/wp-content\/uploads\/2025\/07\/Berloumi-Barbecue-header-website-1-scaled.jpg?fit=1200%2C675&ssl=1&resize=1050%2C600 3x"},"classes":[]}],"_links":{"self":[{"href":"https:\/\/dezuivelarij.be\/fr\/wp-json\/wp\/v2\/pages\/17363","targetHints":{"allow":["GET"]}}],"collection":[{"href":"https:\/\/dezuivelarij.be\/fr\/wp-json\/wp\/v2\/pages"}],"about":[{"href":"https:\/\/dezuivelarij.be\/fr\/wp-json\/wp\/v2\/types\/page"}],"author":[{"embeddable":true,"href":"https:\/\/dezuivelarij.be\/fr\/wp-json\/wp\/v2\/users\/1"}],"replies":[{"embeddable":true,"href":"https:\/\/dezuivelarij.be\/fr\/wp-json\/wp\/v2\/comments?post=17363"}],"version-history":[{"count":1,"href":"https:\/\/dezuivelarij.be\/fr\/wp-json\/wp\/v2\/pages\/17363\/revisions"}],"predecessor-version":[{"id":18178,"href":"https:\/\/dezuivelarij.be\/fr\/wp-json\/wp\/v2\/pages\/17363\/revisions\/18178"}],"wp:attachment":[{"href":"https:\/\/dezuivelarij.be\/fr\/wp-json\/wp\/v2\/media?parent=17363"}],"wp:term":[{"taxonomy":"category","embeddable":true,"href":"https:\/\/dezuivelarij.be\/fr\/wp-json\/wp\/v2\/categories?post=17363"},{"taxonomy":"post_tag","embeddable":true,"href":"https:\/\/dezuivelarij.be\/fr\/wp-json\/wp\/v2\/tags?post=17363"}],"curies":[{"name":"wp","href":"https:\/\/api.w.org\/{rel}","templated":true}]}}