{"id":15499,"date":"2019-12-29T16:37:00","date_gmt":"2019-12-29T15:37:00","guid":{"rendered":"https:\/\/berloumi.be\/acheter-halloumi\/"},"modified":"2026-01-15T10:54:04","modified_gmt":"2026-01-15T09:54:04","slug":"acheter-berloumi","status":"publish","type":"page","link":"https:\/\/dezuivelarij.be\/fr\/acheter-berloumi\/","title":{"rendered":"Acheter du berloumi"},"content":{"rendered":"\n<h2 class=\"wp-block-heading has-text-align-left\" id=\"h-berloumi-kopen\"><strong>Acheter du berloumi<\/strong><\/h2>\n\n<div style=\"height:100px\" aria-hidden=\"true\" class=\"wp-block-spacer\"><\/div>\n\n<p class=\"has-normal-font-size\"><mark style=\"background-color:rgba(0, 0, 0, 0)\" class=\"has-inline-color has-black-color\">Vous pouvez acheter nos Berloumi presque partout. Chez Delhaize, Colruyt, Carrefour, Okay, Spar et Albert Heijn. Mais aussi chez <strong>de nombreux commer\u00e7ants locaux et magasins (alimentaires) sp\u00e9cialis\u00e9s<\/strong>.   <\/mark><\/p>\n\n<p class=\"has-black-color has-white-background-color has-text-color has-background has-link-color has-normal-font-size wp-elements-c12cac90983cc5436f2bc19f28f6157f\"><span style=\"color:#b5c200\" class=\"has-inline-color\"><a href=\"https:\/\/dezuivelarij.be\/berloumibio\/?lang=fr\">Berloumi-Bio<\/a><\/span><span class=\"has-inline-color has-black-color\"> est notre fromage \u00e0 griller biologique. Vous le trouverez chez  <\/span><a href=\"http:\/\/www.bioplanet.be\/\"><span style=\"color:#b5c200\" class=\"has-inline-color\">Bio-Planet, <\/span><\/a><span class=\"has-inline-color has-black-color\">mais aussi dans de nombreux autres magasins \u00e9cologiques et biologiques. <\/span> <\/p>\n\n<p class=\"has-black-color has-text-color has-normal-font-size\"><mark style=\"background-color:rgba(0, 0, 0, 0)\" class=\"has-inline-color has-black-color\">Nous fabriquons \u00e9galement un <\/mark><mark style=\"background-color:rgba(0, 0, 0, 0);color:#b5c200\" class=\"has-inline-color\"><a href=\"https:\/\/dezuivelarij.be\/lait-de-chevre\/?lang=fr\">Berloumi Ch\u00e8vre<\/a><\/mark><mark style=\"background-color:rgba(0, 0, 0, 0)\" class=\"has-inline-color has-black-color\"> qui est fabriqu\u00e9 exclusivement \u00e0 partir de lait de ch\u00e8vre<\/mark>. <span class=\"has-inline-color has-black-color\">Dans les magasins qui vendent le Berloumi, vous pouvez g\u00e9n\u00e9ralement aussi obtenir notre Berloumi au lait de ch\u00e8vre.<\/span><\/p>\n\n<div style=\"height:30px\" aria-hidden=\"true\" class=\"wp-block-spacer\"><\/div>\n\n<p class=\"has-normal-font-size\">Tous nos produits peuvent \u00eatre command\u00e9s dans le boutique en ligne d&rsquo;eFarmz.<\/p>\n\n<div style=\"height:60px\" aria-hidden=\"true\" class=\"wp-block-spacer\"><\/div>\n\n<div class=\"wp-block-buttons is-horizontal is-content-justification-center is-layout-flex wp-container-core-buttons-is-layout-499968f5 wp-block-buttons-is-layout-flex\">\n<div class=\"wp-block-button is-style-outline is-style-outline--1\"><a class=\"wp-block-button__link wp-element-button\" href=\"https:\/\/dezuivelarij.be\/berloumi-recepten\/?lang=fr\">Recettes<\/a><\/div>\n<\/div>\n\n<div style=\"height:60px\" aria-hidden=\"true\" class=\"wp-block-spacer\"><\/div>\n<div class=\"wp-block-image\">\n<figure class=\"aligncenter size-large is-resized\"><img loading=\"lazy\" decoding=\"async\" width=\"1024\" height=\"683\" src=\"https:\/\/dezuivelarij.be\/wp-content\/uploads\/2025\/04\/ZUIVELARIJ_PS_BERLOUMI-LENTE-022-Groot-1024x683.png\" alt=\"Berloumi, \" class=\"wp-image-18633\" style=\"aspect-ratio:1;object-fit:cover;width:256px\" srcset=\"https:\/\/dezuivelarij.be\/wp-content\/uploads\/2025\/04\/ZUIVELARIJ_PS_BERLOUMI-LENTE-022-Groot-1024x683.png 1024w, https:\/\/dezuivelarij.be\/wp-content\/uploads\/2025\/04\/ZUIVELARIJ_PS_BERLOUMI-LENTE-022-Groot-300x200.png 300w, https:\/\/dezuivelarij.be\/wp-content\/uploads\/2025\/04\/ZUIVELARIJ_PS_BERLOUMI-LENTE-022-Groot-768x512.png 768w, https:\/\/dezuivelarij.be\/wp-content\/uploads\/2025\/04\/ZUIVELARIJ_PS_BERLOUMI-LENTE-022-Groot-1536x1024.png 1536w, https:\/\/dezuivelarij.be\/wp-content\/uploads\/2025\/04\/ZUIVELARIJ_PS_BERLOUMI-LENTE-022-Groot-1140x760.png 1140w, https:\/\/dezuivelarij.be\/wp-content\/uploads\/2025\/04\/ZUIVELARIJ_PS_BERLOUMI-LENTE-022-Groot-570x380.png 570w, https:\/\/dezuivelarij.be\/wp-content\/uploads\/2025\/04\/ZUIVELARIJ_PS_BERLOUMI-LENTE-022-Groot-380x254.png 380w, https:\/\/dezuivelarij.be\/wp-content\/uploads\/2025\/04\/ZUIVELARIJ_PS_BERLOUMI-LENTE-022-Groot-285x190.png 285w, https:\/\/dezuivelarij.be\/wp-content\/uploads\/2025\/04\/ZUIVELARIJ_PS_BERLOUMI-LENTE-022-Groot-600x400.png 600w, https:\/\/dezuivelarij.be\/wp-content\/uploads\/2025\/04\/ZUIVELARIJ_PS_BERLOUMI-LENTE-022-Groot-150x100.png 150w, https:\/\/dezuivelarij.be\/wp-content\/uploads\/2025\/04\/ZUIVELARIJ_PS_BERLOUMI-LENTE-022-Groot.png 1620w\" sizes=\"auto, (max-width: 1024px) 100vw, 1024px\" \/><\/figure>\n<\/div>\n<div style=\"height:100px\" aria-hidden=\"true\" class=\"wp-block-spacer\"><\/div>\n","protected":false},"excerpt":{"rendered":"<p>Acheter du berloumi Vous pouvez acheter nos Berloumi presque partout. Chez Delhaize, Colruyt, Carrefour, Okay, Spar et Albert Heijn. Mais aussi chez de nombreux commer\u00e7ants locaux et magasins (alimentaires) sp\u00e9cialis\u00e9s. Berloumi-Bio est notre fromage \u00e0 griller biologique. Vous le trouverez chez Bio-Planet, mais aussi dans de nombreux autres magasins \u00e9cologiques et biologiques. Nous fabriquons \u00e9galement [&hellip;]<\/p>\n","protected":false},"author":1,"featured_media":18635,"parent":0,"menu_order":0,"comment_status":"closed","ping_status":"closed","template":"","meta":{"jetpack_post_was_ever_published":false,"footnotes":"","_wp_rev_ctl_limit":""},"categories":[],"tags":[],"class_list":["post-15499","page","type-page","status-publish","has-post-thumbnail","hentry"],"yoast_head":"<!-- This site is optimized with the Yoast SEO Premium plugin v27.3 (Yoast SEO v27.3) - https:\/\/yoast.com\/product\/yoast-seo-premium-wordpress\/ -->\n<title>Acheter du berloumi<\/title>\n<meta name=\"description\" content=\"Acheter du Berloumi est devenu facile. Notre fromage \u00e0 griller est d\u00e9sormais disponible dans la plupart des supermarch\u00e9s belges.\" \/>\n<meta name=\"robots\" content=\"index, follow, max-snippet:-1, max-image-preview:large, max-video-preview:-1\" \/>\n<link rel=\"canonical\" href=\"https:\/\/dezuivelarij.be\/fr\/acheter-berloumi\/\" \/>\n<meta property=\"og:locale\" content=\"fr_FR\" \/>\n<meta property=\"og:type\" content=\"article\" \/>\n<meta property=\"og:title\" content=\"Points de vente Berloumi\" \/>\n<meta property=\"og:description\" content=\"Vous trouverez notre Berloumi dans de plus en plus de magasins. Nous tenons notre localisateur de magasins aussi \u00e0 jour que possible. N&#039;h\u00e9sitez pas \u00e0 nous recommander de nouveaux magasins ou, mieux encore, \u00e0 nous recommander.\" \/>\n<meta property=\"og:url\" content=\"https:\/\/dezuivelarij.be\/fr\/acheter-berloumi\/\" \/>\n<meta property=\"og:site_name\" content=\"De Zuivelarij\" \/>\n<meta property=\"article:publisher\" content=\"https:\/\/www.facebook.com\/DeZuivelarij\/\" \/>\n<meta property=\"article:modified_time\" content=\"2026-01-15T09:54:04+00:00\" \/>\n<meta property=\"og:image\" content=\"https:\/\/i0.wp.com\/dezuivelarij.be\/wp-content\/uploads\/2025\/04\/ZUIVELARIJ_PS_BERLOUMI-LENTE-022-Groot.png?fit=1620%2C1080&ssl=1\" \/>\n\t<meta property=\"og:image:width\" content=\"1620\" \/>\n\t<meta property=\"og:image:height\" content=\"1080\" \/>\n\t<meta property=\"og:image:type\" content=\"image\/png\" \/>\n<meta name=\"twitter:card\" content=\"summary_large_image\" \/>\n<meta name=\"twitter:title\" content=\"Acheter du berloumi\" \/>\n<meta name=\"twitter:label1\" content=\"Dur\u00e9e de lecture estim\u00e9e\" \/>\n\t<meta name=\"twitter:data1\" content=\"2 minutes\" \/>\n<script type=\"application\/ld+json\" class=\"yoast-schema-graph\">{\"@context\":\"https:\\\/\\\/schema.org\",\"@graph\":[{\"@type\":\"WebPage\",\"@id\":\"https:\\\/\\\/dezuivelarij.be\\\/fr\\\/acheter-berloumi\\\/\",\"url\":\"https:\\\/\\\/dezuivelarij.be\\\/fr\\\/acheter-berloumi\\\/\",\"name\":\"Acheter du berloumi\",\"isPartOf\":{\"@id\":\"https:\\\/\\\/dezuivelarij.be\\\/fr\\\/#website\"},\"primaryImageOfPage\":{\"@id\":\"https:\\\/\\\/dezuivelarij.be\\\/fr\\\/acheter-berloumi\\\/#primaryimage\"},\"image\":{\"@id\":\"https:\\\/\\\/dezuivelarij.be\\\/fr\\\/acheter-berloumi\\\/#primaryimage\"},\"thumbnailUrl\":\"https:\\\/\\\/dezuivelarij.be\\\/wp-content\\\/uploads\\\/2025\\\/04\\\/ZUIVELARIJ_PS_BERLOUMI-LENTE-022-Groot.png\",\"datePublished\":\"2019-12-29T15:37:00+00:00\",\"dateModified\":\"2026-01-15T09:54:04+00:00\",\"description\":\"Acheter du Berloumi est devenu facile. Notre fromage \u00e0 griller est d\u00e9sormais disponible dans la plupart des supermarch\u00e9s belges.\",\"breadcrumb\":{\"@id\":\"https:\\\/\\\/dezuivelarij.be\\\/fr\\\/acheter-berloumi\\\/#breadcrumb\"},\"inLanguage\":\"fr-FR\",\"potentialAction\":[{\"@type\":\"ReadAction\",\"target\":[\"https:\\\/\\\/dezuivelarij.be\\\/fr\\\/acheter-berloumi\\\/\"]}]},{\"@type\":\"ImageObject\",\"inLanguage\":\"fr-FR\",\"@id\":\"https:\\\/\\\/dezuivelarij.be\\\/fr\\\/acheter-berloumi\\\/#primaryimage\",\"url\":\"https:\\\/\\\/dezuivelarij.be\\\/wp-content\\\/uploads\\\/2025\\\/04\\\/ZUIVELARIJ_PS_BERLOUMI-LENTE-022-Groot.png\",\"contentUrl\":\"https:\\\/\\\/dezuivelarij.be\\\/wp-content\\\/uploads\\\/2025\\\/04\\\/ZUIVELARIJ_PS_BERLOUMI-LENTE-022-Groot.png\",\"width\":1620,\"height\":1080,\"caption\":\"Berloumi Vache\"},{\"@type\":\"BreadcrumbList\",\"@id\":\"https:\\\/\\\/dezuivelarij.be\\\/fr\\\/acheter-berloumi\\\/#breadcrumb\",\"itemListElement\":[{\"@type\":\"ListItem\",\"position\":1,\"name\":\"Home\",\"item\":\"https:\\\/\\\/dezuivelarij.be\\\/fr\\\/\"},{\"@type\":\"ListItem\",\"position\":2,\"name\":\"Acheter du berloumi\"}]},{\"@type\":\"WebSite\",\"@id\":\"https:\\\/\\\/dezuivelarij.be\\\/fr\\\/#website\",\"url\":\"https:\\\/\\\/dezuivelarij.be\\\/fr\\\/\",\"name\":\"De Zuivelarij\",\"description\":\"Kaas met grillen\",\"publisher\":{\"@id\":\"https:\\\/\\\/dezuivelarij.be\\\/fr\\\/#organization\"},\"potentialAction\":[{\"@type\":\"SearchAction\",\"target\":{\"@type\":\"EntryPoint\",\"urlTemplate\":\"https:\\\/\\\/dezuivelarij.be\\\/fr\\\/?s={search_term_string}\"},\"query-input\":{\"@type\":\"PropertyValueSpecification\",\"valueRequired\":true,\"valueName\":\"search_term_string\"}}],\"inLanguage\":\"fr-FR\"},{\"@type\":[\"Organization\",\"Place\"],\"@id\":\"https:\\\/\\\/dezuivelarij.be\\\/fr\\\/#organization\",\"name\":\"De Zuivelarij\",\"alternateName\":\"De Zuivelarij BV\",\"url\":\"https:\\\/\\\/dezuivelarij.be\\\/fr\\\/\",\"logo\":{\"@id\":\"https:\\\/\\\/dezuivelarij.be\\\/fr\\\/acheter-berloumi\\\/#local-main-organization-logo\"},\"image\":{\"@id\":\"https:\\\/\\\/dezuivelarij.be\\\/fr\\\/acheter-berloumi\\\/#local-main-organization-logo\"},\"sameAs\":[\"https:\\\/\\\/www.facebook.com\\\/DeZuivelarij\\\/\",\"https:\\\/\\\/www.instagram.com\\\/de.zuivelarij\\\/\",\"https:\\\/\\\/nl.pinterest.com\\\/dezuivelarij\\\/\",\"https:\\\/\\\/www.youtube.com\\\/channel\\\/UCK_6xO0p1H4DXoMoW6fMUSw?view_as=subscriber\"],\"telephone\":[],\"openingHoursSpecification\":[{\"@type\":\"OpeningHoursSpecification\",\"dayOfWeek\":[\"Monday\",\"Tuesday\",\"Wednesday\",\"Thursday\",\"Friday\",\"Saturday\",\"Sunday\"],\"opens\":\"09:00\",\"closes\":\"17:00\"}]},{\"@type\":\"ImageObject\",\"inLanguage\":\"fr-FR\",\"@id\":\"https:\\\/\\\/dezuivelarij.be\\\/fr\\\/acheter-berloumi\\\/#local-main-organization-logo\",\"url\":\"https:\\\/\\\/dezuivelarij.be\\\/wp-content\\\/uploads\\\/2024\\\/11\\\/cropped-cropped-Zuivelarij-1.jpg\",\"contentUrl\":\"https:\\\/\\\/dezuivelarij.be\\\/wp-content\\\/uploads\\\/2024\\\/11\\\/cropped-cropped-Zuivelarij-1.jpg\",\"width\":96,\"height\":96,\"caption\":\"De Zuivelarij\"}]}<\/script>\n<!-- \/ Yoast SEO Premium plugin. -->","yoast_head_json":{"title":"Acheter du berloumi","description":"Acheter du Berloumi est devenu facile. Notre fromage \u00e0 griller est d\u00e9sormais disponible dans la plupart des supermarch\u00e9s belges.","robots":{"index":"index","follow":"follow","max-snippet":"max-snippet:-1","max-image-preview":"max-image-preview:large","max-video-preview":"max-video-preview:-1"},"canonical":"https:\/\/dezuivelarij.be\/fr\/acheter-berloumi\/","og_locale":"fr_FR","og_type":"article","og_title":"Points de vente Berloumi","og_description":"Vous trouverez notre Berloumi dans de plus en plus de magasins. Nous tenons notre localisateur de magasins aussi \u00e0 jour que possible. N'h\u00e9sitez pas \u00e0 nous recommander de nouveaux magasins ou, mieux encore, \u00e0 nous recommander.","og_url":"https:\/\/dezuivelarij.be\/fr\/acheter-berloumi\/","og_site_name":"De Zuivelarij","article_publisher":"https:\/\/www.facebook.com\/DeZuivelarij\/","article_modified_time":"2026-01-15T09:54:04+00:00","og_image":[{"width":1620,"height":1080,"url":"https:\/\/i0.wp.com\/dezuivelarij.be\/wp-content\/uploads\/2025\/04\/ZUIVELARIJ_PS_BERLOUMI-LENTE-022-Groot.png?fit=1620%2C1080&ssl=1","type":"image\/png"}],"twitter_card":"summary_large_image","twitter_title":"Acheter du berloumi","twitter_misc":{"Dur\u00e9e de lecture estim\u00e9e":"2 minutes"},"schema":{"@context":"https:\/\/schema.org","@graph":[{"@type":"WebPage","@id":"https:\/\/dezuivelarij.be\/fr\/acheter-berloumi\/","url":"https:\/\/dezuivelarij.be\/fr\/acheter-berloumi\/","name":"Acheter du berloumi","isPartOf":{"@id":"https:\/\/dezuivelarij.be\/fr\/#website"},"primaryImageOfPage":{"@id":"https:\/\/dezuivelarij.be\/fr\/acheter-berloumi\/#primaryimage"},"image":{"@id":"https:\/\/dezuivelarij.be\/fr\/acheter-berloumi\/#primaryimage"},"thumbnailUrl":"https:\/\/dezuivelarij.be\/wp-content\/uploads\/2025\/04\/ZUIVELARIJ_PS_BERLOUMI-LENTE-022-Groot.png","datePublished":"2019-12-29T15:37:00+00:00","dateModified":"2026-01-15T09:54:04+00:00","description":"Acheter du Berloumi est devenu facile. Notre fromage \u00e0 griller est d\u00e9sormais disponible dans la plupart des supermarch\u00e9s belges.","breadcrumb":{"@id":"https:\/\/dezuivelarij.be\/fr\/acheter-berloumi\/#breadcrumb"},"inLanguage":"fr-FR","potentialAction":[{"@type":"ReadAction","target":["https:\/\/dezuivelarij.be\/fr\/acheter-berloumi\/"]}]},{"@type":"ImageObject","inLanguage":"fr-FR","@id":"https:\/\/dezuivelarij.be\/fr\/acheter-berloumi\/#primaryimage","url":"https:\/\/dezuivelarij.be\/wp-content\/uploads\/2025\/04\/ZUIVELARIJ_PS_BERLOUMI-LENTE-022-Groot.png","contentUrl":"https:\/\/dezuivelarij.be\/wp-content\/uploads\/2025\/04\/ZUIVELARIJ_PS_BERLOUMI-LENTE-022-Groot.png","width":1620,"height":1080,"caption":"Berloumi Vache"},{"@type":"BreadcrumbList","@id":"https:\/\/dezuivelarij.be\/fr\/acheter-berloumi\/#breadcrumb","itemListElement":[{"@type":"ListItem","position":1,"name":"Home","item":"https:\/\/dezuivelarij.be\/fr\/"},{"@type":"ListItem","position":2,"name":"Acheter du berloumi"}]},{"@type":"WebSite","@id":"https:\/\/dezuivelarij.be\/fr\/#website","url":"https:\/\/dezuivelarij.be\/fr\/","name":"De Zuivelarij","description":"Kaas met grillen","publisher":{"@id":"https:\/\/dezuivelarij.be\/fr\/#organization"},"potentialAction":[{"@type":"SearchAction","target":{"@type":"EntryPoint","urlTemplate":"https:\/\/dezuivelarij.be\/fr\/?s={search_term_string}"},"query-input":{"@type":"PropertyValueSpecification","valueRequired":true,"valueName":"search_term_string"}}],"inLanguage":"fr-FR"},{"@type":["Organization","Place"],"@id":"https:\/\/dezuivelarij.be\/fr\/#organization","name":"De Zuivelarij","alternateName":"De Zuivelarij BV","url":"https:\/\/dezuivelarij.be\/fr\/","logo":{"@id":"https:\/\/dezuivelarij.be\/fr\/acheter-berloumi\/#local-main-organization-logo"},"image":{"@id":"https:\/\/dezuivelarij.be\/fr\/acheter-berloumi\/#local-main-organization-logo"},"sameAs":["https:\/\/www.facebook.com\/DeZuivelarij\/","https:\/\/www.instagram.com\/de.zuivelarij\/","https:\/\/nl.pinterest.com\/dezuivelarij\/","https:\/\/www.youtube.com\/channel\/UCK_6xO0p1H4DXoMoW6fMUSw?view_as=subscriber"],"telephone":[],"openingHoursSpecification":[{"@type":"OpeningHoursSpecification","dayOfWeek":["Monday","Tuesday","Wednesday","Thursday","Friday","Saturday","Sunday"],"opens":"09:00","closes":"17:00"}]},{"@type":"ImageObject","inLanguage":"fr-FR","@id":"https:\/\/dezuivelarij.be\/fr\/acheter-berloumi\/#local-main-organization-logo","url":"https:\/\/dezuivelarij.be\/wp-content\/uploads\/2024\/11\/cropped-cropped-Zuivelarij-1.jpg","contentUrl":"https:\/\/dezuivelarij.be\/wp-content\/uploads\/2024\/11\/cropped-cropped-Zuivelarij-1.jpg","width":96,"height":96,"caption":"De Zuivelarij"}]}},"jetpack_sharing_enabled":true,"jetpack_likes_enabled":true,"jetpack-related-posts":[{"id":22441,"url":"https:\/\/dezuivelarij.be\/fr\/ricotta-kopen\/","url_meta":{"origin":15499,"position":0},"title":"Acheter de la ricotta","author":"De Zuivelarij","date":"d\u00e9cembre 2, 2025","format":false,"excerpt":"Acheter notre ricotta Vous pouvez acheter la Ricotta de Berloumi de notre laiterie, De Zuivelarij entre autres chez Spar Colruyt Group et dans les magasins d'alimentation locale. Notre ricotta biologique est aussi disponible dans de nombreux magasins bio. Ci-dessous vous trouvez la pluparts des points de vente. Nous avons \u00e9galement\u2026","rel":"","context":"Article similaire","block_context":{"text":"Article similaire","link":""},"img":{"alt_text":"acheter de la ricotta","src":"https:\/\/i0.wp.com\/dezuivelarij.be\/wp-content\/uploads\/2025\/12\/ZUIVELARIJ_PS_RICOTTA-040-scaled.png?resize=350%2C200&ssl=1","width":350,"height":200,"srcset":"https:\/\/i0.wp.com\/dezuivelarij.be\/wp-content\/uploads\/2025\/12\/ZUIVELARIJ_PS_RICOTTA-040-scaled.png?resize=350%2C200&ssl=1 1x, https:\/\/i0.wp.com\/dezuivelarij.be\/wp-content\/uploads\/2025\/12\/ZUIVELARIJ_PS_RICOTTA-040-scaled.png?resize=525%2C300&ssl=1 1.5x, https:\/\/i0.wp.com\/dezuivelarij.be\/wp-content\/uploads\/2025\/12\/ZUIVELARIJ_PS_RICOTTA-040-scaled.png?resize=700%2C400&ssl=1 2x, https:\/\/i0.wp.com\/dezuivelarij.be\/wp-content\/uploads\/2025\/12\/ZUIVELARIJ_PS_RICOTTA-040-scaled.png?resize=1050%2C600&ssl=1 3x, https:\/\/i0.wp.com\/dezuivelarij.be\/wp-content\/uploads\/2025\/12\/ZUIVELARIJ_PS_RICOTTA-040-scaled.png?resize=1400%2C800&ssl=1 4x"},"classes":[]},{"id":1188,"url":"https:\/\/dezuivelarij.be\/fr\/labneh-kopen\/","url_meta":{"origin":15499,"position":1},"title":"Acheter du labneh","author":"De Zuivelarij","date":"janvier 2, 2020","format":false,"excerpt":"Acheter notre Labneh Vous pouvez acheter notre Labneh dans de nombreux magasins d'alimentation locaux, \u00e0 partir du 15 mars 2026 dans presque tous les magasins de Delhaize et dans certains magasins Spar. Renseignez-vous aupr\u00e8s du responsable des fromages. Vous le trouverez g\u00e9n\u00e9ralement dans le coin ap\u00e9ritif, pr\u00e8s du houmous et\u2026","rel":"","context":"Article similaire","block_context":{"text":"Article similaire","link":""},"img":{"alt_text":"","src":"https:\/\/i0.wp.com\/dezuivelarij.be\/wp-content\/uploads\/2025\/07\/Labneh-uitlekken-liggend-scaled.jpg?resize=350%2C200&ssl=1","width":350,"height":200,"srcset":"https:\/\/i0.wp.com\/dezuivelarij.be\/wp-content\/uploads\/2025\/07\/Labneh-uitlekken-liggend-scaled.jpg?resize=350%2C200&ssl=1 1x, https:\/\/i0.wp.com\/dezuivelarij.be\/wp-content\/uploads\/2025\/07\/Labneh-uitlekken-liggend-scaled.jpg?resize=525%2C300&ssl=1 1.5x, https:\/\/i0.wp.com\/dezuivelarij.be\/wp-content\/uploads\/2025\/07\/Labneh-uitlekken-liggend-scaled.jpg?resize=700%2C400&ssl=1 2x, https:\/\/i0.wp.com\/dezuivelarij.be\/wp-content\/uploads\/2025\/07\/Labneh-uitlekken-liggend-scaled.jpg?resize=1050%2C600&ssl=1 3x, https:\/\/i0.wp.com\/dezuivelarij.be\/wp-content\/uploads\/2025\/07\/Labneh-uitlekken-liggend-scaled.jpg?resize=1400%2C800&ssl=1 4x"},"classes":[]},{"id":8423,"url":"https:\/\/dezuivelarij.be\/fr\/berloumibio-2\/","url_meta":{"origin":15499,"position":2},"title":"Bio","author":"De Zuivelarij","date":"d\u00e9cembre 15, 2019","format":false,"excerpt":"Fromage \u00e0 griller biologique Dans notre laiterie, De Zuivelarij, nous transformons le lait local des agriculteurs de Berlare en produits laitiers m\u00e9diterran\u00e9ens. Chaque ferme fournit du lait pour un produit unique, de sorte que chacun de nos fromages est li\u00e9 \u00e0 sa propre ferme. Depuis quelques ann\u00e9es, certains agriculteurs locaux\u2026","rel":"","context":"Article similaire","block_context":{"text":"Article similaire","link":""},"img":{"alt_text":"","src":"https:\/\/i0.wp.com\/dezuivelarij.be\/wp-content\/uploads\/2025\/04\/ZUIVELARIJ_PS_BERLOUMI-BIO-025-Groot.png?resize=350%2C200&ssl=1","width":350,"height":200,"srcset":"https:\/\/i0.wp.com\/dezuivelarij.be\/wp-content\/uploads\/2025\/04\/ZUIVELARIJ_PS_BERLOUMI-BIO-025-Groot.png?resize=350%2C200&ssl=1 1x, https:\/\/i0.wp.com\/dezuivelarij.be\/wp-content\/uploads\/2025\/04\/ZUIVELARIJ_PS_BERLOUMI-BIO-025-Groot.png?resize=525%2C300&ssl=1 1.5x, https:\/\/i0.wp.com\/dezuivelarij.be\/wp-content\/uploads\/2025\/04\/ZUIVELARIJ_PS_BERLOUMI-BIO-025-Groot.png?resize=700%2C400&ssl=1 2x, https:\/\/i0.wp.com\/dezuivelarij.be\/wp-content\/uploads\/2025\/04\/ZUIVELARIJ_PS_BERLOUMI-BIO-025-Groot.png?resize=1050%2C600&ssl=1 3x, https:\/\/i0.wp.com\/dezuivelarij.be\/wp-content\/uploads\/2025\/04\/ZUIVELARIJ_PS_BERLOUMI-BIO-025-Groot.png?resize=1400%2C800&ssl=1 4x"},"classes":[]},{"id":8533,"url":"https:\/\/dezuivelarij.be\/fr\/lait-de-chevre\/","url_meta":{"origin":15499,"position":3},"title":"Berloumi au lait de ch\u00e8vre","author":"De Zuivelarij","date":"janvier 15, 2020","format":false,"excerpt":"Berloumi Ch\u00e8vre Le Berloumi au lait de ch\u00e8vre de notre laiterie est un fromage \u00e0 griller \u00e0 100 % fabriqu\u00e9 \u00e0 partir de lait de ch\u00e8vre, ce qui est assez exceptionnel, car m\u00eame les fromages \u00e0 griller traditionnels chypriotes sont g\u00e9n\u00e9ralement fabriqu\u00e9s \u00e0 partir de diff\u00e9rents types de lait. La\u2026","rel":"","context":"Article similaire","block_context":{"text":"Article similaire","link":""},"img":{"alt_text":"","src":"https:\/\/i0.wp.com\/dezuivelarij.be\/wp-content\/uploads\/2025\/04\/ZUIVELARIJ_PS_BERLOUMI-GEIT-024-Groot.png?resize=350%2C200&ssl=1","width":350,"height":200,"srcset":"https:\/\/i0.wp.com\/dezuivelarij.be\/wp-content\/uploads\/2025\/04\/ZUIVELARIJ_PS_BERLOUMI-GEIT-024-Groot.png?resize=350%2C200&ssl=1 1x, https:\/\/i0.wp.com\/dezuivelarij.be\/wp-content\/uploads\/2025\/04\/ZUIVELARIJ_PS_BERLOUMI-GEIT-024-Groot.png?resize=525%2C300&ssl=1 1.5x, https:\/\/i0.wp.com\/dezuivelarij.be\/wp-content\/uploads\/2025\/04\/ZUIVELARIJ_PS_BERLOUMI-GEIT-024-Groot.png?resize=700%2C400&ssl=1 2x, https:\/\/i0.wp.com\/dezuivelarij.be\/wp-content\/uploads\/2025\/04\/ZUIVELARIJ_PS_BERLOUMI-GEIT-024-Groot.png?resize=1050%2C600&ssl=1 3x, https:\/\/i0.wp.com\/dezuivelarij.be\/wp-content\/uploads\/2025\/04\/ZUIVELARIJ_PS_BERLOUMI-GEIT-024-Groot.png?resize=1400%2C800&ssl=1 4x"},"classes":[]},{"id":15505,"url":"https:\/\/dezuivelarij.be\/fr\/ricotta-de-berloumi\/","url_meta":{"origin":15499,"position":4},"title":"Ricotta de Berloumi","author":"De Zuivelarij","date":"f\u00e9vrier 11, 2020","format":false,"excerpt":"Si vous souhaitez d\u00e9couvrir l'Italie, notre ricotta est un bon point de d\u00e9part. La Ricotta de Berloumi que nous produisons dans notre laiterie, De Zuivelarij, est une v\u00e9ritable ricotta. Nous la fabriquons uniquement \u00e0 partir de lactos\u00e9rum de fromage. Ce petit-lait sucr\u00e9 nous reste apr\u00e8s la fabrication de notre Berloumi.\u2026","rel":"","context":"Dans &quot;Non classifi\u00e9(e)&quot;","block_context":{"text":"Non classifi\u00e9(e)","link":"https:\/\/dezuivelarij.be\/fr\/category\/non-classifiee\/"},"img":{"alt_text":"","src":"https:\/\/i0.wp.com\/dezuivelarij.be\/wp-content\/uploads\/2025\/04\/ZUIVELARIJ_PS_RICOTTA-039-Groot.png?resize=350%2C200&ssl=1","width":350,"height":200,"srcset":"https:\/\/i0.wp.com\/dezuivelarij.be\/wp-content\/uploads\/2025\/04\/ZUIVELARIJ_PS_RICOTTA-039-Groot.png?resize=350%2C200&ssl=1 1x, https:\/\/i0.wp.com\/dezuivelarij.be\/wp-content\/uploads\/2025\/04\/ZUIVELARIJ_PS_RICOTTA-039-Groot.png?resize=525%2C300&ssl=1 1.5x, https:\/\/i0.wp.com\/dezuivelarij.be\/wp-content\/uploads\/2025\/04\/ZUIVELARIJ_PS_RICOTTA-039-Groot.png?resize=700%2C400&ssl=1 2x, https:\/\/i0.wp.com\/dezuivelarij.be\/wp-content\/uploads\/2025\/04\/ZUIVELARIJ_PS_RICOTTA-039-Groot.png?resize=1050%2C600&ssl=1 3x, https:\/\/i0.wp.com\/dezuivelarij.be\/wp-content\/uploads\/2025\/04\/ZUIVELARIJ_PS_RICOTTA-039-Groot.png?resize=1400%2C800&ssl=1 4x"},"classes":[]},{"id":22999,"url":"https:\/\/dezuivelarij.be\/fr\/winkels\/","url_meta":{"origin":15499,"position":5},"title":"O\u00f9 acheter viVie?","author":"De Zuivelarij","date":"janvier 28, 2026","format":false,"excerpt":"Nous vendons viVie principalement dans notre propre magasin. Pourtant, il est disponible chez certains magasins. L\u00e0 o\u00f9 l'on vend nos autres produits, vous pouvez probablement aussi commander viVie.","rel":"","context":"Article similaire","block_context":{"text":"Article similaire","link":""},"img":{"alt_text":"","src":"https:\/\/i0.wp.com\/dezuivelarij.be\/wp-content\/uploads\/2026\/02\/PXL_20260218_102713739-scaled.jpg?resize=350%2C200&ssl=1","width":350,"height":200,"srcset":"https:\/\/i0.wp.com\/dezuivelarij.be\/wp-content\/uploads\/2026\/02\/PXL_20260218_102713739-scaled.jpg?resize=350%2C200&ssl=1 1x, https:\/\/i0.wp.com\/dezuivelarij.be\/wp-content\/uploads\/2026\/02\/PXL_20260218_102713739-scaled.jpg?resize=525%2C300&ssl=1 1.5x, https:\/\/i0.wp.com\/dezuivelarij.be\/wp-content\/uploads\/2026\/02\/PXL_20260218_102713739-scaled.jpg?resize=700%2C400&ssl=1 2x, https:\/\/i0.wp.com\/dezuivelarij.be\/wp-content\/uploads\/2026\/02\/PXL_20260218_102713739-scaled.jpg?resize=1050%2C600&ssl=1 3x, https:\/\/i0.wp.com\/dezuivelarij.be\/wp-content\/uploads\/2026\/02\/PXL_20260218_102713739-scaled.jpg?resize=1400%2C800&ssl=1 4x"},"classes":[]}],"_links":{"self":[{"href":"https:\/\/dezuivelarij.be\/fr\/wp-json\/wp\/v2\/pages\/15499","targetHints":{"allow":["GET"]}}],"collection":[{"href":"https:\/\/dezuivelarij.be\/fr\/wp-json\/wp\/v2\/pages"}],"about":[{"href":"https:\/\/dezuivelarij.be\/fr\/wp-json\/wp\/v2\/types\/page"}],"author":[{"embeddable":true,"href":"https:\/\/dezuivelarij.be\/fr\/wp-json\/wp\/v2\/users\/1"}],"replies":[{"embeddable":true,"href":"https:\/\/dezuivelarij.be\/fr\/wp-json\/wp\/v2\/comments?post=15499"}],"version-history":[{"count":4,"href":"https:\/\/dezuivelarij.be\/fr\/wp-json\/wp\/v2\/pages\/15499\/revisions"}],"predecessor-version":[{"id":22759,"href":"https:\/\/dezuivelarij.be\/fr\/wp-json\/wp\/v2\/pages\/15499\/revisions\/22759"}],"wp:featuredmedia":[{"embeddable":true,"href":"https:\/\/dezuivelarij.be\/fr\/wp-json\/wp\/v2\/media\/18635"}],"wp:attachment":[{"href":"https:\/\/dezuivelarij.be\/fr\/wp-json\/wp\/v2\/media?parent=15499"}],"wp:term":[{"taxonomy":"category","embeddable":true,"href":"https:\/\/dezuivelarij.be\/fr\/wp-json\/wp\/v2\/categories?post=15499"},{"taxonomy":"post_tag","embeddable":true,"href":"https:\/\/dezuivelarij.be\/fr\/wp-json\/wp\/v2\/tags?post=15499"}],"curies":[{"name":"wp","href":"https:\/\/api.w.org\/{rel}","templated":true}]}}