{"id":15352,"date":"2022-09-27T14:59:17","date_gmt":"2022-09-27T12:59:17","guid":{"rendered":"https:\/\/berloumi.be\/897-2\/"},"modified":"2025-03-08T13:02:29","modified_gmt":"2025-03-08T12:02:29","slug":"897-2","status":"publish","type":"page","link":"https:\/\/dezuivelarij.be\/fr\/897-2\/","title":{"rendered":"Rago\u00fbt avec pois chiches, tomate et \u00e9pinards"},"content":{"rendered":"<p class=\"align-left\">1 petit oignon rouge, hach\u00e9 grossi\u00e8rement<\/p>\n<p class=\"align-left\">2 gousses d\u2019ail<\/p>\n<p class=\"align-right\" style=\"text-align: right;\"><strong><em>Faire sauter \u00e0 feu doux pendant environ 20 minutes<\/em><\/strong><\/p>\n<p class=\"align-left\">1\/4 c. \u00e0 th\u00e9 de flocons de piment<\/p>\n<p class=\"align-left\">2 c. \u00e0 th\u00e9 de cumin moulu<\/p>\n<p class=\"align-left\">1\/2\u00e8me c. \u00e0 th\u00e9 de graines de fenouil<\/p>\n<p class=\"align-right\" style=\"text-align: right;\"><strong><em>Ajouter et cuire au four pendant 1 minute<\/em><\/strong><\/p>\n<p class=\"align-left\">1 c. \u00e0 soupe de concentr\u00e9 de tomate<\/p>\n<p class=\"align-left\">1 c. \u00e0 soupe de cassonade<\/p>\n<p class=\"align-left\">400 g de tomates cerises (en conserve)<\/p>\n<p class=\"align-left\">400 g de pois chiches (en conserve)<\/p>\n<p class=\"align-right\" style=\"text-align: right;\"><strong><em>Ajouter et cuire doucement pendant environ 5 minutes<\/em><\/strong><\/p>\n<p>100 g de feuilles d\u2019\u00e9pinards<\/p>\n<p style=\"text-align: right;\"><strong><em>Ajoutez deux fois et r\u00e9tr\u00e9cissez \u00e0 chaque fois<\/em><\/strong><\/p>\n<p>1 paquet de berloumi<\/p>\n<p class=\"align-right\" style=\"text-align: right;\"><strong><em>Couper en cubes d\u2019environ un centim\u00e8tre et demi<\/em><\/strong><\/p>\n<p class=\"align-right\" style=\"text-align: right;\"><strong><em>M\u00e9langer les cubes avec la marinade\/huile de l\u2019emballage<\/em><\/strong><\/p>\n<p class=\"align-right\" style=\"text-align: right;\"><strong><em>Cuire les cubes et certains c\u00f4t\u00e9s joliment bruns<\/em><\/strong><\/p>\n<p class=\"align-right\" style=\"text-align: right;\"><strong><em>Ajouter au m\u00e9lange de pois chiches. Remuer ou non<\/em><\/strong><\/p>\n<p>1 c. \u00e0 soupe de yogourt grec<\/p>\n<p>1 c. \u00e0 soupe de persil, hach\u00e9 grossi\u00e8rement<\/p>\n<p class=\"align-right\" style=\"text-align: right;\"><strong><em>Terminez avec &#8230; et servir avec du pain, du riz ou du couscous<\/em><\/strong><\/p>\n","protected":false},"excerpt":{"rendered":"<p>1 petit oignon rouge, hach\u00e9 grossi\u00e8rement 2 gousses d\u2019ail Faire sauter \u00e0 feu doux pendant environ 20 minutes 1\/4 c. \u00e0 th\u00e9 de flocons de piment 2 c. \u00e0 th\u00e9 de cumin moulu 1\/2\u00e8me c. \u00e0 th\u00e9 de graines de fenouil Ajouter et cuire au four pendant 1 minute 1 c. \u00e0 soupe de concentr\u00e9 [&hellip;]<\/p>\n","protected":false},"author":1,"featured_media":0,"parent":0,"menu_order":0,"comment_status":"closed","ping_status":"closed","template":"","meta":{"jetpack_post_was_ever_published":false,"footnotes":"","_wp_rev_ctl_limit":""},"categories":[],"tags":[],"class_list":["post-15352","page","type-page","status-publish","hentry"],"yoast_head":"<!-- This site is optimized with the Yoast SEO Premium plugin v27.4 (Yoast SEO v27.4) - https:\/\/yoast.com\/product\/yoast-seo-premium-wordpress\/ -->\n<title>Berloumi, rago\u00fbt aux pois chiches<\/title>\n<meta name=\"description\" content=\"Halloumi, pois chiches, rago\u00fbt, tomate, \u00e9pinards, berloumi,\" \/>\n<meta name=\"robots\" content=\"index, follow, max-snippet:-1, max-image-preview:large, max-video-preview:-1\" \/>\n<link rel=\"canonical\" href=\"https:\/\/dezuivelarij.be\/fr\/897-2\/\" \/>\n<meta property=\"og:locale\" content=\"fr_FR\" \/>\n<meta property=\"og:type\" content=\"article\" \/>\n<meta property=\"og:title\" content=\"Rago\u00fbt avec pois chiches, tomate et \u00e9pinards\" \/>\n<meta property=\"og:description\" content=\"Halloumi, pois chiches, rago\u00fbt, tomate, \u00e9pinards, berloumi,\" \/>\n<meta property=\"og:url\" content=\"https:\/\/dezuivelarij.be\/fr\/897-2\/\" \/>\n<meta property=\"og:site_name\" content=\"De Zuivelarij\" \/>\n<meta property=\"article:publisher\" content=\"https:\/\/www.facebook.com\/DeZuivelarij\/\" \/>\n<meta property=\"article:modified_time\" content=\"2025-03-08T12:02:29+00:00\" \/>\n<meta name=\"twitter:card\" content=\"summary_large_image\" \/>\n<meta name=\"twitter:label1\" content=\"Dur\u00e9e de lecture estim\u00e9e\" \/>\n\t<meta name=\"twitter:data1\" content=\"1 minute\" \/>\n<script type=\"application\/ld+json\" class=\"yoast-schema-graph\">{\"@context\":\"https:\\\/\\\/schema.org\",\"@graph\":[{\"@type\":\"WebPage\",\"@id\":\"https:\\\/\\\/dezuivelarij.be\\\/fr\\\/897-2\\\/\",\"url\":\"https:\\\/\\\/dezuivelarij.be\\\/fr\\\/897-2\\\/\",\"name\":\"Berloumi, rago\u00fbt aux pois chiches\",\"isPartOf\":{\"@id\":\"https:\\\/\\\/dezuivelarij.be\\\/fr\\\/#website\"},\"datePublished\":\"2022-09-27T12:59:17+00:00\",\"dateModified\":\"2025-03-08T12:02:29+00:00\",\"description\":\"Halloumi, pois chiches, rago\u00fbt, tomate, \u00e9pinards, berloumi,\",\"breadcrumb\":{\"@id\":\"https:\\\/\\\/dezuivelarij.be\\\/fr\\\/897-2\\\/#breadcrumb\"},\"inLanguage\":\"fr-FR\",\"potentialAction\":[{\"@type\":\"ReadAction\",\"target\":[\"https:\\\/\\\/dezuivelarij.be\\\/fr\\\/897-2\\\/\"]}]},{\"@type\":\"BreadcrumbList\",\"@id\":\"https:\\\/\\\/dezuivelarij.be\\\/fr\\\/897-2\\\/#breadcrumb\",\"itemListElement\":[{\"@type\":\"ListItem\",\"position\":1,\"name\":\"Home\",\"item\":\"https:\\\/\\\/dezuivelarij.be\\\/fr\\\/\"},{\"@type\":\"ListItem\",\"position\":2,\"name\":\"Rago\u00fbt avec pois chiches, tomate et \u00e9pinards\"}]},{\"@type\":\"WebSite\",\"@id\":\"https:\\\/\\\/dezuivelarij.be\\\/fr\\\/#website\",\"url\":\"https:\\\/\\\/dezuivelarij.be\\\/fr\\\/\",\"name\":\"De Zuivelarij\",\"description\":\"Kaas met grillen\",\"publisher\":{\"@id\":\"https:\\\/\\\/dezuivelarij.be\\\/fr\\\/#organization\"},\"potentialAction\":[{\"@type\":\"SearchAction\",\"target\":{\"@type\":\"EntryPoint\",\"urlTemplate\":\"https:\\\/\\\/dezuivelarij.be\\\/fr\\\/?s={search_term_string}\"},\"query-input\":{\"@type\":\"PropertyValueSpecification\",\"valueRequired\":true,\"valueName\":\"search_term_string\"}}],\"inLanguage\":\"fr-FR\"},{\"@type\":[\"Organization\",\"Place\"],\"@id\":\"https:\\\/\\\/dezuivelarij.be\\\/fr\\\/#organization\",\"name\":\"De Zuivelarij\",\"alternateName\":\"De Zuivelarij BV\",\"url\":\"https:\\\/\\\/dezuivelarij.be\\\/fr\\\/\",\"logo\":{\"@id\":\"https:\\\/\\\/dezuivelarij.be\\\/fr\\\/897-2\\\/#local-main-organization-logo\"},\"image\":{\"@id\":\"https:\\\/\\\/dezuivelarij.be\\\/fr\\\/897-2\\\/#local-main-organization-logo\"},\"sameAs\":[\"https:\\\/\\\/www.facebook.com\\\/DeZuivelarij\\\/\",\"https:\\\/\\\/www.instagram.com\\\/de.zuivelarij\\\/\",\"https:\\\/\\\/nl.pinterest.com\\\/dezuivelarij\\\/\",\"https:\\\/\\\/www.youtube.com\\\/channel\\\/UCK_6xO0p1H4DXoMoW6fMUSw?view_as=subscriber\"],\"telephone\":[],\"openingHoursSpecification\":[{\"@type\":\"OpeningHoursSpecification\",\"dayOfWeek\":[\"Monday\",\"Tuesday\",\"Wednesday\",\"Thursday\",\"Friday\",\"Saturday\",\"Sunday\"],\"opens\":\"09:00\",\"closes\":\"17:00\"}]},{\"@type\":\"ImageObject\",\"inLanguage\":\"fr-FR\",\"@id\":\"https:\\\/\\\/dezuivelarij.be\\\/fr\\\/897-2\\\/#local-main-organization-logo\",\"url\":\"https:\\\/\\\/i0.wp.com\\\/dezuivelarij.be\\\/wp-content\\\/uploads\\\/2024\\\/11\\\/cropped-cropped-Zuivelarij-1.jpg?fit=96%2C96&ssl=1\",\"contentUrl\":\"https:\\\/\\\/i0.wp.com\\\/dezuivelarij.be\\\/wp-content\\\/uploads\\\/2024\\\/11\\\/cropped-cropped-Zuivelarij-1.jpg?fit=96%2C96&ssl=1\",\"width\":96,\"height\":96,\"caption\":\"De Zuivelarij\"}]}<\/script>\n<!-- \/ Yoast SEO Premium plugin. -->","yoast_head_json":{"title":"Berloumi, rago\u00fbt aux pois chiches","description":"Halloumi, pois chiches, rago\u00fbt, tomate, \u00e9pinards, berloumi,","robots":{"index":"index","follow":"follow","max-snippet":"max-snippet:-1","max-image-preview":"max-image-preview:large","max-video-preview":"max-video-preview:-1"},"canonical":"https:\/\/dezuivelarij.be\/fr\/897-2\/","og_locale":"fr_FR","og_type":"article","og_title":"Rago\u00fbt avec pois chiches, tomate et \u00e9pinards","og_description":"Halloumi, pois chiches, rago\u00fbt, tomate, \u00e9pinards, berloumi,","og_url":"https:\/\/dezuivelarij.be\/fr\/897-2\/","og_site_name":"De Zuivelarij","article_publisher":"https:\/\/www.facebook.com\/DeZuivelarij\/","article_modified_time":"2025-03-08T12:02:29+00:00","twitter_card":"summary_large_image","twitter_misc":{"Dur\u00e9e de lecture estim\u00e9e":"1 minute"},"schema":{"@context":"https:\/\/schema.org","@graph":[{"@type":"WebPage","@id":"https:\/\/dezuivelarij.be\/fr\/897-2\/","url":"https:\/\/dezuivelarij.be\/fr\/897-2\/","name":"Berloumi, rago\u00fbt aux pois chiches","isPartOf":{"@id":"https:\/\/dezuivelarij.be\/fr\/#website"},"datePublished":"2022-09-27T12:59:17+00:00","dateModified":"2025-03-08T12:02:29+00:00","description":"Halloumi, pois chiches, rago\u00fbt, tomate, \u00e9pinards, berloumi,","breadcrumb":{"@id":"https:\/\/dezuivelarij.be\/fr\/897-2\/#breadcrumb"},"inLanguage":"fr-FR","potentialAction":[{"@type":"ReadAction","target":["https:\/\/dezuivelarij.be\/fr\/897-2\/"]}]},{"@type":"BreadcrumbList","@id":"https:\/\/dezuivelarij.be\/fr\/897-2\/#breadcrumb","itemListElement":[{"@type":"ListItem","position":1,"name":"Home","item":"https:\/\/dezuivelarij.be\/fr\/"},{"@type":"ListItem","position":2,"name":"Rago\u00fbt avec pois chiches, tomate et \u00e9pinards"}]},{"@type":"WebSite","@id":"https:\/\/dezuivelarij.be\/fr\/#website","url":"https:\/\/dezuivelarij.be\/fr\/","name":"De Zuivelarij","description":"Kaas met grillen","publisher":{"@id":"https:\/\/dezuivelarij.be\/fr\/#organization"},"potentialAction":[{"@type":"SearchAction","target":{"@type":"EntryPoint","urlTemplate":"https:\/\/dezuivelarij.be\/fr\/?s={search_term_string}"},"query-input":{"@type":"PropertyValueSpecification","valueRequired":true,"valueName":"search_term_string"}}],"inLanguage":"fr-FR"},{"@type":["Organization","Place"],"@id":"https:\/\/dezuivelarij.be\/fr\/#organization","name":"De Zuivelarij","alternateName":"De Zuivelarij BV","url":"https:\/\/dezuivelarij.be\/fr\/","logo":{"@id":"https:\/\/dezuivelarij.be\/fr\/897-2\/#local-main-organization-logo"},"image":{"@id":"https:\/\/dezuivelarij.be\/fr\/897-2\/#local-main-organization-logo"},"sameAs":["https:\/\/www.facebook.com\/DeZuivelarij\/","https:\/\/www.instagram.com\/de.zuivelarij\/","https:\/\/nl.pinterest.com\/dezuivelarij\/","https:\/\/www.youtube.com\/channel\/UCK_6xO0p1H4DXoMoW6fMUSw?view_as=subscriber"],"telephone":[],"openingHoursSpecification":[{"@type":"OpeningHoursSpecification","dayOfWeek":["Monday","Tuesday","Wednesday","Thursday","Friday","Saturday","Sunday"],"opens":"09:00","closes":"17:00"}]},{"@type":"ImageObject","inLanguage":"fr-FR","@id":"https:\/\/dezuivelarij.be\/fr\/897-2\/#local-main-organization-logo","url":"https:\/\/i0.wp.com\/dezuivelarij.be\/wp-content\/uploads\/2024\/11\/cropped-cropped-Zuivelarij-1.jpg?fit=96%2C96&ssl=1","contentUrl":"https:\/\/i0.wp.com\/dezuivelarij.be\/wp-content\/uploads\/2024\/11\/cropped-cropped-Zuivelarij-1.jpg?fit=96%2C96&ssl=1","width":96,"height":96,"caption":"De Zuivelarij"}]}},"jetpack_sharing_enabled":true,"jetpack_likes_enabled":true,"jetpack-related-posts":[{"id":15345,"url":"https:\/\/dezuivelarij.be\/fr\/pois-chiches-aubergines-salade-chaude\/","url_meta":{"origin":15352,"position":0},"title":"Pois chiches, aubergines, salade chaude","author":"De Zuivelarij","date":"septembre 27, 2022","format":false,"excerpt":"1 grosse aubergine, coup\u00e9e en morceaux d\u2019environ 1 cm\/1 cm 5 cl d\u2019huile de ma\u00efs 350 g de pois chiches, en conserve, \u00e9goutt\u00e9s 1 piment, graines enlev\u00e9es, coup\u00e9es en petits morceaux 3 g de coriandre, poudre 2 g de poivre noir, poudre 2 g de curcuma, poudre 1 g d\u2019asafoetida,\u2026","rel":"","context":"Article similaire","block_context":{"text":"Article similaire","link":""},"img":{"alt_text":"","src":"","width":0,"height":0},"classes":[]},{"id":15526,"url":"https:\/\/dezuivelarij.be\/fr\/chou-de-palme\/","url_meta":{"origin":15352,"position":1},"title":"Salade chaude au chou de palme, aux pois chiches et au Berloumi.","author":"De Zuivelarij","date":"mars 11, 2020","format":false,"excerpt":"On n'ose pas le dire, mais cette salade au chou de palme a tellement de texture que le Berloumi devient superflu. Le chou de palme dur est ici frit en morceaux durs, presque charnus et parfois croustillants. Les pois chiches frits au go\u00fbt de noisette, secs \u00e0 l'ext\u00e9rieur et cr\u00e9meux\u2026","rel":"","context":"Dans &quot;Geen onderdeel van een categorie&quot;","block_context":{"text":"Geen onderdeel van een categorie","link":"https:\/\/dezuivelarij.be\/category\/geen-onderdeel-van-een-categorie\/"},"img":{"alt_text":"","src":"https:\/\/i0.wp.com\/dezuivelarij.be\/wp-content\/uploads\/2025\/01\/cropped-Cannoli-met-koffie-scaled-1.jpg?resize=350%2C200&ssl=1","width":350,"height":200,"srcset":"https:\/\/i0.wp.com\/dezuivelarij.be\/wp-content\/uploads\/2025\/01\/cropped-Cannoli-met-koffie-scaled-1.jpg?resize=350%2C200&ssl=1 1x, https:\/\/i0.wp.com\/dezuivelarij.be\/wp-content\/uploads\/2025\/01\/cropped-Cannoli-met-koffie-scaled-1.jpg?resize=525%2C300&ssl=1 1.5x"},"classes":[]},{"id":17494,"url":"https:\/\/dezuivelarij.be\/fr\/pates-primavera\/","url_meta":{"origin":15352,"position":2},"title":"P\u00e2tes Primavera","author":"De Zuivelarij","date":"juillet 5, 2024","format":false,"excerpt":"P\u00e2tes aux l\u00e9gumes de printemps et au Berloumi Cette salade regorge de l\u00e9gumes de printemps. Vous ne pouvez donc le pr\u00e9parer qu'au printemps, car les f\u00e8ves et les pois frais ne sont disponibles qu'\u00e0 ce moment-l\u00e0. Pour quatre personnes, vous aurez besoin d'environ 1 kg de l\u00e9gumes verts de printemps\u2026","rel":"","context":"Article similaire","block_context":{"text":"Article similaire","link":""},"img":{"alt_text":"Salade Berloumi, salade avec fromage grill\u00e9, salade au fromage \u00e0 griller","src":"https:\/\/i0.wp.com\/berloumi.be\/wp-content\/uploads\/2021\/03\/Pasta-Primavera-1024x768.jpg?resize=350%2C200&ssl=1","width":350,"height":200,"srcset":"https:\/\/i0.wp.com\/berloumi.be\/wp-content\/uploads\/2021\/03\/Pasta-Primavera-1024x768.jpg?resize=350%2C200&ssl=1 1x, https:\/\/i0.wp.com\/berloumi.be\/wp-content\/uploads\/2021\/03\/Pasta-Primavera-1024x768.jpg?resize=525%2C300&ssl=1 1.5x, https:\/\/i0.wp.com\/berloumi.be\/wp-content\/uploads\/2021\/03\/Pasta-Primavera-1024x768.jpg?resize=700%2C400&ssl=1 2x"},"classes":[]},{"id":15525,"url":"https:\/\/dezuivelarij.be\/fr\/paccheri\/","url_meta":{"origin":15352,"position":3},"title":"Paccheri \u00e0 la Ricotta de Berloumi et \u00e9pinards.","author":"De Zuivelarij","date":"mars 6, 2020","format":false,"excerpt":"Paccheri \u00e0 la Ricotta de Berloumi et aux \u00e9pinards Nous sommes tr\u00e8s fiers de cette recette. Elle combine beaucoup de d\u00e9lices dans une seule casserole. En pla\u00e7ant les paccheri \u00e0 la verticale, nous garantissons des cro\u00fbtes croustillantes combin\u00e9es \u00e0 la garniture cr\u00e9meuse \u00e0 base de Ricotta de Berloumi de notre\u2026","rel":"","context":"Dans &quot;Geen onderdeel van een categorie&quot;","block_context":{"text":"Geen onderdeel van een categorie","link":"https:\/\/dezuivelarij.be\/category\/geen-onderdeel-van-een-categorie\/"},"img":{"alt_text":"","src":"","width":0,"height":0},"classes":[]},{"id":15530,"url":"https:\/\/dezuivelarij.be\/fr\/shakshuka-au-fromage-grille\/","url_meta":{"origin":15352,"position":4},"title":"Shakshuka au fromage grill\u00e9","author":"De Zuivelarij","date":"octobre 3, 2022","format":false,"excerpt":"Hachez finement trois gousses d'ail, hachez un oignon, \u00e9pluchez et hachez un poivron rouge et coupez 200 g de Berloumi en tranches. Faites chauffer un filet d'huile d'olive dans une grande po\u00eale \u00e0 feu moyen-vif. Ajoutez-y une cuill\u00e8re \u00e0 soupe de graines de carvi et une cuill\u00e8re \u00e0 soupe de\u2026","rel":"","context":"Article similaire","block_context":{"text":"Article similaire","link":""},"img":{"alt_text":"","src":"https:\/\/i0.wp.com\/berloumi.be\/wp-content\/uploads\/2022\/09\/287023037_512655400692687_6647835109952325196_n-1024x823.jpg?resize=350%2C200&ssl=1","width":350,"height":200,"srcset":"https:\/\/i0.wp.com\/berloumi.be\/wp-content\/uploads\/2022\/09\/287023037_512655400692687_6647835109952325196_n-1024x823.jpg?resize=350%2C200&ssl=1 1x, https:\/\/i0.wp.com\/berloumi.be\/wp-content\/uploads\/2022\/09\/287023037_512655400692687_6647835109952325196_n-1024x823.jpg?resize=525%2C300&ssl=1 1.5x, https:\/\/i0.wp.com\/berloumi.be\/wp-content\/uploads\/2022\/09\/287023037_512655400692687_6647835109952325196_n-1024x823.jpg?resize=700%2C400&ssl=1 2x"},"classes":[]},{"id":15506,"url":"https:\/\/dezuivelarij.be\/fr\/biscuits-a-la-ricotta\/","url_meta":{"origin":15352,"position":5},"title":"Biscuits \u00e0 la ricotta","author":"De Zuivelarij","date":"f\u00e9vrier 11, 2020","format":false,"excerpt":"Biscuits \u00e0 la ricotta Cette page est enti\u00e8rement consacr\u00e9e aux biscuits \u00e0 la ricotta. Que ce soit les biscuits \u00e0 la ricotta traditionnels italiens au citron, semblables \u00e0 un g\u00e2teau, ou les biscuits et coriaces au beurre brun. Voil\u00e0 des biscuits aux noix plut\u00f4t petits mais consistants. Biscuits de No\u00ebl\u2026","rel":"","context":"Dans &quot;Geen onderdeel van een categorie&quot;","block_context":{"text":"Geen onderdeel van een categorie","link":"https:\/\/dezuivelarij.be\/category\/geen-onderdeel-van-een-categorie\/"},"img":{"alt_text":"cacioricotta, vivie, wheycheese","src":"https:\/\/i0.wp.com\/dezuivelarij.be\/wp-content\/uploads\/2024\/10\/viVie-maken-bogdan-en-catalin-scaled.jpg?fit=1200%2C590&ssl=1&resize=350%2C200","width":350,"height":200,"srcset":"https:\/\/i0.wp.com\/dezuivelarij.be\/wp-content\/uploads\/2024\/10\/viVie-maken-bogdan-en-catalin-scaled.jpg?fit=1200%2C590&ssl=1&resize=350%2C200 1x, https:\/\/i0.wp.com\/dezuivelarij.be\/wp-content\/uploads\/2024\/10\/viVie-maken-bogdan-en-catalin-scaled.jpg?fit=1200%2C590&ssl=1&resize=525%2C300 1.5x, https:\/\/i0.wp.com\/dezuivelarij.be\/wp-content\/uploads\/2024\/10\/viVie-maken-bogdan-en-catalin-scaled.jpg?fit=1200%2C590&ssl=1&resize=700%2C400 2x, https:\/\/i0.wp.com\/dezuivelarij.be\/wp-content\/uploads\/2024\/10\/viVie-maken-bogdan-en-catalin-scaled.jpg?fit=1200%2C590&ssl=1&resize=1050%2C600 3x"},"classes":[]}],"_links":{"self":[{"href":"https:\/\/dezuivelarij.be\/fr\/wp-json\/wp\/v2\/pages\/15352","targetHints":{"allow":["GET"]}}],"collection":[{"href":"https:\/\/dezuivelarij.be\/fr\/wp-json\/wp\/v2\/pages"}],"about":[{"href":"https:\/\/dezuivelarij.be\/fr\/wp-json\/wp\/v2\/types\/page"}],"author":[{"embeddable":true,"href":"https:\/\/dezuivelarij.be\/fr\/wp-json\/wp\/v2\/users\/1"}],"replies":[{"embeddable":true,"href":"https:\/\/dezuivelarij.be\/fr\/wp-json\/wp\/v2\/comments?post=15352"}],"version-history":[{"count":1,"href":"https:\/\/dezuivelarij.be\/fr\/wp-json\/wp\/v2\/pages\/15352\/revisions"}],"predecessor-version":[{"id":18143,"href":"https:\/\/dezuivelarij.be\/fr\/wp-json\/wp\/v2\/pages\/15352\/revisions\/18143"}],"wp:attachment":[{"href":"https:\/\/dezuivelarij.be\/fr\/wp-json\/wp\/v2\/media?parent=15352"}],"wp:term":[{"taxonomy":"category","embeddable":true,"href":"https:\/\/dezuivelarij.be\/fr\/wp-json\/wp\/v2\/categories?post=15352"},{"taxonomy":"post_tag","embeddable":true,"href":"https:\/\/dezuivelarij.be\/fr\/wp-json\/wp\/v2\/tags?post=15352"}],"curies":[{"name":"wp","href":"https:\/\/api.w.org\/{rel}","templated":true}]}}