{"id":9596,"date":"2024-09-02T09:52:58","date_gmt":"2024-09-02T08:52:58","guid":{"rendered":"https:\/\/dezuivelarij.be\/product\/labneh\/"},"modified":"2026-01-19T10:25:03","modified_gmt":"2026-01-19T09:25:03","slug":"labneh","status":"publish","type":"product","link":"https:\/\/dezuivelarij.be\/en\/product\/labneh\/","title":{"rendered":"Labneh | 220 grams"},"content":{"rendered":"<p>&#8220;Labneh, labne, lebne, laban, hangop, strained yogurt, yogurt cheese&#8230; These are all names for a very thick, lightly salted yogurt. Our labneh drains for 48 hours in linen bags, concentrating all the goodness of the yogurt. It has a rich, intense flavor and a strong aromatic taste. Labneh is yogurt as it was originally meant to be eaten: not sweet, but savory. In our Zuivelarij, we love to enjoy labneh as a <a href=\"https:\/\/labneh.be\/voedingswaarde\/\">healthy <\/a>meal, savory breakfast, mezze, or as a sharing appetizer or side dish. With a little creativity, spices, and good olive oil, you can quickly and easily put a beautiful plate on the table. You can find inspiration at labneh.be. And don\u2019t forget to share your creation with us on social media!&#8221;   <\/p>\n","protected":false},"excerpt":{"rendered":"<p>&#8220;Labneh, labne, lebne, laban, hangop, strained yogurt, yogurt cheese&#8230; These are all names for a very thick, lightly salted yogurt. Our labneh drains for 48 hours in linen bags, concentrating all the goodness of the yogurt. It has a rich, intense flavor and a strong aromatic taste. Labneh is yogurt as it was originally meant [&hellip;]<\/p>\n","protected":false},"featured_media":4542,"comment_status":"open","ping_status":"closed","template":"","meta":{"jetpack_post_was_ever_published":false,"jetpack_publicize_message":"","jetpack_publicize_feature_enabled":true,"jetpack_social_post_already_shared":true,"jetpack_social_options":{"image_generator_settings":{"template":"highway","default_image_id":0,"font":"","enabled":false},"version":2}},"product_brand":[],"product_cat":[125],"product_tag":[],"class_list":{"0":"post-9596","1":"product","2":"type-product","3":"status-publish","4":"has-post-thumbnail","6":"product_cat-uncategorized-en","8":"first","9":"instock","10":"taxable","11":"shipping-taxable","12":"purchasable","13":"product-type-simple"},"yoast_head":"<!-- This site is optimized with the Yoast SEO Premium plugin v27.4 (Yoast SEO v27.4) - https:\/\/yoast.com\/product\/yoast-seo-premium-wordpress\/ -->\n<title>Labneh | 220 grams - De Zuivelarij<\/title>\n<meta name=\"robots\" content=\"index, follow, max-snippet:-1, max-image-preview:large, max-video-preview:-1\" \/>\n<link rel=\"canonical\" href=\"https:\/\/dezuivelarij.be\/en\/product\/labneh\/\" \/>\n<meta property=\"og:locale\" content=\"en_US\" \/>\n<meta property=\"og:type\" content=\"article\" \/>\n<meta property=\"og:title\" content=\"Labneh | 220 grams\" \/>\n<meta property=\"og:description\" content=\"&#8220;Labneh, labne, lebne, laban, hangop, strained yogurt, yogurt cheese&#8230; These are all names for a very thick, lightly salted yogurt. Our labneh drains for 48 hours in linen bags, concentrating all the goodness of the yogurt. It has a rich, intense flavor and a strong aromatic taste. Labneh is yogurt as it was originally meant [&hellip;]\" \/>\n<meta property=\"og:url\" content=\"https:\/\/dezuivelarij.be\/en\/product\/labneh\/\" \/>\n<meta property=\"og:site_name\" content=\"De Zuivelarij\" \/>\n<meta property=\"article:publisher\" content=\"https:\/\/www.facebook.com\/DeZuivelarij\/\" \/>\n<meta property=\"article:modified_time\" content=\"2026-01-19T09:25:03+00:00\" \/>\n<meta property=\"og:image\" content=\"https:\/\/i0.wp.com\/dezuivelarij.be\/wp-content\/uploads\/2021\/11\/Packshot-Labneh.jpg?fit=1200%2C1200&ssl=1\" \/>\n\t<meta property=\"og:image:width\" content=\"1200\" \/>\n\t<meta property=\"og:image:height\" content=\"1200\" \/>\n\t<meta property=\"og:image:type\" content=\"image\/jpeg\" \/>\n<meta name=\"twitter:card\" content=\"summary_large_image\" \/>\n<meta name=\"twitter:label1\" content=\"Est. reading time\" \/>\n\t<meta name=\"twitter:data1\" content=\"1 minute\" \/>\n<script type=\"application\/ld+json\" class=\"yoast-schema-graph\">{\"@context\":\"https:\\\/\\\/schema.org\",\"@graph\":[{\"@type\":\"WebPage\",\"@id\":\"https:\\\/\\\/dezuivelarij.be\\\/en\\\/product\\\/labneh\\\/\",\"url\":\"https:\\\/\\\/dezuivelarij.be\\\/en\\\/product\\\/labneh\\\/\",\"name\":\"Labneh | 220 grams - De Zuivelarij\",\"isPartOf\":{\"@id\":\"https:\\\/\\\/dezuivelarij.be\\\/en\\\/#website\"},\"primaryImageOfPage\":{\"@id\":\"https:\\\/\\\/dezuivelarij.be\\\/en\\\/product\\\/labneh\\\/#primaryimage\"},\"image\":{\"@id\":\"https:\\\/\\\/dezuivelarij.be\\\/en\\\/product\\\/labneh\\\/#primaryimage\"},\"thumbnailUrl\":\"https:\\\/\\\/dezuivelarij.be\\\/wp-content\\\/uploads\\\/2021\\\/11\\\/Packshot-Labneh.jpg\",\"datePublished\":\"2024-09-02T08:52:58+00:00\",\"dateModified\":\"2026-01-19T09:25:03+00:00\",\"breadcrumb\":{\"@id\":\"https:\\\/\\\/dezuivelarij.be\\\/en\\\/product\\\/labneh\\\/#breadcrumb\"},\"inLanguage\":\"en-US\",\"potentialAction\":[{\"@type\":\"ReadAction\",\"target\":[\"https:\\\/\\\/dezuivelarij.be\\\/en\\\/product\\\/labneh\\\/\"]}]},{\"@type\":\"ImageObject\",\"inLanguage\":\"en-US\",\"@id\":\"https:\\\/\\\/dezuivelarij.be\\\/en\\\/product\\\/labneh\\\/#primaryimage\",\"url\":\"https:\\\/\\\/dezuivelarij.be\\\/wp-content\\\/uploads\\\/2021\\\/11\\\/Packshot-Labneh.jpg\",\"contentUrl\":\"https:\\\/\\\/dezuivelarij.be\\\/wp-content\\\/uploads\\\/2021\\\/11\\\/Packshot-Labneh.jpg\",\"width\":1200,\"height\":1200,\"caption\":\"Labneh\"},{\"@type\":\"BreadcrumbList\",\"@id\":\"https:\\\/\\\/dezuivelarij.be\\\/en\\\/product\\\/labneh\\\/#breadcrumb\",\"itemListElement\":[{\"@type\":\"ListItem\",\"position\":1,\"name\":\"Home\",\"item\":\"https:\\\/\\\/dezuivelarij.be\\\/en\\\/\"},{\"@type\":\"ListItem\",\"position\":2,\"name\":\"Shop\",\"item\":\"https:\\\/\\\/dezuivelarij.be\\\/en\\\/shop\\\/\"},{\"@type\":\"ListItem\",\"position\":3,\"name\":\"Labneh | 220 grams\"}]},{\"@type\":\"WebSite\",\"@id\":\"https:\\\/\\\/dezuivelarij.be\\\/en\\\/#website\",\"url\":\"https:\\\/\\\/dezuivelarij.be\\\/en\\\/\",\"name\":\"De Zuivelarij\",\"description\":\"Kaas met grillen\",\"publisher\":{\"@id\":\"https:\\\/\\\/dezuivelarij.be\\\/en\\\/#organization\"},\"potentialAction\":[{\"@type\":\"SearchAction\",\"target\":{\"@type\":\"EntryPoint\",\"urlTemplate\":\"https:\\\/\\\/dezuivelarij.be\\\/en\\\/?s={search_term_string}\"},\"query-input\":{\"@type\":\"PropertyValueSpecification\",\"valueRequired\":true,\"valueName\":\"search_term_string\"}}],\"inLanguage\":\"en-US\"},{\"@type\":[\"Organization\",\"Place\"],\"@id\":\"https:\\\/\\\/dezuivelarij.be\\\/en\\\/#organization\",\"name\":\"De Zuivelarij\",\"alternateName\":\"De Zuivelarij BV\",\"url\":\"https:\\\/\\\/dezuivelarij.be\\\/en\\\/\",\"logo\":{\"@id\":\"https:\\\/\\\/dezuivelarij.be\\\/en\\\/product\\\/labneh\\\/#local-main-organization-logo\"},\"image\":{\"@id\":\"https:\\\/\\\/dezuivelarij.be\\\/en\\\/product\\\/labneh\\\/#local-main-organization-logo\"},\"sameAs\":[\"https:\\\/\\\/www.facebook.com\\\/DeZuivelarij\\\/\",\"https:\\\/\\\/www.instagram.com\\\/de.zuivelarij\\\/\",\"https:\\\/\\\/nl.pinterest.com\\\/dezuivelarij\\\/\",\"https:\\\/\\\/www.youtube.com\\\/channel\\\/UCK_6xO0p1H4DXoMoW6fMUSw?view_as=subscriber\"],\"telephone\":[],\"openingHoursSpecification\":[{\"@type\":\"OpeningHoursSpecification\",\"dayOfWeek\":[\"Monday\",\"Tuesday\",\"Wednesday\",\"Thursday\",\"Friday\",\"Saturday\",\"Sunday\"],\"opens\":\"09:00\",\"closes\":\"17:00\"}]},{\"@type\":\"ImageObject\",\"inLanguage\":\"en-US\",\"@id\":\"https:\\\/\\\/dezuivelarij.be\\\/en\\\/product\\\/labneh\\\/#local-main-organization-logo\",\"url\":\"https:\\\/\\\/dezuivelarij.be\\\/wp-content\\\/uploads\\\/2024\\\/11\\\/cropped-cropped-Zuivelarij-1.jpg\",\"contentUrl\":\"https:\\\/\\\/dezuivelarij.be\\\/wp-content\\\/uploads\\\/2024\\\/11\\\/cropped-cropped-Zuivelarij-1.jpg\",\"width\":96,\"height\":96,\"caption\":\"De Zuivelarij\"}]}<\/script>\n<!-- \/ Yoast SEO Premium plugin. -->","yoast_head_json":{"title":"Labneh | 220 grams - De Zuivelarij","robots":{"index":"index","follow":"follow","max-snippet":"max-snippet:-1","max-image-preview":"max-image-preview:large","max-video-preview":"max-video-preview:-1"},"canonical":"https:\/\/dezuivelarij.be\/en\/product\/labneh\/","og_locale":"en_US","og_type":"article","og_title":"Labneh | 220 grams","og_description":"&#8220;Labneh, labne, lebne, laban, hangop, strained yogurt, yogurt cheese&#8230; These are all names for a very thick, lightly salted yogurt. Our labneh drains for 48 hours in linen bags, concentrating all the goodness of the yogurt. It has a rich, intense flavor and a strong aromatic taste. Labneh is yogurt as it was originally meant [&hellip;]","og_url":"https:\/\/dezuivelarij.be\/en\/product\/labneh\/","og_site_name":"De Zuivelarij","article_publisher":"https:\/\/www.facebook.com\/DeZuivelarij\/","article_modified_time":"2026-01-19T09:25:03+00:00","og_image":[{"width":1200,"height":1200,"url":"https:\/\/i0.wp.com\/dezuivelarij.be\/wp-content\/uploads\/2021\/11\/Packshot-Labneh.jpg?fit=1200%2C1200&ssl=1","type":"image\/jpeg"}],"twitter_card":"summary_large_image","twitter_misc":{"Est. reading time":"1 minute"},"schema":{"@context":"https:\/\/schema.org","@graph":[{"@type":"WebPage","@id":"https:\/\/dezuivelarij.be\/en\/product\/labneh\/","url":"https:\/\/dezuivelarij.be\/en\/product\/labneh\/","name":"Labneh | 220 grams - De Zuivelarij","isPartOf":{"@id":"https:\/\/dezuivelarij.be\/en\/#website"},"primaryImageOfPage":{"@id":"https:\/\/dezuivelarij.be\/en\/product\/labneh\/#primaryimage"},"image":{"@id":"https:\/\/dezuivelarij.be\/en\/product\/labneh\/#primaryimage"},"thumbnailUrl":"https:\/\/dezuivelarij.be\/wp-content\/uploads\/2021\/11\/Packshot-Labneh.jpg","datePublished":"2024-09-02T08:52:58+00:00","dateModified":"2026-01-19T09:25:03+00:00","breadcrumb":{"@id":"https:\/\/dezuivelarij.be\/en\/product\/labneh\/#breadcrumb"},"inLanguage":"en-US","potentialAction":[{"@type":"ReadAction","target":["https:\/\/dezuivelarij.be\/en\/product\/labneh\/"]}]},{"@type":"ImageObject","inLanguage":"en-US","@id":"https:\/\/dezuivelarij.be\/en\/product\/labneh\/#primaryimage","url":"https:\/\/dezuivelarij.be\/wp-content\/uploads\/2021\/11\/Packshot-Labneh.jpg","contentUrl":"https:\/\/dezuivelarij.be\/wp-content\/uploads\/2021\/11\/Packshot-Labneh.jpg","width":1200,"height":1200,"caption":"Labneh"},{"@type":"BreadcrumbList","@id":"https:\/\/dezuivelarij.be\/en\/product\/labneh\/#breadcrumb","itemListElement":[{"@type":"ListItem","position":1,"name":"Home","item":"https:\/\/dezuivelarij.be\/en\/"},{"@type":"ListItem","position":2,"name":"Shop","item":"https:\/\/dezuivelarij.be\/en\/shop\/"},{"@type":"ListItem","position":3,"name":"Labneh | 220 grams"}]},{"@type":"WebSite","@id":"https:\/\/dezuivelarij.be\/en\/#website","url":"https:\/\/dezuivelarij.be\/en\/","name":"De Zuivelarij","description":"Kaas met grillen","publisher":{"@id":"https:\/\/dezuivelarij.be\/en\/#organization"},"potentialAction":[{"@type":"SearchAction","target":{"@type":"EntryPoint","urlTemplate":"https:\/\/dezuivelarij.be\/en\/?s={search_term_string}"},"query-input":{"@type":"PropertyValueSpecification","valueRequired":true,"valueName":"search_term_string"}}],"inLanguage":"en-US"},{"@type":["Organization","Place"],"@id":"https:\/\/dezuivelarij.be\/en\/#organization","name":"De Zuivelarij","alternateName":"De Zuivelarij BV","url":"https:\/\/dezuivelarij.be\/en\/","logo":{"@id":"https:\/\/dezuivelarij.be\/en\/product\/labneh\/#local-main-organization-logo"},"image":{"@id":"https:\/\/dezuivelarij.be\/en\/product\/labneh\/#local-main-organization-logo"},"sameAs":["https:\/\/www.facebook.com\/DeZuivelarij\/","https:\/\/www.instagram.com\/de.zuivelarij\/","https:\/\/nl.pinterest.com\/dezuivelarij\/","https:\/\/www.youtube.com\/channel\/UCK_6xO0p1H4DXoMoW6fMUSw?view_as=subscriber"],"telephone":[],"openingHoursSpecification":[{"@type":"OpeningHoursSpecification","dayOfWeek":["Monday","Tuesday","Wednesday","Thursday","Friday","Saturday","Sunday"],"opens":"09:00","closes":"17:00"}]},{"@type":"ImageObject","inLanguage":"en-US","@id":"https:\/\/dezuivelarij.be\/en\/product\/labneh\/#local-main-organization-logo","url":"https:\/\/dezuivelarij.be\/wp-content\/uploads\/2024\/11\/cropped-cropped-Zuivelarij-1.jpg","contentUrl":"https:\/\/dezuivelarij.be\/wp-content\/uploads\/2024\/11\/cropped-cropped-Zuivelarij-1.jpg","width":96,"height":96,"caption":"De Zuivelarij"}]}},"jetpack_publicize_connections":[],"jetpack_sharing_enabled":true,"jetpack_likes_enabled":true,"jetpack-related-posts":[{"id":9593,"url":"https:\/\/dezuivelarij.be\/en\/product\/dairy-whey\/","url_meta":{"origin":9596,"position":0},"title":"Wei from De Zuivelarij | 10 liters","author":"De Zuivelarij","date":"December 6, 2021","format":false,"excerpt":"Delicious, aromatic whey for use in the kitchen. Check out our recipes with whey!","rel":"","context":"Similar post","block_context":{"text":"Similar post","link":""},"img":{"alt_text":"","src":"https:\/\/i0.wp.com\/dezuivelarij.be\/wp-content\/uploads\/2021\/12\/262482388_676117513440570_521693491192967378_n-1.jpg?resize=350%2C200&ssl=1","width":350,"height":200,"srcset":"https:\/\/i0.wp.com\/dezuivelarij.be\/wp-content\/uploads\/2021\/12\/262482388_676117513440570_521693491192967378_n-1.jpg?resize=350%2C200&ssl=1 1x, https:\/\/i0.wp.com\/dezuivelarij.be\/wp-content\/uploads\/2021\/12\/262482388_676117513440570_521693491192967378_n-1.jpg?resize=525%2C300&ssl=1 1.5x, https:\/\/i0.wp.com\/dezuivelarij.be\/wp-content\/uploads\/2021\/12\/262482388_676117513440570_521693491192967378_n-1.jpg?resize=700%2C400&ssl=1 2x, https:\/\/i0.wp.com\/dezuivelarij.be\/wp-content\/uploads\/2021\/12\/262482388_676117513440570_521693491192967378_n-1.jpg?resize=1050%2C600&ssl=1 3x, https:\/\/i0.wp.com\/dezuivelarij.be\/wp-content\/uploads\/2021\/12\/262482388_676117513440570_521693491192967378_n-1.jpg?resize=1400%2C800&ssl=1 4x"},"classes":[]},{"id":9599,"url":"https:\/\/dezuivelarij.be\/en\/product\/berloumi\/","url_meta":{"origin":9596,"position":1},"title":"Berloumi | 300 grams","author":"De Zuivelarij","date":"July 30, 2021","format":false,"excerpt":"Craving some variety on your plate? Try Berloumi, our Belgian grilling cheese. On the pan, on the grilln on the barbecue, in the deep-fryer or even inbetween your waffle iron. It's so easy to make, and it tastes great? A crispy crust on the outside, a tender bite on the\u2026","rel":"","context":"Similar post","block_context":{"text":"Similar post","link":""},"img":{"alt_text":"Berloumi, Belgian halloumi","src":"https:\/\/i0.wp.com\/dezuivelarij.be\/wp-content\/uploads\/2021\/11\/Packshot-Berloumi.jpg?resize=350%2C200&ssl=1","width":350,"height":200,"srcset":"https:\/\/i0.wp.com\/dezuivelarij.be\/wp-content\/uploads\/2021\/11\/Packshot-Berloumi.jpg?resize=350%2C200&ssl=1 1x, https:\/\/i0.wp.com\/dezuivelarij.be\/wp-content\/uploads\/2021\/11\/Packshot-Berloumi.jpg?resize=525%2C300&ssl=1 1.5x, https:\/\/i0.wp.com\/dezuivelarij.be\/wp-content\/uploads\/2021\/11\/Packshot-Berloumi.jpg?resize=700%2C400&ssl=1 2x, https:\/\/i0.wp.com\/dezuivelarij.be\/wp-content\/uploads\/2021\/11\/Packshot-Berloumi.jpg?resize=1050%2C600&ssl=1 3x"},"classes":[]},{"id":9597,"url":"https:\/\/dezuivelarij.be\/en\/product\/ricotta-from-berloumi\/","url_meta":{"origin":9596,"position":2},"title":"Ricotta from Berloumi | 250 grams","author":"De Zuivelarij","date":"July 30, 2021","format":false,"excerpt":"The ricotta we make at De Zuivelarij is the real deal. Or as the Italians say, \"Ricottone\". The base is the sweet whey leftover after making Berloumi. The whey is then heated further, and only the finest ricotta that rises to the top is skimmed off. Since the milk in\u2026","rel":"","context":"Similar post","block_context":{"text":"Similar post","link":""},"img":{"alt_text":"ricotta, berloumi, ricotone","src":"https:\/\/i0.wp.com\/dezuivelarij.be\/wp-content\/uploads\/2021\/11\/Packshot-Ricotta-van-Berloumi.jpg?resize=350%2C200&ssl=1","width":350,"height":200,"srcset":"https:\/\/i0.wp.com\/dezuivelarij.be\/wp-content\/uploads\/2021\/11\/Packshot-Ricotta-van-Berloumi.jpg?resize=350%2C200&ssl=1 1x, https:\/\/i0.wp.com\/dezuivelarij.be\/wp-content\/uploads\/2021\/11\/Packshot-Ricotta-van-Berloumi.jpg?resize=525%2C300&ssl=1 1.5x, https:\/\/i0.wp.com\/dezuivelarij.be\/wp-content\/uploads\/2021\/11\/Packshot-Ricotta-van-Berloumi.jpg?resize=700%2C400&ssl=1 2x, https:\/\/i0.wp.com\/dezuivelarij.be\/wp-content\/uploads\/2021\/11\/Packshot-Ricotta-van-Berloumi.jpg?resize=1050%2C600&ssl=1 3x"},"classes":[]},{"id":4745,"url":"https:\/\/dezuivelarij.be\/fr\/produit\/labneh\/","url_meta":{"origin":9596,"position":3},"title":"Labneh | 220 grammes","author":"De Zuivelarij","date":"July 30, 2021","format":false,"excerpt":"Labneh, labne, lebne, laban, hangop, yaourt \u00e9goutt\u00e9, fromage de yaourt, ... ce sont toutes des appellations d\u2019un yaourt tr\u00e8s \u00e9pais et l\u00e9g\u00e8rement sal\u00e9. Notre labneh s\u2019\u00e9coule des sacs en lin pendant 48 heures. Tous les bienfaits du yaourt sont ainsi concentr\u00e9s. Le labneh a un go\u00fbt tr\u00e8s intense et un\u2026","rel":"","context":"Similar post","block_context":{"text":"Similar post","link":""},"img":{"alt_text":"","src":"https:\/\/i0.wp.com\/dezuivelarij.be\/wp-content\/uploads\/2021\/11\/Packshot-Labneh.jpg?resize=350%2C200&ssl=1","width":350,"height":200,"srcset":"https:\/\/i0.wp.com\/dezuivelarij.be\/wp-content\/uploads\/2021\/11\/Packshot-Labneh.jpg?resize=350%2C200&ssl=1 1x, https:\/\/i0.wp.com\/dezuivelarij.be\/wp-content\/uploads\/2021\/11\/Packshot-Labneh.jpg?resize=525%2C300&ssl=1 1.5x, https:\/\/i0.wp.com\/dezuivelarij.be\/wp-content\/uploads\/2021\/11\/Packshot-Labneh.jpg?resize=700%2C400&ssl=1 2x, https:\/\/i0.wp.com\/dezuivelarij.be\/wp-content\/uploads\/2021\/11\/Packshot-Labneh.jpg?resize=1050%2C600&ssl=1 3x"},"classes":[]},{"id":22893,"url":"https:\/\/dezuivelarij.be\/fr\/produit\/pistache-cannoli\/","url_meta":{"origin":9596,"position":4},"title":"Cannoli \u00e0 la pistache","author":"De Zuivelarij","date":"November 16, 2025","format":false,"excerpt":"Cannoli croustillants cuits en Sicile avec une farce \u00e0 la d\u00e9licieuse ricotta locale de Berlare et aux pistaches. D\u00e9cor\u00e9s avec des pistaches hach\u00e9es. \u00a0","rel":"","context":"Similar post","block_context":{"text":"Similar post","link":""},"img":{"alt_text":"cannoli, cannolo, cannoli pistache","src":"https:\/\/i0.wp.com\/dezuivelarij.be\/wp-content\/uploads\/2025\/11\/ZUIVELARIJ_CANNOLI-038-e1763315866211.jpg?resize=350%2C200&ssl=1","width":350,"height":200,"srcset":"https:\/\/i0.wp.com\/dezuivelarij.be\/wp-content\/uploads\/2025\/11\/ZUIVELARIJ_CANNOLI-038-e1763315866211.jpg?resize=350%2C200&ssl=1 1x, https:\/\/i0.wp.com\/dezuivelarij.be\/wp-content\/uploads\/2025\/11\/ZUIVELARIJ_CANNOLI-038-e1763315866211.jpg?resize=525%2C300&ssl=1 1.5x, https:\/\/i0.wp.com\/dezuivelarij.be\/wp-content\/uploads\/2025\/11\/ZUIVELARIJ_CANNOLI-038-e1763315866211.jpg?resize=700%2C400&ssl=1 2x, https:\/\/i0.wp.com\/dezuivelarij.be\/wp-content\/uploads\/2025\/11\/ZUIVELARIJ_CANNOLI-038-e1763315866211.jpg?resize=1050%2C600&ssl=1 3x, https:\/\/i0.wp.com\/dezuivelarij.be\/wp-content\/uploads\/2025\/11\/ZUIVELARIJ_CANNOLI-038-e1763315866211.jpg?resize=1400%2C800&ssl=1 4x"},"classes":[]}],"_links":{"self":[{"href":"https:\/\/dezuivelarij.be\/en\/wp-json\/wp\/v2\/product\/9596","targetHints":{"allow":["GET"]}}],"collection":[{"href":"https:\/\/dezuivelarij.be\/en\/wp-json\/wp\/v2\/product"}],"about":[{"href":"https:\/\/dezuivelarij.be\/en\/wp-json\/wp\/v2\/types\/product"}],"replies":[{"embeddable":true,"href":"https:\/\/dezuivelarij.be\/en\/wp-json\/wp\/v2\/comments?post=9596"}],"wp:featuredmedia":[{"embeddable":true,"href":"https:\/\/dezuivelarij.be\/en\/wp-json\/wp\/v2\/media\/4542"}],"wp:attachment":[{"href":"https:\/\/dezuivelarij.be\/en\/wp-json\/wp\/v2\/media?parent=9596"}],"wp:term":[{"taxonomy":"product_brand","embeddable":true,"href":"https:\/\/dezuivelarij.be\/en\/wp-json\/wp\/v2\/product_brand?post=9596"},{"taxonomy":"product_cat","embeddable":true,"href":"https:\/\/dezuivelarij.be\/en\/wp-json\/wp\/v2\/product_cat?post=9596"},{"taxonomy":"product_tag","embeddable":true,"href":"https:\/\/dezuivelarij.be\/en\/wp-json\/wp\/v2\/product_tag?post=9596"}],"curies":[{"name":"wp","href":"https:\/\/api.w.org\/{rel}","templated":true}]}}