{"id":9593,"date":"2021-12-06T19:47:02","date_gmt":"2025-01-29T12:16:58","guid":{"rendered":"https:\/\/dezuivelarij.be\/product\/dairy-whey\/"},"modified":"2025-01-29T13:32:49","modified_gmt":"2025-01-29T12:32:49","slug":"dairy-whey","status":"publish","type":"product","link":"https:\/\/dezuivelarij.be\/en\/product\/dairy-whey\/","title":{"rendered":"Wei from De Zuivelarij | 10 liters"},"content":{"rendered":"<p>Whey is the liquid that remains after milk has been turned into cheese. Its composition varies depending on the type of cheese made. Sometimes it&#8217;s acidic, like with yogurt, while other times it&#8217;s sweet, like our <a href=\"https:\/\/berloumi.be\/\">Berloumi <\/a>whey.<br \/>Milk contains two types of proteins: casein (82%), which ends up in the cheese, and whey proteins (18%), which stay behind with most of the milk sugars in the whey. In the kitchen, you can use whey anywhere you&#8217;d normally use water\u2014add it to soups and sauces like a broth, blend it into milkshakes and ice cream, or cook pasta and rice in it.<br \/>We even use it to bake this delicious bread! You can buy our whey at the shop in our Zuivelarij. Just ask for it\u2014we&#8217;ll fill a 5-liter jug for you. It costs only \u20ac3, or just \u20ac2 if you bring back your own clean jug.  <\/p>\n","protected":false},"excerpt":{"rendered":"<p>Delicious, aromatic whey for use in the kitchen. Check out our <a href=\"https:\/\/berloumi.be\/melkwei\">recipes with whey!<\/a> <\/p>\n","protected":false},"featured_media":4710,"comment_status":"open","ping_status":"closed","template":"","meta":{"jetpack_post_was_ever_published":false,"jetpack_publicize_message":"","jetpack_publicize_feature_enabled":true,"jetpack_social_post_already_shared":true,"jetpack_social_options":{"image_generator_settings":{"template":"highway","default_image_id":0,"font":"","enabled":false},"version":2}},"product_brand":[],"product_cat":[125],"product_tag":[],"class_list":{"0":"post-9593","1":"product","2":"type-product","3":"status-publish","4":"has-post-thumbnail","6":"product_cat-uncategorized-en","8":"first","9":"instock","10":"taxable","11":"shipping-taxable","12":"purchasable","13":"product-type-simple"},"yoast_head":"<!-- This site is optimized with the Yoast SEO Premium plugin v27.4 (Yoast SEO v27.4) - https:\/\/yoast.com\/product\/yoast-seo-premium-wordpress\/ -->\n<title>Whey from De Zuivelarij<\/title>\n<meta name=\"description\" content=\"Aromatic and nutritious whey, perfect for cooking. Use it in soups, stews, bread and pastas.\" \/>\n<meta name=\"robots\" content=\"index, follow, max-snippet:-1, max-image-preview:large, max-video-preview:-1\" \/>\n<link rel=\"canonical\" href=\"https:\/\/dezuivelarij.be\/en\/product\/dairy-whey\/\" \/>\n<meta property=\"og:locale\" content=\"en_US\" \/>\n<meta property=\"og:type\" content=\"article\" \/>\n<meta property=\"og:title\" content=\"Wei from De Zuivelarij | 10 liters\" \/>\n<meta property=\"og:description\" content=\"Aromatic and nutritious whey, perfect for cooking. Use it in soups, stews, bread and pastas.\" \/>\n<meta property=\"og:url\" content=\"https:\/\/dezuivelarij.be\/en\/product\/dairy-whey\/\" \/>\n<meta property=\"og:site_name\" content=\"De Zuivelarij\" \/>\n<meta property=\"article:publisher\" content=\"https:\/\/www.facebook.com\/DeZuivelarij\/\" \/>\n<meta property=\"article:modified_time\" content=\"2025-01-29T12:32:49+00:00\" \/>\n<meta property=\"og:image\" content=\"https:\/\/i0.wp.com\/dezuivelarij.be\/wp-content\/uploads\/2021\/12\/262482388_676117513440570_521693491192967378_n-1.jpg?fit=2048%2C2048&ssl=1\" \/>\n\t<meta property=\"og:image:width\" content=\"2048\" \/>\n\t<meta property=\"og:image:height\" content=\"2048\" \/>\n\t<meta property=\"og:image:type\" content=\"image\/jpeg\" \/>\n<meta name=\"twitter:card\" content=\"summary_large_image\" \/>\n<meta name=\"twitter:label1\" content=\"Est. reading time\" \/>\n\t<meta name=\"twitter:data1\" content=\"1 minute\" \/>\n<script type=\"application\/ld+json\" class=\"yoast-schema-graph\">{\"@context\":\"https:\\\/\\\/schema.org\",\"@graph\":[{\"@type\":\"WebPage\",\"@id\":\"https:\\\/\\\/dezuivelarij.be\\\/en\\\/product\\\/dairy-whey\\\/\",\"url\":\"https:\\\/\\\/dezuivelarij.be\\\/en\\\/product\\\/dairy-whey\\\/\",\"name\":\"Whey from De Zuivelarij\",\"isPartOf\":{\"@id\":\"https:\\\/\\\/dezuivelarij.be\\\/en\\\/#website\"},\"primaryImageOfPage\":{\"@id\":\"https:\\\/\\\/dezuivelarij.be\\\/en\\\/product\\\/dairy-whey\\\/#primaryimage\"},\"image\":{\"@id\":\"https:\\\/\\\/dezuivelarij.be\\\/en\\\/product\\\/dairy-whey\\\/#primaryimage\"},\"thumbnailUrl\":\"https:\\\/\\\/i0.wp.com\\\/dezuivelarij.be\\\/wp-content\\\/uploads\\\/2021\\\/12\\\/262482388_676117513440570_521693491192967378_n-1.jpg?fit=2048%2C2048&ssl=1\",\"datePublished\":\"2025-01-29T12:16:58+00:00\",\"dateModified\":\"2025-01-29T12:32:49+00:00\",\"description\":\"Aromatic and nutritious whey, perfect for cooking. Use it in soups, stews, bread and pastas.\",\"breadcrumb\":{\"@id\":\"https:\\\/\\\/dezuivelarij.be\\\/en\\\/product\\\/dairy-whey\\\/#breadcrumb\"},\"inLanguage\":\"en-US\",\"potentialAction\":[{\"@type\":\"ReadAction\",\"target\":[\"https:\\\/\\\/dezuivelarij.be\\\/en\\\/product\\\/dairy-whey\\\/\"]}]},{\"@type\":\"ImageObject\",\"inLanguage\":\"en-US\",\"@id\":\"https:\\\/\\\/dezuivelarij.be\\\/en\\\/product\\\/dairy-whey\\\/#primaryimage\",\"url\":\"https:\\\/\\\/i0.wp.com\\\/dezuivelarij.be\\\/wp-content\\\/uploads\\\/2021\\\/12\\\/262482388_676117513440570_521693491192967378_n-1.jpg?fit=2048%2C2048&ssl=1\",\"contentUrl\":\"https:\\\/\\\/i0.wp.com\\\/dezuivelarij.be\\\/wp-content\\\/uploads\\\/2021\\\/12\\\/262482388_676117513440570_521693491192967378_n-1.jpg?fit=2048%2C2048&ssl=1\",\"width\":2048,\"height\":2048,\"caption\":\"Kaaswei\"},{\"@type\":\"BreadcrumbList\",\"@id\":\"https:\\\/\\\/dezuivelarij.be\\\/en\\\/product\\\/dairy-whey\\\/#breadcrumb\",\"itemListElement\":[{\"@type\":\"ListItem\",\"position\":1,\"name\":\"Home\",\"item\":\"https:\\\/\\\/dezuivelarij.be\\\/en\\\/\"},{\"@type\":\"ListItem\",\"position\":2,\"name\":\"Shop\",\"item\":\"https:\\\/\\\/dezuivelarij.be\\\/en\\\/shop\\\/\"},{\"@type\":\"ListItem\",\"position\":3,\"name\":\"Wei from De Zuivelarij | 10 liters\"}]},{\"@type\":\"WebSite\",\"@id\":\"https:\\\/\\\/dezuivelarij.be\\\/en\\\/#website\",\"url\":\"https:\\\/\\\/dezuivelarij.be\\\/en\\\/\",\"name\":\"De Zuivelarij\",\"description\":\"Kaas met grillen\",\"publisher\":{\"@id\":\"https:\\\/\\\/dezuivelarij.be\\\/en\\\/#organization\"},\"potentialAction\":[{\"@type\":\"SearchAction\",\"target\":{\"@type\":\"EntryPoint\",\"urlTemplate\":\"https:\\\/\\\/dezuivelarij.be\\\/en\\\/?s={search_term_string}\"},\"query-input\":{\"@type\":\"PropertyValueSpecification\",\"valueRequired\":true,\"valueName\":\"search_term_string\"}}],\"inLanguage\":\"en-US\"},{\"@type\":[\"Organization\",\"Place\"],\"@id\":\"https:\\\/\\\/dezuivelarij.be\\\/en\\\/#organization\",\"name\":\"De Zuivelarij\",\"alternateName\":\"De Zuivelarij BV\",\"url\":\"https:\\\/\\\/dezuivelarij.be\\\/en\\\/\",\"logo\":{\"@id\":\"https:\\\/\\\/dezuivelarij.be\\\/en\\\/product\\\/dairy-whey\\\/#local-main-organization-logo\"},\"image\":{\"@id\":\"https:\\\/\\\/dezuivelarij.be\\\/en\\\/product\\\/dairy-whey\\\/#local-main-organization-logo\"},\"sameAs\":[\"https:\\\/\\\/www.facebook.com\\\/DeZuivelarij\\\/\",\"https:\\\/\\\/www.instagram.com\\\/de.zuivelarij\\\/\",\"https:\\\/\\\/nl.pinterest.com\\\/dezuivelarij\\\/\",\"https:\\\/\\\/www.youtube.com\\\/channel\\\/UCK_6xO0p1H4DXoMoW6fMUSw?view_as=subscriber\"],\"telephone\":[],\"openingHoursSpecification\":[{\"@type\":\"OpeningHoursSpecification\",\"dayOfWeek\":[\"Monday\",\"Tuesday\",\"Wednesday\",\"Thursday\",\"Friday\",\"Saturday\",\"Sunday\"],\"opens\":\"09:00\",\"closes\":\"17:00\"}]},{\"@type\":\"ImageObject\",\"inLanguage\":\"en-US\",\"@id\":\"https:\\\/\\\/dezuivelarij.be\\\/en\\\/product\\\/dairy-whey\\\/#local-main-organization-logo\",\"url\":\"https:\\\/\\\/i0.wp.com\\\/dezuivelarij.be\\\/wp-content\\\/uploads\\\/2024\\\/11\\\/cropped-cropped-Zuivelarij-1.jpg?fit=96%2C96&ssl=1\",\"contentUrl\":\"https:\\\/\\\/i0.wp.com\\\/dezuivelarij.be\\\/wp-content\\\/uploads\\\/2024\\\/11\\\/cropped-cropped-Zuivelarij-1.jpg?fit=96%2C96&ssl=1\",\"width\":96,\"height\":96,\"caption\":\"De Zuivelarij\"}]}<\/script>\n<!-- \/ Yoast SEO Premium plugin. -->","yoast_head_json":{"title":"Whey from De Zuivelarij","description":"Aromatic and nutritious whey, perfect for cooking. Use it in soups, stews, bread and pastas.","robots":{"index":"index","follow":"follow","max-snippet":"max-snippet:-1","max-image-preview":"max-image-preview:large","max-video-preview":"max-video-preview:-1"},"canonical":"https:\/\/dezuivelarij.be\/en\/product\/dairy-whey\/","og_locale":"en_US","og_type":"article","og_title":"Wei from De Zuivelarij | 10 liters","og_description":"Aromatic and nutritious whey, perfect for cooking. Use it in soups, stews, bread and pastas.","og_url":"https:\/\/dezuivelarij.be\/en\/product\/dairy-whey\/","og_site_name":"De Zuivelarij","article_publisher":"https:\/\/www.facebook.com\/DeZuivelarij\/","article_modified_time":"2025-01-29T12:32:49+00:00","og_image":[{"width":2048,"height":2048,"url":"https:\/\/i0.wp.com\/dezuivelarij.be\/wp-content\/uploads\/2021\/12\/262482388_676117513440570_521693491192967378_n-1.jpg?fit=2048%2C2048&ssl=1","type":"image\/jpeg"}],"twitter_card":"summary_large_image","twitter_misc":{"Est. reading time":"1 minute"},"schema":{"@context":"https:\/\/schema.org","@graph":[{"@type":"WebPage","@id":"https:\/\/dezuivelarij.be\/en\/product\/dairy-whey\/","url":"https:\/\/dezuivelarij.be\/en\/product\/dairy-whey\/","name":"Whey from De Zuivelarij","isPartOf":{"@id":"https:\/\/dezuivelarij.be\/en\/#website"},"primaryImageOfPage":{"@id":"https:\/\/dezuivelarij.be\/en\/product\/dairy-whey\/#primaryimage"},"image":{"@id":"https:\/\/dezuivelarij.be\/en\/product\/dairy-whey\/#primaryimage"},"thumbnailUrl":"https:\/\/i0.wp.com\/dezuivelarij.be\/wp-content\/uploads\/2021\/12\/262482388_676117513440570_521693491192967378_n-1.jpg?fit=2048%2C2048&ssl=1","datePublished":"2025-01-29T12:16:58+00:00","dateModified":"2025-01-29T12:32:49+00:00","description":"Aromatic and nutritious whey, perfect for cooking. Use it in soups, stews, bread and pastas.","breadcrumb":{"@id":"https:\/\/dezuivelarij.be\/en\/product\/dairy-whey\/#breadcrumb"},"inLanguage":"en-US","potentialAction":[{"@type":"ReadAction","target":["https:\/\/dezuivelarij.be\/en\/product\/dairy-whey\/"]}]},{"@type":"ImageObject","inLanguage":"en-US","@id":"https:\/\/dezuivelarij.be\/en\/product\/dairy-whey\/#primaryimage","url":"https:\/\/i0.wp.com\/dezuivelarij.be\/wp-content\/uploads\/2021\/12\/262482388_676117513440570_521693491192967378_n-1.jpg?fit=2048%2C2048&ssl=1","contentUrl":"https:\/\/i0.wp.com\/dezuivelarij.be\/wp-content\/uploads\/2021\/12\/262482388_676117513440570_521693491192967378_n-1.jpg?fit=2048%2C2048&ssl=1","width":2048,"height":2048,"caption":"Kaaswei"},{"@type":"BreadcrumbList","@id":"https:\/\/dezuivelarij.be\/en\/product\/dairy-whey\/#breadcrumb","itemListElement":[{"@type":"ListItem","position":1,"name":"Home","item":"https:\/\/dezuivelarij.be\/en\/"},{"@type":"ListItem","position":2,"name":"Shop","item":"https:\/\/dezuivelarij.be\/en\/shop\/"},{"@type":"ListItem","position":3,"name":"Wei from De Zuivelarij | 10 liters"}]},{"@type":"WebSite","@id":"https:\/\/dezuivelarij.be\/en\/#website","url":"https:\/\/dezuivelarij.be\/en\/","name":"De Zuivelarij","description":"Kaas met grillen","publisher":{"@id":"https:\/\/dezuivelarij.be\/en\/#organization"},"potentialAction":[{"@type":"SearchAction","target":{"@type":"EntryPoint","urlTemplate":"https:\/\/dezuivelarij.be\/en\/?s={search_term_string}"},"query-input":{"@type":"PropertyValueSpecification","valueRequired":true,"valueName":"search_term_string"}}],"inLanguage":"en-US"},{"@type":["Organization","Place"],"@id":"https:\/\/dezuivelarij.be\/en\/#organization","name":"De Zuivelarij","alternateName":"De Zuivelarij BV","url":"https:\/\/dezuivelarij.be\/en\/","logo":{"@id":"https:\/\/dezuivelarij.be\/en\/product\/dairy-whey\/#local-main-organization-logo"},"image":{"@id":"https:\/\/dezuivelarij.be\/en\/product\/dairy-whey\/#local-main-organization-logo"},"sameAs":["https:\/\/www.facebook.com\/DeZuivelarij\/","https:\/\/www.instagram.com\/de.zuivelarij\/","https:\/\/nl.pinterest.com\/dezuivelarij\/","https:\/\/www.youtube.com\/channel\/UCK_6xO0p1H4DXoMoW6fMUSw?view_as=subscriber"],"telephone":[],"openingHoursSpecification":[{"@type":"OpeningHoursSpecification","dayOfWeek":["Monday","Tuesday","Wednesday","Thursday","Friday","Saturday","Sunday"],"opens":"09:00","closes":"17:00"}]},{"@type":"ImageObject","inLanguage":"en-US","@id":"https:\/\/dezuivelarij.be\/en\/product\/dairy-whey\/#local-main-organization-logo","url":"https:\/\/i0.wp.com\/dezuivelarij.be\/wp-content\/uploads\/2024\/11\/cropped-cropped-Zuivelarij-1.jpg?fit=96%2C96&ssl=1","contentUrl":"https:\/\/i0.wp.com\/dezuivelarij.be\/wp-content\/uploads\/2024\/11\/cropped-cropped-Zuivelarij-1.jpg?fit=96%2C96&ssl=1","width":96,"height":96,"caption":"De Zuivelarij"}]}},"jetpack_publicize_connections":[],"jetpack_sharing_enabled":true,"jetpack_likes_enabled":true,"jetpack-related-posts":[{"id":9597,"url":"https:\/\/dezuivelarij.be\/en\/product\/ricotta-from-berloumi\/","url_meta":{"origin":9593,"position":0},"title":"Ricotta from Berloumi | 250 grams","author":"De Zuivelarij","date":"July 30, 2021","format":false,"excerpt":"The ricotta we make at De Zuivelarij is the real deal. Or as the Italians say, \"Ricottone\". The base is the sweet whey leftover after making Berloumi. The whey is then heated further, and only the finest ricotta that rises to the top is skimmed off. Since the milk in\u2026","rel":"","context":"Similar post","block_context":{"text":"Similar post","link":""},"img":{"alt_text":"ricotta, berloumi, ricotone","src":"https:\/\/i0.wp.com\/dezuivelarij.be\/wp-content\/uploads\/2021\/11\/Packshot-Ricotta-van-Berloumi.jpg?fit=1200%2C1200&ssl=1&resize=350%2C200","width":350,"height":200,"srcset":"https:\/\/i0.wp.com\/dezuivelarij.be\/wp-content\/uploads\/2021\/11\/Packshot-Ricotta-van-Berloumi.jpg?fit=1200%2C1200&ssl=1&resize=350%2C200 1x, https:\/\/i0.wp.com\/dezuivelarij.be\/wp-content\/uploads\/2021\/11\/Packshot-Ricotta-van-Berloumi.jpg?fit=1200%2C1200&ssl=1&resize=525%2C300 1.5x, https:\/\/i0.wp.com\/dezuivelarij.be\/wp-content\/uploads\/2021\/11\/Packshot-Ricotta-van-Berloumi.jpg?fit=1200%2C1200&ssl=1&resize=700%2C400 2x, https:\/\/i0.wp.com\/dezuivelarij.be\/wp-content\/uploads\/2021\/11\/Packshot-Ricotta-van-Berloumi.jpg?fit=1200%2C1200&ssl=1&resize=1050%2C600 3x"},"classes":[]},{"id":9596,"url":"https:\/\/dezuivelarij.be\/en\/product\/labneh\/","url_meta":{"origin":9593,"position":1},"title":"Labneh | 220 grams","author":"De Zuivelarij","date":"September 2, 2024","format":false,"excerpt":"\"Labneh, labne, lebne, laban, hangop, strained yogurt, yogurt cheese... These are all names for a very thick, lightly salted yogurt. Our labneh drains for 48 hours in linen bags, concentrating all the goodness of the yogurt. It has a rich, intense flavor and a strong aromatic taste. Labneh is yogurt\u2026","rel":"","context":"Similar post","block_context":{"text":"Similar post","link":""},"img":{"alt_text":"","src":"https:\/\/i0.wp.com\/dezuivelarij.be\/wp-content\/uploads\/2021\/11\/Packshot-Labneh.jpg?fit=1200%2C1200&ssl=1&resize=350%2C200","width":350,"height":200,"srcset":"https:\/\/i0.wp.com\/dezuivelarij.be\/wp-content\/uploads\/2021\/11\/Packshot-Labneh.jpg?fit=1200%2C1200&ssl=1&resize=350%2C200 1x, https:\/\/i0.wp.com\/dezuivelarij.be\/wp-content\/uploads\/2021\/11\/Packshot-Labneh.jpg?fit=1200%2C1200&ssl=1&resize=525%2C300 1.5x, https:\/\/i0.wp.com\/dezuivelarij.be\/wp-content\/uploads\/2021\/11\/Packshot-Labneh.jpg?fit=1200%2C1200&ssl=1&resize=700%2C400 2x, https:\/\/i0.wp.com\/dezuivelarij.be\/wp-content\/uploads\/2021\/11\/Packshot-Labneh.jpg?fit=1200%2C1200&ssl=1&resize=1050%2C600 3x"},"classes":[]},{"id":9599,"url":"https:\/\/dezuivelarij.be\/en\/product\/berloumi\/","url_meta":{"origin":9593,"position":2},"title":"Berloumi | 300 grams","author":"De Zuivelarij","date":"July 30, 2021","format":false,"excerpt":"Craving some variety on your plate? Try Berloumi, our Belgian grilling cheese. On the pan, on the grilln on the barbecue, in the deep-fryer or even inbetween your waffle iron. It's so easy to make, and it tastes great? A crispy crust on the outside, a tender bite on the\u2026","rel":"","context":"Similar post","block_context":{"text":"Similar post","link":""},"img":{"alt_text":"Berloumi, Belgian halloumi","src":"https:\/\/i0.wp.com\/dezuivelarij.be\/wp-content\/uploads\/2021\/11\/Packshot-Berloumi.jpg?fit=1200%2C1200&ssl=1&resize=350%2C200","width":350,"height":200,"srcset":"https:\/\/i0.wp.com\/dezuivelarij.be\/wp-content\/uploads\/2021\/11\/Packshot-Berloumi.jpg?fit=1200%2C1200&ssl=1&resize=350%2C200 1x, https:\/\/i0.wp.com\/dezuivelarij.be\/wp-content\/uploads\/2021\/11\/Packshot-Berloumi.jpg?fit=1200%2C1200&ssl=1&resize=525%2C300 1.5x, https:\/\/i0.wp.com\/dezuivelarij.be\/wp-content\/uploads\/2021\/11\/Packshot-Berloumi.jpg?fit=1200%2C1200&ssl=1&resize=700%2C400 2x, https:\/\/i0.wp.com\/dezuivelarij.be\/wp-content\/uploads\/2021\/11\/Packshot-Berloumi.jpg?fit=1200%2C1200&ssl=1&resize=1050%2C600 3x"},"classes":[]},{"id":4370,"url":"https:\/\/dezuivelarij.be\/product\/vivie\/","url_meta":{"origin":9593,"position":3},"title":"viVie | 250 gram","author":"De Zuivelarij","date":"July 30, 2021","format":false,"excerpt":"viVie is cacioricotta: zowel kaas als ricotta. Door de melk eerst te koken komen de gezonde ricotta wei-eiwitten in het zuivel terecht. \u00a0","rel":"","context":"Similar post","block_context":{"text":"Similar post","link":""},"img":{"alt_text":"vivie, cacioricotta, whey cheese,","src":"https:\/\/i0.wp.com\/dezuivelarij.be\/wp-content\/uploads\/2021\/11\/Packshot-viVie.jpg?fit=1200%2C1200&ssl=1&resize=350%2C200","width":350,"height":200,"srcset":"https:\/\/i0.wp.com\/dezuivelarij.be\/wp-content\/uploads\/2021\/11\/Packshot-viVie.jpg?fit=1200%2C1200&ssl=1&resize=350%2C200 1x, https:\/\/i0.wp.com\/dezuivelarij.be\/wp-content\/uploads\/2021\/11\/Packshot-viVie.jpg?fit=1200%2C1200&ssl=1&resize=525%2C300 1.5x, https:\/\/i0.wp.com\/dezuivelarij.be\/wp-content\/uploads\/2021\/11\/Packshot-viVie.jpg?fit=1200%2C1200&ssl=1&resize=700%2C400 2x, https:\/\/i0.wp.com\/dezuivelarij.be\/wp-content\/uploads\/2021\/11\/Packshot-viVie.jpg?fit=1200%2C1200&ssl=1&resize=1050%2C600 3x"},"classes":[]},{"id":22893,"url":"https:\/\/dezuivelarij.be\/fr\/produit\/pistache-cannoli\/","url_meta":{"origin":9593,"position":4},"title":"Cannoli \u00e0 la pistache","author":"De Zuivelarij","date":"November 16, 2025","format":false,"excerpt":"Cannoli croustillants cuits en Sicile avec une farce \u00e0 la d\u00e9licieuse ricotta locale de Berlare et aux pistaches. D\u00e9cor\u00e9s avec des pistaches hach\u00e9es. \u00a0","rel":"","context":"Similar post","block_context":{"text":"Similar post","link":""},"img":{"alt_text":"cannoli, cannolo, cannoli pistache","src":"https:\/\/i0.wp.com\/dezuivelarij.be\/wp-content\/uploads\/2025\/11\/ZUIVELARIJ_CANNOLI-038-e1763315866211.jpg?fit=1200%2C1197&ssl=1&resize=350%2C200","width":350,"height":200,"srcset":"https:\/\/i0.wp.com\/dezuivelarij.be\/wp-content\/uploads\/2025\/11\/ZUIVELARIJ_CANNOLI-038-e1763315866211.jpg?fit=1200%2C1197&ssl=1&resize=350%2C200 1x, https:\/\/i0.wp.com\/dezuivelarij.be\/wp-content\/uploads\/2025\/11\/ZUIVELARIJ_CANNOLI-038-e1763315866211.jpg?fit=1200%2C1197&ssl=1&resize=525%2C300 1.5x, https:\/\/i0.wp.com\/dezuivelarij.be\/wp-content\/uploads\/2025\/11\/ZUIVELARIJ_CANNOLI-038-e1763315866211.jpg?fit=1200%2C1197&ssl=1&resize=700%2C400 2x, https:\/\/i0.wp.com\/dezuivelarij.be\/wp-content\/uploads\/2025\/11\/ZUIVELARIJ_CANNOLI-038-e1763315866211.jpg?fit=1200%2C1197&ssl=1&resize=1050%2C600 3x"},"classes":[]}],"_links":{"self":[{"href":"https:\/\/dezuivelarij.be\/en\/wp-json\/wp\/v2\/product\/9593","targetHints":{"allow":["GET"]}}],"collection":[{"href":"https:\/\/dezuivelarij.be\/en\/wp-json\/wp\/v2\/product"}],"about":[{"href":"https:\/\/dezuivelarij.be\/en\/wp-json\/wp\/v2\/types\/product"}],"replies":[{"embeddable":true,"href":"https:\/\/dezuivelarij.be\/en\/wp-json\/wp\/v2\/comments?post=9593"}],"wp:featuredmedia":[{"embeddable":true,"href":"https:\/\/dezuivelarij.be\/en\/wp-json\/wp\/v2\/media\/4710"}],"wp:attachment":[{"href":"https:\/\/dezuivelarij.be\/en\/wp-json\/wp\/v2\/media?parent=9593"}],"wp:term":[{"taxonomy":"product_brand","embeddable":true,"href":"https:\/\/dezuivelarij.be\/en\/wp-json\/wp\/v2\/product_brand?post=9593"},{"taxonomy":"product_cat","embeddable":true,"href":"https:\/\/dezuivelarij.be\/en\/wp-json\/wp\/v2\/product_cat?post=9593"},{"taxonomy":"product_tag","embeddable":true,"href":"https:\/\/dezuivelarij.be\/en\/wp-json\/wp\/v2\/product_tag?post=9593"}],"curies":[{"name":"wp","href":"https:\/\/api.w.org\/{rel}","templated":true}]}}