{"id":9374,"date":"2025-01-22T09:02:57","date_gmt":"2025-01-22T08:02:57","guid":{"rendered":"https:\/\/dezuivelarij.be\/palak-paneer\/"},"modified":"2025-04-10T17:59:10","modified_gmt":"2025-04-10T16:59:10","slug":"palak-paneer","status":"publish","type":"page","link":"https:\/\/dezuivelarij.be\/en\/palak-paneer\/","title":{"rendered":"Palak paneer"},"content":{"rendered":"\n<h1 class=\"wp-block-heading\" id=\"h-palak-paneer\">Palak Paneer<\/h1>\n\n<figure class=\"wp-block-image size-large\"><img data-recalc-dims=\"1\" loading=\"lazy\" decoding=\"async\" width=\"1024\" height=\"577\" src=\"https:\/\/i0.wp.com\/dezuivelarij.be\/wp-content\/uploads\/2025\/04\/paneer-palak-header.jpg?resize=1024%2C577&#038;ssl=1\" alt=\"\" class=\"wp-image-18617\" srcset=\"https:\/\/i0.wp.com\/dezuivelarij.be\/wp-content\/uploads\/2025\/04\/paneer-palak-header-scaled.jpg?resize=1024%2C577&amp;ssl=1 1024w, https:\/\/i0.wp.com\/dezuivelarij.be\/wp-content\/uploads\/2025\/04\/paneer-palak-header-scaled.jpg?resize=300%2C169&amp;ssl=1 300w, https:\/\/i0.wp.com\/dezuivelarij.be\/wp-content\/uploads\/2025\/04\/paneer-palak-header-scaled.jpg?resize=768%2C432&amp;ssl=1 768w, https:\/\/i0.wp.com\/dezuivelarij.be\/wp-content\/uploads\/2025\/04\/paneer-palak-header-scaled.jpg?resize=1536%2C865&amp;ssl=1 1536w, https:\/\/i0.wp.com\/dezuivelarij.be\/wp-content\/uploads\/2025\/04\/paneer-palak-header-scaled.jpg?resize=2048%2C1153&amp;ssl=1 2048w, https:\/\/i0.wp.com\/dezuivelarij.be\/wp-content\/uploads\/2025\/04\/paneer-palak-header-scaled.jpg?resize=600%2C338&amp;ssl=1 600w, https:\/\/i0.wp.com\/dezuivelarij.be\/wp-content\/uploads\/2025\/04\/paneer-palak-header-scaled.jpg?resize=150%2C84&amp;ssl=1 150w, https:\/\/i0.wp.com\/dezuivelarij.be\/wp-content\/uploads\/2025\/04\/paneer-palak-header-scaled.jpg?w=2280&amp;ssl=1 2280w\" sizes=\"auto, (max-width: 1024px) 100vw, 1024px\" \/><\/figure>\n\n<div style=\"height:25px\" aria-hidden=\"true\" class=\"wp-block-spacer\"><\/div>\n\n<p>Palak paneer, in <a href=\"https:\/\/dezuivelarij.be\/?lang=en\">De Zuivelarij <\/a>we sometimes call it &#8220;green slop&#8221;, but it is actually really delicious! And quick! Here&#8217;s a recipe for 4 people.  <\/p>\n\n<div style=\"height:25px\" aria-hidden=\"true\" class=\"wp-block-spacer\"><\/div>\n\n<div class=\"wp-block-media-text is-stacked-on-mobile\" style=\"grid-template-columns:44% auto\"><figure class=\"wp-block-media-text__media\"><img data-recalc-dims=\"1\" loading=\"lazy\" decoding=\"async\" width=\"866\" height=\"649\" src=\"https:\/\/i0.wp.com\/dezuivelarij.be\/wp-content\/uploads\/2025\/01\/spinozje.jpg?resize=866%2C649&#038;ssl=1\" alt=\"\" class=\"wp-image-9287 size-full\" srcset=\"https:\/\/i0.wp.com\/dezuivelarij.be\/wp-content\/uploads\/2025\/01\/spinozje.jpg?w=866&amp;ssl=1 866w, https:\/\/i0.wp.com\/dezuivelarij.be\/wp-content\/uploads\/2025\/01\/spinozje.jpg?resize=300%2C225&amp;ssl=1 300w, https:\/\/i0.wp.com\/dezuivelarij.be\/wp-content\/uploads\/2025\/01\/spinozje.jpg?resize=768%2C576&amp;ssl=1 768w, https:\/\/i0.wp.com\/dezuivelarij.be\/wp-content\/uploads\/2025\/01\/spinozje.jpg?resize=570%2C428&amp;ssl=1 570w, https:\/\/i0.wp.com\/dezuivelarij.be\/wp-content\/uploads\/2025\/01\/spinozje.jpg?resize=380%2C285&amp;ssl=1 380w, https:\/\/i0.wp.com\/dezuivelarij.be\/wp-content\/uploads\/2025\/01\/spinozje.jpg?resize=285%2C214&amp;ssl=1 285w, https:\/\/i0.wp.com\/dezuivelarij.be\/wp-content\/uploads\/2025\/01\/spinozje.jpg?resize=600%2C450&amp;ssl=1 600w, https:\/\/i0.wp.com\/dezuivelarij.be\/wp-content\/uploads\/2025\/01\/spinozje.jpg?resize=150%2C112&amp;ssl=1 150w\" sizes=\"auto, (max-width: 866px) 100vw, 866px\" \/><\/figure><div class=\"wp-block-media-text__content\">\n<p>Rinse<strong> 250 grams of spinach <\/strong>and place it in a large pan with a little water. Bring the water to a boil, then reduce the heat slightly. Let the spinash simmer gently until its fully wilted.   <\/p>\n<\/div><\/div>\n\n<div style=\"height:35px\" aria-hidden=\"true\" class=\"wp-block-spacer\"><\/div>\n\n<p>Take the pan of the heat and transfer the spinach directly to a blender. Blend it into a smooth puree. Blending the spinach while it&#8217;s still warm enhances the flavour of the puree.  <\/p>\n\n<p>Meanwhile, heat a bit of <strong>oil <\/strong>(preferably a neutral one or, for the authentic touch, some <strong>ghee<\/strong>) in a pan. Cut <strong>250 grams of paneer<\/strong> into cubes, add them <strong> <\/strong>to the pan until they&#8217;re golden brown on all sides. Can&#8217;t find paneer? <a href=\"https:\/\/berloumi.be\/\">Berloumi<\/a> works perfectly as a substitute! Remove the paneer from the pan and put them aside. Add a little bit more oil to the pan.    <\/p>\n\n<div style=\"height:35px\" aria-hidden=\"true\" class=\"wp-block-spacer\"><\/div>\n\n<div class=\"wp-block-media-text has-media-on-the-right is-stacked-on-mobile\" style=\"grid-template-columns:auto 30%\"><div class=\"wp-block-media-text__content\">\n<p>In the same pan, now saut\u00e9 the spices. Add<strong> 1 teaspoon of cumin seeds <\/strong>and <strong>1 teaspoon of mustard seeds<\/strong>, and cook the over medium heat until they start to pop. Then, add 2 finely chopped garlic cloves and stir everything well until the spices become aromatic.  <\/p>\n<\/div><figure class=\"wp-block-media-text__media\"><img data-recalc-dims=\"1\" loading=\"lazy\" decoding=\"async\" width=\"769\" height=\"1024\" src=\"https:\/\/i0.wp.com\/dezuivelarij.be\/wp-content\/uploads\/2025\/01\/IMG_1919.jpg?resize=769%2C1024&#038;ssl=1\" alt=\"\" class=\"wp-image-9271 size-full\" srcset=\"https:\/\/i0.wp.com\/dezuivelarij.be\/wp-content\/uploads\/2025\/01\/IMG_1919.jpg?resize=769%2C1024&amp;ssl=1 769w, https:\/\/i0.wp.com\/dezuivelarij.be\/wp-content\/uploads\/2025\/01\/IMG_1919.jpg?resize=225%2C300&amp;ssl=1 225w, https:\/\/i0.wp.com\/dezuivelarij.be\/wp-content\/uploads\/2025\/01\/IMG_1919.jpg?resize=768%2C1023&amp;ssl=1 768w, https:\/\/i0.wp.com\/dezuivelarij.be\/wp-content\/uploads\/2025\/01\/IMG_1919.jpg?resize=600%2C799&amp;ssl=1 600w, https:\/\/i0.wp.com\/dezuivelarij.be\/wp-content\/uploads\/2025\/01\/IMG_1919.jpg?resize=640%2C853&amp;ssl=1 640w, https:\/\/i0.wp.com\/dezuivelarij.be\/wp-content\/uploads\/2025\/01\/IMG_1919.jpg?resize=150%2C200&amp;ssl=1 150w, https:\/\/i0.wp.com\/dezuivelarij.be\/wp-content\/uploads\/2025\/01\/IMG_1919.jpg?w=961&amp;ssl=1 961w\" sizes=\"auto, (max-width: 769px) 100vw, 769px\" \/><\/figure><\/div>\n\n<div style=\"height:35px\" aria-hidden=\"true\" class=\"wp-block-spacer\"><\/div>\n\n<p>Pour the spinach puree into the pan and mix well. Season with <strong>salt and chili powder<\/strong> to taste. Add the fried paneer cubes and a splash of <strong>cream<\/strong>. Mix everything together to ensure the flavours meld nicely.   <\/p>\n\n<p>Let the dish warm through gently for a few minutes, stirring occasionally. Serve the dish imediately.  <\/p>\n\n<div style=\"height:100px\" aria-hidden=\"true\" class=\"wp-block-spacer\"><\/div>\n\n<p><\/p>\n","protected":false},"excerpt":{"rendered":"<p>Palak Paneer Palak paneer, in De Zuivelarij we sometimes call it &#8220;green slop&#8221;, but it is actually really delicious! And quick! Here&#8217;s a recipe for 4 people. Rinse 250 grams of spinach and place it in a large pan with a little water. Bring the water to a boil, then reduce the heat slightly. Let [&hellip;]<\/p>\n","protected":false},"author":1,"featured_media":0,"parent":0,"menu_order":0,"comment_status":"closed","ping_status":"closed","template":"","meta":{"jetpack_post_was_ever_published":false,"footnotes":"","_wp_rev_ctl_limit":""},"categories":[],"tags":[],"class_list":["post-9374","page","type-page","status-publish","hentry"],"yoast_head":"<!-- This site is optimized with the Yoast SEO Premium plugin v27.4 (Yoast SEO v27.4) - https:\/\/yoast.com\/product\/yoast-seo-premium-wordpress\/ -->\n<title>Palak paneer - De Zuivelarij<\/title>\n<meta name=\"description\" content=\"Palak paneer, in De Zuivelarij we sometimes call it &quot;green slop&quot;, but it is actually really delicious! And quick! Here&#039;s a recipe for 4 people.\" \/>\n<meta name=\"robots\" content=\"index, follow, max-snippet:-1, max-image-preview:large, max-video-preview:-1\" \/>\n<link rel=\"canonical\" href=\"https:\/\/dezuivelarij.be\/en\/palak-paneer\/\" \/>\n<meta property=\"og:locale\" content=\"en_US\" \/>\n<meta property=\"og:type\" content=\"article\" \/>\n<meta property=\"og:title\" content=\"Palak paneer\" \/>\n<meta property=\"og:description\" content=\"Palak paneer, in De Zuivelarij we sometimes call it &quot;green slop&quot;, but it is actually really delicious! And quick! Here&#039;s a recipe for 4 people.\" \/>\n<meta property=\"og:url\" content=\"https:\/\/dezuivelarij.be\/en\/palak-paneer\/\" \/>\n<meta property=\"og:site_name\" content=\"De Zuivelarij\" \/>\n<meta property=\"article:publisher\" content=\"https:\/\/www.facebook.com\/DeZuivelarij\/\" \/>\n<meta property=\"article:modified_time\" content=\"2025-04-10T16:59:10+00:00\" \/>\n<meta property=\"og:image\" content=\"https:\/\/dezuivelarij.be\/wp-content\/uploads\/2025\/04\/paneer-palak-header-1024x577.jpg\" \/>\n<meta name=\"twitter:card\" content=\"summary_large_image\" \/>\n<meta name=\"twitter:label1\" content=\"Est. reading time\" \/>\n\t<meta name=\"twitter:data1\" content=\"1 minute\" \/>\n<script type=\"application\/ld+json\" class=\"yoast-schema-graph\">{\"@context\":\"https:\\\/\\\/schema.org\",\"@graph\":[{\"@type\":\"WebPage\",\"@id\":\"https:\\\/\\\/dezuivelarij.be\\\/en\\\/palak-paneer\\\/\",\"url\":\"https:\\\/\\\/dezuivelarij.be\\\/en\\\/palak-paneer\\\/\",\"name\":\"Palak paneer - De Zuivelarij\",\"isPartOf\":{\"@id\":\"https:\\\/\\\/dezuivelarij.be\\\/en\\\/#website\"},\"primaryImageOfPage\":{\"@id\":\"https:\\\/\\\/dezuivelarij.be\\\/en\\\/palak-paneer\\\/#primaryimage\"},\"image\":{\"@id\":\"https:\\\/\\\/dezuivelarij.be\\\/en\\\/palak-paneer\\\/#primaryimage\"},\"thumbnailUrl\":\"https:\\\/\\\/dezuivelarij.be\\\/wp-content\\\/uploads\\\/2025\\\/04\\\/paneer-palak-header-1024x577.jpg\",\"datePublished\":\"2025-01-22T08:02:57+00:00\",\"dateModified\":\"2025-04-10T16:59:10+00:00\",\"description\":\"Palak paneer, in De Zuivelarij we sometimes call it \\\"green slop\\\", but it is actually really delicious! And quick! Here's a recipe for 4 people.\",\"breadcrumb\":{\"@id\":\"https:\\\/\\\/dezuivelarij.be\\\/en\\\/palak-paneer\\\/#breadcrumb\"},\"inLanguage\":\"en-US\",\"potentialAction\":[{\"@type\":\"ReadAction\",\"target\":[\"https:\\\/\\\/dezuivelarij.be\\\/en\\\/palak-paneer\\\/\"]}]},{\"@type\":\"ImageObject\",\"inLanguage\":\"en-US\",\"@id\":\"https:\\\/\\\/dezuivelarij.be\\\/en\\\/palak-paneer\\\/#primaryimage\",\"url\":\"https:\\\/\\\/dezuivelarij.be\\\/wp-content\\\/uploads\\\/2025\\\/04\\\/paneer-palak-header-1024x577.jpg\",\"contentUrl\":\"https:\\\/\\\/dezuivelarij.be\\\/wp-content\\\/uploads\\\/2025\\\/04\\\/paneer-palak-header-1024x577.jpg\"},{\"@type\":\"BreadcrumbList\",\"@id\":\"https:\\\/\\\/dezuivelarij.be\\\/en\\\/palak-paneer\\\/#breadcrumb\",\"itemListElement\":[{\"@type\":\"ListItem\",\"position\":1,\"name\":\"Home\",\"item\":\"https:\\\/\\\/dezuivelarij.be\\\/en\\\/\"},{\"@type\":\"ListItem\",\"position\":2,\"name\":\"Palak paneer\"}]},{\"@type\":\"WebSite\",\"@id\":\"https:\\\/\\\/dezuivelarij.be\\\/en\\\/#website\",\"url\":\"https:\\\/\\\/dezuivelarij.be\\\/en\\\/\",\"name\":\"De Zuivelarij\",\"description\":\"Kaas met grillen\",\"publisher\":{\"@id\":\"https:\\\/\\\/dezuivelarij.be\\\/en\\\/#organization\"},\"potentialAction\":[{\"@type\":\"SearchAction\",\"target\":{\"@type\":\"EntryPoint\",\"urlTemplate\":\"https:\\\/\\\/dezuivelarij.be\\\/en\\\/?s={search_term_string}\"},\"query-input\":{\"@type\":\"PropertyValueSpecification\",\"valueRequired\":true,\"valueName\":\"search_term_string\"}}],\"inLanguage\":\"en-US\"},{\"@type\":[\"Organization\",\"Place\"],\"@id\":\"https:\\\/\\\/dezuivelarij.be\\\/en\\\/#organization\",\"name\":\"De Zuivelarij\",\"alternateName\":\"De Zuivelarij BV\",\"url\":\"https:\\\/\\\/dezuivelarij.be\\\/en\\\/\",\"logo\":{\"@id\":\"https:\\\/\\\/dezuivelarij.be\\\/en\\\/palak-paneer\\\/#local-main-organization-logo\"},\"image\":{\"@id\":\"https:\\\/\\\/dezuivelarij.be\\\/en\\\/palak-paneer\\\/#local-main-organization-logo\"},\"sameAs\":[\"https:\\\/\\\/www.facebook.com\\\/DeZuivelarij\\\/\",\"https:\\\/\\\/www.instagram.com\\\/de.zuivelarij\\\/\",\"https:\\\/\\\/nl.pinterest.com\\\/dezuivelarij\\\/\",\"https:\\\/\\\/www.youtube.com\\\/channel\\\/UCK_6xO0p1H4DXoMoW6fMUSw?view_as=subscriber\"],\"telephone\":[],\"openingHoursSpecification\":[{\"@type\":\"OpeningHoursSpecification\",\"dayOfWeek\":[\"Monday\",\"Tuesday\",\"Wednesday\",\"Thursday\",\"Friday\",\"Saturday\",\"Sunday\"],\"opens\":\"09:00\",\"closes\":\"17:00\"}]},{\"@type\":\"ImageObject\",\"inLanguage\":\"en-US\",\"@id\":\"https:\\\/\\\/dezuivelarij.be\\\/en\\\/palak-paneer\\\/#local-main-organization-logo\",\"url\":\"https:\\\/\\\/i0.wp.com\\\/dezuivelarij.be\\\/wp-content\\\/uploads\\\/2024\\\/11\\\/cropped-cropped-Zuivelarij-1.jpg?fit=96%2C96&ssl=1\",\"contentUrl\":\"https:\\\/\\\/i0.wp.com\\\/dezuivelarij.be\\\/wp-content\\\/uploads\\\/2024\\\/11\\\/cropped-cropped-Zuivelarij-1.jpg?fit=96%2C96&ssl=1\",\"width\":96,\"height\":96,\"caption\":\"De Zuivelarij\"}]}<\/script>\n<!-- \/ Yoast SEO Premium plugin. -->","yoast_head_json":{"title":"Palak paneer - De Zuivelarij","description":"Palak paneer, in De Zuivelarij we sometimes call it \"green slop\", but it is actually really delicious! And quick! Here's a recipe for 4 people.","robots":{"index":"index","follow":"follow","max-snippet":"max-snippet:-1","max-image-preview":"max-image-preview:large","max-video-preview":"max-video-preview:-1"},"canonical":"https:\/\/dezuivelarij.be\/en\/palak-paneer\/","og_locale":"en_US","og_type":"article","og_title":"Palak paneer","og_description":"Palak paneer, in De Zuivelarij we sometimes call it \"green slop\", but it is actually really delicious! And quick! Here's a recipe for 4 people.","og_url":"https:\/\/dezuivelarij.be\/en\/palak-paneer\/","og_site_name":"De Zuivelarij","article_publisher":"https:\/\/www.facebook.com\/DeZuivelarij\/","article_modified_time":"2025-04-10T16:59:10+00:00","og_image":[{"url":"https:\/\/dezuivelarij.be\/wp-content\/uploads\/2025\/04\/paneer-palak-header-1024x577.jpg","type":"","width":"","height":""}],"twitter_card":"summary_large_image","twitter_misc":{"Est. reading time":"1 minute"},"schema":{"@context":"https:\/\/schema.org","@graph":[{"@type":"WebPage","@id":"https:\/\/dezuivelarij.be\/en\/palak-paneer\/","url":"https:\/\/dezuivelarij.be\/en\/palak-paneer\/","name":"Palak paneer - De Zuivelarij","isPartOf":{"@id":"https:\/\/dezuivelarij.be\/en\/#website"},"primaryImageOfPage":{"@id":"https:\/\/dezuivelarij.be\/en\/palak-paneer\/#primaryimage"},"image":{"@id":"https:\/\/dezuivelarij.be\/en\/palak-paneer\/#primaryimage"},"thumbnailUrl":"https:\/\/dezuivelarij.be\/wp-content\/uploads\/2025\/04\/paneer-palak-header-1024x577.jpg","datePublished":"2025-01-22T08:02:57+00:00","dateModified":"2025-04-10T16:59:10+00:00","description":"Palak paneer, in De Zuivelarij we sometimes call it \"green slop\", but it is actually really delicious! And quick! Here's a recipe for 4 people.","breadcrumb":{"@id":"https:\/\/dezuivelarij.be\/en\/palak-paneer\/#breadcrumb"},"inLanguage":"en-US","potentialAction":[{"@type":"ReadAction","target":["https:\/\/dezuivelarij.be\/en\/palak-paneer\/"]}]},{"@type":"ImageObject","inLanguage":"en-US","@id":"https:\/\/dezuivelarij.be\/en\/palak-paneer\/#primaryimage","url":"https:\/\/dezuivelarij.be\/wp-content\/uploads\/2025\/04\/paneer-palak-header-1024x577.jpg","contentUrl":"https:\/\/dezuivelarij.be\/wp-content\/uploads\/2025\/04\/paneer-palak-header-1024x577.jpg"},{"@type":"BreadcrumbList","@id":"https:\/\/dezuivelarij.be\/en\/palak-paneer\/#breadcrumb","itemListElement":[{"@type":"ListItem","position":1,"name":"Home","item":"https:\/\/dezuivelarij.be\/en\/"},{"@type":"ListItem","position":2,"name":"Palak paneer"}]},{"@type":"WebSite","@id":"https:\/\/dezuivelarij.be\/en\/#website","url":"https:\/\/dezuivelarij.be\/en\/","name":"De Zuivelarij","description":"Kaas met grillen","publisher":{"@id":"https:\/\/dezuivelarij.be\/en\/#organization"},"potentialAction":[{"@type":"SearchAction","target":{"@type":"EntryPoint","urlTemplate":"https:\/\/dezuivelarij.be\/en\/?s={search_term_string}"},"query-input":{"@type":"PropertyValueSpecification","valueRequired":true,"valueName":"search_term_string"}}],"inLanguage":"en-US"},{"@type":["Organization","Place"],"@id":"https:\/\/dezuivelarij.be\/en\/#organization","name":"De Zuivelarij","alternateName":"De Zuivelarij BV","url":"https:\/\/dezuivelarij.be\/en\/","logo":{"@id":"https:\/\/dezuivelarij.be\/en\/palak-paneer\/#local-main-organization-logo"},"image":{"@id":"https:\/\/dezuivelarij.be\/en\/palak-paneer\/#local-main-organization-logo"},"sameAs":["https:\/\/www.facebook.com\/DeZuivelarij\/","https:\/\/www.instagram.com\/de.zuivelarij\/","https:\/\/nl.pinterest.com\/dezuivelarij\/","https:\/\/www.youtube.com\/channel\/UCK_6xO0p1H4DXoMoW6fMUSw?view_as=subscriber"],"telephone":[],"openingHoursSpecification":[{"@type":"OpeningHoursSpecification","dayOfWeek":["Monday","Tuesday","Wednesday","Thursday","Friday","Saturday","Sunday"],"opens":"09:00","closes":"17:00"}]},{"@type":"ImageObject","inLanguage":"en-US","@id":"https:\/\/dezuivelarij.be\/en\/palak-paneer\/#local-main-organization-logo","url":"https:\/\/i0.wp.com\/dezuivelarij.be\/wp-content\/uploads\/2024\/11\/cropped-cropped-Zuivelarij-1.jpg?fit=96%2C96&ssl=1","contentUrl":"https:\/\/i0.wp.com\/dezuivelarij.be\/wp-content\/uploads\/2024\/11\/cropped-cropped-Zuivelarij-1.jpg?fit=96%2C96&ssl=1","width":96,"height":96,"caption":"De Zuivelarij"}]}},"jetpack_sharing_enabled":true,"jetpack_likes_enabled":true,"jetpack-related-posts":[{"id":9262,"url":"https:\/\/dezuivelarij.be\/palak-paneer\/","url_meta":{"origin":9374,"position":0},"title":"Palak paneer","author":"De Zuivelarij","date":"January 21, 2025","format":false,"excerpt":"Als je \u00e9\u00e9n keer palak paneer gegeten hebt dan zal je begrijpen waarom dit in India en Indiase restaurants een klassieker is. Het is namelijk heel erg lekker, en makkelijk, ... en groen. De hoeveelheden in dit recept volstaan voor vier personen. Palak Paneer Was 250 gram spinazie en zet\u2026","rel":"","context":"Similar post","block_context":{"text":"Similar post","link":""},"img":{"alt_text":"Paneer gefrituurd","src":"https:\/\/i0.wp.com\/dezuivelarij.be\/wp-content\/uploads\/2024\/12\/paneer-gefrituurd.jpg?resize=350%2C200&ssl=1","width":350,"height":200,"srcset":"https:\/\/i0.wp.com\/dezuivelarij.be\/wp-content\/uploads\/2024\/12\/paneer-gefrituurd.jpg?resize=350%2C200&ssl=1 1x, https:\/\/i0.wp.com\/dezuivelarij.be\/wp-content\/uploads\/2024\/12\/paneer-gefrituurd.jpg?resize=525%2C300&ssl=1 1.5x, https:\/\/i0.wp.com\/dezuivelarij.be\/wp-content\/uploads\/2024\/12\/paneer-gefrituurd.jpg?resize=700%2C400&ssl=1 2x, https:\/\/i0.wp.com\/dezuivelarij.be\/wp-content\/uploads\/2024\/12\/paneer-gefrituurd.jpg?resize=1050%2C600&ssl=1 3x, https:\/\/i0.wp.com\/dezuivelarij.be\/wp-content\/uploads\/2024\/12\/paneer-gefrituurd.jpg?resize=1400%2C800&ssl=1 4x"},"classes":[]},{"id":18574,"url":"https:\/\/dezuivelarij.be\/en\/paneer-recipes\/","url_meta":{"origin":9374,"position":1},"title":"Paneer recipes","author":"De Zuivelarij","date":"April 6, 2025","format":false,"excerpt":"Recipes with paneer Paneer recipes can be found in abundance on the internet but these are made, weighed and weighed by ourselves. The recipes are not \"too\" spicy. Feel free to add more or less of the spicy ingredients. Paneer Makhani Better known as butter paneer. The same curry as\u2026","rel":"","context":"Similar post","block_context":{"text":"Similar post","link":""},"img":{"alt_text":"Paneer tikka masala","src":"https:\/\/i0.wp.com\/dezuivelarij.be\/wp-content\/uploads\/2026\/02\/ZUIVELARIJ_SFEER_TIKKA-MASALA-089.jpg?fit=1200%2C800&ssl=1&resize=350%2C200","width":350,"height":200,"srcset":"https:\/\/i0.wp.com\/dezuivelarij.be\/wp-content\/uploads\/2026\/02\/ZUIVELARIJ_SFEER_TIKKA-MASALA-089.jpg?fit=1200%2C800&ssl=1&resize=350%2C200 1x, https:\/\/i0.wp.com\/dezuivelarij.be\/wp-content\/uploads\/2026\/02\/ZUIVELARIJ_SFEER_TIKKA-MASALA-089.jpg?fit=1200%2C800&ssl=1&resize=525%2C300 1.5x, https:\/\/i0.wp.com\/dezuivelarij.be\/wp-content\/uploads\/2026\/02\/ZUIVELARIJ_SFEER_TIKKA-MASALA-089.jpg?fit=1200%2C800&ssl=1&resize=700%2C400 2x, https:\/\/i0.wp.com\/dezuivelarij.be\/wp-content\/uploads\/2026\/02\/ZUIVELARIJ_SFEER_TIKKA-MASALA-089.jpg?fit=1200%2C800&ssl=1&resize=1050%2C600 3x"},"classes":[]},{"id":9423,"url":"https:\/\/dezuivelarij.be\/paneer-recepten\/","url_meta":{"origin":9374,"position":2},"title":"Paneer recepten","author":"De Zuivelarij","date":"January 23, 2025","format":false,"excerpt":"Recepten met paneer Paneer recepten vind je in overvloed op het internet maar deze zijn door onszelf gemaakt, gewikt en gewogen. De recepten zijn niet 'te' pikant. Voeg gerust meer of minder van de spicy ingredi\u00ebnten toe. Paneer Makhani Makhani paneer kennen we beter als Butter Paneer. Dezelfde curry als\u2026","rel":"","context":"Similar post","block_context":{"text":"Similar post","link":""},"img":{"alt_text":"Paneer tikka masala","src":"https:\/\/i0.wp.com\/dezuivelarij.be\/wp-content\/uploads\/2026\/02\/ZUIVELARIJ_SFEER_TIKKA-MASALA-089.jpg?fit=1200%2C800&ssl=1&resize=350%2C200","width":350,"height":200,"srcset":"https:\/\/i0.wp.com\/dezuivelarij.be\/wp-content\/uploads\/2026\/02\/ZUIVELARIJ_SFEER_TIKKA-MASALA-089.jpg?fit=1200%2C800&ssl=1&resize=350%2C200 1x, https:\/\/i0.wp.com\/dezuivelarij.be\/wp-content\/uploads\/2026\/02\/ZUIVELARIJ_SFEER_TIKKA-MASALA-089.jpg?fit=1200%2C800&ssl=1&resize=525%2C300 1.5x, https:\/\/i0.wp.com\/dezuivelarij.be\/wp-content\/uploads\/2026\/02\/ZUIVELARIJ_SFEER_TIKKA-MASALA-089.jpg?fit=1200%2C800&ssl=1&resize=700%2C400 2x, https:\/\/i0.wp.com\/dezuivelarij.be\/wp-content\/uploads\/2026\/02\/ZUIVELARIJ_SFEER_TIKKA-MASALA-089.jpg?fit=1200%2C800&ssl=1&resize=1050%2C600 3x"},"classes":[]},{"id":9337,"url":"https:\/\/dezuivelarij.be\/en\/paneer\/","url_meta":{"origin":9374,"position":3},"title":"Paneer","author":"De Zuivelarij","date":"January 21, 2025","format":false,"excerpt":"What is paneer? Paneer is made in a very different way than most cheeses. Neither bacteria nor enzymes are involved. You could say the cheese closely resembles fresh, pressed ricotta made from whole milk. The preparation is also almost identical to the preparation of \"mats\" for mat pies. Fresh milk\u2026","rel":"","context":"Similar post","block_context":{"text":"Similar post","link":""},"img":{"alt_text":"","src":"https:\/\/i0.wp.com\/dezuivelarij.be\/wp-content\/uploads\/2025\/03\/ZUIVELARIJ_PS_PANEER-052.png?fit=1200%2C800&ssl=1&resize=350%2C200","width":350,"height":200,"srcset":"https:\/\/i0.wp.com\/dezuivelarij.be\/wp-content\/uploads\/2025\/03\/ZUIVELARIJ_PS_PANEER-052.png?fit=1200%2C800&ssl=1&resize=350%2C200 1x, https:\/\/i0.wp.com\/dezuivelarij.be\/wp-content\/uploads\/2025\/03\/ZUIVELARIJ_PS_PANEER-052.png?fit=1200%2C800&ssl=1&resize=525%2C300 1.5x, https:\/\/i0.wp.com\/dezuivelarij.be\/wp-content\/uploads\/2025\/03\/ZUIVELARIJ_PS_PANEER-052.png?fit=1200%2C800&ssl=1&resize=700%2C400 2x, https:\/\/i0.wp.com\/dezuivelarij.be\/wp-content\/uploads\/2025\/03\/ZUIVELARIJ_PS_PANEER-052.png?fit=1200%2C800&ssl=1&resize=1050%2C600 3x"},"classes":[]},{"id":18591,"url":"https:\/\/dezuivelarij.be\/fr\/paneer-recepten\/","url_meta":{"origin":9374,"position":4},"title":"Recettes avec paneer","author":"De Zuivelarij","date":"April 9, 2025","format":false,"excerpt":"Recettes avec paneer Vous trouverez de nombreuses recettes de paneer sur l'internet. Or, celles sur cette pages ont \u00e9t\u00e9 \u00e9labor\u00e9es et pes\u00e9es par nos soins. Les recettes ne sont pas trop \u00e9pic\u00e9es. N'h\u00e9sitez pas \u00e0 ajouter plus d'ingr\u00e9dients \u00e9pic\u00e9s. Paneer Makhani Le Makhani paneer est plus connu sous le nom\u2026","rel":"","context":"Similar post","block_context":{"text":"Similar post","link":""},"img":{"alt_text":"Paneer tikka masala","src":"https:\/\/i0.wp.com\/dezuivelarij.be\/wp-content\/uploads\/2026\/02\/ZUIVELARIJ_SFEER_TIKKA-MASALA-089.jpg?fit=1200%2C800&ssl=1&resize=350%2C200","width":350,"height":200,"srcset":"https:\/\/i0.wp.com\/dezuivelarij.be\/wp-content\/uploads\/2026\/02\/ZUIVELARIJ_SFEER_TIKKA-MASALA-089.jpg?fit=1200%2C800&ssl=1&resize=350%2C200 1x, https:\/\/i0.wp.com\/dezuivelarij.be\/wp-content\/uploads\/2026\/02\/ZUIVELARIJ_SFEER_TIKKA-MASALA-089.jpg?fit=1200%2C800&ssl=1&resize=525%2C300 1.5x, https:\/\/i0.wp.com\/dezuivelarij.be\/wp-content\/uploads\/2026\/02\/ZUIVELARIJ_SFEER_TIKKA-MASALA-089.jpg?fit=1200%2C800&ssl=1&resize=700%2C400 2x, https:\/\/i0.wp.com\/dezuivelarij.be\/wp-content\/uploads\/2026\/02\/ZUIVELARIJ_SFEER_TIKKA-MASALA-089.jpg?fit=1200%2C800&ssl=1&resize=1050%2C600 3x"},"classes":[]},{"id":3468,"url":"https:\/\/dezuivelarij.be\/paneer\/","url_meta":{"origin":9374,"position":5},"title":"Paneer","author":"De Zuivelarij","date":"February 9, 2021","format":false,"excerpt":"Als je India wil ontdekken is paneer een goed begin Wat is paneer? Paneer is \u00e9\u00e9n van de meest gegeten kazen in de wereld. Vooral in de Indiase keuken is het een onmisbare bron van waardevolle eiwitten. In Belgi\u00eb is paneer minder bekend maar de Zuivelarij wil daar verandering in\u2026","rel":"","context":"Similar post","block_context":{"text":"Similar post","link":""},"img":{"alt_text":"","src":"https:\/\/i0.wp.com\/dezuivelarij.be\/wp-content\/uploads\/2025\/03\/ZUIVELARIJ_PS_PANEER-052.png?fit=1200%2C800&ssl=1&resize=350%2C200","width":350,"height":200,"srcset":"https:\/\/i0.wp.com\/dezuivelarij.be\/wp-content\/uploads\/2025\/03\/ZUIVELARIJ_PS_PANEER-052.png?fit=1200%2C800&ssl=1&resize=350%2C200 1x, https:\/\/i0.wp.com\/dezuivelarij.be\/wp-content\/uploads\/2025\/03\/ZUIVELARIJ_PS_PANEER-052.png?fit=1200%2C800&ssl=1&resize=525%2C300 1.5x, https:\/\/i0.wp.com\/dezuivelarij.be\/wp-content\/uploads\/2025\/03\/ZUIVELARIJ_PS_PANEER-052.png?fit=1200%2C800&ssl=1&resize=700%2C400 2x, https:\/\/i0.wp.com\/dezuivelarij.be\/wp-content\/uploads\/2025\/03\/ZUIVELARIJ_PS_PANEER-052.png?fit=1200%2C800&ssl=1&resize=1050%2C600 3x"},"classes":[]}],"_links":{"self":[{"href":"https:\/\/dezuivelarij.be\/en\/wp-json\/wp\/v2\/pages\/9374","targetHints":{"allow":["GET"]}}],"collection":[{"href":"https:\/\/dezuivelarij.be\/en\/wp-json\/wp\/v2\/pages"}],"about":[{"href":"https:\/\/dezuivelarij.be\/en\/wp-json\/wp\/v2\/types\/page"}],"author":[{"embeddable":true,"href":"https:\/\/dezuivelarij.be\/en\/wp-json\/wp\/v2\/users\/1"}],"replies":[{"embeddable":true,"href":"https:\/\/dezuivelarij.be\/en\/wp-json\/wp\/v2\/comments?post=9374"}],"version-history":[{"count":2,"href":"https:\/\/dezuivelarij.be\/en\/wp-json\/wp\/v2\/pages\/9374\/revisions"}],"predecessor-version":[{"id":18623,"href":"https:\/\/dezuivelarij.be\/en\/wp-json\/wp\/v2\/pages\/9374\/revisions\/18623"}],"wp:attachment":[{"href":"https:\/\/dezuivelarij.be\/en\/wp-json\/wp\/v2\/media?parent=9374"}],"wp:term":[{"taxonomy":"category","embeddable":true,"href":"https:\/\/dezuivelarij.be\/en\/wp-json\/wp\/v2\/categories?post=9374"},{"taxonomy":"post_tag","embeddable":true,"href":"https:\/\/dezuivelarij.be\/en\/wp-json\/wp\/v2\/tags?post=9374"}],"curies":[{"name":"wp","href":"https:\/\/api.w.org\/{rel}","templated":true}]}}