{"id":9095,"date":"2020-02-27T13:22:42","date_gmt":"2020-02-27T12:22:42","guid":{"rendered":"https:\/\/berloumi.be\/caponata\/"},"modified":"2025-03-08T13:01:53","modified_gmt":"2025-03-08T12:01:53","slug":"caponata","status":"publish","type":"page","link":"https:\/\/dezuivelarij.be\/en\/caponata\/","title":{"rendered":"Caponata with Berloumi."},"content":{"rendered":"\n<div style=\"height:20px\" aria-hidden=\"true\" class=\"wp-block-spacer\"><\/div>\n\n<div class=\"wp-block-button aligncenter\"><a class=\"wp-block-button__link\" href=\"https:\/\/berloumi.be\/halloumi-recipe\/?lang=en\">Recipes<\/a><\/div>\n\n<div style=\"height:40px\" aria-hidden=\"true\" class=\"wp-block-spacer\"><\/div>\n\n<p class=\"has-normal-font-size\">Caponata is a Sicilian classic. With its Arabic and Spanish influences, Sicilian cuisine is completely different from Italian cuisine. This caponata is full of flavors with sweet and sour. Making the caponata will only take half an hour and if you follow our <a href=\"https:\/\/dezuivelarij.be\">Zuivelarij<\/a>Recipe you only need one pan. We make it with walnuts instead of pine nuts. On a bruschetta with our Berloumi halloumi. It&#8217;s delicious!<\/p>\n\n<div style=\"height:20px\" aria-hidden=\"true\" class=\"wp-block-spacer\"><\/div>\n\n<div class=\"wp-block-image\"><figure class=\"aligncenter size-large\"><img decoding=\"async\" src=\"https:\/\/berloumi.be\/wp-content\/uploads\/2020\/01\/Caponata-met-Berloumi-1024x724.jpg\" alt=\"Caponata, make caponata. \" class=\"wp-image-8603\"\/><\/figure><\/div>\n\n<div style=\"height:40px\" aria-hidden=\"true\" class=\"wp-block-spacer\"><\/div>\n\n<h2 class=\"has-text-align-center wp-block-heading\">Making the caponata.<\/h2>\n\n<div style=\"height:20px\" aria-hidden=\"true\" class=\"wp-block-spacer\"><\/div>\n\n<div class=\"wp-block-columns is-layout-flex wp-container-core-columns-is-layout-9d6595d7 wp-block-columns-is-layout-flex\">\n<div class=\"wp-block-column is-layout-flow wp-block-column-is-layout-flow\">\n<figure class=\"wp-block-image size-column2-1\/1\"><img decoding=\"async\" src=\"https:\/\/berloumi.be\/wp-content\/uploads\/2020\/01\/Gebakken-aubergineblokjes-570x570.jpg\" alt=\"Fried eggplant pieces.\" class=\"wp-image-8606\"\/><figcaption>Because the aubergine is cut small, you shouldn&#8217;t salt them before baking.<\/figcaption><\/figure>\n<\/div>\n\n\n\n<div class=\"wp-block-column is-layout-flow wp-block-column-is-layout-flow\">\n<figure class=\"wp-block-image size-column2-1\/1\"><img decoding=\"async\" src=\"https:\/\/berloumi.be\/wp-content\/uploads\/2020\/01\/Walnoten-570x570.jpg\" alt=\"Baked walnuts.\" class=\"wp-image-8609\"\/><figcaption>Classic caponata is with pine nuts but we use walnuts.<\/figcaption><\/figure>\n<\/div>\n<\/div>\n\n<p class=\"has-normal-font-size\">Roughly chop 1<strong>50 grams of walnuts<\/strong> and toast them for five minutes in about <strong>3 cl of olive oil.<\/strong> Keep stirring continuously during baking. Remove the nuts from the pan and then add <strong>3 cl of new olive oil.<\/strong> Fry <strong>2 aubergines cut into small pieces<\/strong> in it strong Bake on high heat until the aubergine starts to colour and has softened (photo). Slide the aubergine to the edge of the pan. <\/p>\n\n<p class=\"has-normal-font-size\">Add a little olive oil again and fry, still in the same pan, <strong>2 chopped red peppers, 3 chopped white celery stems, 1 half chopped bone spring onion, 2 chopped garlic cloves.<\/strong> Fry further and then mix again with the aubergine. <\/p>\n\n<p class=\"has-normal-font-size\">Add <strong>100 grams of tomato puree, half a teaspoon of ground cinnamon, 30 grams of sugar, 15 grams of finely chopped mint and 15 grams of finely chopped parsley.<\/strong> Briefly bake. Add 60 <strong>grams of black raisins and 60 grams of capers.<\/strong> Deglaze with <strong>5 cl balsamic vinegar<\/strong> or red wine <strong>vinegar<\/strong> and allow to evaporate well. Now add some more <strong>water<\/strong> until the caponata looks like sauce. It should look like a sauce but not like soup.<\/p>\n\n<p class=\"has-normal-font-size\">Let the caponata cool down and serve at room temperature with toasted ciabatta bread and <a href=\"https:\/\/berloumi.be\/halloumi-preparation\/?lang=en\">baked<\/a> or on the <a href=\"https:\/\/berloumi.be\/halloumi-preparation\/?lang=en\">barbecue<\/a> grilled <a href=\"https:\/\/berloumi.be\/?lang=en\">Berloumi.<\/a> Caponata can be made up to a week in advance. Put it still hot in a sealed jar and keep it in the fridge for up to a week. Always serve it at room temperature.<\/p>\n\n<div style=\"height:50px\" aria-hidden=\"true\" class=\"wp-block-spacer\"><\/div>\n\n<p class=\"has-text-align-center has-normal-font-size\">Share this page if you want to!<\/p>\n\n<div style=\"height:40px\" aria-hidden=\"true\" class=\"wp-block-spacer\"><\/div>\n","protected":false},"excerpt":{"rendered":"<p>Caponata is a Sicilian classic. With its Arabic and Spanish influences, Sicilian cuisine is completely different from Italian cuisine. This caponata is full of flavors with sweet and sour. Making the caponata will only take half an hour and if you follow our ZuivelarijRecipe you only need one pan. We make it with walnuts instead [&hellip;]<\/p>\n","protected":false},"author":1,"featured_media":8604,"parent":0,"menu_order":0,"comment_status":"closed","ping_status":"closed","template":"","meta":{"jetpack_post_was_ever_published":false,"footnotes":"","_wp_rev_ctl_limit":""},"categories":[],"tags":[],"class_list":["post-9095","page","type-page","status-publish","has-post-thumbnail","hentry"],"yoast_head":"<!-- This site is optimized with the Yoast SEO Premium plugin v27.3 (Yoast SEO v27.3) - https:\/\/yoast.com\/product\/yoast-seo-premium-wordpress\/ -->\n<title>Caponata with eggplant, walnuts and fried Berloumi.<\/title>\n<meta name=\"description\" content=\"Making this Sicilian caponata will only take half an hour and you only make one pan dirty. Boordevol Italiaanse, Arabische en Spaanse smaken.\" \/>\n<meta name=\"robots\" content=\"index, follow, max-snippet:-1, max-image-preview:large, max-video-preview:-1\" \/>\n<link rel=\"canonical\" href=\"https:\/\/dezuivelarij.be\/en\/caponata\/\" \/>\n<meta property=\"og:locale\" content=\"en_US\" \/>\n<meta property=\"og:type\" content=\"article\" \/>\n<meta property=\"og:title\" content=\"Caponata from Sicily with aubergine, walnuts and fried Berloumi.\" \/>\n<meta property=\"og:description\" content=\"The exuberant Sicilian cuisine has Arabic, Spanish and now also influences from Berlare. Share this recipe if you want!\" \/>\n<meta property=\"og:url\" content=\"https:\/\/dezuivelarij.be\/en\/caponata\/\" \/>\n<meta property=\"og:site_name\" content=\"De Zuivelarij\" \/>\n<meta property=\"article:publisher\" content=\"https:\/\/www.facebook.com\/DeZuivelarij\/\" \/>\n<meta property=\"article:modified_time\" content=\"2025-03-08T12:01:53+00:00\" \/>\n<meta name=\"twitter:card\" content=\"summary_large_image\" \/>\n<meta name=\"twitter:title\" content=\"Caponata with Berloumi.\" \/>\n<meta name=\"twitter:label1\" content=\"Est. reading time\" \/>\n\t<meta name=\"twitter:data1\" content=\"2 minutes\" \/>\n<script type=\"application\/ld+json\" class=\"yoast-schema-graph\">{\"@context\":\"https:\\\/\\\/schema.org\",\"@graph\":[{\"@type\":\"WebPage\",\"@id\":\"https:\\\/\\\/dezuivelarij.be\\\/en\\\/caponata\\\/\",\"url\":\"https:\\\/\\\/dezuivelarij.be\\\/en\\\/caponata\\\/\",\"name\":\"Caponata with eggplant, walnuts and fried Berloumi.\",\"isPartOf\":{\"@id\":\"https:\\\/\\\/dezuivelarij.be\\\/en\\\/#website\"},\"primaryImageOfPage\":{\"@id\":\"https:\\\/\\\/dezuivelarij.be\\\/en\\\/caponata\\\/#primaryimage\"},\"image\":{\"@id\":\"https:\\\/\\\/dezuivelarij.be\\\/en\\\/caponata\\\/#primaryimage\"},\"thumbnailUrl\":\"\",\"datePublished\":\"2020-02-27T12:22:42+00:00\",\"dateModified\":\"2025-03-08T12:01:53+00:00\",\"description\":\"Making this Sicilian caponata will only take half an hour and you only make one pan dirty. Boordevol Italiaanse, Arabische en Spaanse smaken.\",\"breadcrumb\":{\"@id\":\"https:\\\/\\\/dezuivelarij.be\\\/en\\\/caponata\\\/#breadcrumb\"},\"inLanguage\":\"en-US\",\"potentialAction\":[{\"@type\":\"ReadAction\",\"target\":[\"https:\\\/\\\/dezuivelarij.be\\\/en\\\/caponata\\\/\"]}]},{\"@type\":\"ImageObject\",\"inLanguage\":\"en-US\",\"@id\":\"https:\\\/\\\/dezuivelarij.be\\\/en\\\/caponata\\\/#primaryimage\",\"url\":\"\",\"contentUrl\":\"\"},{\"@type\":\"BreadcrumbList\",\"@id\":\"https:\\\/\\\/dezuivelarij.be\\\/en\\\/caponata\\\/#breadcrumb\",\"itemListElement\":[{\"@type\":\"ListItem\",\"position\":1,\"name\":\"Home\",\"item\":\"https:\\\/\\\/dezuivelarij.be\\\/en\\\/\"},{\"@type\":\"ListItem\",\"position\":2,\"name\":\"Caponata with Berloumi.\"}]},{\"@type\":\"WebSite\",\"@id\":\"https:\\\/\\\/dezuivelarij.be\\\/en\\\/#website\",\"url\":\"https:\\\/\\\/dezuivelarij.be\\\/en\\\/\",\"name\":\"De Zuivelarij\",\"description\":\"Kaas met grillen\",\"publisher\":{\"@id\":\"https:\\\/\\\/dezuivelarij.be\\\/en\\\/#organization\"},\"potentialAction\":[{\"@type\":\"SearchAction\",\"target\":{\"@type\":\"EntryPoint\",\"urlTemplate\":\"https:\\\/\\\/dezuivelarij.be\\\/en\\\/?s={search_term_string}\"},\"query-input\":{\"@type\":\"PropertyValueSpecification\",\"valueRequired\":true,\"valueName\":\"search_term_string\"}}],\"inLanguage\":\"en-US\"},{\"@type\":[\"Organization\",\"Place\"],\"@id\":\"https:\\\/\\\/dezuivelarij.be\\\/en\\\/#organization\",\"name\":\"De Zuivelarij\",\"alternateName\":\"De Zuivelarij BV\",\"url\":\"https:\\\/\\\/dezuivelarij.be\\\/en\\\/\",\"logo\":{\"@id\":\"https:\\\/\\\/dezuivelarij.be\\\/en\\\/caponata\\\/#local-main-organization-logo\"},\"image\":{\"@id\":\"https:\\\/\\\/dezuivelarij.be\\\/en\\\/caponata\\\/#local-main-organization-logo\"},\"sameAs\":[\"https:\\\/\\\/www.facebook.com\\\/DeZuivelarij\\\/\",\"https:\\\/\\\/www.instagram.com\\\/de.zuivelarij\\\/\",\"https:\\\/\\\/nl.pinterest.com\\\/dezuivelarij\\\/\",\"https:\\\/\\\/www.youtube.com\\\/channel\\\/UCK_6xO0p1H4DXoMoW6fMUSw?view_as=subscriber\"],\"telephone\":[],\"openingHoursSpecification\":[{\"@type\":\"OpeningHoursSpecification\",\"dayOfWeek\":[\"Monday\",\"Tuesday\",\"Wednesday\",\"Thursday\",\"Friday\",\"Saturday\",\"Sunday\"],\"opens\":\"09:00\",\"closes\":\"17:00\"}]},{\"@type\":\"ImageObject\",\"inLanguage\":\"en-US\",\"@id\":\"https:\\\/\\\/dezuivelarij.be\\\/en\\\/caponata\\\/#local-main-organization-logo\",\"url\":\"https:\\\/\\\/dezuivelarij.be\\\/wp-content\\\/uploads\\\/2024\\\/11\\\/cropped-cropped-Zuivelarij-1.jpg\",\"contentUrl\":\"https:\\\/\\\/dezuivelarij.be\\\/wp-content\\\/uploads\\\/2024\\\/11\\\/cropped-cropped-Zuivelarij-1.jpg\",\"width\":96,\"height\":96,\"caption\":\"De Zuivelarij\"}]}<\/script>\n<!-- \/ Yoast SEO Premium plugin. -->","yoast_head_json":{"title":"Caponata with eggplant, walnuts and fried Berloumi.","description":"Making this Sicilian caponata will only take half an hour and you only make one pan dirty. Boordevol Italiaanse, Arabische en Spaanse smaken.","robots":{"index":"index","follow":"follow","max-snippet":"max-snippet:-1","max-image-preview":"max-image-preview:large","max-video-preview":"max-video-preview:-1"},"canonical":"https:\/\/dezuivelarij.be\/en\/caponata\/","og_locale":"en_US","og_type":"article","og_title":"Caponata from Sicily with aubergine, walnuts and fried Berloumi.","og_description":"The exuberant Sicilian cuisine has Arabic, Spanish and now also influences from Berlare. Share this recipe if you want!","og_url":"https:\/\/dezuivelarij.be\/en\/caponata\/","og_site_name":"De Zuivelarij","article_publisher":"https:\/\/www.facebook.com\/DeZuivelarij\/","article_modified_time":"2025-03-08T12:01:53+00:00","twitter_card":"summary_large_image","twitter_title":"Caponata with Berloumi.","twitter_misc":{"Est. reading time":"2 minutes"},"schema":{"@context":"https:\/\/schema.org","@graph":[{"@type":"WebPage","@id":"https:\/\/dezuivelarij.be\/en\/caponata\/","url":"https:\/\/dezuivelarij.be\/en\/caponata\/","name":"Caponata with eggplant, walnuts and fried Berloumi.","isPartOf":{"@id":"https:\/\/dezuivelarij.be\/en\/#website"},"primaryImageOfPage":{"@id":"https:\/\/dezuivelarij.be\/en\/caponata\/#primaryimage"},"image":{"@id":"https:\/\/dezuivelarij.be\/en\/caponata\/#primaryimage"},"thumbnailUrl":"","datePublished":"2020-02-27T12:22:42+00:00","dateModified":"2025-03-08T12:01:53+00:00","description":"Making this Sicilian caponata will only take half an hour and you only make one pan dirty. Boordevol Italiaanse, Arabische en Spaanse smaken.","breadcrumb":{"@id":"https:\/\/dezuivelarij.be\/en\/caponata\/#breadcrumb"},"inLanguage":"en-US","potentialAction":[{"@type":"ReadAction","target":["https:\/\/dezuivelarij.be\/en\/caponata\/"]}]},{"@type":"ImageObject","inLanguage":"en-US","@id":"https:\/\/dezuivelarij.be\/en\/caponata\/#primaryimage","url":"","contentUrl":""},{"@type":"BreadcrumbList","@id":"https:\/\/dezuivelarij.be\/en\/caponata\/#breadcrumb","itemListElement":[{"@type":"ListItem","position":1,"name":"Home","item":"https:\/\/dezuivelarij.be\/en\/"},{"@type":"ListItem","position":2,"name":"Caponata with Berloumi."}]},{"@type":"WebSite","@id":"https:\/\/dezuivelarij.be\/en\/#website","url":"https:\/\/dezuivelarij.be\/en\/","name":"De Zuivelarij","description":"Kaas met grillen","publisher":{"@id":"https:\/\/dezuivelarij.be\/en\/#organization"},"potentialAction":[{"@type":"SearchAction","target":{"@type":"EntryPoint","urlTemplate":"https:\/\/dezuivelarij.be\/en\/?s={search_term_string}"},"query-input":{"@type":"PropertyValueSpecification","valueRequired":true,"valueName":"search_term_string"}}],"inLanguage":"en-US"},{"@type":["Organization","Place"],"@id":"https:\/\/dezuivelarij.be\/en\/#organization","name":"De Zuivelarij","alternateName":"De Zuivelarij BV","url":"https:\/\/dezuivelarij.be\/en\/","logo":{"@id":"https:\/\/dezuivelarij.be\/en\/caponata\/#local-main-organization-logo"},"image":{"@id":"https:\/\/dezuivelarij.be\/en\/caponata\/#local-main-organization-logo"},"sameAs":["https:\/\/www.facebook.com\/DeZuivelarij\/","https:\/\/www.instagram.com\/de.zuivelarij\/","https:\/\/nl.pinterest.com\/dezuivelarij\/","https:\/\/www.youtube.com\/channel\/UCK_6xO0p1H4DXoMoW6fMUSw?view_as=subscriber"],"telephone":[],"openingHoursSpecification":[{"@type":"OpeningHoursSpecification","dayOfWeek":["Monday","Tuesday","Wednesday","Thursday","Friday","Saturday","Sunday"],"opens":"09:00","closes":"17:00"}]},{"@type":"ImageObject","inLanguage":"en-US","@id":"https:\/\/dezuivelarij.be\/en\/caponata\/#local-main-organization-logo","url":"https:\/\/dezuivelarij.be\/wp-content\/uploads\/2024\/11\/cropped-cropped-Zuivelarij-1.jpg","contentUrl":"https:\/\/dezuivelarij.be\/wp-content\/uploads\/2024\/11\/cropped-cropped-Zuivelarij-1.jpg","width":96,"height":96,"caption":"De Zuivelarij"}]}},"jetpack_sharing_enabled":true,"jetpack_likes_enabled":true,"jetpack-related-posts":[{"id":15338,"url":"https:\/\/dezuivelarij.be\/en\/bruschetta-with-ricotta\/","url_meta":{"origin":9095,"position":0},"title":"Bruschetta with Berloumi Ricotta","author":"De Zuivelarij","date":"September 27, 2022","format":false,"excerpt":"Bruschetta with Berloumi Ricotta and Tomato Ricotta from Berloumi from our dairy is already so creamy and soft that you don't need to do anything more with it. Spread the ricotta on the bruschetta in a smooth motion, leaving a little space in the middle to add the garnish. We\u2026","rel":"","context":"Similar post","block_context":{"text":"Similar post","link":""},"img":{"alt_text":"","src":"https:\/\/i0.wp.com\/berloumi.be\/wp-content\/uploads\/2020\/08\/20200807_062316-2-Groot-1024x693.jpg?resize=350%2C200&ssl=1","width":350,"height":200,"srcset":"https:\/\/i0.wp.com\/berloumi.be\/wp-content\/uploads\/2020\/08\/20200807_062316-2-Groot-1024x693.jpg?resize=350%2C200&ssl=1 1x, https:\/\/i0.wp.com\/berloumi.be\/wp-content\/uploads\/2020\/08\/20200807_062316-2-Groot-1024x693.jpg?resize=525%2C300&ssl=1 1.5x, https:\/\/i0.wp.com\/berloumi.be\/wp-content\/uploads\/2020\/08\/20200807_062316-2-Groot-1024x693.jpg?resize=700%2C400&ssl=1 2x"},"classes":[]},{"id":15495,"url":"https:\/\/dezuivelarij.be\/en\/berloumi-recipes\/","url_meta":{"origin":9095,"position":1},"title":"Recipes with Berloumi","author":"De Zuivelarij","date":"November 5, 2019","format":false,"excerpt":"Berloumi recipes | Grilled cheese recipes Berloumi is a cheese for baking and grilling. Our Berloumi recipes can serve as appetizers, a quick lunch, on the barbecue or as a full-fledged meal. Don't make it too hard on yourself. We like to make our Berloumi recipes vegetarian, or at least\u2026","rel":"","context":"Similar post","block_context":{"text":"Similar post","link":""},"img":{"alt_text":"","src":"https:\/\/i0.wp.com\/dezuivelarij.be\/wp-content\/uploads\/2021\/06\/Pasta-Primavera.jpg?resize=350%2C200&ssl=1","width":350,"height":200,"srcset":"https:\/\/i0.wp.com\/dezuivelarij.be\/wp-content\/uploads\/2021\/06\/Pasta-Primavera.jpg?resize=350%2C200&ssl=1 1x, https:\/\/i0.wp.com\/dezuivelarij.be\/wp-content\/uploads\/2021\/06\/Pasta-Primavera.jpg?resize=525%2C300&ssl=1 1.5x, https:\/\/i0.wp.com\/dezuivelarij.be\/wp-content\/uploads\/2021\/06\/Pasta-Primavera.jpg?resize=700%2C400&ssl=1 2x, https:\/\/i0.wp.com\/dezuivelarij.be\/wp-content\/uploads\/2021\/06\/Pasta-Primavera.jpg?resize=1050%2C600&ssl=1 3x, https:\/\/i0.wp.com\/dezuivelarij.be\/wp-content\/uploads\/2021\/06\/Pasta-Primavera.jpg?resize=1400%2C800&ssl=1 4x"},"classes":[]},{"id":15503,"url":"https:\/\/dezuivelarij.be\/fr\/caponata\/","url_meta":{"origin":9095,"position":2},"title":"Caponata au Berloumi","author":"De Zuivelarij","date":"February 7, 2020","format":false,"excerpt":"Recettes La caponata est un classique sicilien. Avec ses influences arabes et espagnoles, la cuisine sicilienne est compl\u00e8tement diff\u00e9rente de la cuisine italienne. Cette caponata est pleine d'\u00e9l\u00e9ments aigre-doux. Elle ne vous prendra qu'une demi-heure et si vous suivez la recette de notre laiterie, De Zuivelarij, vous n'aurez besoin que\u2026","rel":"","context":"Similar post","block_context":{"text":"Similar post","link":""},"img":{"alt_text":"Morceaux d'aubergine frits","src":"https:\/\/i0.wp.com\/berloumi.be\/wp-content\/uploads\/2020\/01\/Gebakken-aubergineblokjes-570x570.jpg?resize=350%2C200&ssl=1","width":350,"height":200,"srcset":"https:\/\/i0.wp.com\/berloumi.be\/wp-content\/uploads\/2020\/01\/Gebakken-aubergineblokjes-570x570.jpg?resize=350%2C200&ssl=1 1x, https:\/\/i0.wp.com\/berloumi.be\/wp-content\/uploads\/2020\/01\/Gebakken-aubergineblokjes-570x570.jpg?resize=525%2C300&ssl=1 1.5x"},"classes":[]},{"id":819,"url":"https:\/\/dezuivelarij.be\/en\/labneh-recipes\/","url_meta":{"origin":9095,"position":3},"title":"Labneh recipes","author":"De Zuivelarij","date":"July 17, 2019","format":false,"excerpt":"Labneh recipes You can vary endlessly with the Labneh recipes from our Zuivelarij. Spread the Labneh on your prettiest plate, finish with a nice topping, salsa, chutney, fresh or dried herbs and lots of olive oil. Traditionally, you serve Labneh with flatbread as mezze. Labneh can be used in recipes\u2026","rel":"","context":"Similar post","block_context":{"text":"Similar post","link":""},"img":{"alt_text":"","src":"https:\/\/i0.wp.com\/dezuivelarij.be\/wp-content\/uploads\/2025\/07\/Labneh-Ottolenghi-vierkant.jpg?resize=350%2C200&ssl=1","width":350,"height":200,"srcset":"https:\/\/i0.wp.com\/dezuivelarij.be\/wp-content\/uploads\/2025\/07\/Labneh-Ottolenghi-vierkant.jpg?resize=350%2C200&ssl=1 1x, https:\/\/i0.wp.com\/dezuivelarij.be\/wp-content\/uploads\/2025\/07\/Labneh-Ottolenghi-vierkant.jpg?resize=525%2C300&ssl=1 1.5x, https:\/\/i0.wp.com\/dezuivelarij.be\/wp-content\/uploads\/2025\/07\/Labneh-Ottolenghi-vierkant.jpg?resize=700%2C400&ssl=1 2x, https:\/\/i0.wp.com\/dezuivelarij.be\/wp-content\/uploads\/2025\/07\/Labneh-Ottolenghi-vierkant.jpg?resize=1050%2C600&ssl=1 3x, https:\/\/i0.wp.com\/dezuivelarij.be\/wp-content\/uploads\/2025\/07\/Labneh-Ottolenghi-vierkant.jpg?resize=1400%2C800&ssl=1 4x"},"classes":[]},{"id":7196,"url":"https:\/\/dezuivelarij.be\/en\/berloumi-belgische-grillkaas\/","url_meta":{"origin":9095,"position":4},"title":"Berloumi, Belgian grilling cheese","author":"De Zuivelarij","date":"December 7, 2015","format":false,"excerpt":"Berloumi, Belgian grilling cheese Berloumi has a unique flavor you cannot compare with other cheeses. Baked or grilled, it has a savory and rich aroma. But it is mainly the texture that makes the cheese exceptional because it does not melt like other cheeses do. Rather, our cheese feels meaty\u2026","rel":"","context":"Similar post","block_context":{"text":"Similar post","link":""},"img":{"alt_text":"Berloumi, Berloumi Bio, Berloumi Geit","src":"https:\/\/i0.wp.com\/dezuivelarij.be\/wp-content\/uploads\/2025\/06\/FB_IMG_1649529283801.jpg?resize=350%2C200&ssl=1","width":350,"height":200,"srcset":"https:\/\/i0.wp.com\/dezuivelarij.be\/wp-content\/uploads\/2025\/06\/FB_IMG_1649529283801.jpg?resize=350%2C200&ssl=1 1x, https:\/\/i0.wp.com\/dezuivelarij.be\/wp-content\/uploads\/2025\/06\/FB_IMG_1649529283801.jpg?resize=525%2C300&ssl=1 1.5x, https:\/\/i0.wp.com\/dezuivelarij.be\/wp-content\/uploads\/2025\/06\/FB_IMG_1649529283801.jpg?resize=700%2C400&ssl=1 2x, https:\/\/i0.wp.com\/dezuivelarij.be\/wp-content\/uploads\/2025\/06\/FB_IMG_1649529283801.jpg?resize=1050%2C600&ssl=1 3x"},"classes":[]},{"id":9939,"url":"https:\/\/dezuivelarij.be\/en\/barbecue\/","url_meta":{"origin":9095,"position":5},"title":"Berloumi on the barbecue","author":"De Zuivelarij","date":"April 7, 2020","format":false,"excerpt":"Berloumi on the grill and barbecue. At our dairy, we ALWAYS like Berloumi. But in the summer, grilled on the barbecue, along with some grilled vegetables, nothing beats the taste of grilled Berloumi. A grilling cheese on the BBQ is also a great meat substitute. But Berloumi also willingly allows\u2026","rel":"","context":"In &quot;Geen onderdeel van een categorie&quot;","block_context":{"text":"Geen onderdeel van een categorie","link":"https:\/\/dezuivelarij.be\/category\/geen-onderdeel-van-een-categorie\/"},"img":{"alt_text":"","src":"https:\/\/i0.wp.com\/dezuivelarij.be\/wp-content\/uploads\/2025\/07\/Berloumi-Barbecue-header-website-1-scaled.jpg?resize=350%2C200&ssl=1","width":350,"height":200,"srcset":"https:\/\/i0.wp.com\/dezuivelarij.be\/wp-content\/uploads\/2025\/07\/Berloumi-Barbecue-header-website-1-scaled.jpg?resize=350%2C200&ssl=1 1x, https:\/\/i0.wp.com\/dezuivelarij.be\/wp-content\/uploads\/2025\/07\/Berloumi-Barbecue-header-website-1-scaled.jpg?resize=525%2C300&ssl=1 1.5x, https:\/\/i0.wp.com\/dezuivelarij.be\/wp-content\/uploads\/2025\/07\/Berloumi-Barbecue-header-website-1-scaled.jpg?resize=700%2C400&ssl=1 2x, https:\/\/i0.wp.com\/dezuivelarij.be\/wp-content\/uploads\/2025\/07\/Berloumi-Barbecue-header-website-1-scaled.jpg?resize=1050%2C600&ssl=1 3x, https:\/\/i0.wp.com\/dezuivelarij.be\/wp-content\/uploads\/2025\/07\/Berloumi-Barbecue-header-website-1-scaled.jpg?resize=1400%2C800&ssl=1 4x"},"classes":[]}],"_links":{"self":[{"href":"https:\/\/dezuivelarij.be\/en\/wp-json\/wp\/v2\/pages\/9095","targetHints":{"allow":["GET"]}}],"collection":[{"href":"https:\/\/dezuivelarij.be\/en\/wp-json\/wp\/v2\/pages"}],"about":[{"href":"https:\/\/dezuivelarij.be\/en\/wp-json\/wp\/v2\/types\/page"}],"author":[{"embeddable":true,"href":"https:\/\/dezuivelarij.be\/en\/wp-json\/wp\/v2\/users\/1"}],"replies":[{"embeddable":true,"href":"https:\/\/dezuivelarij.be\/en\/wp-json\/wp\/v2\/comments?post=9095"}],"version-history":[{"count":1,"href":"https:\/\/dezuivelarij.be\/en\/wp-json\/wp\/v2\/pages\/9095\/revisions"}],"predecessor-version":[{"id":18109,"href":"https:\/\/dezuivelarij.be\/en\/wp-json\/wp\/v2\/pages\/9095\/revisions\/18109"}],"wp:featuredmedia":[{"embeddable":true,"href":"https:\/\/dezuivelarij.be\/en\/wp-json\/"}],"wp:attachment":[{"href":"https:\/\/dezuivelarij.be\/en\/wp-json\/wp\/v2\/media?parent=9095"}],"wp:term":[{"taxonomy":"category","embeddable":true,"href":"https:\/\/dezuivelarij.be\/en\/wp-json\/wp\/v2\/categories?post=9095"},{"taxonomy":"post_tag","embeddable":true,"href":"https:\/\/dezuivelarij.be\/en\/wp-json\/wp\/v2\/tags?post=9095"}],"curies":[{"name":"wp","href":"https:\/\/api.w.org\/{rel}","templated":true}]}}