{"id":15377,"date":"2022-09-27T14:59:31","date_gmt":"2022-09-27T12:59:31","guid":{"rendered":"https:\/\/berloumi.be\/austernpilz-auberginen-hanf-sesam\/"},"modified":"2025-03-08T13:02:39","modified_gmt":"2025-03-08T12:02:39","slug":"austernpilz-auberginen-hanf-sesam","status":"publish","type":"page","link":"https:\/\/dezuivelarij.be\/de\/austernpilz-auberginen-hanf-sesam\/","title":{"rendered":"Austernpilz | Auberginen-| Hanf | Sesam\u00f6l"},"content":{"rendered":"<h3 class=\"widget-title\">Zubereiten<\/h3>\n<p><strong>2 Auberginen<\/strong>, in Pommes frites geschnitten<\/p>\n<p><strong>500 g Austernpilze<\/strong>, in dicke Schn\u00fcre geschnitten<\/p>\n<p><strong>Salz &amp; Pfeffer<\/strong><\/p>\n<p style=\"padding-left: 30px;\">Aubergine in Mais\u00f6l mit Salz ca. 8 Minuten backen<\/p>\n<p style=\"padding-left: 30px;\">F\u00fcgen Sie die Austernpilze hinzu und backen Sie f\u00fcr ca. 5 Minuten<\/p>\n<p style=\"padding-left: 30px;\">Mit schwarzem Pfeffer w\u00fcrzen, kurz backen<\/p>\n<p style=\"padding-left: 30px;\">Warmhalten<\/p>\n<p><b>80 g Hanfsamen<\/b> (Colruyt)<b><\/b><i><\/i><u><\/u><\/p>\n<p><strong>200 g Mafaldine<\/strong> (Colruyt) oder andere lange Nudeln<\/p>\n<p><strong>5 cl Sesam\u00f6l (oder Nuss\u00f6l <\/strong>)<\/p>\n<p style=\"padding-left: 30px;\">Die Hanfsamen in einer trockenen Pfanne r\u00f6sten<\/p>\n<p style=\"padding-left: 30px;\">Die Nudeln je nach Verpackung kochen<\/p>\n<p style=\"padding-left: 30px;\">Die Nudeln mit Sesam\u00f6l und Hanfsamen vermischen<\/p>\n<p style=\"text-align: left;\"><strong>400 g Berloumi<\/strong><\/p>\n<p style=\"text-align: left; padding-left: 30px;\">Berloumi&nbsp;in vier Schnitte von ca. 1 cm schneiden<\/p>\n<p style=\"text-align: left; padding-left: 30px;\"><a href=\"http:\/\/www.berloumi.be\/bakken\/\">Berloumi backen <\/a><\/p>\n<h3 class=\"widget-title\">Dienen<\/h3>\n<p>Oder Sie k\u00f6nnen w\u00e4hlen, ob Sie die Aubergine \/ Austernpilzmischung neben (oder unter) der Pasta servieren m\u00f6chten. Oder Sie entscheiden sich daf\u00fcr, die Nudeln \/ Hanf mit den Auberginen \/ Austernpilzen zu mischen.<\/p>\n<p>Wir servierten eine Creme Pastinake dazu, verga\u00dfen aber, ein Foto davon zu machen.<\/p>\n<h3 class=\"widget-title\">Berlouimi &#8218;Sp\u00e4twinter&#8216;<\/h3>\n<p>Berloumi &#8218;Sp\u00e4twinter&#8216; wird mit getrocknetem Horn der F\u00fclle, Nelken, Pimentpfeffer, schwarzem Pfeffer und Nigella gew\u00fcrzt. Reife, schwere und erdige Aromen, die zu diesem Teil des Winters passen. Dunkel, aber die Tage beginnen sich bereits zu verl\u00e4ngern und der Fr\u00fchling ist in Sicht.<\/p>\n<p>\t<img data-recalc-dims=\"1\" loading=\"lazy\" decoding=\"async\" width=\"1140\" height=\"755\" class=\"so-widget-image\" style=\"max-width:100%; height:auto; display:block\" src=\"https:\/\/i0.wp.com\/www.berloumi.be\/wp-content\/uploads\/2016\/02\/DSC_0002-e1454440865369.jpg?resize=1140%2C755\"><\/p>\n<p>\t<img data-recalc-dims=\"1\" loading=\"lazy\" decoding=\"async\" width=\"1140\" height=\"763\" class=\"so-widget-image\" style=\"max-width:100%; height:auto; display:block\" src=\"https:\/\/i0.wp.com\/www.berloumi.be\/wp-content\/uploads\/2016\/02\/DSC_0018.jpg?resize=1140%2C763\"><\/p>\n<p>\t<img data-recalc-dims=\"1\" loading=\"lazy\" decoding=\"async\" width=\"1140\" height=\"763\" class=\"so-widget-image\" style=\"max-width:100%; height:auto; display:block\" src=\"https:\/\/i0.wp.com\/www.berloumi.be\/wp-content\/uploads\/2016\/02\/DSC_0028.jpg?resize=1140%2C763\"><\/p>\n<p>\t<img data-recalc-dims=\"1\" loading=\"lazy\" decoding=\"async\" width=\"1140\" height=\"763\" class=\"so-widget-image\" style=\"max-width:100%; height:auto; display:block\" src=\"https:\/\/i0.wp.com\/www.berloumi.be\/wp-content\/uploads\/2016\/02\/DSC_0024.jpg?resize=1140%2C763\"><\/p>\n<p>\t<img data-recalc-dims=\"1\" loading=\"lazy\" decoding=\"async\" width=\"1140\" height=\"763\" class=\"so-widget-image\" style=\"max-width:100%; height:auto; display:block\" src=\"https:\/\/i0.wp.com\/www.berloumi.be\/wp-content\/uploads\/2016\/02\/DSC_0046.jpg?resize=1140%2C763\"><\/p>\n","protected":false},"excerpt":{"rendered":"<p>Zubereiten 2 Auberginen, in Pommes frites geschnitten 500 g Austernpilze, in dicke Schn\u00fcre geschnitten Salz &amp; Pfeffer Aubergine in Mais\u00f6l mit Salz ca. 8 Minuten backen F\u00fcgen Sie die Austernpilze hinzu und backen Sie f\u00fcr ca. 5 Minuten Mit schwarzem Pfeffer w\u00fcrzen, kurz backen Warmhalten 80 g Hanfsamen (Colruyt) 200 g Mafaldine (Colruyt) oder andere [&hellip;]<\/p>\n","protected":false},"author":1,"featured_media":0,"parent":0,"menu_order":0,"comment_status":"closed","ping_status":"closed","template":"","meta":{"jetpack_post_was_ever_published":false,"footnotes":"","_wp_rev_ctl_limit":""},"categories":[],"tags":[],"class_list":["post-15377","page","type-page","status-publish","hentry"],"yoast_head":"<!-- This site is optimized with the Yoast SEO Premium plugin v27.5 (Yoast SEO v27.5) - https:\/\/yoast.com\/product\/yoast-seo-premium-wordpress\/ -->\n<title>Austernpilz | Auberginen-| Hanf | Sesam\u00f6l - De Zuivelarij<\/title>\n<meta name=\"robots\" content=\"index, follow, max-snippet:-1, max-image-preview:large, max-video-preview:-1\" \/>\n<link rel=\"canonical\" href=\"https:\/\/dezuivelarij.be\/de\/austernpilz-auberginen-hanf-sesam\/\" \/>\n<meta property=\"og:locale\" content=\"de_DE\" \/>\n<meta property=\"og:type\" content=\"article\" \/>\n<meta property=\"og:title\" content=\"Austernpilz | Auberginen-| Hanf | Sesam\u00f6l\" \/>\n<meta property=\"og:description\" content=\"Zubereiten 2 Auberginen, in Pommes frites geschnitten 500 g Austernpilze, in dicke Schn\u00fcre geschnitten Salz &amp; Pfeffer Aubergine in Mais\u00f6l mit Salz ca. 8 Minuten backen F\u00fcgen Sie die Austernpilze hinzu und backen Sie f\u00fcr ca. 5 Minuten Mit schwarzem Pfeffer w\u00fcrzen, kurz backen Warmhalten 80 g Hanfsamen (Colruyt) 200 g Mafaldine (Colruyt) oder andere [&hellip;]\" \/>\n<meta property=\"og:url\" content=\"https:\/\/dezuivelarij.be\/de\/austernpilz-auberginen-hanf-sesam\/\" \/>\n<meta property=\"og:site_name\" content=\"De Zuivelarij\" \/>\n<meta property=\"article:publisher\" content=\"https:\/\/www.facebook.com\/DeZuivelarij\/\" \/>\n<meta property=\"article:modified_time\" content=\"2025-03-08T12:02:39+00:00\" \/>\n<meta property=\"og:image\" content=\"http:\/\/www.berloumi.be\/wp-content\/uploads\/2016\/02\/DSC_0002-e1454440865369.jpg\" \/>\n<meta name=\"twitter:card\" content=\"summary_large_image\" \/>\n<meta name=\"twitter:label1\" content=\"Gesch\u00e4tzte Lesezeit\" \/>\n\t<meta name=\"twitter:data1\" content=\"1\u00a0Minute\" \/>\n<script type=\"application\/ld+json\" class=\"yoast-schema-graph\">{\"@context\":\"https:\\\/\\\/schema.org\",\"@graph\":[{\"@type\":\"WebPage\",\"@id\":\"https:\\\/\\\/dezuivelarij.be\\\/de\\\/austernpilz-auberginen-hanf-sesam\\\/\",\"url\":\"https:\\\/\\\/dezuivelarij.be\\\/de\\\/austernpilz-auberginen-hanf-sesam\\\/\",\"name\":\"Austernpilz | Auberginen-| Hanf | Sesam\u00f6l - De Zuivelarij\",\"isPartOf\":{\"@id\":\"https:\\\/\\\/dezuivelarij.be\\\/de\\\/#website\"},\"primaryImageOfPage\":{\"@id\":\"https:\\\/\\\/dezuivelarij.be\\\/de\\\/austernpilz-auberginen-hanf-sesam\\\/#primaryimage\"},\"image\":{\"@id\":\"https:\\\/\\\/dezuivelarij.be\\\/de\\\/austernpilz-auberginen-hanf-sesam\\\/#primaryimage\"},\"thumbnailUrl\":\"http:\\\/\\\/www.berloumi.be\\\/wp-content\\\/uploads\\\/2016\\\/02\\\/DSC_0002-e1454440865369.jpg\",\"datePublished\":\"2022-09-27T12:59:31+00:00\",\"dateModified\":\"2025-03-08T12:02:39+00:00\",\"breadcrumb\":{\"@id\":\"https:\\\/\\\/dezuivelarij.be\\\/de\\\/austernpilz-auberginen-hanf-sesam\\\/#breadcrumb\"},\"inLanguage\":\"de\",\"potentialAction\":[{\"@type\":\"ReadAction\",\"target\":[\"https:\\\/\\\/dezuivelarij.be\\\/de\\\/austernpilz-auberginen-hanf-sesam\\\/\"]}]},{\"@type\":\"ImageObject\",\"inLanguage\":\"de\",\"@id\":\"https:\\\/\\\/dezuivelarij.be\\\/de\\\/austernpilz-auberginen-hanf-sesam\\\/#primaryimage\",\"url\":\"http:\\\/\\\/www.berloumi.be\\\/wp-content\\\/uploads\\\/2016\\\/02\\\/DSC_0002-e1454440865369.jpg\",\"contentUrl\":\"http:\\\/\\\/www.berloumi.be\\\/wp-content\\\/uploads\\\/2016\\\/02\\\/DSC_0002-e1454440865369.jpg\"},{\"@type\":\"BreadcrumbList\",\"@id\":\"https:\\\/\\\/dezuivelarij.be\\\/de\\\/austernpilz-auberginen-hanf-sesam\\\/#breadcrumb\",\"itemListElement\":[{\"@type\":\"ListItem\",\"position\":1,\"name\":\"Home\",\"item\":\"https:\\\/\\\/dezuivelarij.be\\\/de\\\/\"},{\"@type\":\"ListItem\",\"position\":2,\"name\":\"Austernpilz | Auberginen-| Hanf | Sesam\u00f6l\"}]},{\"@type\":\"WebSite\",\"@id\":\"https:\\\/\\\/dezuivelarij.be\\\/de\\\/#website\",\"url\":\"https:\\\/\\\/dezuivelarij.be\\\/de\\\/\",\"name\":\"De Zuivelarij\",\"description\":\"Kaas met grillen\",\"publisher\":{\"@id\":\"https:\\\/\\\/dezuivelarij.be\\\/de\\\/#organization\"},\"potentialAction\":[{\"@type\":\"SearchAction\",\"target\":{\"@type\":\"EntryPoint\",\"urlTemplate\":\"https:\\\/\\\/dezuivelarij.be\\\/de\\\/?s={search_term_string}\"},\"query-input\":{\"@type\":\"PropertyValueSpecification\",\"valueRequired\":true,\"valueName\":\"search_term_string\"}}],\"inLanguage\":\"de\"},{\"@type\":[\"Organization\",\"Place\"],\"@id\":\"https:\\\/\\\/dezuivelarij.be\\\/de\\\/#organization\",\"name\":\"De Zuivelarij\",\"alternateName\":\"De Zuivelarij BV\",\"url\":\"https:\\\/\\\/dezuivelarij.be\\\/de\\\/\",\"logo\":{\"@id\":\"https:\\\/\\\/dezuivelarij.be\\\/de\\\/austernpilz-auberginen-hanf-sesam\\\/#local-main-organization-logo\"},\"image\":{\"@id\":\"https:\\\/\\\/dezuivelarij.be\\\/de\\\/austernpilz-auberginen-hanf-sesam\\\/#local-main-organization-logo\"},\"sameAs\":[\"https:\\\/\\\/www.facebook.com\\\/DeZuivelarij\\\/\",\"https:\\\/\\\/www.instagram.com\\\/de.zuivelarij\\\/\",\"https:\\\/\\\/nl.pinterest.com\\\/dezuivelarij\\\/\",\"https:\\\/\\\/www.youtube.com\\\/channel\\\/UCK_6xO0p1H4DXoMoW6fMUSw?view_as=subscriber\"],\"telephone\":[],\"openingHoursSpecification\":[{\"@type\":\"OpeningHoursSpecification\",\"dayOfWeek\":[\"Monday\",\"Tuesday\",\"Wednesday\",\"Thursday\",\"Friday\",\"Saturday\",\"Sunday\"],\"opens\":\"09:00\",\"closes\":\"17:00\"}]},{\"@type\":\"ImageObject\",\"inLanguage\":\"de\",\"@id\":\"https:\\\/\\\/dezuivelarij.be\\\/de\\\/austernpilz-auberginen-hanf-sesam\\\/#local-main-organization-logo\",\"url\":\"https:\\\/\\\/i0.wp.com\\\/dezuivelarij.be\\\/wp-content\\\/uploads\\\/2024\\\/11\\\/cropped-cropped-Zuivelarij-1.jpg?fit=96%2C96&ssl=1\",\"contentUrl\":\"https:\\\/\\\/i0.wp.com\\\/dezuivelarij.be\\\/wp-content\\\/uploads\\\/2024\\\/11\\\/cropped-cropped-Zuivelarij-1.jpg?fit=96%2C96&ssl=1\",\"width\":96,\"height\":96,\"caption\":\"De Zuivelarij\"}]}<\/script>\n<!-- \/ Yoast SEO Premium plugin. -->","yoast_head_json":{"title":"Austernpilz | Auberginen-| Hanf | Sesam\u00f6l - De Zuivelarij","robots":{"index":"index","follow":"follow","max-snippet":"max-snippet:-1","max-image-preview":"max-image-preview:large","max-video-preview":"max-video-preview:-1"},"canonical":"https:\/\/dezuivelarij.be\/de\/austernpilz-auberginen-hanf-sesam\/","og_locale":"de_DE","og_type":"article","og_title":"Austernpilz | Auberginen-| Hanf | Sesam\u00f6l","og_description":"Zubereiten 2 Auberginen, in Pommes frites geschnitten 500 g Austernpilze, in dicke Schn\u00fcre geschnitten Salz &amp; Pfeffer Aubergine in Mais\u00f6l mit Salz ca. 8 Minuten backen F\u00fcgen Sie die Austernpilze hinzu und backen Sie f\u00fcr ca. 5 Minuten Mit schwarzem Pfeffer w\u00fcrzen, kurz backen Warmhalten 80 g Hanfsamen (Colruyt) 200 g Mafaldine (Colruyt) oder andere [&hellip;]","og_url":"https:\/\/dezuivelarij.be\/de\/austernpilz-auberginen-hanf-sesam\/","og_site_name":"De Zuivelarij","article_publisher":"https:\/\/www.facebook.com\/DeZuivelarij\/","article_modified_time":"2025-03-08T12:02:39+00:00","og_image":[{"url":"http:\/\/www.berloumi.be\/wp-content\/uploads\/2016\/02\/DSC_0002-e1454440865369.jpg","type":"","width":"","height":""}],"twitter_card":"summary_large_image","twitter_misc":{"Gesch\u00e4tzte Lesezeit":"1\u00a0Minute"},"schema":{"@context":"https:\/\/schema.org","@graph":[{"@type":"WebPage","@id":"https:\/\/dezuivelarij.be\/de\/austernpilz-auberginen-hanf-sesam\/","url":"https:\/\/dezuivelarij.be\/de\/austernpilz-auberginen-hanf-sesam\/","name":"Austernpilz | Auberginen-| Hanf | Sesam\u00f6l - De Zuivelarij","isPartOf":{"@id":"https:\/\/dezuivelarij.be\/de\/#website"},"primaryImageOfPage":{"@id":"https:\/\/dezuivelarij.be\/de\/austernpilz-auberginen-hanf-sesam\/#primaryimage"},"image":{"@id":"https:\/\/dezuivelarij.be\/de\/austernpilz-auberginen-hanf-sesam\/#primaryimage"},"thumbnailUrl":"http:\/\/www.berloumi.be\/wp-content\/uploads\/2016\/02\/DSC_0002-e1454440865369.jpg","datePublished":"2022-09-27T12:59:31+00:00","dateModified":"2025-03-08T12:02:39+00:00","breadcrumb":{"@id":"https:\/\/dezuivelarij.be\/de\/austernpilz-auberginen-hanf-sesam\/#breadcrumb"},"inLanguage":"de","potentialAction":[{"@type":"ReadAction","target":["https:\/\/dezuivelarij.be\/de\/austernpilz-auberginen-hanf-sesam\/"]}]},{"@type":"ImageObject","inLanguage":"de","@id":"https:\/\/dezuivelarij.be\/de\/austernpilz-auberginen-hanf-sesam\/#primaryimage","url":"http:\/\/www.berloumi.be\/wp-content\/uploads\/2016\/02\/DSC_0002-e1454440865369.jpg","contentUrl":"http:\/\/www.berloumi.be\/wp-content\/uploads\/2016\/02\/DSC_0002-e1454440865369.jpg"},{"@type":"BreadcrumbList","@id":"https:\/\/dezuivelarij.be\/de\/austernpilz-auberginen-hanf-sesam\/#breadcrumb","itemListElement":[{"@type":"ListItem","position":1,"name":"Home","item":"https:\/\/dezuivelarij.be\/de\/"},{"@type":"ListItem","position":2,"name":"Austernpilz | Auberginen-| Hanf | Sesam\u00f6l"}]},{"@type":"WebSite","@id":"https:\/\/dezuivelarij.be\/de\/#website","url":"https:\/\/dezuivelarij.be\/de\/","name":"De Zuivelarij","description":"Kaas met grillen","publisher":{"@id":"https:\/\/dezuivelarij.be\/de\/#organization"},"potentialAction":[{"@type":"SearchAction","target":{"@type":"EntryPoint","urlTemplate":"https:\/\/dezuivelarij.be\/de\/?s={search_term_string}"},"query-input":{"@type":"PropertyValueSpecification","valueRequired":true,"valueName":"search_term_string"}}],"inLanguage":"de"},{"@type":["Organization","Place"],"@id":"https:\/\/dezuivelarij.be\/de\/#organization","name":"De Zuivelarij","alternateName":"De Zuivelarij BV","url":"https:\/\/dezuivelarij.be\/de\/","logo":{"@id":"https:\/\/dezuivelarij.be\/de\/austernpilz-auberginen-hanf-sesam\/#local-main-organization-logo"},"image":{"@id":"https:\/\/dezuivelarij.be\/de\/austernpilz-auberginen-hanf-sesam\/#local-main-organization-logo"},"sameAs":["https:\/\/www.facebook.com\/DeZuivelarij\/","https:\/\/www.instagram.com\/de.zuivelarij\/","https:\/\/nl.pinterest.com\/dezuivelarij\/","https:\/\/www.youtube.com\/channel\/UCK_6xO0p1H4DXoMoW6fMUSw?view_as=subscriber"],"telephone":[],"openingHoursSpecification":[{"@type":"OpeningHoursSpecification","dayOfWeek":["Monday","Tuesday","Wednesday","Thursday","Friday","Saturday","Sunday"],"opens":"09:00","closes":"17:00"}]},{"@type":"ImageObject","inLanguage":"de","@id":"https:\/\/dezuivelarij.be\/de\/austernpilz-auberginen-hanf-sesam\/#local-main-organization-logo","url":"https:\/\/i0.wp.com\/dezuivelarij.be\/wp-content\/uploads\/2024\/11\/cropped-cropped-Zuivelarij-1.jpg?fit=96%2C96&ssl=1","contentUrl":"https:\/\/i0.wp.com\/dezuivelarij.be\/wp-content\/uploads\/2024\/11\/cropped-cropped-Zuivelarij-1.jpg?fit=96%2C96&ssl=1","width":96,"height":96,"caption":"De Zuivelarij"}]}},"jetpack_sharing_enabled":true,"jetpack_likes_enabled":true,"jetpack-related-posts":[{"id":15346,"url":"https:\/\/dezuivelarij.be\/de\/kichererbsen-auberginen-warmsalat\/","url_meta":{"origin":15377,"position":0},"title":"Kichererbsen, Auberginen, warmer Salat","author":"De Zuivelarij","date":"September 27, 2022","format":false,"excerpt":"1 gro\u00dfe Aubergine, in St\u00fccke von ca. 1 cm\/1 cm geschnitten 5 cl Mais\u00f6l 350 g Kichererbsen, konserviert, abgetropft 1 Chilischote, Samen entfernt, in kleine St\u00fccke geschnitten 3 g Koriander, Pulver 2 g schwarzer Pfeffer, Pulver 2 g Kurkuma, Pulver 1 g Asafoetida, Pulver 1 Zitrone, Saft 2 g Salz\u2026","rel":"","context":"\u00c4hnlicher Beitrag","block_context":{"text":"\u00c4hnlicher Beitrag","link":""},"img":{"alt_text":"","src":"","width":0,"height":0},"classes":[]},{"id":15392,"url":"https:\/\/dezuivelarij.be\/de\/toast-mit-horn-von-fulle-und-salsifizieren\/","url_meta":{"origin":15377,"position":1},"title":"Toast| Horn der F\u00fclle | Schwarzwurzel","author":"De Zuivelarij","date":"September 27, 2022","format":false,"excerpt":"600 g Schwarzwurzeln, gereinigt 700 g Milch Die Schwarzwurzel bei sehr niedriger Hitze zart in der Milch kochen (ca. 30 Minuten, die Milch sollte nicht wirklich kochen) 30 g Butter Zimt, nach Geschmack 40 g Mehl Die Butter in einer Pfanne schmelzen, Zimt und Mehl dazugeben. Unter st\u00e4ndigem R\u00fchren schonend\u2026","rel":"","context":"\u00c4hnlicher Beitrag","block_context":{"text":"\u00c4hnlicher Beitrag","link":""},"img":{"alt_text":"","src":"file:\/\/\/C:\/Users\/David\/AppData\/Local\/Temp\/msohtmlclip1\/02\/clip_image001.png","width":350,"height":200,"srcset":"file:\/\/\/C:\/Users\/David\/AppData\/Local\/Temp\/msohtmlclip1\/02\/clip_image001.png 1x, file:\/\/\/C:\/Users\/David\/AppData\/Local\/Temp\/msohtmlclip1\/02\/clip_image001.png 1.5x, file:\/\/\/C:\/Users\/David\/AppData\/Local\/Temp\/msohtmlclip1\/02\/clip_image001.png 2x, file:\/\/\/C:\/Users\/David\/AppData\/Local\/Temp\/msohtmlclip1\/02\/clip_image001.png 3x"},"classes":[]},{"id":15426,"url":"https:\/\/dezuivelarij.be\/de\/berloumi-gebraten-spinat-linsen-und-zitronen-sauce\/","url_meta":{"origin":15377,"position":2},"title":"Berloumi mit gebratenen Aprikosen, Spinat, Linsen und Zitronensauce","author":"De Zuivelarij","date":"September 27, 2022","format":false,"excerpt":"Rezepte Da es ziemlich viel gibt, das separat zubereitet werden muss, ist dies vielleicht nicht unser einfachstes Rezept. Aber vielleicht unsere festlichste. Zitronensauce mit Kurkuma und Ingwer 100 g fein gehackte Schalotte in 30 g Mais\u00f6l eintopfen. Nach zehn Minuten 30 g fein gehackten Ingwer, 10 g geriebenes frisches Kurkuma,\u2026","rel":"","context":"\u00c4hnlicher Beitrag","block_context":{"text":"\u00c4hnlicher Beitrag","link":""},"img":{"alt_text":"Zitronensauce mit Kurkum","src":"https:\/\/i0.wp.com\/berloumi.be\/wp-content\/uploads\/2016\/06\/DSC_0062-1024x685.jpg?resize=350%2C200&ssl=1","width":350,"height":200,"srcset":"https:\/\/i0.wp.com\/berloumi.be\/wp-content\/uploads\/2016\/06\/DSC_0062-1024x685.jpg?resize=350%2C200&ssl=1 1x, https:\/\/i0.wp.com\/berloumi.be\/wp-content\/uploads\/2016\/06\/DSC_0062-1024x685.jpg?resize=525%2C300&ssl=1 1.5x, https:\/\/i0.wp.com\/berloumi.be\/wp-content\/uploads\/2016\/06\/DSC_0062-1024x685.jpg?resize=700%2C400&ssl=1 2x"},"classes":[]},{"id":15351,"url":"https:\/\/dezuivelarij.be\/de\/897-2-2\/","url_meta":{"origin":15377,"position":3},"title":"Eintopf mit Kichererbsen, Tomaten und Spinat","author":"De Zuivelarij","date":"September 27, 2022","format":false,"excerpt":"1 kleine rote Zwiebel, grob gehackt 2 Knoblauchzehen Bei schwacher Hitze ca. 20 Minuten anbraten 1\/4 TL Chiliflocken 2 TL Kreuzk\u00fcmmel gemahlen 1\/2 TL Fenchelsamen Hinzuf\u00fcgen und backen f\u00fcr 1 Minute 1 EL Tomatenkonzentrat 1 EL brauner Zucker 400 g Kirschtomaten (am besten in Dosen) 400 g Kichererbsen (konserviert) Hinzuf\u00fcgen\u2026","rel":"","context":"\u00c4hnlicher Beitrag","block_context":{"text":"\u00c4hnlicher Beitrag","link":""},"img":{"alt_text":"","src":"","width":0,"height":0},"classes":[]},{"id":15531,"url":"https:\/\/dezuivelarij.be\/de\/shakshuka-mit-berloumi\/","url_meta":{"origin":15377,"position":4},"title":"Shakshuka mit Berloumi","author":"De Zuivelarij","date":"Oktober 3, 2022","format":false,"excerpt":"Drei Knoblauchzehen fein hacken. Dann eine Zwiebel in St\u00fccke schneiden und eine rote Paprika sch\u00e4len und schneiden. 200g Berloumi in Scheiben schneiden. Etwas Oliven\u00f6l in einer gro\u00dfen Pfanne bei mittlerer Hitze erhitzen. F\u00fcgen Sie einen Essl\u00f6ffel K\u00fcmmel und einen Essl\u00f6ffel Kreuzk\u00fcmmelsamen hinzu. Dann f\u00fcgen Sie Knoblauch, Zwiebel und rote Paprika\u2026","rel":"","context":"\u00c4hnlicher Beitrag","block_context":{"text":"\u00c4hnlicher Beitrag","link":""},"img":{"alt_text":"","src":"https:\/\/i0.wp.com\/berloumi.be\/wp-content\/uploads\/2022\/09\/287023037_512655400692687_6647835109952325196_n-1024x823.jpg?resize=350%2C200&ssl=1","width":350,"height":200,"srcset":"https:\/\/i0.wp.com\/berloumi.be\/wp-content\/uploads\/2022\/09\/287023037_512655400692687_6647835109952325196_n-1024x823.jpg?resize=350%2C200&ssl=1 1x, https:\/\/i0.wp.com\/berloumi.be\/wp-content\/uploads\/2022\/09\/287023037_512655400692687_6647835109952325196_n-1024x823.jpg?resize=525%2C300&ssl=1 1.5x, https:\/\/i0.wp.com\/berloumi.be\/wp-content\/uploads\/2022\/09\/287023037_512655400692687_6647835109952325196_n-1024x823.jpg?resize=700%2C400&ssl=1 2x"},"classes":[]},{"id":15419,"url":"https:\/\/dezuivelarij.be\/de\/berloumi-spiess\/","url_meta":{"origin":15377,"position":5},"title":"Berloumi-Spie\u00df mit Ananas, Paprika-Coulis und Fladenbrot","author":"De Zuivelarij","date":"September 27, 2022","format":false,"excerpt":"Ehrlich gesagt, zugegeben. Wir sind selbst kein gro\u00dfer Fan dieses Berloumi-Spie\u00dfes. Es ist lecker und es sieht toll aus. Aber es ist nicht praktikabel. Wenn Sie f\u00fcr viele Leute grillen, wird das Berloumi-Grillen auf dem Grill ohne den Spie\u00df einfacher. Haben Sie Zeit und m\u00f6chten Sie, dass es besonders sch\u00f6n\u2026","rel":"","context":"\u00c4hnlicher Beitrag","block_context":{"text":"\u00c4hnlicher Beitrag","link":""},"img":{"alt_text":"Halloumi, Grill","src":"https:\/\/i0.wp.com\/berloumi.be\/wp-content\/uploads\/2016\/04\/DSC_0246-1140x760.jpg?resize=350%2C200&ssl=1","width":350,"height":200,"srcset":"https:\/\/i0.wp.com\/berloumi.be\/wp-content\/uploads\/2016\/04\/DSC_0246-1140x760.jpg?resize=350%2C200&ssl=1 1x, https:\/\/i0.wp.com\/berloumi.be\/wp-content\/uploads\/2016\/04\/DSC_0246-1140x760.jpg?resize=525%2C300&ssl=1 1.5x, https:\/\/i0.wp.com\/berloumi.be\/wp-content\/uploads\/2016\/04\/DSC_0246-1140x760.jpg?resize=700%2C400&ssl=1 2x, https:\/\/i0.wp.com\/berloumi.be\/wp-content\/uploads\/2016\/04\/DSC_0246-1140x760.jpg?resize=1050%2C600&ssl=1 3x"},"classes":[]}],"_links":{"self":[{"href":"https:\/\/dezuivelarij.be\/de\/wp-json\/wp\/v2\/pages\/15377","targetHints":{"allow":["GET"]}}],"collection":[{"href":"https:\/\/dezuivelarij.be\/de\/wp-json\/wp\/v2\/pages"}],"about":[{"href":"https:\/\/dezuivelarij.be\/de\/wp-json\/wp\/v2\/types\/page"}],"author":[{"embeddable":true,"href":"https:\/\/dezuivelarij.be\/de\/wp-json\/wp\/v2\/users\/1"}],"replies":[{"embeddable":true,"href":"https:\/\/dezuivelarij.be\/de\/wp-json\/wp\/v2\/comments?post=15377"}],"version-history":[{"count":1,"href":"https:\/\/dezuivelarij.be\/de\/wp-json\/wp\/v2\/pages\/15377\/revisions"}],"predecessor-version":[{"id":18153,"href":"https:\/\/dezuivelarij.be\/de\/wp-json\/wp\/v2\/pages\/15377\/revisions\/18153"}],"wp:attachment":[{"href":"https:\/\/dezuivelarij.be\/de\/wp-json\/wp\/v2\/media?parent=15377"}],"wp:term":[{"taxonomy":"category","embeddable":true,"href":"https:\/\/dezuivelarij.be\/de\/wp-json\/wp\/v2\/categories?post=15377"},{"taxonomy":"post_tag","embeddable":true,"href":"https:\/\/dezuivelarij.be\/de\/wp-json\/wp\/v2\/tags?post=15377"}],"curies":[{"name":"wp","href":"https:\/\/api.w.org\/{rel}","templated":true}]}}