{"id":15340,"date":"2022-09-27T14:55:09","date_gmt":"2022-09-27T12:55:09","guid":{"rendered":"https:\/\/berloumi.be\/ricotta-brotchen\/"},"modified":"2025-03-08T13:02:24","modified_gmt":"2025-03-08T12:02:24","slug":"ricotta-brotchen","status":"publish","type":"page","link":"https:\/\/dezuivelarij.be\/de\/ricotta-brotchen\/","title":{"rendered":"Ricotta Sandwiches"},"content":{"rendered":"\n<div style=\"height:30px\" aria-hidden=\"true\" class=\"wp-block-spacer\"><\/div>\n\n<div class=\"wp-block-columns is-layout-flex wp-container-core-columns-is-layout-9d6595d7 wp-block-columns-is-layout-flex\">\n<div class=\"wp-block-column is-layout-flow wp-block-column-is-layout-flow\" style=\"flex-basis:15%\"><\/div>\n\n\n\n<div class=\"wp-block-column is-layout-flow wp-block-column-is-layout-flow\">\n<p class=\"has-normal-font-size\">Diese herzhaften Ricotta-Br\u00f6tchen sind nur mit unserem <a href=\"https:\/\/berloumi.be\/ricotta-van-berloumi\/\">Ricotta von Berloumi<\/a> und viel Basilikum gef\u00fcllt. Wenn sie schwierig zu machen w\u00e4ren, dann w\u00fcrden wir es auch sagen, aber &#8230; Sie sind \u00fcberhaupt nicht schwer herzustellen. Sorgte zumindest f\u00fcr etwas Erfahrung beim Brotbacken. Hier in der <a href=\"https:\/\/dezuivelarij.be\">Zuivelarij<\/a> machten sie zum ersten Mal und das verlief reibungslos. Das n\u00e4chste Mal w\u00fcrden wir ein wenig geriebenen trockenen Mozzarella und Pesto in die F\u00fcllung geben.<\/p>\n<\/div>\n\n\n\n<div class=\"wp-block-column is-layout-flow wp-block-column-is-layout-flow\" style=\"flex-basis:15%\"><\/div>\n<\/div>\n\n<div style=\"height:40px\" aria-hidden=\"true\" class=\"wp-block-spacer\"><\/div>\n\n<figure class=\"wp-block-image size-large\"><img data-recalc-dims=\"1\" height=\"716\" width=\"1024\" decoding=\"async\" src=\"https:\/\/i0.wp.com\/berloumi.be\/wp-content\/uploads\/2020\/09\/Ricotta-broodjes-op-bakplaat-1024x716.jpg?resize=1024%2C716&#038;ssl=1\" alt=\"\" class=\"wp-image-10754\"\/><\/figure>\n\n<div style=\"height:40px\" aria-hidden=\"true\" class=\"wp-block-spacer\"><\/div>\n\n<h3 class=\"wp-block-heading\">Einfache Brotteigherstellung.<\/h3>\n\n<div style=\"height:20px\" aria-hidden=\"true\" class=\"wp-block-spacer\"><\/div>\n\n<p class=\"has-normal-font-size\">F\u00fcr diesen einfachen Brotteig mischen <strong>Sie 500 Gramm Weizenmehl<\/strong> mit einem Teel\u00f6ffel <strong>Trockenhefe, einem Teel\u00f6ffel Salz und 330 &#8211; 360 Gramm Wasser.<\/strong> Zun\u00e4chst mit einer Hand zu <strong>einer<\/strong> homogenen Masse verr\u00fchren und dann mit <strong>zwei H\u00e4nden zu einem glatten<\/strong> Teig kneten. Das dauert etwa zehn Minuten. Dann den Teig bedeckt eine Stunde bei Raumtemperatur aufgehen lassen. Falten Sie es nach einer halben Stunde \u00fcbereinander. Es ist nicht die Absicht, dass der Teig bereits aufgeht, bevor Sie ihn ausrollen m\u00fcssen. In diesem Fall den Teig an einen k\u00e4lteren Ort geben. Sie k\u00f6nnen diesen Schritt auch vorbereiten und den Teig bedeckt in den K\u00fchlschrank stellen.<\/p>\n\n<div style=\"height:40px\" aria-hidden=\"true\" class=\"wp-block-spacer\"><\/div>\n\n<h3 class=\"wp-block-heading\">Herstellung von Ricotta-Sandwiches<\/h3>\n\n<div style=\"height:20px\" aria-hidden=\"true\" class=\"wp-block-spacer\"><\/div>\n\n<div class=\"wp-block-columns is-layout-flex wp-container-core-columns-is-layout-9d6595d7 wp-block-columns-is-layout-flex\">\n<div class=\"wp-block-column is-layout-flow wp-block-column-is-layout-flow\">\n<figure class=\"wp-block-image size-large is-style-default\"><img data-recalc-dims=\"1\" height=\"1024\" width=\"1022\" decoding=\"async\" src=\"https:\/\/i0.wp.com\/berloumi.be\/wp-content\/uploads\/2020\/09\/Brooddeeg-met-ricotta-1022x1024.jpg?resize=1022%2C1024&#038;ssl=1\" alt=\"\" class=\"wp-image-10767\"\/><\/figure>\n<\/div>\n\n\n\n<div class=\"wp-block-column is-layout-flow wp-block-column-is-layout-flow\">\n<figure class=\"wp-block-image size-large is-style-default\"><img data-recalc-dims=\"1\" height=\"1019\" width=\"1024\" decoding=\"async\" src=\"https:\/\/i0.wp.com\/berloumi.be\/wp-content\/uploads\/2020\/09\/Brooddeeg-opgerold-met-ricotta-en-basilicum-Groot-1024x1019.jpg?resize=1024%2C1019&#038;ssl=1\" alt=\"Brot, Ricotta, Basilikum\" class=\"wp-image-10777\"\/><\/figure>\n<\/div>\n\n\n\n<div class=\"wp-block-column is-layout-flow wp-block-column-is-layout-flow\">\n<figure class=\"wp-block-image size-large is-style-default\"><img decoding=\"async\" src=\"https:\/\/i0.wp.com\/berloumi.be\/wp-content\/uploads\/2020\/09\/Ricotta-rolls-met-basilicum.jpg?fit=1024%2C1006&amp;ssl=1\" alt=\"\" class=\"wp-image-10781\"\/><\/figure>\n<\/div>\n<\/div>\n\n<p class=\"has-normal-font-size\">Den Teig ein wenig ballen und dann den Teig auf einer bemehlten Oberfl\u00e4che ausrollen. Anfangs wird sich der Teig wehren. Warten Sie in diesem Fall ein wenig und rollen Sie es dann mehrmals weiter aus. Machen Sie den ausgerollten Teig so quadratisch wie m\u00f6glich. Den Teig mit <strong>einem Glas unseres Ricotta ausbreiten<\/strong>. Verwenden Sie dazu die R\u00fcckseite eines L\u00f6ffels. Verteilen Sie viel Basilikumbl\u00e4tter dar\u00fcber. Den Teig fest rollen<\/p>\n\n<div style=\"height:40px\" aria-hidden=\"true\" class=\"wp-block-spacer\"><\/div>\n\n<h3 class=\"wp-block-heading\">Sandwiches aufgehen und backen lassen<\/h3>\n\n<div style=\"height:22px\" aria-hidden=\"true\" class=\"wp-block-spacer\"><\/div>\n\n<p class=\"has-normal-font-size\">Von der Rolle ca. 10 Br\u00f6tchen schneiden und auf ein mit \u00d6l eingeriebenes Backblech legen. Decken Sie sie mit Frischhaltefolie ab und lassen Sie sie bei Raumtemperatur etwa eine Stunde lang aufgehen. In der Zwischenzeit den Ofen auf maximale Temperatur erhitzen. Backen Sie die Br\u00f6tchen f\u00fcr 25 Minuten und lassen Sie sie dann abk\u00fchlen.<\/p>\n\n<div style=\"height:100px\" aria-hidden=\"true\" class=\"wp-block-spacer\"><\/div>\n\n<p class=\"has-text-align-center has-normal-font-size\">Teilen Sie diese Seite, wenn Sie m\u00f6chten?<\/p>\n\n<div style=\"height:50px\" aria-hidden=\"true\" class=\"wp-block-spacer\"><\/div>\n","protected":false},"excerpt":{"rendered":"<p>Diese herzhaften Ricotta-Br\u00f6tchen sind nur mit unserem Ricotta von Berloumi und viel Basilikum gef\u00fcllt. Wenn sie schwierig zu machen w\u00e4ren, dann w\u00fcrden wir es auch sagen, aber &#8230; Sie sind \u00fcberhaupt nicht schwer herzustellen. Sorgte zumindest f\u00fcr etwas Erfahrung beim Brotbacken. Hier in der Zuivelarij machten sie zum ersten Mal und das verlief reibungslos. Das [&hellip;]<\/p>\n","protected":false},"author":1,"featured_media":10797,"parent":0,"menu_order":0,"comment_status":"closed","ping_status":"closed","template":"","meta":{"jetpack_post_was_ever_published":false,"footnotes":"","_wp_rev_ctl_limit":""},"categories":[],"tags":[],"class_list":["post-15340","page","type-page","status-publish","has-post-thumbnail","hentry"],"yoast_head":"<!-- This site is optimized with the Yoast SEO Premium plugin v27.4 (Yoast SEO v27.4) - https:\/\/yoast.com\/product\/yoast-seo-premium-wordpress\/ -->\n<title>Brunch-Sandwiches mit Berloumi-Ricotta und Basilikum<\/title>\n<meta name=\"description\" content=\"Diese Ricotta-Br\u00f6tchen sehen etwas kompliziert aus, aber wenn Sie (ein wenig) Brot backen k\u00f6nnen, sind sie sehr einfach zuzubereiten.\" \/>\n<meta name=\"robots\" content=\"index, follow, max-snippet:-1, max-image-preview:large, max-video-preview:-1\" \/>\n<link rel=\"canonical\" href=\"https:\/\/dezuivelarij.be\/de\/ricotta-brotchen\/\" \/>\n<meta property=\"og:locale\" content=\"de_DE\" \/>\n<meta property=\"og:type\" content=\"article\" \/>\n<meta property=\"og:title\" content=\"Brunch-Sandwiches mit Ricotta aus Berloumi.\" \/>\n<meta property=\"og:description\" content=\"Diese Ricotta-Br\u00f6tchen sehen etwas kompliziert aus, aber wenn Sie (ein wenig) Brot backen k\u00f6nnen, sind sie sehr einfach zuzubereiten.\" \/>\n<meta property=\"og:url\" content=\"https:\/\/dezuivelarij.be\/de\/ricotta-brotchen\/\" \/>\n<meta property=\"og:site_name\" content=\"De Zuivelarij\" \/>\n<meta property=\"article:publisher\" content=\"https:\/\/www.facebook.com\/DeZuivelarij\/\" \/>\n<meta property=\"article:modified_time\" content=\"2025-03-08T12:02:24+00:00\" \/>\n<meta name=\"twitter:card\" content=\"summary_large_image\" \/>\n<meta name=\"twitter:title\" content=\"Ricotta Sandwiches\" \/>\n<meta name=\"twitter:label1\" content=\"Gesch\u00e4tzte Lesezeit\" \/>\n\t<meta name=\"twitter:data1\" content=\"2\u00a0Minuten\" \/>\n<script type=\"application\/ld+json\" class=\"yoast-schema-graph\">{\"@context\":\"https:\\\/\\\/schema.org\",\"@graph\":[{\"@type\":\"WebPage\",\"@id\":\"https:\\\/\\\/dezuivelarij.be\\\/de\\\/ricotta-brotchen\\\/\",\"url\":\"https:\\\/\\\/dezuivelarij.be\\\/de\\\/ricotta-brotchen\\\/\",\"name\":\"Brunch-Sandwiches mit Berloumi-Ricotta und Basilikum\",\"isPartOf\":{\"@id\":\"https:\\\/\\\/dezuivelarij.be\\\/de\\\/#website\"},\"primaryImageOfPage\":{\"@id\":\"https:\\\/\\\/dezuivelarij.be\\\/de\\\/ricotta-brotchen\\\/#primaryimage\"},\"image\":{\"@id\":\"https:\\\/\\\/dezuivelarij.be\\\/de\\\/ricotta-brotchen\\\/#primaryimage\"},\"thumbnailUrl\":\"\",\"datePublished\":\"2022-09-27T12:55:09+00:00\",\"dateModified\":\"2025-03-08T12:02:24+00:00\",\"description\":\"Diese Ricotta-Br\u00f6tchen sehen etwas kompliziert aus, aber wenn Sie (ein wenig) Brot backen k\u00f6nnen, sind sie sehr einfach zuzubereiten.\",\"breadcrumb\":{\"@id\":\"https:\\\/\\\/dezuivelarij.be\\\/de\\\/ricotta-brotchen\\\/#breadcrumb\"},\"inLanguage\":\"de\",\"potentialAction\":[{\"@type\":\"ReadAction\",\"target\":[\"https:\\\/\\\/dezuivelarij.be\\\/de\\\/ricotta-brotchen\\\/\"]}]},{\"@type\":\"ImageObject\",\"inLanguage\":\"de\",\"@id\":\"https:\\\/\\\/dezuivelarij.be\\\/de\\\/ricotta-brotchen\\\/#primaryimage\",\"url\":\"\",\"contentUrl\":\"\"},{\"@type\":\"BreadcrumbList\",\"@id\":\"https:\\\/\\\/dezuivelarij.be\\\/de\\\/ricotta-brotchen\\\/#breadcrumb\",\"itemListElement\":[{\"@type\":\"ListItem\",\"position\":1,\"name\":\"Home\",\"item\":\"https:\\\/\\\/dezuivelarij.be\\\/de\\\/\"},{\"@type\":\"ListItem\",\"position\":2,\"name\":\"Ricotta Sandwiches\"}]},{\"@type\":\"WebSite\",\"@id\":\"https:\\\/\\\/dezuivelarij.be\\\/de\\\/#website\",\"url\":\"https:\\\/\\\/dezuivelarij.be\\\/de\\\/\",\"name\":\"De Zuivelarij\",\"description\":\"Kaas met grillen\",\"publisher\":{\"@id\":\"https:\\\/\\\/dezuivelarij.be\\\/de\\\/#organization\"},\"potentialAction\":[{\"@type\":\"SearchAction\",\"target\":{\"@type\":\"EntryPoint\",\"urlTemplate\":\"https:\\\/\\\/dezuivelarij.be\\\/de\\\/?s={search_term_string}\"},\"query-input\":{\"@type\":\"PropertyValueSpecification\",\"valueRequired\":true,\"valueName\":\"search_term_string\"}}],\"inLanguage\":\"de\"},{\"@type\":[\"Organization\",\"Place\"],\"@id\":\"https:\\\/\\\/dezuivelarij.be\\\/de\\\/#organization\",\"name\":\"De Zuivelarij\",\"alternateName\":\"De Zuivelarij BV\",\"url\":\"https:\\\/\\\/dezuivelarij.be\\\/de\\\/\",\"logo\":{\"@id\":\"https:\\\/\\\/dezuivelarij.be\\\/de\\\/ricotta-brotchen\\\/#local-main-organization-logo\"},\"image\":{\"@id\":\"https:\\\/\\\/dezuivelarij.be\\\/de\\\/ricotta-brotchen\\\/#local-main-organization-logo\"},\"sameAs\":[\"https:\\\/\\\/www.facebook.com\\\/DeZuivelarij\\\/\",\"https:\\\/\\\/www.instagram.com\\\/de.zuivelarij\\\/\",\"https:\\\/\\\/nl.pinterest.com\\\/dezuivelarij\\\/\",\"https:\\\/\\\/www.youtube.com\\\/channel\\\/UCK_6xO0p1H4DXoMoW6fMUSw?view_as=subscriber\"],\"telephone\":[],\"openingHoursSpecification\":[{\"@type\":\"OpeningHoursSpecification\",\"dayOfWeek\":[\"Monday\",\"Tuesday\",\"Wednesday\",\"Thursday\",\"Friday\",\"Saturday\",\"Sunday\"],\"opens\":\"09:00\",\"closes\":\"17:00\"}]},{\"@type\":\"ImageObject\",\"inLanguage\":\"de\",\"@id\":\"https:\\\/\\\/dezuivelarij.be\\\/de\\\/ricotta-brotchen\\\/#local-main-organization-logo\",\"url\":\"https:\\\/\\\/i0.wp.com\\\/dezuivelarij.be\\\/wp-content\\\/uploads\\\/2024\\\/11\\\/cropped-cropped-Zuivelarij-1.jpg?fit=96%2C96&ssl=1\",\"contentUrl\":\"https:\\\/\\\/i0.wp.com\\\/dezuivelarij.be\\\/wp-content\\\/uploads\\\/2024\\\/11\\\/cropped-cropped-Zuivelarij-1.jpg?fit=96%2C96&ssl=1\",\"width\":96,\"height\":96,\"caption\":\"De Zuivelarij\"}]}<\/script>\n<!-- \/ Yoast SEO Premium plugin. -->","yoast_head_json":{"title":"Brunch-Sandwiches mit Berloumi-Ricotta und Basilikum","description":"Diese Ricotta-Br\u00f6tchen sehen etwas kompliziert aus, aber wenn Sie (ein wenig) Brot backen k\u00f6nnen, sind sie sehr einfach zuzubereiten.","robots":{"index":"index","follow":"follow","max-snippet":"max-snippet:-1","max-image-preview":"max-image-preview:large","max-video-preview":"max-video-preview:-1"},"canonical":"https:\/\/dezuivelarij.be\/de\/ricotta-brotchen\/","og_locale":"de_DE","og_type":"article","og_title":"Brunch-Sandwiches mit Ricotta aus Berloumi.","og_description":"Diese Ricotta-Br\u00f6tchen sehen etwas kompliziert aus, aber wenn Sie (ein wenig) Brot backen k\u00f6nnen, sind sie sehr einfach zuzubereiten.","og_url":"https:\/\/dezuivelarij.be\/de\/ricotta-brotchen\/","og_site_name":"De Zuivelarij","article_publisher":"https:\/\/www.facebook.com\/DeZuivelarij\/","article_modified_time":"2025-03-08T12:02:24+00:00","twitter_card":"summary_large_image","twitter_title":"Ricotta Sandwiches","twitter_misc":{"Gesch\u00e4tzte Lesezeit":"2\u00a0Minuten"},"schema":{"@context":"https:\/\/schema.org","@graph":[{"@type":"WebPage","@id":"https:\/\/dezuivelarij.be\/de\/ricotta-brotchen\/","url":"https:\/\/dezuivelarij.be\/de\/ricotta-brotchen\/","name":"Brunch-Sandwiches mit Berloumi-Ricotta und Basilikum","isPartOf":{"@id":"https:\/\/dezuivelarij.be\/de\/#website"},"primaryImageOfPage":{"@id":"https:\/\/dezuivelarij.be\/de\/ricotta-brotchen\/#primaryimage"},"image":{"@id":"https:\/\/dezuivelarij.be\/de\/ricotta-brotchen\/#primaryimage"},"thumbnailUrl":"","datePublished":"2022-09-27T12:55:09+00:00","dateModified":"2025-03-08T12:02:24+00:00","description":"Diese Ricotta-Br\u00f6tchen sehen etwas kompliziert aus, aber wenn Sie (ein wenig) Brot backen k\u00f6nnen, sind sie sehr einfach zuzubereiten.","breadcrumb":{"@id":"https:\/\/dezuivelarij.be\/de\/ricotta-brotchen\/#breadcrumb"},"inLanguage":"de","potentialAction":[{"@type":"ReadAction","target":["https:\/\/dezuivelarij.be\/de\/ricotta-brotchen\/"]}]},{"@type":"ImageObject","inLanguage":"de","@id":"https:\/\/dezuivelarij.be\/de\/ricotta-brotchen\/#primaryimage","url":"","contentUrl":""},{"@type":"BreadcrumbList","@id":"https:\/\/dezuivelarij.be\/de\/ricotta-brotchen\/#breadcrumb","itemListElement":[{"@type":"ListItem","position":1,"name":"Home","item":"https:\/\/dezuivelarij.be\/de\/"},{"@type":"ListItem","position":2,"name":"Ricotta Sandwiches"}]},{"@type":"WebSite","@id":"https:\/\/dezuivelarij.be\/de\/#website","url":"https:\/\/dezuivelarij.be\/de\/","name":"De Zuivelarij","description":"Kaas met grillen","publisher":{"@id":"https:\/\/dezuivelarij.be\/de\/#organization"},"potentialAction":[{"@type":"SearchAction","target":{"@type":"EntryPoint","urlTemplate":"https:\/\/dezuivelarij.be\/de\/?s={search_term_string}"},"query-input":{"@type":"PropertyValueSpecification","valueRequired":true,"valueName":"search_term_string"}}],"inLanguage":"de"},{"@type":["Organization","Place"],"@id":"https:\/\/dezuivelarij.be\/de\/#organization","name":"De Zuivelarij","alternateName":"De Zuivelarij BV","url":"https:\/\/dezuivelarij.be\/de\/","logo":{"@id":"https:\/\/dezuivelarij.be\/de\/ricotta-brotchen\/#local-main-organization-logo"},"image":{"@id":"https:\/\/dezuivelarij.be\/de\/ricotta-brotchen\/#local-main-organization-logo"},"sameAs":["https:\/\/www.facebook.com\/DeZuivelarij\/","https:\/\/www.instagram.com\/de.zuivelarij\/","https:\/\/nl.pinterest.com\/dezuivelarij\/","https:\/\/www.youtube.com\/channel\/UCK_6xO0p1H4DXoMoW6fMUSw?view_as=subscriber"],"telephone":[],"openingHoursSpecification":[{"@type":"OpeningHoursSpecification","dayOfWeek":["Monday","Tuesday","Wednesday","Thursday","Friday","Saturday","Sunday"],"opens":"09:00","closes":"17:00"}]},{"@type":"ImageObject","inLanguage":"de","@id":"https:\/\/dezuivelarij.be\/de\/ricotta-brotchen\/#local-main-organization-logo","url":"https:\/\/i0.wp.com\/dezuivelarij.be\/wp-content\/uploads\/2024\/11\/cropped-cropped-Zuivelarij-1.jpg?fit=96%2C96&ssl=1","contentUrl":"https:\/\/i0.wp.com\/dezuivelarij.be\/wp-content\/uploads\/2024\/11\/cropped-cropped-Zuivelarij-1.jpg?fit=96%2C96&ssl=1","width":96,"height":96,"caption":"De Zuivelarij"}]}},"jetpack_sharing_enabled":true,"jetpack_likes_enabled":true,"jetpack-related-posts":[{"id":15419,"url":"https:\/\/dezuivelarij.be\/de\/berloumi-spiess\/","url_meta":{"origin":15340,"position":0},"title":"Berloumi-Spie\u00df mit Ananas, Paprika-Coulis und Fladenbrot","author":"De Zuivelarij","date":"September 27, 2022","format":false,"excerpt":"Ehrlich gesagt, zugegeben. Wir sind selbst kein gro\u00dfer Fan dieses Berloumi-Spie\u00dfes. Es ist lecker und es sieht toll aus. Aber es ist nicht praktikabel. Wenn Sie f\u00fcr viele Leute grillen, wird das Berloumi-Grillen auf dem Grill ohne den Spie\u00df einfacher. Haben Sie Zeit und m\u00f6chten Sie, dass es besonders sch\u00f6n\u2026","rel":"","context":"\u00c4hnlicher Beitrag","block_context":{"text":"\u00c4hnlicher Beitrag","link":""},"img":{"alt_text":"Halloumi, Grill","src":"https:\/\/i0.wp.com\/berloumi.be\/wp-content\/uploads\/2016\/04\/DSC_0246-1140x760.jpg?resize=350%2C200&ssl=1","width":350,"height":200,"srcset":"https:\/\/i0.wp.com\/berloumi.be\/wp-content\/uploads\/2016\/04\/DSC_0246-1140x760.jpg?resize=350%2C200&ssl=1 1x, https:\/\/i0.wp.com\/berloumi.be\/wp-content\/uploads\/2016\/04\/DSC_0246-1140x760.jpg?resize=525%2C300&ssl=1 1.5x, https:\/\/i0.wp.com\/berloumi.be\/wp-content\/uploads\/2016\/04\/DSC_0246-1140x760.jpg?resize=700%2C400&ssl=1 2x, https:\/\/i0.wp.com\/berloumi.be\/wp-content\/uploads\/2016\/04\/DSC_0246-1140x760.jpg?resize=1050%2C600&ssl=1 3x"},"classes":[]},{"id":15385,"url":"https:\/\/dezuivelarij.be\/de\/gerostete-sprossen\/","url_meta":{"origin":15340,"position":1},"title":"Auflauf mit ger\u00f6steten Sprossen und flauschigem Kartoffelp\u00fcree mit Meerrettich.","author":"De Zuivelarij","date":"September 27, 2022","format":false,"excerpt":"Auflauf mit Berloumi, ger\u00f6steten Sprossen, fluffigem Kartoffelp\u00fcree mit Labneh und Meerrettich. Rosenkohl wird so viel schmackhafter, wenn er im Ofen ger\u00f6stet wird. Es sei denn, Sie essen sie roh wie in diesem Salat. Backen Sie sie auf einer Auflaufform, bis sie anfangen, schwarze R\u00e4nder zu zeigen und zu echten Geschmacksbomben\u2026","rel":"","context":"\u00c4hnlicher Beitrag","block_context":{"text":"\u00c4hnlicher Beitrag","link":""},"img":{"alt_text":"","src":"https:\/\/i0.wp.com\/berloumi.be\/wp-content\/uploads\/2020\/11\/Puree-met-geroosterde-spruitjes-1024x576.jpg?resize=350%2C200&ssl=1","width":350,"height":200,"srcset":"https:\/\/i0.wp.com\/berloumi.be\/wp-content\/uploads\/2020\/11\/Puree-met-geroosterde-spruitjes-1024x576.jpg?resize=350%2C200&ssl=1 1x, https:\/\/i0.wp.com\/berloumi.be\/wp-content\/uploads\/2020\/11\/Puree-met-geroosterde-spruitjes-1024x576.jpg?resize=525%2C300&ssl=1 1.5x, https:\/\/i0.wp.com\/berloumi.be\/wp-content\/uploads\/2020\/11\/Puree-met-geroosterde-spruitjes-1024x576.jpg?resize=700%2C400&ssl=1 2x"},"classes":[]},{"id":2794,"url":"https:\/\/dezuivelarij.be\/de\/","url_meta":{"origin":15340,"position":2},"title":"De Zuivelarij","author":"De Zuivelarij","date":"November 3, 2019","format":false,"excerpt":"De Zuivelarij is sinds 2017 een kaasmakerij in Berlare. In het begin was het de bedoeling om kleinschalig en als hobby zuivelproducten te maken met melk van boeren uit de buurt. Maar onze Berloumi grillkaas kende al snel succes, waardoor we verder konden groeien. Ondertussen specialiseren we ons in creatieve,\u2026","rel":"","context":"\u00c4hnlicher Beitrag","block_context":{"text":"\u00c4hnlicher Beitrag","link":""},"img":{"alt_text":"logo de zuivelarij","src":"https:\/\/i0.wp.com\/dezuivelarij.be\/wp-content\/uploads\/2018\/11\/De-Zuivelarij-logo.jpg?fit=1200%2C462&ssl=1&resize=350%2C200","width":350,"height":200,"srcset":"https:\/\/i0.wp.com\/dezuivelarij.be\/wp-content\/uploads\/2018\/11\/De-Zuivelarij-logo.jpg?fit=1200%2C462&ssl=1&resize=350%2C200 1x, https:\/\/i0.wp.com\/dezuivelarij.be\/wp-content\/uploads\/2018\/11\/De-Zuivelarij-logo.jpg?fit=1200%2C462&ssl=1&resize=525%2C300 1.5x, https:\/\/i0.wp.com\/dezuivelarij.be\/wp-content\/uploads\/2018\/11\/De-Zuivelarij-logo.jpg?fit=1200%2C462&ssl=1&resize=700%2C400 2x, https:\/\/i0.wp.com\/dezuivelarij.be\/wp-content\/uploads\/2018\/11\/De-Zuivelarij-logo.jpg?fit=1200%2C462&ssl=1&resize=1050%2C600 3x"},"classes":[]},{"id":15333,"url":"https:\/\/dezuivelarij.be\/de\/bruschetta-mit-ricotta\/","url_meta":{"origin":15340,"position":3},"title":"Unterk\u00fcnfte in Bruschetta","author":"De Zuivelarij","date":"September 27, 2022","format":false,"excerpt":"Bruschetta mit Ricotta von Berloumi und Tomaten Berloumi's Ricotta aus unserer Molkerei ist schon so cremig und weich, dass man damit nichts mehr zu tun hat. Verteilen Sie den Ricotta in einer glatten Bewegung auf der Bruschetta und lassen Sie ein wenig Platz in der Mitte, um die Garnitur darauf\u2026","rel":"","context":"\u00c4hnlicher Beitrag","block_context":{"text":"\u00c4hnlicher Beitrag","link":""},"img":{"alt_text":"","src":"https:\/\/i0.wp.com\/berloumi.be\/wp-content\/uploads\/2020\/08\/20200807_062316-2-Groot-1024x693.jpg?resize=350%2C200&ssl=1","width":350,"height":200,"srcset":"https:\/\/i0.wp.com\/berloumi.be\/wp-content\/uploads\/2020\/08\/20200807_062316-2-Groot-1024x693.jpg?resize=350%2C200&ssl=1 1x, https:\/\/i0.wp.com\/berloumi.be\/wp-content\/uploads\/2020\/08\/20200807_062316-2-Groot-1024x693.jpg?resize=525%2C300&ssl=1 1.5x, https:\/\/i0.wp.com\/berloumi.be\/wp-content\/uploads\/2020\/08\/20200807_062316-2-Groot-1024x693.jpg?resize=700%2C400&ssl=1 2x"},"classes":[]},{"id":15363,"url":"https:\/\/dezuivelarij.be\/de\/salat-tipps\/","url_meta":{"origin":15340,"position":4},"title":"Zu viele Salattipps.","author":"De Zuivelarij","date":"September 27, 2022","format":false,"excerpt":"Mit unseren Berloumi, Labneh, viVie und Ricotta ist es dankbar, alle Arten von Salaten zu machen. Auf unserer Rezeptseite findest du viele leckere Salatrezepte. Wer selbst durchstarten m\u00f6chte, findet unten viele Salattipps f\u00fcr den leckersten Salat. Salat mit unserem ViVie und zwei Texturen von Rosenkohl. Salat-TippsReflektieren Sie, bevor Sie beginnen,\u2026","rel":"","context":"In &quot;Unkategorisiert&quot;","block_context":{"text":"Unkategorisiert","link":"https:\/\/dezuivelarij.be\/de\/category\/unkategorisiert\/"},"img":{"alt_text":"","src":"https:\/\/i0.wp.com\/dezuivelarij.be\/wp-content\/uploads\/2021\/06\/Berloumi_Logo-zuivelarij_RGB_HighRes.png?resize=350%2C200&ssl=1","width":350,"height":200,"srcset":"https:\/\/i0.wp.com\/dezuivelarij.be\/wp-content\/uploads\/2021\/06\/Berloumi_Logo-zuivelarij_RGB_HighRes.png?resize=350%2C200&ssl=1 1x, https:\/\/i0.wp.com\/dezuivelarij.be\/wp-content\/uploads\/2021\/06\/Berloumi_Logo-zuivelarij_RGB_HighRes.png?resize=525%2C300&ssl=1 1.5x, https:\/\/i0.wp.com\/dezuivelarij.be\/wp-content\/uploads\/2021\/06\/Berloumi_Logo-zuivelarij_RGB_HighRes.png?resize=700%2C400&ssl=1 2x, https:\/\/i0.wp.com\/dezuivelarij.be\/wp-content\/uploads\/2021\/06\/Berloumi_Logo-zuivelarij_RGB_HighRes.png?resize=1050%2C600&ssl=1 3x, https:\/\/i0.wp.com\/dezuivelarij.be\/wp-content\/uploads\/2021\/06\/Berloumi_Logo-zuivelarij_RGB_HighRes.png?resize=1400%2C800&ssl=1 4x"},"classes":[]},{"id":15359,"url":"https:\/\/dezuivelarij.be\/de\/gesund\/","url_meta":{"origin":15340,"position":5},"title":"Berloumi, Zusammensetzung und Inhaltsstoffe","author":"De Zuivelarij","date":"September 27, 2022","format":false,"excerpt":"Durchschnittlicher N\u00e4hrwert pro 100 Gramm Energie340 kcal \/ 1409 kJFett28,3davon ges\u00e4ttigt20,3Kohlenhydrate2,8davon Zucker2Proteine18,9Salz2,25 Zutaten: pasteurisierte Kuh- und Schafsmilch, Raps\u00f6l, Salz, S\u00e4ureregulator (E575), vegetarisches Lab, Chili, Minze, Konservierungsmittel (E202). Allergene: Milch. Kann Spuren von Senf enthalten Ist Berloumi gesund Nat\u00fcrlich ist Berloumi gesund! Aber in unserer Molkerei geht es uns vor allem\u2026","rel":"","context":"\u00c4hnlicher Beitrag","block_context":{"text":"\u00c4hnlicher Beitrag","link":""},"img":{"alt_text":"berloumi, gezond","src":"https:\/\/i0.wp.com\/dezuivelarij.be\/wp-content\/uploads\/2025\/08\/berloumi_terroir_TLD_2967_web-1024x684-1.jpg?fit=1024%2C684&ssl=1&resize=350%2C200","width":350,"height":200,"srcset":"https:\/\/i0.wp.com\/dezuivelarij.be\/wp-content\/uploads\/2025\/08\/berloumi_terroir_TLD_2967_web-1024x684-1.jpg?fit=1024%2C684&ssl=1&resize=350%2C200 1x, https:\/\/i0.wp.com\/dezuivelarij.be\/wp-content\/uploads\/2025\/08\/berloumi_terroir_TLD_2967_web-1024x684-1.jpg?fit=1024%2C684&ssl=1&resize=525%2C300 1.5x, https:\/\/i0.wp.com\/dezuivelarij.be\/wp-content\/uploads\/2025\/08\/berloumi_terroir_TLD_2967_web-1024x684-1.jpg?fit=1024%2C684&ssl=1&resize=700%2C400 2x"},"classes":[]}],"_links":{"self":[{"href":"https:\/\/dezuivelarij.be\/de\/wp-json\/wp\/v2\/pages\/15340","targetHints":{"allow":["GET"]}}],"collection":[{"href":"https:\/\/dezuivelarij.be\/de\/wp-json\/wp\/v2\/pages"}],"about":[{"href":"https:\/\/dezuivelarij.be\/de\/wp-json\/wp\/v2\/types\/page"}],"author":[{"embeddable":true,"href":"https:\/\/dezuivelarij.be\/de\/wp-json\/wp\/v2\/users\/1"}],"replies":[{"embeddable":true,"href":"https:\/\/dezuivelarij.be\/de\/wp-json\/wp\/v2\/comments?post=15340"}],"version-history":[{"count":1,"href":"https:\/\/dezuivelarij.be\/de\/wp-json\/wp\/v2\/pages\/15340\/revisions"}],"predecessor-version":[{"id":18137,"href":"https:\/\/dezuivelarij.be\/de\/wp-json\/wp\/v2\/pages\/15340\/revisions\/18137"}],"wp:featuredmedia":[{"embeddable":true,"href":"https:\/\/dezuivelarij.be\/de\/wp-json\/"}],"wp:attachment":[{"href":"https:\/\/dezuivelarij.be\/de\/wp-json\/wp\/v2\/media?parent=15340"}],"wp:term":[{"taxonomy":"category","embeddable":true,"href":"https:\/\/dezuivelarij.be\/de\/wp-json\/wp\/v2\/categories?post=15340"},{"taxonomy":"post_tag","embeddable":true,"href":"https:\/\/dezuivelarij.be\/de\/wp-json\/wp\/v2\/tags?post=15340"}],"curies":[{"name":"wp","href":"https:\/\/api.w.org\/{rel}","templated":true}]}}