{"id":15333,"date":"2022-09-27T14:47:02","date_gmt":"2022-09-27T12:47:02","guid":{"rendered":"https:\/\/berloumi.be\/bruschetta-mit-ricotta\/"},"modified":"2025-03-08T13:02:22","modified_gmt":"2025-03-08T12:02:22","slug":"bruschetta-mit-ricotta","status":"publish","type":"page","link":"https:\/\/dezuivelarij.be\/de\/bruschetta-mit-ricotta\/","title":{"rendered":"Unterk\u00fcnfte in Bruschetta"},"content":{"rendered":"\n<h1 class=\"has-text-align-center wp-block-heading\" id=\"h-bruschetta-met-ricotta-van-berloumi-en-tomaat\"><strong>Bruschetta mit Ricotta von Berloumi und Tomaten<\/strong><\/h1>\n\n<div style=\"height:70px\" aria-hidden=\"true\" class=\"wp-block-spacer\"><\/div>\n\n<figure class=\"wp-block-image size-large\"><img decoding=\"async\" src=\"https:\/\/berloumi.be\/wp-content\/uploads\/2020\/08\/20200807_062316-2-Groot-1024x693.jpg\" alt=\"\" class=\"wp-image-10528\"\/><\/figure>\n\n<div style=\"height:70px\" aria-hidden=\"true\" class=\"wp-block-spacer\"><\/div>\n\n<div class=\"wp-block-columns is-layout-flex wp-container-core-columns-is-layout-9d6595d7 wp-block-columns-is-layout-flex\">\n<div class=\"wp-block-column is-layout-flow wp-block-column-is-layout-flow\">\n<p class=\"has-normal-font-size\"><span class=\"has-inline-color has-black-color\">Berloumi&#8217;s Ricotta<\/span> <a href=\"https:\/\/berloumi.be\/?lang=de\"> <span class=\"has-inline-color has-black-color\">aus unserer<\/span> <\/a><a href=\"https:\/\/dezuivelarij.be\">Molkerei<\/a> <span class=\"has-inline-color has-black-color\">ist schon so cremig und weich, dass man damit nichts mehr zu tun hat. Verteilen Sie den Ricotta in einer glatten Bewegung auf der Bruschetta und lassen Sie ein wenig Platz in der Mitte, um die Garnitur darauf zu legen. Wir beenden die Bruschetta mit Ricotta mit Tomatenst\u00fccken, aber probieren Sie es auf jeden Fall aus<\/span> <a href=\"https:\/\/berloumi.be\/caponata\/\">unsere sizilianische Caponata<\/a><span class=\"has-inline-color has-black-color\">. <\/span> <\/p>\n<\/div>\n<\/div>\n\n<div style=\"height:70px\" aria-hidden=\"true\" class=\"wp-block-spacer\"><\/div>\n\n<div class=\"wp-block-columns is-layout-flex wp-container-core-columns-is-layout-9d6595d7 wp-block-columns-is-layout-flex\">\n<div class=\"wp-block-column is-layout-flow wp-block-column-is-layout-flow\">\n<figure class=\"wp-block-image size-column2-1\/1\"><img decoding=\"async\" src=\"https:\/\/berloumi.be\/wp-content\/uploads\/2020\/08\/Bruschetta-met-tomaat-en-ricotta-570x570.jpg\" alt=\"Ricotta von Berloumi, Bruschetta mit Ricotta, Bruschetta mit Tomaten.\" class=\"wp-image-10531\"\/><figcaption>Bruschetta mit Ricotta von Berloumi<\/figcaption><\/figure>\n\n\n\n<div style=\"height:20px\" aria-hidden=\"true\" class=\"wp-block-spacer\"><\/div>\n\n\n\n<p class=\"has-normal-font-size\"><span class=\"has-inline-color has-black-color\">Sie schneiden<strong> 2 reife Tomaten<\/strong> in Keile und entfernen die Samen. Dann schneidest du sie in Streifen und dann wieder in W\u00fcrfel. Mischen Sie die Tomatenw\u00fcrfel mit<strong> 3 Gramm Salz<\/strong> und lassen Sie sie abtropfen. Am Ende f\u00fcgen Sie <strong>3 Gramm Oliven\u00f6l<\/strong> und etwas fein gehacktes <strong>Basilikum<\/strong> hinzu.<\/span><\/p>\n<\/div>\n\n\n\n<div class=\"wp-block-column is-layout-flow wp-block-column-is-layout-flow\">\n<figure class=\"wp-block-image size-large\"><img decoding=\"async\" src=\"https:\/\/berloumi.be\/wp-content\/uploads\/2020\/08\/Bruschetta-olijfolie-1024x1024.jpg\" alt=\"Bruschetta mit Oliven&#xF6;l und Ricotta aus Berloumi.\" class=\"wp-image-10534\"\/><figcaption>Wof\u00fcr eine Trinkflasche nicht gut ist<\/figcaption><\/figure>\n\n\n\n<div style=\"height:20px\" aria-hidden=\"true\" class=\"wp-block-spacer\"><\/div>\n\n\n\n<p class=\"has-normal-font-size\"><span class=\"has-inline-color has-black-color\">Sie schneiden ein <strong>Ciabatta<\/strong> oder ein anderes Baguette in schr\u00e4ge Scheiben von ca. 1 cm Dicke. Dann toasten Sie die Scheiben unter dem Grill. Man l\u00e4sst sie dann kurz abk\u00fchlen, legt sie aber nicht \u00fcbereinander.<\/span><\/p>\n<\/div>\n<\/div>\n\n<div style=\"height:70px\" aria-hidden=\"true\" class=\"wp-block-spacer\"><\/div>\n\n<div class=\"wp-block-media-text alignwide is-stacked-on-mobile\"><figure class=\"wp-block-media-text__media\"><img decoding=\"async\" src=\"https:\/\/berloumi.be\/wp-content\/uploads\/2019\/06\/Bruschetta-met-ricotta-van-Berloumi-1-1024x683.jpg\" alt=\"Brusschetta mit Ricotta aus Berloumi und gr\u00fcnen Tomaten.\" class=\"wp-image-5814\"\/><\/figure><div class=\"wp-block-media-text__content\">\n<p class=\"has-normal-font-size\"><span class=\"has-inline-color has-black-color\">Gleiches Rezept, andere Farbe. Und noch ein <strong>Tipp<\/strong>: F\u00fcr die Bruschetta mit Ricotta einfach alle Zutaten auf den Tisch stellen. Nichts macht mehr Spa\u00df, als Ihre eigene Bruschetta zu machen.<\/span><\/p>\n<\/div><\/div>\n\n<div style=\"height:70px\" aria-hidden=\"true\" class=\"wp-block-spacer\"><\/div>\n\n<p class=\"has-text-align-center has-normal-font-size\"><span class=\"has-inline-color has-black-color\">Teilen Sie diese Seite, wenn Sie m\u00f6chten<\/span>!<\/p>\n","protected":false},"excerpt":{"rendered":"<p>Bruschetta mit Ricotta von Berloumi und Tomaten Berloumi&#8217;s Ricotta aus unserer Molkerei ist schon so cremig und weich, dass man damit nichts mehr zu tun hat. Verteilen Sie den Ricotta in einer glatten Bewegung auf der Bruschetta und lassen Sie ein wenig Platz in der Mitte, um die Garnitur darauf zu legen. Wir beenden die [&hellip;]<\/p>\n","protected":false},"author":1,"featured_media":10538,"parent":0,"menu_order":0,"comment_status":"closed","ping_status":"closed","template":"","meta":{"jetpack_post_was_ever_published":false,"footnotes":"","_wp_rev_ctl_limit":""},"categories":[],"tags":[],"class_list":["post-15333","page","type-page","status-publish","has-post-thumbnail","hentry"],"yoast_head":"<!-- This site is optimized with the Yoast SEO Premium plugin v27.3 (Yoast SEO v27.3) - https:\/\/yoast.com\/product\/yoast-seo-premium-wordpress\/ -->\n<title>Bruschetta mit Ricotta aus Berloumi und Tomaten und Basilikum.<\/title>\n<meta name=\"description\" content=\"Diese Bruschetta mit Ricotta aus Berloumi sind im Handumdrehen fertig. Wir verwenden eine Technik, um den Tomaten noch mehr Geschmack zu verleihen.\" \/>\n<meta name=\"robots\" content=\"index, follow, max-snippet:-1, max-image-preview:large, max-video-preview:-1\" \/>\n<link rel=\"canonical\" href=\"https:\/\/dezuivelarij.be\/de\/bruschetta-mit-ricotta\/\" \/>\n<meta property=\"og:locale\" content=\"de_DE\" \/>\n<meta property=\"og:type\" content=\"article\" \/>\n<meta property=\"og:title\" content=\"Bruschetta mit Ricotta von Berloumi\" \/>\n<meta property=\"og:description\" content=\"Diese Bruschetta mit Ricotta aus Berloumi sind im Handumdrehen fertig. Durch das Salzen und Abtropfen der Tomatenst\u00fccke erhalten sie noch mehr Geschmack.\" \/>\n<meta property=\"og:url\" content=\"https:\/\/dezuivelarij.be\/de\/bruschetta-mit-ricotta\/\" \/>\n<meta property=\"og:site_name\" content=\"De Zuivelarij\" \/>\n<meta property=\"article:publisher\" content=\"https:\/\/www.facebook.com\/DeZuivelarij\/\" \/>\n<meta property=\"article:modified_time\" content=\"2025-03-08T12:02:22+00:00\" \/>\n<meta name=\"twitter:card\" content=\"summary_large_image\" \/>\n<meta name=\"twitter:title\" content=\"Unterk\u00fcnfte in Bruschetta\" \/>\n<meta name=\"twitter:label1\" content=\"Gesch\u00e4tzte Lesezeit\" \/>\n\t<meta name=\"twitter:data1\" content=\"1\u00a0Minute\" \/>\n<script type=\"application\/ld+json\" class=\"yoast-schema-graph\">{\"@context\":\"https:\\\/\\\/schema.org\",\"@graph\":[{\"@type\":\"WebPage\",\"@id\":\"https:\\\/\\\/dezuivelarij.be\\\/de\\\/bruschetta-mit-ricotta\\\/\",\"url\":\"https:\\\/\\\/dezuivelarij.be\\\/de\\\/bruschetta-mit-ricotta\\\/\",\"name\":\"Bruschetta mit Ricotta aus Berloumi und Tomaten und Basilikum.\",\"isPartOf\":{\"@id\":\"https:\\\/\\\/dezuivelarij.be\\\/de\\\/#website\"},\"primaryImageOfPage\":{\"@id\":\"https:\\\/\\\/dezuivelarij.be\\\/de\\\/bruschetta-mit-ricotta\\\/#primaryimage\"},\"image\":{\"@id\":\"https:\\\/\\\/dezuivelarij.be\\\/de\\\/bruschetta-mit-ricotta\\\/#primaryimage\"},\"thumbnailUrl\":\"\",\"datePublished\":\"2022-09-27T12:47:02+00:00\",\"dateModified\":\"2025-03-08T12:02:22+00:00\",\"description\":\"Diese Bruschetta mit Ricotta aus Berloumi sind im Handumdrehen fertig. Wir verwenden eine Technik, um den Tomaten noch mehr Geschmack zu verleihen.\",\"breadcrumb\":{\"@id\":\"https:\\\/\\\/dezuivelarij.be\\\/de\\\/bruschetta-mit-ricotta\\\/#breadcrumb\"},\"inLanguage\":\"de\",\"potentialAction\":[{\"@type\":\"ReadAction\",\"target\":[\"https:\\\/\\\/dezuivelarij.be\\\/de\\\/bruschetta-mit-ricotta\\\/\"]}]},{\"@type\":\"ImageObject\",\"inLanguage\":\"de\",\"@id\":\"https:\\\/\\\/dezuivelarij.be\\\/de\\\/bruschetta-mit-ricotta\\\/#primaryimage\",\"url\":\"\",\"contentUrl\":\"\"},{\"@type\":\"BreadcrumbList\",\"@id\":\"https:\\\/\\\/dezuivelarij.be\\\/de\\\/bruschetta-mit-ricotta\\\/#breadcrumb\",\"itemListElement\":[{\"@type\":\"ListItem\",\"position\":1,\"name\":\"Home\",\"item\":\"https:\\\/\\\/dezuivelarij.be\\\/de\\\/\"},{\"@type\":\"ListItem\",\"position\":2,\"name\":\"Unterk\u00fcnfte in Bruschetta\"}]},{\"@type\":\"WebSite\",\"@id\":\"https:\\\/\\\/dezuivelarij.be\\\/de\\\/#website\",\"url\":\"https:\\\/\\\/dezuivelarij.be\\\/de\\\/\",\"name\":\"De Zuivelarij\",\"description\":\"Kaas met grillen\",\"publisher\":{\"@id\":\"https:\\\/\\\/dezuivelarij.be\\\/de\\\/#organization\"},\"potentialAction\":[{\"@type\":\"SearchAction\",\"target\":{\"@type\":\"EntryPoint\",\"urlTemplate\":\"https:\\\/\\\/dezuivelarij.be\\\/de\\\/?s={search_term_string}\"},\"query-input\":{\"@type\":\"PropertyValueSpecification\",\"valueRequired\":true,\"valueName\":\"search_term_string\"}}],\"inLanguage\":\"de\"},{\"@type\":[\"Organization\",\"Place\"],\"@id\":\"https:\\\/\\\/dezuivelarij.be\\\/de\\\/#organization\",\"name\":\"De Zuivelarij\",\"alternateName\":\"De Zuivelarij BV\",\"url\":\"https:\\\/\\\/dezuivelarij.be\\\/de\\\/\",\"logo\":{\"@id\":\"https:\\\/\\\/dezuivelarij.be\\\/de\\\/bruschetta-mit-ricotta\\\/#local-main-organization-logo\"},\"image\":{\"@id\":\"https:\\\/\\\/dezuivelarij.be\\\/de\\\/bruschetta-mit-ricotta\\\/#local-main-organization-logo\"},\"sameAs\":[\"https:\\\/\\\/www.facebook.com\\\/DeZuivelarij\\\/\",\"https:\\\/\\\/www.instagram.com\\\/de.zuivelarij\\\/\",\"https:\\\/\\\/nl.pinterest.com\\\/dezuivelarij\\\/\",\"https:\\\/\\\/www.youtube.com\\\/channel\\\/UCK_6xO0p1H4DXoMoW6fMUSw?view_as=subscriber\"],\"telephone\":[],\"openingHoursSpecification\":[{\"@type\":\"OpeningHoursSpecification\",\"dayOfWeek\":[\"Monday\",\"Tuesday\",\"Wednesday\",\"Thursday\",\"Friday\",\"Saturday\",\"Sunday\"],\"opens\":\"09:00\",\"closes\":\"17:00\"}]},{\"@type\":\"ImageObject\",\"inLanguage\":\"de\",\"@id\":\"https:\\\/\\\/dezuivelarij.be\\\/de\\\/bruschetta-mit-ricotta\\\/#local-main-organization-logo\",\"url\":\"https:\\\/\\\/dezuivelarij.be\\\/wp-content\\\/uploads\\\/2024\\\/11\\\/cropped-cropped-Zuivelarij-1.jpg\",\"contentUrl\":\"https:\\\/\\\/dezuivelarij.be\\\/wp-content\\\/uploads\\\/2024\\\/11\\\/cropped-cropped-Zuivelarij-1.jpg\",\"width\":96,\"height\":96,\"caption\":\"De Zuivelarij\"}]}<\/script>\n<!-- \/ Yoast SEO Premium plugin. -->","yoast_head_json":{"title":"Bruschetta mit Ricotta aus Berloumi und Tomaten und Basilikum.","description":"Diese Bruschetta mit Ricotta aus Berloumi sind im Handumdrehen fertig. Wir verwenden eine Technik, um den Tomaten noch mehr Geschmack zu verleihen.","robots":{"index":"index","follow":"follow","max-snippet":"max-snippet:-1","max-image-preview":"max-image-preview:large","max-video-preview":"max-video-preview:-1"},"canonical":"https:\/\/dezuivelarij.be\/de\/bruschetta-mit-ricotta\/","og_locale":"de_DE","og_type":"article","og_title":"Bruschetta mit Ricotta von Berloumi","og_description":"Diese Bruschetta mit Ricotta aus Berloumi sind im Handumdrehen fertig. Durch das Salzen und Abtropfen der Tomatenst\u00fccke erhalten sie noch mehr Geschmack.","og_url":"https:\/\/dezuivelarij.be\/de\/bruschetta-mit-ricotta\/","og_site_name":"De Zuivelarij","article_publisher":"https:\/\/www.facebook.com\/DeZuivelarij\/","article_modified_time":"2025-03-08T12:02:22+00:00","twitter_card":"summary_large_image","twitter_title":"Unterk\u00fcnfte in Bruschetta","twitter_misc":{"Gesch\u00e4tzte Lesezeit":"1\u00a0Minute"},"schema":{"@context":"https:\/\/schema.org","@graph":[{"@type":"WebPage","@id":"https:\/\/dezuivelarij.be\/de\/bruschetta-mit-ricotta\/","url":"https:\/\/dezuivelarij.be\/de\/bruschetta-mit-ricotta\/","name":"Bruschetta mit Ricotta aus Berloumi und Tomaten und Basilikum.","isPartOf":{"@id":"https:\/\/dezuivelarij.be\/de\/#website"},"primaryImageOfPage":{"@id":"https:\/\/dezuivelarij.be\/de\/bruschetta-mit-ricotta\/#primaryimage"},"image":{"@id":"https:\/\/dezuivelarij.be\/de\/bruschetta-mit-ricotta\/#primaryimage"},"thumbnailUrl":"","datePublished":"2022-09-27T12:47:02+00:00","dateModified":"2025-03-08T12:02:22+00:00","description":"Diese Bruschetta mit Ricotta aus Berloumi sind im Handumdrehen fertig. Wir verwenden eine Technik, um den Tomaten noch mehr Geschmack zu verleihen.","breadcrumb":{"@id":"https:\/\/dezuivelarij.be\/de\/bruschetta-mit-ricotta\/#breadcrumb"},"inLanguage":"de","potentialAction":[{"@type":"ReadAction","target":["https:\/\/dezuivelarij.be\/de\/bruschetta-mit-ricotta\/"]}]},{"@type":"ImageObject","inLanguage":"de","@id":"https:\/\/dezuivelarij.be\/de\/bruschetta-mit-ricotta\/#primaryimage","url":"","contentUrl":""},{"@type":"BreadcrumbList","@id":"https:\/\/dezuivelarij.be\/de\/bruschetta-mit-ricotta\/#breadcrumb","itemListElement":[{"@type":"ListItem","position":1,"name":"Home","item":"https:\/\/dezuivelarij.be\/de\/"},{"@type":"ListItem","position":2,"name":"Unterk\u00fcnfte in Bruschetta"}]},{"@type":"WebSite","@id":"https:\/\/dezuivelarij.be\/de\/#website","url":"https:\/\/dezuivelarij.be\/de\/","name":"De Zuivelarij","description":"Kaas met grillen","publisher":{"@id":"https:\/\/dezuivelarij.be\/de\/#organization"},"potentialAction":[{"@type":"SearchAction","target":{"@type":"EntryPoint","urlTemplate":"https:\/\/dezuivelarij.be\/de\/?s={search_term_string}"},"query-input":{"@type":"PropertyValueSpecification","valueRequired":true,"valueName":"search_term_string"}}],"inLanguage":"de"},{"@type":["Organization","Place"],"@id":"https:\/\/dezuivelarij.be\/de\/#organization","name":"De Zuivelarij","alternateName":"De Zuivelarij BV","url":"https:\/\/dezuivelarij.be\/de\/","logo":{"@id":"https:\/\/dezuivelarij.be\/de\/bruschetta-mit-ricotta\/#local-main-organization-logo"},"image":{"@id":"https:\/\/dezuivelarij.be\/de\/bruschetta-mit-ricotta\/#local-main-organization-logo"},"sameAs":["https:\/\/www.facebook.com\/DeZuivelarij\/","https:\/\/www.instagram.com\/de.zuivelarij\/","https:\/\/nl.pinterest.com\/dezuivelarij\/","https:\/\/www.youtube.com\/channel\/UCK_6xO0p1H4DXoMoW6fMUSw?view_as=subscriber"],"telephone":[],"openingHoursSpecification":[{"@type":"OpeningHoursSpecification","dayOfWeek":["Monday","Tuesday","Wednesday","Thursday","Friday","Saturday","Sunday"],"opens":"09:00","closes":"17:00"}]},{"@type":"ImageObject","inLanguage":"de","@id":"https:\/\/dezuivelarij.be\/de\/bruschetta-mit-ricotta\/#local-main-organization-logo","url":"https:\/\/dezuivelarij.be\/wp-content\/uploads\/2024\/11\/cropped-cropped-Zuivelarij-1.jpg","contentUrl":"https:\/\/dezuivelarij.be\/wp-content\/uploads\/2024\/11\/cropped-cropped-Zuivelarij-1.jpg","width":96,"height":96,"caption":"De Zuivelarij"}]}},"jetpack_sharing_enabled":true,"jetpack_likes_enabled":true,"jetpack-related-posts":[{"id":10524,"url":"https:\/\/dezuivelarij.be\/bruschetta-met-ricotta\/","url_meta":{"origin":15333,"position":0},"title":"Bruschetta met Ricotta van Berloumi","author":"De Zuivelarij","date":"August 7, 2020","format":false,"excerpt":"Bruschetta met Ricotta van Berloumi en tomaat De Ricotta van Berloumi uit onze Zuivelarij is al zodanig romig en zacht dat je er niets meer mee hoeft te doen. Smeer de ricotta in een vlotte beweging op de bruschetta en laat in het midden een beetje ruimte om er de\u2026","rel":"","context":"\u00c4hnlicher Beitrag","block_context":{"text":"\u00c4hnlicher Beitrag","link":""},"img":{"alt_text":"","src":"https:\/\/i0.wp.com\/berloumi.be\/wp-content\/uploads\/2020\/08\/20200807_062316-2-Groot-1024x693.jpg?resize=350%2C200&ssl=1","width":350,"height":200,"srcset":"https:\/\/i0.wp.com\/berloumi.be\/wp-content\/uploads\/2020\/08\/20200807_062316-2-Groot-1024x693.jpg?resize=350%2C200&ssl=1 1x, https:\/\/i0.wp.com\/berloumi.be\/wp-content\/uploads\/2020\/08\/20200807_062316-2-Groot-1024x693.jpg?resize=525%2C300&ssl=1 1.5x, https:\/\/i0.wp.com\/berloumi.be\/wp-content\/uploads\/2020\/08\/20200807_062316-2-Groot-1024x693.jpg?resize=700%2C400&ssl=1 2x"},"classes":[]},{"id":10919,"url":"https:\/\/dezuivelarij.be\/fr\/bruschetta-avec-ricotta\/","url_meta":{"origin":15333,"position":1},"title":"Bruschetta \u00e0 la Ricotta de Berloumi","author":"De Zuivelarij","date":"September 8, 2020","format":false,"excerpt":"Bruschetta \u00e0 la Ricotta de Berloumi et \u00e0 la tomate La Ricotta de Berloumi de notre laiterie, De Zuivelarij, est d\u00e9j\u00e0 si cr\u00e9meux et si doux que vous n'avez pas besoin de la travailler plus. \u00c9talez la ricotta sur la bruschetta en laissant un peu d'espace au milieu pour ajouter\u2026","rel":"","context":"\u00c4hnlicher Beitrag","block_context":{"text":"\u00c4hnlicher Beitrag","link":""},"img":{"alt_text":"","src":"https:\/\/i0.wp.com\/berloumi.be\/wp-content\/uploads\/2020\/08\/20200807_062316-2-Groot-1024x693.jpg?resize=350%2C200&ssl=1","width":350,"height":200,"srcset":"https:\/\/i0.wp.com\/berloumi.be\/wp-content\/uploads\/2020\/08\/20200807_062316-2-Groot-1024x693.jpg?resize=350%2C200&ssl=1 1x, https:\/\/i0.wp.com\/berloumi.be\/wp-content\/uploads\/2020\/08\/20200807_062316-2-Groot-1024x693.jpg?resize=525%2C300&ssl=1 1.5x, https:\/\/i0.wp.com\/berloumi.be\/wp-content\/uploads\/2020\/08\/20200807_062316-2-Groot-1024x693.jpg?resize=700%2C400&ssl=1 2x"},"classes":[]},{"id":1447,"url":"https:\/\/dezuivelarij.be\/berloumi-bruschetta-kappertjes-rucola-en-citroen\/","url_meta":{"origin":15333,"position":2},"title":"Bruschetta met Berloumi","author":"De Zuivelarij","date":"Dezember 11, 2016","format":false,"excerpt":"Bruschetta met Berloumi zijn heel eenvoudig te maken en je kan er eindeloos variaties op bedenken. In onze Zuivelarij eten we bruschetta vaak als lunch en gebruiken we restjes uit de koelkast. Dit zijn maar enkele voorbeelden van bruschetta met onze Berloumi. Bruschetta met paddenstoelen en Berloumi Snij een rustiek\u2026","rel":"","context":"In &quot;Recepten&quot;","block_context":{"text":"Recepten","link":"https:\/\/dezuivelarij.be\/category\/recepten\/"},"img":{"alt_text":"","src":"https:\/\/i0.wp.com\/dezuivelarij.be\/wp-content\/uploads\/2025\/09\/Bruschetta-Berloumi-champignons-1.jpg?resize=350%2C200&ssl=1","width":350,"height":200,"srcset":"https:\/\/i0.wp.com\/dezuivelarij.be\/wp-content\/uploads\/2025\/09\/Bruschetta-Berloumi-champignons-1.jpg?resize=350%2C200&ssl=1 1x, https:\/\/i0.wp.com\/dezuivelarij.be\/wp-content\/uploads\/2025\/09\/Bruschetta-Berloumi-champignons-1.jpg?resize=525%2C300&ssl=1 1.5x, https:\/\/i0.wp.com\/dezuivelarij.be\/wp-content\/uploads\/2025\/09\/Bruschetta-Berloumi-champignons-1.jpg?resize=700%2C400&ssl=1 2x, https:\/\/i0.wp.com\/dezuivelarij.be\/wp-content\/uploads\/2025\/09\/Bruschetta-Berloumi-champignons-1.jpg?resize=1050%2C600&ssl=1 3x, https:\/\/i0.wp.com\/dezuivelarij.be\/wp-content\/uploads\/2025\/09\/Bruschetta-Berloumi-champignons-1.jpg?resize=1400%2C800&ssl=1 4x"},"classes":[]},{"id":15338,"url":"https:\/\/dezuivelarij.be\/en\/bruschetta-with-ricotta\/","url_meta":{"origin":15333,"position":3},"title":"Bruschetta with Berloumi Ricotta","author":"De Zuivelarij","date":"September 27, 2022","format":false,"excerpt":"Bruschetta with Berloumi Ricotta and Tomato Ricotta from Berloumi from our dairy is already so creamy and soft that you don't need to do anything more with it. Spread the ricotta on the bruschetta in a smooth motion, leaving a little space in the middle to add the garnish. We\u2026","rel":"","context":"\u00c4hnlicher Beitrag","block_context":{"text":"\u00c4hnlicher Beitrag","link":""},"img":{"alt_text":"","src":"https:\/\/i0.wp.com\/berloumi.be\/wp-content\/uploads\/2020\/08\/20200807_062316-2-Groot-1024x693.jpg?resize=350%2C200&ssl=1","width":350,"height":200,"srcset":"https:\/\/i0.wp.com\/berloumi.be\/wp-content\/uploads\/2020\/08\/20200807_062316-2-Groot-1024x693.jpg?resize=350%2C200&ssl=1 1x, https:\/\/i0.wp.com\/berloumi.be\/wp-content\/uploads\/2020\/08\/20200807_062316-2-Groot-1024x693.jpg?resize=525%2C300&ssl=1 1.5x, https:\/\/i0.wp.com\/berloumi.be\/wp-content\/uploads\/2020\/08\/20200807_062316-2-Groot-1024x693.jpg?resize=700%2C400&ssl=1 2x"},"classes":[]},{"id":15340,"url":"https:\/\/dezuivelarij.be\/de\/ricotta-brotchen\/","url_meta":{"origin":15333,"position":4},"title":"Ricotta Sandwiches","author":"De Zuivelarij","date":"September 27, 2022","format":false,"excerpt":"Diese herzhaften Ricotta-Br\u00f6tchen sind nur mit unserem Ricotta von Berloumi und viel Basilikum gef\u00fcllt. Wenn sie schwierig zu machen w\u00e4ren, dann w\u00fcrden wir es auch sagen, aber ... Sie sind \u00fcberhaupt nicht schwer herzustellen. Sorgte zumindest f\u00fcr etwas Erfahrung beim Brotbacken. Hier in der Zuivelarij machten sie zum ersten Mal\u2026","rel":"","context":"\u00c4hnlicher Beitrag","block_context":{"text":"\u00c4hnlicher Beitrag","link":""},"img":{"alt_text":"","src":"https:\/\/i0.wp.com\/berloumi.be\/wp-content\/uploads\/2020\/09\/Ricotta-broodjes-op-bakplaat-1024x716.jpg?resize=350%2C200&ssl=1","width":350,"height":200,"srcset":"https:\/\/i0.wp.com\/berloumi.be\/wp-content\/uploads\/2020\/09\/Ricotta-broodjes-op-bakplaat-1024x716.jpg?resize=350%2C200&ssl=1 1x, https:\/\/i0.wp.com\/berloumi.be\/wp-content\/uploads\/2020\/09\/Ricotta-broodjes-op-bakplaat-1024x716.jpg?resize=525%2C300&ssl=1 1.5x, https:\/\/i0.wp.com\/berloumi.be\/wp-content\/uploads\/2020\/09\/Ricotta-broodjes-op-bakplaat-1024x716.jpg?resize=700%2C400&ssl=1 2x"},"classes":[]},{"id":15493,"url":"https:\/\/dezuivelarij.be\/en\/ricotta\/","url_meta":{"origin":15333,"position":5},"title":"Berloumi Ricotta","author":"De Zuivelarij","date":"Oktober 29, 2019","format":false,"excerpt":"Ricotta from Berloumi can be bought in Okay and in many local foodshops. All the shops and our ricotta recipes can be found below.. Our Ricotta is a 'real' ricotta. It is made only from the sweet milk whey that remains after the production of Berloumi. The whey is further\u2026","rel":"","context":"In &quot;Geen onderdeel van een categorie&quot;","block_context":{"text":"Geen onderdeel van een categorie","link":"https:\/\/dezuivelarij.be\/category\/geen-onderdeel-van-een-categorie\/"},"img":{"alt_text":"","src":"https:\/\/i0.wp.com\/dezuivelarij.be\/wp-content\/uploads\/2020\/07\/Geroosterde-wortelen-met-zaatar.jpg?resize=350%2C200&ssl=1","width":350,"height":200,"srcset":"https:\/\/i0.wp.com\/dezuivelarij.be\/wp-content\/uploads\/2020\/07\/Geroosterde-wortelen-met-zaatar.jpg?resize=350%2C200&ssl=1 1x, https:\/\/i0.wp.com\/dezuivelarij.be\/wp-content\/uploads\/2020\/07\/Geroosterde-wortelen-met-zaatar.jpg?resize=525%2C300&ssl=1 1.5x, https:\/\/i0.wp.com\/dezuivelarij.be\/wp-content\/uploads\/2020\/07\/Geroosterde-wortelen-met-zaatar.jpg?resize=700%2C400&ssl=1 2x, https:\/\/i0.wp.com\/dezuivelarij.be\/wp-content\/uploads\/2020\/07\/Geroosterde-wortelen-met-zaatar.jpg?resize=1050%2C600&ssl=1 3x"},"classes":[]}],"_links":{"self":[{"href":"https:\/\/dezuivelarij.be\/de\/wp-json\/wp\/v2\/pages\/15333","targetHints":{"allow":["GET"]}}],"collection":[{"href":"https:\/\/dezuivelarij.be\/de\/wp-json\/wp\/v2\/pages"}],"about":[{"href":"https:\/\/dezuivelarij.be\/de\/wp-json\/wp\/v2\/types\/page"}],"author":[{"embeddable":true,"href":"https:\/\/dezuivelarij.be\/de\/wp-json\/wp\/v2\/users\/1"}],"replies":[{"embeddable":true,"href":"https:\/\/dezuivelarij.be\/de\/wp-json\/wp\/v2\/comments?post=15333"}],"version-history":[{"count":1,"href":"https:\/\/dezuivelarij.be\/de\/wp-json\/wp\/v2\/pages\/15333\/revisions"}],"predecessor-version":[{"id":18135,"href":"https:\/\/dezuivelarij.be\/de\/wp-json\/wp\/v2\/pages\/15333\/revisions\/18135"}],"wp:featuredmedia":[{"embeddable":true,"href":"https:\/\/dezuivelarij.be\/de\/wp-json\/"}],"wp:attachment":[{"href":"https:\/\/dezuivelarij.be\/de\/wp-json\/wp\/v2\/media?parent=15333"}],"wp:term":[{"taxonomy":"category","embeddable":true,"href":"https:\/\/dezuivelarij.be\/de\/wp-json\/wp\/v2\/categories?post=15333"},{"taxonomy":"post_tag","embeddable":true,"href":"https:\/\/dezuivelarij.be\/de\/wp-json\/wp\/v2\/tags?post=15333"}],"curies":[{"name":"wp","href":"https:\/\/api.w.org\/{rel}","templated":true}]}}